{"id":6385,"date":"2018-03-29T17:06:24","date_gmt":"2018-03-29T15:06:24","guid":{"rendered":"https:\/\/multidimensionalmusic.com\/?page_id=6385"},"modified":"2025-02-25T12:28:24","modified_gmt":"2025-02-25T11:28:24","slug":"links","status":"publish","type":"page","link":"https:\/\/multidimensionalmusic.com\/pt-pt\/links\/","title":{"rendered":"Links"},"content":{"rendered":"\t\t<div data-elementor-type=\"wp-page\" data-elementor-id=\"6385\" class=\"elementor elementor-6385 elementor-6314\" data-elementor-post-type=\"page\">\n\t\t\t\t<div class=\"elementor-element elementor-element-c2ed3e7 e-flex e-con-boxed e-con e-parent\" data-id=\"c2ed3e7\" data-element_type=\"container\" data-e-type=\"container\">\n\t\t\t\t\t<div class=\"e-con-inner\">\n\t\t\t\t<div class=\"elementor-element elementor-element-6ae4dc64 elementor-widget elementor-widget-text-editor\" data-id=\"6ae4dc64\" data-element_type=\"widget\" data-e-type=\"widget\" data-widget_type=\"text-editor.default\">\n\t\t\t\t\t\t\t\t\t<section class=\"kc-elm kc-css-1760245 kc_row\"><div class=\"kc-row-container kc-container\"><div class=\"kc-wrap-columns\"><div class=\"kc-elm kc-css-1783415 kc_col-sm-12 kc_column col-md-12\"><div class=\"kc-col-container\"><div class=\"kc-elm kc-css-1023096 kc_text_block\"><p><strong>LE SALON MEDECINE DOUCE<\/strong><br \/><a href=\"http:\/\/www.salon-medecinedouce.com\" target=\"_blank\" rel=\"noopener\">www.salon-medecinedouce.com<br \/><\/a>Salon du BIEN ETRE, \u00a0MEDECINE DOUCE &amp; THALASSO \u00e0 Paris : Le plus grand salon du bien-\u00eatre en France.<\/p><p>\u00a0<\/p><p><strong>SALON ZEN<\/strong><br \/><a href=\"http:\/\/www.salon-zen.fr\" target=\"_blank\" rel=\"noopener\">www.salon-zen.fr<br \/><\/a>Le salon ZEN \u00e0 Paris &#8211; \u00e9panouissement personnel, bien-\u00eatre et art de vivre : Le salon sp\u00e9cialis\u00e9 en d\u00e9veloppement personnel, pour d\u00e9couvrir les th\u00e9rapies du corps et de l&#8217;esprit, et des produits pour cultiver notre bien-\u00eatre.<\/p><p>\u00a0<\/p><p><strong>MEDITATION FRANCE<br \/><\/strong><a href=\"http:\/\/www.meditationfrance.com\" target=\"_blank\" rel=\"noopener\">www.meditationfrance.com<br \/><\/a>La m\u00e9ditation et la spiritualit\u00e9 ; aujourd&#8217;hui. Vous trouverez ici les informations n\u00e9c\u00e9ssaire pour votre d\u00e9veloppement personnel. Stages et formations de m\u00e9ditation, th\u00e9rapie, etc. Egalement pr\u00e9sent le bouddhisme, le zen et de nombreux enseignants spirituels.<\/p><p>\u00a0<\/p><p><strong>ECO-ANTHROPOLOGIE<\/strong><br \/><a href=\"http:\/\/www.eco-anthropologie.com\" target=\"_blank\" rel=\"noopener\">www.eco-anthropologie.com<br \/><\/a>Le Centre d&#8217;eco-anthropologie appliqu\u00e9e propose toute l&#8217;ann\u00e9e diff\u00e9rentes activit\u00e9s : Gestalt-th\u00e9rapie, retraite th\u00e9rapeutique, travail en eau chaude, yoga, musique multidimensionnelle&#8230;<\/p><p>\u00a0<\/p><p><strong>LA SOCI\u00c9T\u00c9 D&#8217;\u00c9TUDES PSYCHIQUES DE NANCY<\/strong><br \/><a href=\"http:\/\/www.sepnancy.org\" target=\"_blank\" rel=\"noopener\">www.sepnancy.org<br \/><\/a>La Soci\u00e9t\u00e9 d&#8217;Etudes Psychiques de Nancy porte ce nom depuis 1901 mais elle a vue le jour vers 1880 sous le nom de l&#8217;\u00e9cole de Nancy. Le Docteur LIEBAULT op\u00e9rait \u00e0 la facult\u00e9 de Nancy. Des r\u00e9sultats sensationnels \u00e9taient obtenus par sa comp\u00e9tence d&#8217;hypnotiseur. Il employait cette m\u00e9thode sur les malades qui ne supportaient pas l&#8217;anesth\u00e9sie faite par chloroforme. Le Professeur BERNHEIM et d&#8217;autres chirurgiens de l&#8217;\u00e9poque lui faisaient r\u00e9guli\u00e8rement appel d\u00e8s qu&#8217;ils devaient pratiquer une op\u00e9ration sur un patient allergique au chloroforme. La notori\u00e9t\u00e9 de cette m\u00e9thode fit accourir \u00e0 Nancy de nombreux \u00e9l\u00e8ves et parmi eux le c\u00e9l\u00e8bre Sigmund Freud. Toutes ces recherches laiss\u00e8rent entrevoir de nouvelles possibilit\u00e9s dans le monde m\u00e9dical. Des centres de recherches furent ainsi cr\u00e9\u00e9s en France puis \u00e0 l&#8217;\u00e9tranger, notamment en Suisse et en Belgique.<\/p><p>Comprenant l&#8217;importance que ces groupes prenaient, les m\u00e9decins fondateurs de l&#8217;Ecole de NANCY cr\u00e9\u00e8rent une structure associative loi 1901 : La Soci\u00e9t\u00e9 d&#8217;Etudes Psychiques de Nancy.\u00a0Messieurs Westermann et Millery, Ing\u00e9nieurs Chimistes ainsi que Monsieur Mongel Ing\u00e9nieur des Arts et M\u00e9tiers, tous passionn\u00e9s par ces recherches sur les potentiels inconnus de l&#8217;humain, s&#8217;inscrirent dans l&#8217;oeuvre commenc\u00e9e par nos illustres fondateurs. Des groupes d&#8217;\u00e9tudiants continu\u00e8rent \u00e0 mener ces travaux jusqu&#8217;au jour o\u00f9 ces informations parvinrent \u00e0 un autre homme mondialement connu : l&#8217;illustre Emile COUE, l&#8217;auteur de la c\u00e9l\u00e8bre m\u00e9thode Cou\u00e9.\u00a0L&#8217;association organise des conf\u00e9rences mensuelles qui ont lieu un dimanche par mois salle Raugraff \u00e0 Nancy du mois d&#8217;octobre au mois d&#8217;avril.<br \/>H\u00e9riti\u00e8re directe de l&#8217;Ecole de NANCY, cette association \u00e0 but non lucratif s&#8217;attache aujourd&#8217;hui \u00e0 privil\u00e9gier le caract\u00e8re humanitaire donn\u00e9 par ses fondateurs en continuant de favoriser le d\u00e9veloppement moral et spirituel de la personne humaine.<\/p><p>\u00a0<\/p><p><strong>STANLEY KRIPPNER<br \/><\/strong><a href=\"https:\/\/stanleykrippner.weebly.com\" target=\"_blank\" rel=\"noopener\">stanleykrippner.weebly.com<br \/><\/a>STANLEY KRIPPNER est l\u2019un des plus grands sp\u00e9cialistes mondiaux de la recherche psychique, actuellement professeur de psychologie \u00e0 Saybrook school of Psychology, San Francisco, il est auteur de nombreux ouvrages sur les pouvoirs psychiques de l\u2019homme, sa voix fait autorit\u00e9 dans le domaine du paranormal\u2026Il est l\u2019un de ceux qui m\u2019ont encourag\u00e9 dans ma recherche et cr\u00e9ation de la MMD.<\/p><p>\u00a0<\/p><p><strong>LA MONTAGNE VERTE<br \/><\/strong><a href=\"http:\/\/www.lavoiximpertinente.com\" target=\"_blank\" rel=\"noopener\">www.lavoiximpertinente.com<br \/><\/a>Corinne Grumberg r\u00e9alise des ITW de personnalit\u00e9s exceptionnelles dont l\u2019approche et les travaux de recherche apportent un regard neuf sur les questions essentielles d\u2019aujourd\u2019hui. (Sant\u00e9, Ethique , Environnement, D\u00e9veloppement personnel, Science, Spiritualit\u00e9, Psychologie, Questions de soci\u00e9t\u00e9, Esot\u00e9risme)<br \/>Ces ITW (dont celle de Jacotte Chollet) sont disponibles sur CD \u00e0 commander sur son site.<\/p><p>\u00a0<\/p><p><strong>LAURENT JACOB<\/strong><br \/><a href=\"http:\/\/age-des-possibles.com\" target=\"_blank\" rel=\"noopener\">age-des-possibles.com<br \/><\/a>Un livre qui montre que c\u2019est avant tout dans notre cerveau que se tisse la gen\u00e8se de notre sant\u00e9 et de notre vieillissement, un m\u00e9decin qui a compris que nous sommes ce que nous pensons plut\u00f4t qu\u2019un assemblage de mol\u00e9cules. A lire: Devenir centenaire! &#8211; Dr Laurent Jacob &#8211; Editions du Rocher.<\/p><p>\u00a0<\/p><p><strong>DOCTEUR JACQUELINE BOUSQUET, JEAN-PAUL HEBER<\/strong><br \/><a href=\"http:\/\/arsitra.org\" target=\"_blank\" rel=\"noopener\">Arsitra.org<br \/><\/a>Un site pour r\u00e9pondre \u00e0 toute personne qui s&#8217;interroge sur les probl\u00e8mes actuels et aspire, par une attitude active, \u00e0 mettre en \u0153uvre des approches respectueuses des lois de la Vie.<\/p><p>\u00a0<\/p><p><strong>THERE ARMONY<\/strong><br \/><a href=\"http:\/\/www.therarmony.com\/\" target=\"_blank\" rel=\"noopener\">www.therarmony.com<\/a><\/p><p>\u00a0<\/p><p><strong>THE ASSOCIATION FOR THE STUDY OF DREAMS<\/strong><br \/><a href=\"http:\/\/www.asdreams.org\/?\" target=\"_blank\" rel=\"noopener\"> www.asdreams.org<\/a><br \/>The Association for the Study of Dreams dedicated to the pure and applied investigation of dreams and dreaming. Its purposes are to promote an awareness and appreciation of dreams in both professional and public arenas; to encourage research into the nature, function, and significance of dreaming&#8230;<\/p><p>\u00a0<\/p><p><strong>ASSOCIATION DE PSYCHOLOGIE TRANSPERSONNELLE EUROP\u00c9ENNE<\/strong><br \/><a style=\"font-style: inherit;\" href=\"http:\/\/eurotas.org\" target=\"_blank\" rel=\"noopener\">www.eurotas.org<br \/><\/a>La branche la plus prospective de la Psychologie.<\/p><p>\u00a0<\/p><p><strong>HEALING MUSIC ORGANIZATION<br \/><\/strong><a href=\"http:\/\/healingmusic.org\" target=\"_blank\" rel=\"noopener\">www.healingmusic.org<br \/><\/a>Une association de sound healers praticiens de la gu\u00e9rison par le Son qui en \u00e9tudient les effets sur le corps et la psych\u00e9 pr\u00e9sid\u00e9e par AMRITA, une femme cr\u00e9ative et inspir\u00e9e. Un site \u00e0 visiter pour se tenir au courant des derni\u00e8res techniques de gu\u00e9rison par le son et par la musique. Co-organisateur du premier SYMPOSIUM sur le SON \u00e0 SAN JOSE, Californie, USA.<\/p><p>\u00a0<\/p><p><strong>INTUITION NETWORK<\/strong><br \/><a href=\"http:\/\/intuitionnetwork.org\" target=\"_blank\" rel=\"noopener\">intuitionnetwork.org<\/a><br \/>L\u2019Intuition network est une association dont le but est d\u2019aider \u00e0 promouvoir un monde dans lequel tous sont encourag\u00e9s \u00e0 cultiver et \u00e0 utiliser leur intuition.<br \/>Le network sponsorise des cours des conf\u00e9rences, des voyages, des programmes de t\u00e9l\u00e9vision, ainsi qu\u2019un grand nombre de groupes de discussion sur courrier \u00e9lectronique.<\/p><p>\u00a0<\/p><p><strong>ASSOCIATION DE PSYCHOLOGIE HUMANISTE<\/strong> (AHP)<br \/><a href=\"https:\/\/www.ahpweb.org\" target=\"_blank\" rel=\"noopener\">www.ahpweb.org<br \/><\/a>Une association internationale fond\u00e9e par Carl ROGERS, L\u2019AHP s\u2019attache \u00e0 promouvoir toute th\u00e9rapie ouvrant une approche holistique de la personne favorisant la croissance int\u00e9rieure et le d\u00e9veloppement du potentiel vital.<\/p><p>\u00a0<\/p><p><strong>INGO SWANN<\/strong><br \/><a href=\"https:\/\/ingoswann.com\" target=\"_blank\" rel=\"noopener\">https:\/\/ingoswann.com<br \/><\/a>Ingo Swann \u00e9tait un chercheur en PSI tr\u00e8s connu aux USA qui a particip\u00e9 \u00e0 plusieurs programmes de recherche en vision \u00e0 distance au Stanford Research Institute, \u00e9crivain, artiste, peintre visionnaire, son site est tr\u00e8s riche en documents \u00e9clairant les capacit\u00e9s psychiques extrasensorielles de l\u2019homme.<\/p><p>\u00a0<\/p><p><strong>\u00c9COLE &amp; RELAXATION<\/strong><br \/><a href=\"http:\/\/www.ecole-et-relaxation.com\" target=\"_blank\" rel=\"noopener\">www.ecole-et-relaxation.com<\/a><\/p><p>Un site pour le d\u00e9veloppement de la relaxation dans les \u00e9tablissements scolaires qui s&#8217;adresse aux parents, praticiens et enseignants. On y trouve un forum d&#8217;opinions et d&#8217;exp\u00e9riences, des fiches techniques pour aider \u00e0 la pratique ou \u00e0 l&#8217;organisation d&#8217;ateliers, une s\u00e9lection de disques, livres, cassettes et dvd sur le sujet.<\/p><\/div><\/div><\/div><\/div><\/div><\/section>\t\t\t\t\t\t\t\t<\/div>\n\t\t\t\t\t<\/div>\n\t\t\t\t<\/div>\n\t\t\t\t<\/div>\n\t\t","protected":false},"excerpt":{"rendered":"<p>LE SALON MEDECINE DOUCEwww.salon-medecinedouce.comSalon du BIEN ETRE, \u00a0MEDECINE DOUCE &amp; THALASSO \u00e0 Paris : Le plus grand salon du bien-\u00eatre en France. \u00a0 SALON ZENwww.salon-zen.frLe salon ZEN \u00e0 Paris &#8211; \u00e9panouissement personnel, bien-\u00eatre et art de vivre : Le salon sp\u00e9cialis\u00e9 en d\u00e9veloppement personnel, pour d\u00e9couvrir les th\u00e9rapies du corps et de l&#8217;esprit, et des [&hellip;]<\/p>\n","protected":false},"author":1,"featured_media":0,"parent":0,"menu_order":0,"comment_status":"closed","ping_status":"closed","template":"","meta":{"site-sidebar-layout":"default","site-content-layout":"","ast-site-content-layout":"default","site-content-style":"default","site-sidebar-style":"default","ast-global-header-display":"","ast-banner-title-visibility":"","ast-main-header-display":"","ast-hfb-above-header-display":"","ast-hfb-below-header-display":"","ast-hfb-mobile-header-display":"","site-post-title":"","ast-breadcrumbs-content":"","ast-featured-img":"","footer-sml-layout":"","ast-disable-related-posts":"","theme-transparent-header-meta":"","adv-header-id-meta":"","stick-header-meta":"","header-above-stick-meta":"","header-main-stick-meta":"","header-below-stick-meta":"","astra-migrate-meta-layouts":"default","ast-page-background-enabled":"default","ast-page-background-meta":{"desktop":{"background-color":"var(--ast-global-color-4)","background-image":"","background-repeat":"repeat","background-position":"center center","background-size":"auto","background-attachment":"scroll","background-type":"","background-media":"","overlay-type":"","overlay-color":"","overlay-opacity":"","overlay-gradient":""},"tablet":{"background-color":"","background-image":"","background-repeat":"repeat","background-position":"center center","background-size":"auto","background-attachment":"scroll","background-type":"","background-media":"","overlay-type":"","overlay-color":"","overlay-opacity":"","overlay-gradient":""},"mobile":{"background-color":"","background-image":"","background-repeat":"repeat","background-position":"center center","background-size":"auto","background-attachment":"scroll","background-type":"","background-media":"","overlay-type":"","overlay-color":"","overlay-opacity":"","overlay-gradient":""}},"ast-content-background-meta":{"desktop":{"background-color":"var(--ast-global-color-5)","background-image":"","background-repeat":"repeat","background-position":"center center","background-size":"auto","background-attachment":"scroll","background-type":"","background-media":"","overlay-type":"","overlay-color":"","overlay-opacity":"","overlay-gradient":""},"tablet":{"background-color":"var(--ast-global-color-5)","background-image":"","background-repeat":"repeat","background-position":"center center","background-size":"auto","background-attachment":"scroll","background-type":"","background-media":"","overlay-type":"","overlay-color":"","overlay-opacity":"","overlay-gradient":""},"mobile":{"background-color":"var(--ast-global-color-5)","background-image":"","background-repeat":"repeat","background-position":"center center","background-size":"auto","background-attachment":"scroll","background-type":"","background-media":"","overlay-type":"","overlay-color":"","overlay-opacity":"","overlay-gradient":""}},"footnotes":""},"class_list":["post-6385","page","type-page","status-publish","hentry"],"yoast_head":"<!-- This site is optimized with the Yoast SEO Premium plugin v21.7 (Yoast SEO v27.4) - https:\/\/yoast.com\/product\/yoast-seo-premium-wordpress\/ -->\n<title>Links - Jacotte Chollet &amp; La M\u00fasica Multidimensional<\/title>\n<meta name=\"robots\" content=\"index, follow, max-snippet:-1, max-image-preview:large, max-video-preview:-1\" \/>\n<link rel=\"canonical\" href=\"https:\/\/multidimensionalmusic.com\/pt-pt\/links\/\" \/>\n<meta property=\"og:locale\" content=\"pt_PT\" \/>\n<meta property=\"og:type\" content=\"article\" \/>\n<meta property=\"og:title\" content=\"Links\" \/>\n<meta property=\"og:description\" content=\"LE SALON MEDECINE DOUCEwww.salon-medecinedouce.comSalon du BIEN ETRE, \u00a0MEDECINE DOUCE &amp; THALASSO \u00e0 Paris : Le plus grand salon du bien-\u00eatre en France. \u00a0 SALON ZENwww.salon-zen.frLe salon ZEN \u00e0 Paris &#8211; \u00e9panouissement personnel, bien-\u00eatre et art de vivre : Le salon sp\u00e9cialis\u00e9 en d\u00e9veloppement personnel, pour d\u00e9couvrir les th\u00e9rapies du corps et de l&#8217;esprit, et des [&hellip;]\" \/>\n<meta property=\"og:url\" content=\"https:\/\/multidimensionalmusic.com\/pt-pt\/links\/\" \/>\n<meta property=\"og:site_name\" content=\"Jacotte Chollet &amp; La M\u00fasica Multidimensional\" \/>\n<meta property=\"article:publisher\" content=\"https:\/\/www.facebook.com\/jacottecholletmusiquemultidimensionnelle\/\" \/>\n<meta property=\"article:modified_time\" content=\"2025-02-25T11:28:24+00:00\" \/>\n<meta name=\"twitter:card\" content=\"summary_large_image\" \/>\n<meta name=\"twitter:label1\" content=\"Tempo estimado de leitura\" \/>\n\t<meta name=\"twitter:data1\" content=\"6 minutos\" \/>\n<script type=\"application\/ld+json\" class=\"yoast-schema-graph\">{\"@context\":\"https:\\\/\\\/schema.org\",\"@graph\":[{\"@type\":\"WebPage\",\"@id\":\"https:\\\/\\\/multidimensionalmusic.com\\\/pt-pt\\\/links\\\/\",\"url\":\"https:\\\/\\\/multidimensionalmusic.com\\\/pt-pt\\\/links\\\/\",\"name\":\"Links - Jacotte Chollet &amp; La M\u00fasica Multidimensional\",\"isPartOf\":{\"@id\":\"https:\\\/\\\/multidimensionalmusic.com\\\/pt-pt\\\/#website\"},\"datePublished\":\"2018-03-29T15:06:24+00:00\",\"dateModified\":\"2025-02-25T11:28:24+00:00\",\"breadcrumb\":{\"@id\":\"https:\\\/\\\/multidimensionalmusic.com\\\/pt-pt\\\/links\\\/#breadcrumb\"},\"inLanguage\":\"pt-PT\",\"potentialAction\":[{\"@type\":\"ReadAction\",\"target\":[\"https:\\\/\\\/multidimensionalmusic.com\\\/pt-pt\\\/links\\\/\"]}]},{\"@type\":\"BreadcrumbList\",\"@id\":\"https:\\\/\\\/multidimensionalmusic.com\\\/pt-pt\\\/links\\\/#breadcrumb\",\"itemListElement\":[{\"@type\":\"ListItem\",\"position\":1,\"name\":\"Home\",\"item\":\"https:\\\/\\\/multidimensionalmusic.com\\\/pt-pt\\\/\"},{\"@type\":\"ListItem\",\"position\":2,\"name\":\"Links\"}]},{\"@type\":\"WebSite\",\"@id\":\"https:\\\/\\\/multidimensionalmusic.com\\\/pt-pt\\\/#website\",\"url\":\"https:\\\/\\\/multidimensionalmusic.com\\\/pt-pt\\\/\",\"name\":\"Jacotte Chollet - La Musique Multidimensionnelle\",\"description\":\"Medita\u00e7\u00e3o - Relaxa\u00e7\u00e3o profunda - Liberta\u00e7\u00e3o emocional - Alinhamento energ\u00e9tico - Expans\u00e3o da consci\u00eancia - Intui\u00e7\u00e3o e Criatividade\",\"publisher\":{\"@id\":\"https:\\\/\\\/multidimensionalmusic.com\\\/pt-pt\\\/#organization\"},\"potentialAction\":[{\"@type\":\"SearchAction\",\"target\":{\"@type\":\"EntryPoint\",\"urlTemplate\":\"https:\\\/\\\/multidimensionalmusic.com\\\/pt-pt\\\/?s={search_term_string}\"},\"query-input\":{\"@type\":\"PropertyValueSpecification\",\"valueRequired\":true,\"valueName\":\"search_term_string\"}}],\"inLanguage\":\"pt-PT\"},{\"@type\":\"Organization\",\"@id\":\"https:\\\/\\\/multidimensionalmusic.com\\\/pt-pt\\\/#organization\",\"name\":\"Jacotte Chollet Multidimensional Music\",\"url\":\"https:\\\/\\\/multidimensionalmusic.com\\\/pt-pt\\\/\",\"logo\":{\"@type\":\"ImageObject\",\"inLanguage\":\"pt-PT\",\"@id\":\"https:\\\/\\\/multidimensionalmusic.com\\\/pt-pt\\\/#\\\/schema\\\/logo\\\/image\\\/\",\"url\":\"https:\\\/\\\/multidimensionalmusic.com\\\/wp-content\\\/uploads\\\/2025\\\/03\\\/header-logo-site-vitrine-jacotte-chollet-mmd-transparent.png\",\"contentUrl\":\"https:\\\/\\\/multidimensionalmusic.com\\\/wp-content\\\/uploads\\\/2025\\\/03\\\/header-logo-site-vitrine-jacotte-chollet-mmd-transparent.png\",\"width\":800,\"height\":358,\"caption\":\"Jacotte Chollet Multidimensional Music\"},\"image\":{\"@id\":\"https:\\\/\\\/multidimensionalmusic.com\\\/pt-pt\\\/#\\\/schema\\\/logo\\\/image\\\/\"},\"sameAs\":[\"https:\\\/\\\/www.facebook.com\\\/jacottecholletmusiquemultidimensionnelle\\\/\",\"https:\\\/\\\/www.instagram.com\\\/jacottechollet\\\/\",\"https:\\\/\\\/www.linkedin.com\\\/in\\\/jacotte-chollet-41a09812\\\/\",\"https:\\\/\\\/www.youtube.com\\\/channel\\\/UCKDtAKgspnDQqggI1bAOl_g\"]}]}<\/script>\n<!-- \/ Yoast SEO Premium plugin. -->","yoast_head_json":{"title":"Links - Jacotte Chollet &amp; La M\u00fasica Multidimensional","robots":{"index":"index","follow":"follow","max-snippet":"max-snippet:-1","max-image-preview":"max-image-preview:large","max-video-preview":"max-video-preview:-1"},"canonical":"https:\/\/multidimensionalmusic.com\/pt-pt\/links\/","og_locale":"pt_PT","og_type":"article","og_title":"Links","og_description":"LE SALON MEDECINE DOUCEwww.salon-medecinedouce.comSalon du BIEN ETRE, \u00a0MEDECINE DOUCE &amp; THALASSO \u00e0 Paris : Le plus grand salon du bien-\u00eatre en France. \u00a0 SALON ZENwww.salon-zen.frLe salon ZEN \u00e0 Paris &#8211; \u00e9panouissement personnel, bien-\u00eatre et art de vivre : Le salon sp\u00e9cialis\u00e9 en d\u00e9veloppement personnel, pour d\u00e9couvrir les th\u00e9rapies du corps et de l&#8217;esprit, et des [&hellip;]","og_url":"https:\/\/multidimensionalmusic.com\/pt-pt\/links\/","og_site_name":"Jacotte Chollet &amp; La M\u00fasica Multidimensional","article_publisher":"https:\/\/www.facebook.com\/jacottecholletmusiquemultidimensionnelle\/","article_modified_time":"2025-02-25T11:28:24+00:00","twitter_card":"summary_large_image","twitter_misc":{"Tempo estimado de leitura":"6 minutos"},"schema":{"@context":"https:\/\/schema.org","@graph":[{"@type":"WebPage","@id":"https:\/\/multidimensionalmusic.com\/pt-pt\/links\/","url":"https:\/\/multidimensionalmusic.com\/pt-pt\/links\/","name":"Links - Jacotte Chollet &amp; La M\u00fasica Multidimensional","isPartOf":{"@id":"https:\/\/multidimensionalmusic.com\/pt-pt\/#website"},"datePublished":"2018-03-29T15:06:24+00:00","dateModified":"2025-02-25T11:28:24+00:00","breadcrumb":{"@id":"https:\/\/multidimensionalmusic.com\/pt-pt\/links\/#breadcrumb"},"inLanguage":"pt-PT","potentialAction":[{"@type":"ReadAction","target":["https:\/\/multidimensionalmusic.com\/pt-pt\/links\/"]}]},{"@type":"BreadcrumbList","@id":"https:\/\/multidimensionalmusic.com\/pt-pt\/links\/#breadcrumb","itemListElement":[{"@type":"ListItem","position":1,"name":"Home","item":"https:\/\/multidimensionalmusic.com\/pt-pt\/"},{"@type":"ListItem","position":2,"name":"Links"}]},{"@type":"WebSite","@id":"https:\/\/multidimensionalmusic.com\/pt-pt\/#website","url":"https:\/\/multidimensionalmusic.com\/pt-pt\/","name":"Jacotte Chollet - La Musique Multidimensionnelle","description":"Medita\u00e7\u00e3o - Relaxa\u00e7\u00e3o profunda - Liberta\u00e7\u00e3o emocional - Alinhamento energ\u00e9tico - Expans\u00e3o da consci\u00eancia - Intui\u00e7\u00e3o e Criatividade","publisher":{"@id":"https:\/\/multidimensionalmusic.com\/pt-pt\/#organization"},"potentialAction":[{"@type":"SearchAction","target":{"@type":"EntryPoint","urlTemplate":"https:\/\/multidimensionalmusic.com\/pt-pt\/?s={search_term_string}"},"query-input":{"@type":"PropertyValueSpecification","valueRequired":true,"valueName":"search_term_string"}}],"inLanguage":"pt-PT"},{"@type":"Organization","@id":"https:\/\/multidimensionalmusic.com\/pt-pt\/#organization","name":"Jacotte Chollet Multidimensional Music","url":"https:\/\/multidimensionalmusic.com\/pt-pt\/","logo":{"@type":"ImageObject","inLanguage":"pt-PT","@id":"https:\/\/multidimensionalmusic.com\/pt-pt\/#\/schema\/logo\/image\/","url":"https:\/\/multidimensionalmusic.com\/wp-content\/uploads\/2025\/03\/header-logo-site-vitrine-jacotte-chollet-mmd-transparent.png","contentUrl":"https:\/\/multidimensionalmusic.com\/wp-content\/uploads\/2025\/03\/header-logo-site-vitrine-jacotte-chollet-mmd-transparent.png","width":800,"height":358,"caption":"Jacotte Chollet Multidimensional Music"},"image":{"@id":"https:\/\/multidimensionalmusic.com\/pt-pt\/#\/schema\/logo\/image\/"},"sameAs":["https:\/\/www.facebook.com\/jacottecholletmusiquemultidimensionnelle\/","https:\/\/www.instagram.com\/jacottechollet\/","https:\/\/www.linkedin.com\/in\/jacotte-chollet-41a09812\/","https:\/\/www.youtube.com\/channel\/UCKDtAKgspnDQqggI1bAOl_g"]}]}},"_links":{"self":[{"href":"https:\/\/multidimensionalmusic.com\/pt-pt\/wp-json\/wp\/v2\/pages\/6385","targetHints":{"allow":["GET"]}}],"collection":[{"href":"https:\/\/multidimensionalmusic.com\/pt-pt\/wp-json\/wp\/v2\/pages"}],"about":[{"href":"https:\/\/multidimensionalmusic.com\/pt-pt\/wp-json\/wp\/v2\/types\/page"}],"author":[{"embeddable":true,"href":"https:\/\/multidimensionalmusic.com\/pt-pt\/wp-json\/wp\/v2\/users\/1"}],"replies":[{"embeddable":true,"href":"https:\/\/multidimensionalmusic.com\/pt-pt\/wp-json\/wp\/v2\/comments?post=6385"}],"version-history":[{"count":0,"href":"https:\/\/multidimensionalmusic.com\/pt-pt\/wp-json\/wp\/v2\/pages\/6385\/revisions"}],"wp:attachment":[{"href":"https:\/\/multidimensionalmusic.com\/pt-pt\/wp-json\/wp\/v2\/media?parent=6385"}],"curies":[{"name":"wp","href":"https:\/\/api.w.org\/{rel}","templated":true}]}}