{"id":48747,"date":"2021-01-05T14:38:31","date_gmt":"2021-01-05T13:38:31","guid":{"rendered":"https:\/\/multidimensionalmusic.com\/nouveau-cd-zero-gravity-jacotte-chollet\/"},"modified":"2021-02-16T12:09:37","modified_gmt":"2021-02-16T11:09:37","slug":"nuevo-cd-zero-gravity-jacotte-chollet","status":"publish","type":"page","link":"https:\/\/multidimensionalmusic.com\/pt-pt\/nuevo-cd-zero-gravity-jacotte-chollet\/","title":{"rendered":"Nuevo CD : zero gravity &#8211; Jacotte Chollet"},"content":{"rendered":"<style type=\"text\/css\">@media only screen and (min-width: 1000px) and (max-width: 5000px){body.kc-css-system .kc-css-1653518{width: 38.1%;}body.kc-css-system .kc-css-3484573{width: 100%;}body.kc-css-system .kc-css-3373142{width: 61.88%;}}body.kc-css-system .kc-css-1217937{margin-top: 10px;}body.kc-css-system .kc-css-2567609{margin-top: -20px;}body.kc-css-system .kc-css-3484573 .kc-col-inner-container{margin-right: 20px;margin-left: 20px;}body.kc-css-system .kc-css-1766485 ,body.kc-css-system .kc-css-1766485 p{text-align: justify;}body.kc-css-system .kc-css-3696057{text-align: center;}<\/style>\n<section class=\"kc-elm kc-css-1217937 kc_row\">\n<div class=\"kc-row-container  kc-container\">\n<div class=\"kc-wrap-columns\">\n<div class=\"kc-elm kc-css-1653518 kc_col-sm-5 kc_column kc_col-sm-5\">\n<div class=\"kc-col-container\">\n<div class=\"kc-elm kc-css-2567609 kc_row kc_row_inner\">\n<div class=\"kc-elm kc-css-3484573 kc_col-sm-12 kc_column_inner kc_col-sm-12\">\n<div class=\"kc_wrapper kc-col-inner-container\">\n<div class=\"kc-elm kc-css-87192 kc-raw-code\">\n<\/p>\n<\/div>\n<\/div>\n<\/div>\n<\/div>\n<div class=\"kc-elm kc-css-240133 kc_text_block\">\n<p><a href=\"https:\/\/multidimensionalmusic.com\/shop\/fr\/cd\/66-zero-gravity-musique-travail-concentration-calme-meditation.html\" target=\"_blank\" rel=\"noopener\"><img fetchpriority=\"high\" decoding=\"async\" class=\"aligncenter\" src=\"https:\/\/multidimensionalmusic.com\/wp-content\/uploads\/2021\/01\/zero-gravity-jacotte-chollet-450.jpg\" alt=\"zero gravity musique concentration travail calme paix interieure\" width=\"300\" height=\"300\" \/><\/a><\/p>\n<\/div>\n<\/div>\n<\/div>\n<div class=\"kc-elm kc-css-3373142 kc_col-sm-7 kc_column kc_col-sm-7\">\n<div class=\"kc-col-container\">\n<div class=\"kc-elm kc-css-1766485 kc_text_block\">\n<p>O meu 15\u00ba \u00e1lbum ZERO GRAVITY, \u00e9 diferente de qualquer um dos seus irm\u00e3os mais velhos. <br \/>Ele introduz-nos \u00e0 viv\u00eancia da &#8220;intemporalidade\u201d, de uma nova experi\u00eancia, uma espiral, uma nova era, um novo mundo que se abre plenamente, agora, no ano de 2021.<\/p>\n<p>Ele \u00e9 uma crian\u00e7a muito delicada, muito sens\u00edvel, muito amorosa, uma crian\u00e7a &#8220;diferente&#8221;.<br \/>N\u00e3o se deve ofender se ele fizer ressoar novas emo\u00e7\u00f5es e sentimentos ocultos que antes n\u00e3o <br \/>conhecia, que precisam de ser lavados, purificados, curados de forma suave e profunda.<\/p>\n<p>Ele fala uma nova l\u00edngua feita de tons e sons desconhecidos que fazem c\u00f3cegas nos ouvidos <br \/>e acariciam o cora\u00e7\u00e3o. Est\u00e1 imbu\u00eddo de profunda paz, leveza, imensid\u00e3o, liberdade e amor, <br \/>ajudando-nos a libertarmo-nos da gravidade e a voar sem esfor\u00e7o seguindo as aves.<\/p>\n<p>\u00c9 o momento de abrir as nossas asas, descobrir novas paisagens, novos horizontes e criar a nova vida que desejamos.<\/p>\n<p><strong>UM ALBUM PARA: 6 faixas para serem ouvidas sem modera\u00e7\u00e3o em todas as idades e em todas <\/strong><br \/><strong>as situa\u00e7\u00f5es que requeiram de n\u00f3s mestria, calma, clareza, compaix\u00e3o, criatividade, <\/strong><br \/><strong>lucidez, aten\u00e7\u00e3o sem esfor\u00e7o, concentra\u00e7\u00e3o e PRESEN\u00c7A PARA SI-MESMO.<\/strong><\/p>\n<p>Quanto mais ouvimos este \u00e1lbum e quanto mais ouvimos a nossa pr\u00f3pria can\u00e7\u00e3o interior <br \/>mais encontramos recursos ao nosso dispor, mais nos tranquilizamos, nos curamos, nos transformamos suavemente.<\/p>\n<\/div>\n<div class=\"kc-elm kc-css-3696057\">\n\t<a class=\"kc_button\" href=\"https:\/\/multidimensionalmusic.com\/shop\/pt\/cd\/66-cd-zero-gravity-jacotte-chollet.html\" target=\"_blank\" title=\"\" onclick=\"\"><br \/>\n\t\tCOMPRAR CD\t<\/a>\n<\/div>\n<\/div>\n<\/div>\n<\/div>\n<\/div>\n<\/section>\n","protected":false},"excerpt":{"rendered":"<p>O meu 15\u00ba \u00e1lbum ZERO GRAVITY, \u00e9 diferente de qualquer um dos seus irm\u00e3os mais velhos. Ele introduz-nos \u00e0 viv\u00eancia da &#8220;intemporalidade\u201d, de uma nova experi\u00eancia, uma espiral, uma nova era, um novo mundo que se abre plenamente, agora, no ano de 2021. Ele \u00e9 uma crian\u00e7a muito delicada, muito sens\u00edvel, muito amorosa, uma crian\u00e7a [&hellip;]<\/p>\n","protected":false},"author":1,"featured_media":0,"parent":0,"menu_order":0,"comment_status":"closed","ping_status":"closed","template":"","meta":{"site-sidebar-layout":"default","site-content-layout":"","ast-site-content-layout":"default","site-content-style":"default","site-sidebar-style":"default","ast-global-header-display":"","ast-banner-title-visibility":"","ast-main-header-display":"","ast-hfb-above-header-display":"","ast-hfb-below-header-display":"","ast-hfb-mobile-header-display":"","site-post-title":"","ast-breadcrumbs-content":"","ast-featured-img":"","footer-sml-layout":"","ast-disable-related-posts":"","theme-transparent-header-meta":"","adv-header-id-meta":"","stick-header-meta":"","header-above-stick-meta":"","header-main-stick-meta":"","header-below-stick-meta":"","astra-migrate-meta-layouts":"default","ast-page-background-enabled":"default","ast-page-background-meta":{"desktop":{"background-color":"var(--ast-global-color-4)","background-image":"","background-repeat":"repeat","background-position":"center center","background-size":"auto","background-attachment":"scroll","background-type":"","background-media":"","overlay-type":"","overlay-color":"","overlay-opacity":"","overlay-gradient":""},"tablet":{"background-color":"","background-image":"","background-repeat":"repeat","background-position":"center center","background-size":"auto","background-attachment":"scroll","background-type":"","background-media":"","overlay-type":"","overlay-color":"","overlay-opacity":"","overlay-gradient":""},"mobile":{"background-color":"","background-image":"","background-repeat":"repeat","background-position":"center center","background-size":"auto","background-attachment":"scroll","background-type":"","background-media":"","overlay-type":"","overlay-color":"","overlay-opacity":"","overlay-gradient":""}},"ast-content-background-meta":{"desktop":{"background-color":"var(--ast-global-color-5)","background-image":"","background-repeat":"repeat","background-position":"center center","background-size":"auto","background-attachment":"scroll","background-type":"","background-media":"","overlay-type":"","overlay-color":"","overlay-opacity":"","overlay-gradient":""},"tablet":{"background-color":"var(--ast-global-color-5)","background-image":"","background-repeat":"repeat","background-position":"center center","background-size":"auto","background-attachment":"scroll","background-type":"","background-media":"","overlay-type":"","overlay-color":"","overlay-opacity":"","overlay-gradient":""},"mobile":{"background-color":"var(--ast-global-color-5)","background-image":"","background-repeat":"repeat","background-position":"center center","background-size":"auto","background-attachment":"scroll","background-type":"","background-media":"","overlay-type":"","overlay-color":"","overlay-opacity":"","overlay-gradient":""}},"footnotes":""},"class_list":["post-48747","page","type-page","status-publish","hentry"],"yoast_head":"<!-- This site is optimized with the Yoast SEO Premium plugin v21.7 (Yoast SEO v27.5) - https:\/\/yoast.com\/product\/yoast-seo-premium-wordpress\/ -->\n<title>Nuevo CD : zero gravity - Jacotte Chollet - Jacotte Chollet &amp; La M\u00fasica Multidimensional<\/title>\n<meta name=\"robots\" content=\"index, follow, max-snippet:-1, max-image-preview:large, max-video-preview:-1\" \/>\n<link rel=\"canonical\" href=\"https:\/\/multidimensionalmusic.com\/pt-pt\/nuevo-cd-zero-gravity-jacotte-chollet\/\" \/>\n<meta property=\"og:locale\" content=\"pt_PT\" \/>\n<meta property=\"og:type\" content=\"article\" \/>\n<meta property=\"og:title\" content=\"Nuevo CD : zero gravity - Jacotte Chollet\" \/>\n<meta property=\"og:description\" content=\"O meu 15\u00ba \u00e1lbum ZERO GRAVITY, \u00e9 diferente de qualquer um dos seus irm\u00e3os mais velhos. Ele introduz-nos \u00e0 viv\u00eancia da &#8220;intemporalidade\u201d, de uma nova experi\u00eancia, uma espiral, uma nova era, um novo mundo que se abre plenamente, agora, no ano de 2021. Ele \u00e9 uma crian\u00e7a muito delicada, muito sens\u00edvel, muito amorosa, uma crian\u00e7a [&hellip;]\" \/>\n<meta property=\"og:url\" content=\"https:\/\/multidimensionalmusic.com\/pt-pt\/nuevo-cd-zero-gravity-jacotte-chollet\/\" \/>\n<meta property=\"og:site_name\" content=\"Jacotte Chollet &amp; La M\u00fasica Multidimensional\" \/>\n<meta property=\"article:publisher\" content=\"https:\/\/www.facebook.com\/jacottecholletmusiquemultidimensionnelle\/\" \/>\n<meta property=\"article:modified_time\" content=\"2021-02-16T11:09:37+00:00\" \/>\n<meta property=\"og:image\" content=\"https:\/\/multidimensionalmusic.com\/wp-content\/uploads\/2021\/01\/zero-gravity-jacotte-chollet-450.jpg\" \/>\n<meta name=\"twitter:card\" content=\"summary_large_image\" \/>\n<meta name=\"twitter:label1\" content=\"Tempo estimado de leitura\" \/>\n\t<meta name=\"twitter:data1\" content=\"1 minuto\" \/>\n<script type=\"application\/ld+json\" class=\"yoast-schema-graph\">{\"@context\":\"https:\\\/\\\/schema.org\",\"@graph\":[{\"@type\":\"WebPage\",\"@id\":\"https:\\\/\\\/multidimensionalmusic.com\\\/pt-pt\\\/nuevo-cd-zero-gravity-jacotte-chollet\\\/\",\"url\":\"https:\\\/\\\/multidimensionalmusic.com\\\/pt-pt\\\/nuevo-cd-zero-gravity-jacotte-chollet\\\/\",\"name\":\"Nuevo CD : zero gravity - Jacotte Chollet - Jacotte Chollet &amp; La M\u00fasica Multidimensional\",\"isPartOf\":{\"@id\":\"https:\\\/\\\/multidimensionalmusic.com\\\/pt-pt\\\/#website\"},\"primaryImageOfPage\":{\"@id\":\"https:\\\/\\\/multidimensionalmusic.com\\\/pt-pt\\\/nuevo-cd-zero-gravity-jacotte-chollet\\\/#primaryimage\"},\"image\":{\"@id\":\"https:\\\/\\\/multidimensionalmusic.com\\\/pt-pt\\\/nuevo-cd-zero-gravity-jacotte-chollet\\\/#primaryimage\"},\"thumbnailUrl\":\"https:\\\/\\\/multidimensionalmusic.com\\\/wp-content\\\/uploads\\\/2021\\\/01\\\/zero-gravity-jacotte-chollet-450.jpg\",\"datePublished\":\"2021-01-05T13:38:31+00:00\",\"dateModified\":\"2021-02-16T11:09:37+00:00\",\"breadcrumb\":{\"@id\":\"https:\\\/\\\/multidimensionalmusic.com\\\/pt-pt\\\/nuevo-cd-zero-gravity-jacotte-chollet\\\/#breadcrumb\"},\"inLanguage\":\"pt-PT\",\"potentialAction\":[{\"@type\":\"ReadAction\",\"target\":[\"https:\\\/\\\/multidimensionalmusic.com\\\/pt-pt\\\/nuevo-cd-zero-gravity-jacotte-chollet\\\/\"]}]},{\"@type\":\"ImageObject\",\"inLanguage\":\"pt-PT\",\"@id\":\"https:\\\/\\\/multidimensionalmusic.com\\\/pt-pt\\\/nuevo-cd-zero-gravity-jacotte-chollet\\\/#primaryimage\",\"url\":\"https:\\\/\\\/multidimensionalmusic.com\\\/wp-content\\\/uploads\\\/2021\\\/01\\\/zero-gravity-jacotte-chollet-450.jpg\",\"contentUrl\":\"https:\\\/\\\/multidimensionalmusic.com\\\/wp-content\\\/uploads\\\/2021\\\/01\\\/zero-gravity-jacotte-chollet-450.jpg\"},{\"@type\":\"BreadcrumbList\",\"@id\":\"https:\\\/\\\/multidimensionalmusic.com\\\/pt-pt\\\/nuevo-cd-zero-gravity-jacotte-chollet\\\/#breadcrumb\",\"itemListElement\":[{\"@type\":\"ListItem\",\"position\":1,\"name\":\"Home\",\"item\":\"https:\\\/\\\/multidimensionalmusic.com\\\/pt-pt\\\/\"},{\"@type\":\"ListItem\",\"position\":2,\"name\":\"Nuevo CD : zero gravity &#8211; Jacotte Chollet\"}]},{\"@type\":\"WebSite\",\"@id\":\"https:\\\/\\\/multidimensionalmusic.com\\\/pt-pt\\\/#website\",\"url\":\"https:\\\/\\\/multidimensionalmusic.com\\\/pt-pt\\\/\",\"name\":\"Jacotte Chollet - La Musique Multidimensionnelle\",\"description\":\"Medita\u00e7\u00e3o - Relaxa\u00e7\u00e3o profunda - Liberta\u00e7\u00e3o emocional - Alinhamento energ\u00e9tico - Expans\u00e3o da consci\u00eancia - Intui\u00e7\u00e3o e Criatividade\",\"publisher\":{\"@id\":\"https:\\\/\\\/multidimensionalmusic.com\\\/pt-pt\\\/#organization\"},\"potentialAction\":[{\"@type\":\"SearchAction\",\"target\":{\"@type\":\"EntryPoint\",\"urlTemplate\":\"https:\\\/\\\/multidimensionalmusic.com\\\/pt-pt\\\/?s={search_term_string}\"},\"query-input\":{\"@type\":\"PropertyValueSpecification\",\"valueRequired\":true,\"valueName\":\"search_term_string\"}}],\"inLanguage\":\"pt-PT\"},{\"@type\":\"Organization\",\"@id\":\"https:\\\/\\\/multidimensionalmusic.com\\\/pt-pt\\\/#organization\",\"name\":\"Jacotte Chollet Multidimensional Music\",\"url\":\"https:\\\/\\\/multidimensionalmusic.com\\\/pt-pt\\\/\",\"logo\":{\"@type\":\"ImageObject\",\"inLanguage\":\"pt-PT\",\"@id\":\"https:\\\/\\\/multidimensionalmusic.com\\\/pt-pt\\\/#\\\/schema\\\/logo\\\/image\\\/\",\"url\":\"https:\\\/\\\/multidimensionalmusic.com\\\/wp-content\\\/uploads\\\/2025\\\/03\\\/header-logo-site-vitrine-jacotte-chollet-mmd-transparent.png\",\"contentUrl\":\"https:\\\/\\\/multidimensionalmusic.com\\\/wp-content\\\/uploads\\\/2025\\\/03\\\/header-logo-site-vitrine-jacotte-chollet-mmd-transparent.png\",\"width\":800,\"height\":358,\"caption\":\"Jacotte Chollet Multidimensional Music\"},\"image\":{\"@id\":\"https:\\\/\\\/multidimensionalmusic.com\\\/pt-pt\\\/#\\\/schema\\\/logo\\\/image\\\/\"},\"sameAs\":[\"https:\\\/\\\/www.facebook.com\\\/jacottecholletmusiquemultidimensionnelle\\\/\",\"https:\\\/\\\/www.instagram.com\\\/jacottechollet\\\/\",\"https:\\\/\\\/www.linkedin.com\\\/in\\\/jacotte-chollet-41a09812\\\/\",\"https:\\\/\\\/www.youtube.com\\\/channel\\\/UCKDtAKgspnDQqggI1bAOl_g\"]}]}<\/script>\n<!-- \/ Yoast SEO Premium plugin. -->","yoast_head_json":{"title":"Nuevo CD : zero gravity - Jacotte Chollet - Jacotte Chollet &amp; La M\u00fasica Multidimensional","robots":{"index":"index","follow":"follow","max-snippet":"max-snippet:-1","max-image-preview":"max-image-preview:large","max-video-preview":"max-video-preview:-1"},"canonical":"https:\/\/multidimensionalmusic.com\/pt-pt\/nuevo-cd-zero-gravity-jacotte-chollet\/","og_locale":"pt_PT","og_type":"article","og_title":"Nuevo CD : zero gravity - Jacotte Chollet","og_description":"O meu 15\u00ba \u00e1lbum ZERO GRAVITY, \u00e9 diferente de qualquer um dos seus irm\u00e3os mais velhos. Ele introduz-nos \u00e0 viv\u00eancia da &#8220;intemporalidade\u201d, de uma nova experi\u00eancia, uma espiral, uma nova era, um novo mundo que se abre plenamente, agora, no ano de 2021. Ele \u00e9 uma crian\u00e7a muito delicada, muito sens\u00edvel, muito amorosa, uma crian\u00e7a [&hellip;]","og_url":"https:\/\/multidimensionalmusic.com\/pt-pt\/nuevo-cd-zero-gravity-jacotte-chollet\/","og_site_name":"Jacotte Chollet &amp; La M\u00fasica Multidimensional","article_publisher":"https:\/\/www.facebook.com\/jacottecholletmusiquemultidimensionnelle\/","article_modified_time":"2021-02-16T11:09:37+00:00","og_image":[{"url":"https:\/\/multidimensionalmusic.com\/wp-content\/uploads\/2021\/01\/zero-gravity-jacotte-chollet-450.jpg","type":"","width":"","height":""}],"twitter_card":"summary_large_image","twitter_misc":{"Tempo estimado de leitura":"1 minuto"},"schema":{"@context":"https:\/\/schema.org","@graph":[{"@type":"WebPage","@id":"https:\/\/multidimensionalmusic.com\/pt-pt\/nuevo-cd-zero-gravity-jacotte-chollet\/","url":"https:\/\/multidimensionalmusic.com\/pt-pt\/nuevo-cd-zero-gravity-jacotte-chollet\/","name":"Nuevo CD : zero gravity - Jacotte Chollet - Jacotte Chollet &amp; La M\u00fasica Multidimensional","isPartOf":{"@id":"https:\/\/multidimensionalmusic.com\/pt-pt\/#website"},"primaryImageOfPage":{"@id":"https:\/\/multidimensionalmusic.com\/pt-pt\/nuevo-cd-zero-gravity-jacotte-chollet\/#primaryimage"},"image":{"@id":"https:\/\/multidimensionalmusic.com\/pt-pt\/nuevo-cd-zero-gravity-jacotte-chollet\/#primaryimage"},"thumbnailUrl":"https:\/\/multidimensionalmusic.com\/wp-content\/uploads\/2021\/01\/zero-gravity-jacotte-chollet-450.jpg","datePublished":"2021-01-05T13:38:31+00:00","dateModified":"2021-02-16T11:09:37+00:00","breadcrumb":{"@id":"https:\/\/multidimensionalmusic.com\/pt-pt\/nuevo-cd-zero-gravity-jacotte-chollet\/#breadcrumb"},"inLanguage":"pt-PT","potentialAction":[{"@type":"ReadAction","target":["https:\/\/multidimensionalmusic.com\/pt-pt\/nuevo-cd-zero-gravity-jacotte-chollet\/"]}]},{"@type":"ImageObject","inLanguage":"pt-PT","@id":"https:\/\/multidimensionalmusic.com\/pt-pt\/nuevo-cd-zero-gravity-jacotte-chollet\/#primaryimage","url":"https:\/\/multidimensionalmusic.com\/wp-content\/uploads\/2021\/01\/zero-gravity-jacotte-chollet-450.jpg","contentUrl":"https:\/\/multidimensionalmusic.com\/wp-content\/uploads\/2021\/01\/zero-gravity-jacotte-chollet-450.jpg"},{"@type":"BreadcrumbList","@id":"https:\/\/multidimensionalmusic.com\/pt-pt\/nuevo-cd-zero-gravity-jacotte-chollet\/#breadcrumb","itemListElement":[{"@type":"ListItem","position":1,"name":"Home","item":"https:\/\/multidimensionalmusic.com\/pt-pt\/"},{"@type":"ListItem","position":2,"name":"Nuevo CD : zero gravity &#8211; Jacotte Chollet"}]},{"@type":"WebSite","@id":"https:\/\/multidimensionalmusic.com\/pt-pt\/#website","url":"https:\/\/multidimensionalmusic.com\/pt-pt\/","name":"Jacotte Chollet - La Musique Multidimensionnelle","description":"Medita\u00e7\u00e3o - Relaxa\u00e7\u00e3o profunda - Liberta\u00e7\u00e3o emocional - Alinhamento energ\u00e9tico - Expans\u00e3o da consci\u00eancia - Intui\u00e7\u00e3o e Criatividade","publisher":{"@id":"https:\/\/multidimensionalmusic.com\/pt-pt\/#organization"},"potentialAction":[{"@type":"SearchAction","target":{"@type":"EntryPoint","urlTemplate":"https:\/\/multidimensionalmusic.com\/pt-pt\/?s={search_term_string}"},"query-input":{"@type":"PropertyValueSpecification","valueRequired":true,"valueName":"search_term_string"}}],"inLanguage":"pt-PT"},{"@type":"Organization","@id":"https:\/\/multidimensionalmusic.com\/pt-pt\/#organization","name":"Jacotte Chollet Multidimensional Music","url":"https:\/\/multidimensionalmusic.com\/pt-pt\/","logo":{"@type":"ImageObject","inLanguage":"pt-PT","@id":"https:\/\/multidimensionalmusic.com\/pt-pt\/#\/schema\/logo\/image\/","url":"https:\/\/multidimensionalmusic.com\/wp-content\/uploads\/2025\/03\/header-logo-site-vitrine-jacotte-chollet-mmd-transparent.png","contentUrl":"https:\/\/multidimensionalmusic.com\/wp-content\/uploads\/2025\/03\/header-logo-site-vitrine-jacotte-chollet-mmd-transparent.png","width":800,"height":358,"caption":"Jacotte Chollet Multidimensional Music"},"image":{"@id":"https:\/\/multidimensionalmusic.com\/pt-pt\/#\/schema\/logo\/image\/"},"sameAs":["https:\/\/www.facebook.com\/jacottecholletmusiquemultidimensionnelle\/","https:\/\/www.instagram.com\/jacottechollet\/","https:\/\/www.linkedin.com\/in\/jacotte-chollet-41a09812\/","https:\/\/www.youtube.com\/channel\/UCKDtAKgspnDQqggI1bAOl_g"]}]}},"_links":{"self":[{"href":"https:\/\/multidimensionalmusic.com\/pt-pt\/wp-json\/wp\/v2\/pages\/48747","targetHints":{"allow":["GET"]}}],"collection":[{"href":"https:\/\/multidimensionalmusic.com\/pt-pt\/wp-json\/wp\/v2\/pages"}],"about":[{"href":"https:\/\/multidimensionalmusic.com\/pt-pt\/wp-json\/wp\/v2\/types\/page"}],"author":[{"embeddable":true,"href":"https:\/\/multidimensionalmusic.com\/pt-pt\/wp-json\/wp\/v2\/users\/1"}],"replies":[{"embeddable":true,"href":"https:\/\/multidimensionalmusic.com\/pt-pt\/wp-json\/wp\/v2\/comments?post=48747"}],"version-history":[{"count":0,"href":"https:\/\/multidimensionalmusic.com\/pt-pt\/wp-json\/wp\/v2\/pages\/48747\/revisions"}],"wp:attachment":[{"href":"https:\/\/multidimensionalmusic.com\/pt-pt\/wp-json\/wp\/v2\/media?parent=48747"}],"curies":[{"name":"wp","href":"https:\/\/api.w.org\/{rel}","templated":true}]}}