{"id":3515,"date":"2017-12-04T17:06:53","date_gmt":"2017-12-04T16:06:53","guid":{"rendered":"https:\/\/multidimensionalmusic.com\/?page_id=3515"},"modified":"2021-04-27T09:56:18","modified_gmt":"2021-04-27T07:56:18","slug":"regis-dutheil","status":"publish","type":"page","link":"https:\/\/multidimensionalmusic.com\/pt-pt\/regis-dutheil\/","title":{"rendered":"R\u00e9gis Dutheil"},"content":{"rendered":"<style type=\"text\/css\">@media only screen and (min-width: 1000px) and (max-width: 5000px){body.kc-css-system .kc-css-3745107{width: 100%;}body.kc-css-system .kc-css-1225212{width: 29.75%;}body.kc-css-system .kc-css-252558{width: 70.25%;}body.kc-css-system .kc-css-1415990{width: 100%;}body.kc-css-system .kc-css-4294380{width: 100%;}}body.kc-css-system .kc-css-3111675{margin-top: 20px;margin-bottom: 10px;padding-top: 10px;padding-bottom: 10px;}body.kc-css-system .kc-css-4201912{text-align: justify;margin-top: 30px;margin-bottom: 10px;padding-top: 0px;padding-bottom: 0px;}body.kc-css-system .kc-css-397770 ,body.kc-css-system .kc-css-397770 p{font-size: 15px;line-height: 24px;}body.kc-css-system .kc-css-2961731 ,body.kc-css-system .kc-css-2961731 p{font-size: 15px;line-height: 24px;}body.kc-css-system .kc-css-398238{text-align: justify;margin-bottom: 10px;padding-top: 0px;}body.kc-css-system .kc-css-1415990{background: #e8f1ff;margin-bottom: 10px;padding-bottom: 10px;border-radius: 17px 17px 17px 17px;}body.kc-css-system .kc-css-1415990 .kc-col-inner-container{margin: 10px 10px 30px 10px;padding: 10px 10px 30px 10px;}body.kc-css-system .kc-css-1236100{padding-bottom: 10px;}body.kc-css-system .kc-css-1236100 p{margin-bottom: 10px;}body.kc-css-system .kc-css-4294380{background: #e8f1ff;margin-bottom: 10px;padding-bottom: 10px;border-radius: 17px 17px 17px 17px;}body.kc-css-system .kc-css-4294380 .kc-col-inner-container{margin: 10px 10px 30px 10px;padding: 10px 10px 30px 10px;}body.kc-css-system .kc-css-4000340{padding-bottom: 10px;}body.kc-css-system .kc-css-4000340 p{margin-bottom: 10px;}<\/style>\n<section class=\"kc-elm kc-css-3111675 kc_row\">\n<div class=\"kc-row-container  kc-container\">\n<div class=\"kc-wrap-columns\">\n<div class=\"kc-elm kc-css-826482 kc_col-sm-12 kc_column kc_col-sm-12\">\n<div class=\"kc-col-container\">\n<div class=\"kc-elm kc-css-4201912 kc_row kc_row_inner\">\n<div class=\"kc-elm kc-css-3745107 kc_col-sm-12 kc_column_inner kc_col-sm-12\">\n<div class=\"kc_wrapper kc-col-inner-container\">\n<div class=\"kc-elm kc-css-397770 kc_text_block\">\n<h4>Pr. R\u00e9gis Dutheil, lan\u00e7ou as bases de uma nova medicina para o pr\u00f3ximo mil\u00e9nio baseada na consci\u00eancia.<\/h4>\n<\/div>\n<div class=\"kc-elm kc-css-3366789 kc_row kc_row_inner\">\n<div class=\"kc-elm kc-css-1225212 kc_col-sm-4 kc_column_inner kc_col-sm-4\">\n<div class=\"kc_wrapper kc-col-inner-container\">\n<div class=\"kc-elm kc-css-2963011 kc_text_block\">\n<p><img decoding=\"async\" class=\"alignleft \" src=\"https:\/\/multidimensionalmusic.com\/wp-content\/uploads\/2017\/07\/medecine-superlumineuse-regis-dutheil.jpg\" alt=\"R\u00e9gis Dutheil, la m\u00e9decine superlumineuse, \u00e9ditions Sand\" width=\"176\" height=\"240\" \/><\/p>\n<\/div>\n<\/div>\n<\/div>\n<div class=\"kc-elm kc-css-252558 kc_col-sm-8 kc_column_inner kc_col-sm-8\">\n<div class=\"kc_wrapper kc-col-inner-container\">\n<div class=\"kc-elm kc-css-2961731 kc_text_block\">\n<h3>LA M\u00c9DECINE SUPERLUMINEUSE &#8211; PROF. R\u00c9GIS DUTHEIL<br \/>EDITIONS SAND, PARIS.<\/h3>\n<p>Em 1992, o lan\u00e7amento do livro do Professor R\u00e9gis Dutheil &#8220;La M\u00e9decine Superlumineuse&#8221; dedicado a uma reflex\u00e3o sobre a evolu\u00e7\u00e3o da Medicina desde os tempos antigos at\u00e9 aos tempos de agora, lan\u00e7ou as bases de uma nova medicina para o pr\u00f3ximo mil\u00e9nio baseada na consci\u00eancia.<\/p>\n<p>Ele dedicou o cap\u00edtulo VIII com o t\u00edtulo : &#8220;Abertura para a medicina do sec. 21&#8221;, \u00e0 Jacotte Chollet e ao seu trabalho sobre os efeitos multidimensionais da sua m\u00fasica na psique e no corpo.<\/p>\n<p>R\u00e9gis Dutheil (MD). F\u00edsico Qu\u00e2ntico, pesquisador da consci\u00eancia tendo leccionado Biof\u00edsica na Faculdade de Medicina de Poitiers. Dedicou-se \u00e0 pesquisa dos fundamentos da F\u00edsica desde 1973. \u00c9 o autor do livro &#8220;Superluminous Man&#8221; e do &#8220;Superluminous Medicine&#8221;, tendo sido director associado do Louis de Broglie Fundation de Paris.<\/p>\n<\/div>\n<\/div>\n<\/div>\n<\/div>\n<\/div>\n<\/div>\n<\/div>\n<\/div>\n<\/div>\n<\/div>\n<\/div>\n<\/section>\n<section class=\"kc-elm kc-css-398238 kc_row\">\n<div class=\"kc-row-container  kc-container\">\n<div class=\"kc-wrap-columns\">\n<div class=\"kc-elm kc-css-1446648 kc_col-sm-12 kc_column kc_col-sm-12\">\n<div class=\"kc-col-container\">\n<div class=\"kc-elm kc-css-2092583 kc_row kc_row_inner\">\n<div class=\"kc-elm kc-css-1415990 kc_col-sm-12 kc_column_inner kc_col-sm-12\">\n<div class=\"kc_wrapper kc-col-inner-container\">\n<div class=\"kc-elm kc-css-1236100 kc_text_block\">\n<p><strong><em>A MMD prop\u00f5e-nos diversos ensaios de frequ\u00eancias musicais compostas por sons com m\u00faltiplas harmonias desde o &#8220;Bass&#8221; ao &#8220;Treble&#8221;, criando movimentos de complexas vibra\u00e7\u00f5es.<br \/>O Resultado musical \u00e9 harmonioso mas geralmente d\u00e1-nos um estranho sentimento e provoca a emerg\u00eancia de emo\u00e7\u00f5es e ideias que gradualmente mudam a corrente natural da consci\u00eancia.<br \/>O efeito \u00e9 ineg\u00e1vel, por instantes, quando ouvi a m\u00fasica CHRONOS do CD UNIT\u00c9, logo ap\u00f3s o sentimento habitual de desaparecimento do padr\u00e3o do tempo senti-me a flutuar num tempo suspenso. Tive o sentimento de ser levado para um espa\u00e7o subliminar de luz que ia para al\u00e9m da barreira da luz, um espa\u00e7o onde as emo\u00e7\u00f5es, os conceitos e os significados se relacionavam sob uma nova forma, sob uma nova luz da qual surgia uma compreens\u00e3o total e universal.<\/em><\/strong><\/p>\n<h5>Pr REGIS DUTHEIL<\/h5>\n<p>Professor R\u00e9gis Dutheil : F\u00edsico qu\u00e2ntico. M\u00e9dico e professor de f\u00edsica da escola de medicina de poitier. <br \/>Autor do livro &#8220;supraliminal medicine&#8221;. Paris. Fran\u00e7a.<\/p>\n<\/div>\n<\/div>\n<\/div>\n<\/div>\n<div class=\"kc-elm kc-css-3011577 kc_row kc_row_inner\">\n<div class=\"kc-elm kc-css-4294380 kc_col-sm-12 kc_column_inner kc_col-sm-12\">\n<div class=\"kc_wrapper kc-col-inner-container\">\n<div class=\"kc-elm kc-css-4000340 kc_text_block\">\n<p><strong><em>O Professor R\u00e9gis Dutheil sublinha que para os tempos de agora, o m\u00e9todo mais pr\u00f3ximo do novo paradigma da Medicina do sec.21 \u00e9 a M\u00fasica Multidimensional, j\u00e1 que esta transforma ao mesmo tempo, o nosso corpo electromagn\u00e9tico e a nossa consci\u00eancia. Ela refor\u00e7a a neguentropia. H\u00e1 primeiro de tudo, um efeito de auto-diagn\u00f3stico, seguido de um efeito terap\u00eautico pois a m\u00fasica traz \u00e0 consci\u00eancia traumas escondidos h\u00e1 muito tempo e corrige o seu campo de informa\u00e7\u00e3o. A este n\u00edvel de consci\u00eancia, a no\u00e7\u00e3o usual de tempo deixa de existir, o nosso corpo multidimensional expande-se para al\u00e9m da sua localidade f\u00edsica (assim como para al\u00e9m do passado e do futuro).<\/em><\/strong><\/p>\n<h5>Pr REGIS DUTHEIL<\/h5>\n<p>EXTRACTO DO HOLOSONIC THERAPY, UM ARTIGO PUBLICADO NA REVISTA LA VIE NATURELLE<\/p>\n<\/div>\n<\/div>\n<\/div>\n<\/div>\n<div class=\"kc-elm kc-css-3829467 kc_text_block\">\n<p>EXTRACTO DO HOLOSONIC THERAPY, UM ARTIGO PUBLICADO NA REVISTA LA VIE NATURELLE :\u00a0<a href=\"https:\/\/multidimensionalmusic.com\/pt-pt\/artigos-de-imprensa\/\"><strong>ARTIGOS DE IMPRENSA<\/strong><\/a><\/p>\n<\/div>\n<\/div>\n<\/div>\n<\/div>\n<\/div>\n<\/section>\n","protected":false},"excerpt":{"rendered":"<p>Pr. R\u00e9gis Dutheil, lan\u00e7ou as bases de uma nova medicina para o pr\u00f3ximo mil\u00e9nio baseada na consci\u00eancia. LA M\u00c9DECINE SUPERLUMINEUSE &#8211; PROF. R\u00c9GIS DUTHEILEDITIONS SAND, PARIS. Em 1992, o lan\u00e7amento do livro do Professor R\u00e9gis Dutheil &#8220;La M\u00e9decine Superlumineuse&#8221; dedicado a uma reflex\u00e3o sobre a evolu\u00e7\u00e3o da Medicina desde os tempos antigos at\u00e9 aos tempos [&hellip;]<\/p>\n","protected":false},"author":1,"featured_media":0,"parent":0,"menu_order":0,"comment_status":"closed","ping_status":"closed","template":"","meta":{"site-sidebar-layout":"default","site-content-layout":"","ast-site-content-layout":"default","site-content-style":"default","site-sidebar-style":"default","ast-global-header-display":"","ast-banner-title-visibility":"","ast-main-header-display":"","ast-hfb-above-header-display":"","ast-hfb-below-header-display":"","ast-hfb-mobile-header-display":"","site-post-title":"","ast-breadcrumbs-content":"","ast-featured-img":"","footer-sml-layout":"","ast-disable-related-posts":"","theme-transparent-header-meta":"","adv-header-id-meta":"","stick-header-meta":"","header-above-stick-meta":"","header-main-stick-meta":"","header-below-stick-meta":"","astra-migrate-meta-layouts":"default","ast-page-background-enabled":"default","ast-page-background-meta":{"desktop":{"background-color":"var(--ast-global-color-4)","background-image":"","background-repeat":"repeat","background-position":"center center","background-size":"auto","background-attachment":"scroll","background-type":"","background-media":"","overlay-type":"","overlay-color":"","overlay-opacity":"","overlay-gradient":""},"tablet":{"background-color":"","background-image":"","background-repeat":"repeat","background-position":"center center","background-size":"auto","background-attachment":"scroll","background-type":"","background-media":"","overlay-type":"","overlay-color":"","overlay-opacity":"","overlay-gradient":""},"mobile":{"background-color":"","background-image":"","background-repeat":"repeat","background-position":"center center","background-size":"auto","background-attachment":"scroll","background-type":"","background-media":"","overlay-type":"","overlay-color":"","overlay-opacity":"","overlay-gradient":""}},"ast-content-background-meta":{"desktop":{"background-color":"var(--ast-global-color-5)","background-image":"","background-repeat":"repeat","background-position":"center center","background-size":"auto","background-attachment":"scroll","background-type":"","background-media":"","overlay-type":"","overlay-color":"","overlay-opacity":"","overlay-gradient":""},"tablet":{"background-color":"var(--ast-global-color-5)","background-image":"","background-repeat":"repeat","background-position":"center center","background-size":"auto","background-attachment":"scroll","background-type":"","background-media":"","overlay-type":"","overlay-color":"","overlay-opacity":"","overlay-gradient":""},"mobile":{"background-color":"var(--ast-global-color-5)","background-image":"","background-repeat":"repeat","background-position":"center center","background-size":"auto","background-attachment":"scroll","background-type":"","background-media":"","overlay-type":"","overlay-color":"","overlay-opacity":"","overlay-gradient":""}},"footnotes":""},"class_list":["post-3515","page","type-page","status-publish","hentry"],"yoast_head":"<!-- This site is optimized with the Yoast SEO Premium plugin v21.7 (Yoast SEO v27.4) - https:\/\/yoast.com\/product\/yoast-seo-premium-wordpress\/ -->\n<title>R\u00e9gis Dutheil - Jacotte Chollet &amp; La M\u00fasica Multidimensional<\/title>\n<meta name=\"robots\" content=\"index, follow, max-snippet:-1, max-image-preview:large, max-video-preview:-1\" \/>\n<link rel=\"canonical\" href=\"https:\/\/multidimensionalmusic.com\/pt-pt\/regis-dutheil\/\" \/>\n<meta property=\"og:locale\" content=\"pt_PT\" \/>\n<meta property=\"og:type\" content=\"article\" \/>\n<meta property=\"og:title\" content=\"R\u00e9gis Dutheil\" \/>\n<meta property=\"og:description\" content=\"Pr. R\u00e9gis Dutheil, lan\u00e7ou as bases de uma nova medicina para o pr\u00f3ximo mil\u00e9nio baseada na consci\u00eancia. LA M\u00c9DECINE SUPERLUMINEUSE &#8211; PROF. R\u00c9GIS DUTHEILEDITIONS SAND, PARIS. Em 1992, o lan\u00e7amento do livro do Professor R\u00e9gis Dutheil &#8220;La M\u00e9decine Superlumineuse&#8221; dedicado a uma reflex\u00e3o sobre a evolu\u00e7\u00e3o da Medicina desde os tempos antigos at\u00e9 aos tempos [&hellip;]\" \/>\n<meta property=\"og:url\" content=\"https:\/\/multidimensionalmusic.com\/pt-pt\/regis-dutheil\/\" \/>\n<meta property=\"og:site_name\" content=\"Jacotte Chollet &amp; La M\u00fasica Multidimensional\" \/>\n<meta property=\"article:publisher\" content=\"https:\/\/www.facebook.com\/jacottecholletmusiquemultidimensionnelle\/\" \/>\n<meta property=\"article:modified_time\" content=\"2021-04-27T07:56:18+00:00\" \/>\n<meta property=\"og:image\" content=\"https:\/\/multidimensionalmusic.com\/wp-content\/uploads\/2017\/07\/medecine-superlumineuse-regis-dutheil.jpg\" \/>\n<meta name=\"twitter:card\" content=\"summary_large_image\" \/>\n<meta name=\"twitter:label1\" content=\"Tempo estimado de leitura\" \/>\n\t<meta name=\"twitter:data1\" content=\"3 minutos\" \/>\n<script type=\"application\/ld+json\" class=\"yoast-schema-graph\">{\"@context\":\"https:\\\/\\\/schema.org\",\"@graph\":[{\"@type\":\"WebPage\",\"@id\":\"https:\\\/\\\/multidimensionalmusic.com\\\/pt-pt\\\/regis-dutheil\\\/\",\"url\":\"https:\\\/\\\/multidimensionalmusic.com\\\/pt-pt\\\/regis-dutheil\\\/\",\"name\":\"R\u00e9gis Dutheil - Jacotte Chollet &amp; La M\u00fasica Multidimensional\",\"isPartOf\":{\"@id\":\"https:\\\/\\\/multidimensionalmusic.com\\\/pt-pt\\\/#website\"},\"primaryImageOfPage\":{\"@id\":\"https:\\\/\\\/multidimensionalmusic.com\\\/pt-pt\\\/regis-dutheil\\\/#primaryimage\"},\"image\":{\"@id\":\"https:\\\/\\\/multidimensionalmusic.com\\\/pt-pt\\\/regis-dutheil\\\/#primaryimage\"},\"thumbnailUrl\":\"https:\\\/\\\/multidimensionalmusic.com\\\/wp-content\\\/uploads\\\/2017\\\/07\\\/medecine-superlumineuse-regis-dutheil.jpg\",\"datePublished\":\"2017-12-04T16:06:53+00:00\",\"dateModified\":\"2021-04-27T07:56:18+00:00\",\"breadcrumb\":{\"@id\":\"https:\\\/\\\/multidimensionalmusic.com\\\/pt-pt\\\/regis-dutheil\\\/#breadcrumb\"},\"inLanguage\":\"pt-PT\",\"potentialAction\":[{\"@type\":\"ReadAction\",\"target\":[\"https:\\\/\\\/multidimensionalmusic.com\\\/pt-pt\\\/regis-dutheil\\\/\"]}]},{\"@type\":\"ImageObject\",\"inLanguage\":\"pt-PT\",\"@id\":\"https:\\\/\\\/multidimensionalmusic.com\\\/pt-pt\\\/regis-dutheil\\\/#primaryimage\",\"url\":\"https:\\\/\\\/multidimensionalmusic.com\\\/wp-content\\\/uploads\\\/2017\\\/07\\\/medecine-superlumineuse-regis-dutheil.jpg\",\"contentUrl\":\"https:\\\/\\\/multidimensionalmusic.com\\\/wp-content\\\/uploads\\\/2017\\\/07\\\/medecine-superlumineuse-regis-dutheil.jpg\"},{\"@type\":\"BreadcrumbList\",\"@id\":\"https:\\\/\\\/multidimensionalmusic.com\\\/pt-pt\\\/regis-dutheil\\\/#breadcrumb\",\"itemListElement\":[{\"@type\":\"ListItem\",\"position\":1,\"name\":\"Home\",\"item\":\"https:\\\/\\\/multidimensionalmusic.com\\\/pt-pt\\\/\"},{\"@type\":\"ListItem\",\"position\":2,\"name\":\"R\u00e9gis Dutheil\"}]},{\"@type\":\"WebSite\",\"@id\":\"https:\\\/\\\/multidimensionalmusic.com\\\/pt-pt\\\/#website\",\"url\":\"https:\\\/\\\/multidimensionalmusic.com\\\/pt-pt\\\/\",\"name\":\"Jacotte Chollet - La Musique Multidimensionnelle\",\"description\":\"Medita\u00e7\u00e3o - Relaxa\u00e7\u00e3o profunda - Liberta\u00e7\u00e3o emocional - Alinhamento energ\u00e9tico - Expans\u00e3o da consci\u00eancia - Intui\u00e7\u00e3o e Criatividade\",\"publisher\":{\"@id\":\"https:\\\/\\\/multidimensionalmusic.com\\\/pt-pt\\\/#organization\"},\"potentialAction\":[{\"@type\":\"SearchAction\",\"target\":{\"@type\":\"EntryPoint\",\"urlTemplate\":\"https:\\\/\\\/multidimensionalmusic.com\\\/pt-pt\\\/?s={search_term_string}\"},\"query-input\":{\"@type\":\"PropertyValueSpecification\",\"valueRequired\":true,\"valueName\":\"search_term_string\"}}],\"inLanguage\":\"pt-PT\"},{\"@type\":\"Organization\",\"@id\":\"https:\\\/\\\/multidimensionalmusic.com\\\/pt-pt\\\/#organization\",\"name\":\"Jacotte Chollet Multidimensional Music\",\"url\":\"https:\\\/\\\/multidimensionalmusic.com\\\/pt-pt\\\/\",\"logo\":{\"@type\":\"ImageObject\",\"inLanguage\":\"pt-PT\",\"@id\":\"https:\\\/\\\/multidimensionalmusic.com\\\/pt-pt\\\/#\\\/schema\\\/logo\\\/image\\\/\",\"url\":\"https:\\\/\\\/multidimensionalmusic.com\\\/wp-content\\\/uploads\\\/2025\\\/03\\\/header-logo-site-vitrine-jacotte-chollet-mmd-transparent.png\",\"contentUrl\":\"https:\\\/\\\/multidimensionalmusic.com\\\/wp-content\\\/uploads\\\/2025\\\/03\\\/header-logo-site-vitrine-jacotte-chollet-mmd-transparent.png\",\"width\":800,\"height\":358,\"caption\":\"Jacotte Chollet Multidimensional Music\"},\"image\":{\"@id\":\"https:\\\/\\\/multidimensionalmusic.com\\\/pt-pt\\\/#\\\/schema\\\/logo\\\/image\\\/\"},\"sameAs\":[\"https:\\\/\\\/www.facebook.com\\\/jacottecholletmusiquemultidimensionnelle\\\/\",\"https:\\\/\\\/www.instagram.com\\\/jacottechollet\\\/\",\"https:\\\/\\\/www.linkedin.com\\\/in\\\/jacotte-chollet-41a09812\\\/\",\"https:\\\/\\\/www.youtube.com\\\/channel\\\/UCKDtAKgspnDQqggI1bAOl_g\"]}]}<\/script>\n<!-- \/ Yoast SEO Premium plugin. -->","yoast_head_json":{"title":"R\u00e9gis Dutheil - Jacotte Chollet &amp; La M\u00fasica Multidimensional","robots":{"index":"index","follow":"follow","max-snippet":"max-snippet:-1","max-image-preview":"max-image-preview:large","max-video-preview":"max-video-preview:-1"},"canonical":"https:\/\/multidimensionalmusic.com\/pt-pt\/regis-dutheil\/","og_locale":"pt_PT","og_type":"article","og_title":"R\u00e9gis Dutheil","og_description":"Pr. R\u00e9gis Dutheil, lan\u00e7ou as bases de uma nova medicina para o pr\u00f3ximo mil\u00e9nio baseada na consci\u00eancia. LA M\u00c9DECINE SUPERLUMINEUSE &#8211; PROF. R\u00c9GIS DUTHEILEDITIONS SAND, PARIS. Em 1992, o lan\u00e7amento do livro do Professor R\u00e9gis Dutheil &#8220;La M\u00e9decine Superlumineuse&#8221; dedicado a uma reflex\u00e3o sobre a evolu\u00e7\u00e3o da Medicina desde os tempos antigos at\u00e9 aos tempos [&hellip;]","og_url":"https:\/\/multidimensionalmusic.com\/pt-pt\/regis-dutheil\/","og_site_name":"Jacotte Chollet &amp; La M\u00fasica Multidimensional","article_publisher":"https:\/\/www.facebook.com\/jacottecholletmusiquemultidimensionnelle\/","article_modified_time":"2021-04-27T07:56:18+00:00","og_image":[{"url":"https:\/\/multidimensionalmusic.com\/wp-content\/uploads\/2017\/07\/medecine-superlumineuse-regis-dutheil.jpg","type":"","width":"","height":""}],"twitter_card":"summary_large_image","twitter_misc":{"Tempo estimado de leitura":"3 minutos"},"schema":{"@context":"https:\/\/schema.org","@graph":[{"@type":"WebPage","@id":"https:\/\/multidimensionalmusic.com\/pt-pt\/regis-dutheil\/","url":"https:\/\/multidimensionalmusic.com\/pt-pt\/regis-dutheil\/","name":"R\u00e9gis Dutheil - Jacotte Chollet &amp; La M\u00fasica Multidimensional","isPartOf":{"@id":"https:\/\/multidimensionalmusic.com\/pt-pt\/#website"},"primaryImageOfPage":{"@id":"https:\/\/multidimensionalmusic.com\/pt-pt\/regis-dutheil\/#primaryimage"},"image":{"@id":"https:\/\/multidimensionalmusic.com\/pt-pt\/regis-dutheil\/#primaryimage"},"thumbnailUrl":"https:\/\/multidimensionalmusic.com\/wp-content\/uploads\/2017\/07\/medecine-superlumineuse-regis-dutheil.jpg","datePublished":"2017-12-04T16:06:53+00:00","dateModified":"2021-04-27T07:56:18+00:00","breadcrumb":{"@id":"https:\/\/multidimensionalmusic.com\/pt-pt\/regis-dutheil\/#breadcrumb"},"inLanguage":"pt-PT","potentialAction":[{"@type":"ReadAction","target":["https:\/\/multidimensionalmusic.com\/pt-pt\/regis-dutheil\/"]}]},{"@type":"ImageObject","inLanguage":"pt-PT","@id":"https:\/\/multidimensionalmusic.com\/pt-pt\/regis-dutheil\/#primaryimage","url":"https:\/\/multidimensionalmusic.com\/wp-content\/uploads\/2017\/07\/medecine-superlumineuse-regis-dutheil.jpg","contentUrl":"https:\/\/multidimensionalmusic.com\/wp-content\/uploads\/2017\/07\/medecine-superlumineuse-regis-dutheil.jpg"},{"@type":"BreadcrumbList","@id":"https:\/\/multidimensionalmusic.com\/pt-pt\/regis-dutheil\/#breadcrumb","itemListElement":[{"@type":"ListItem","position":1,"name":"Home","item":"https:\/\/multidimensionalmusic.com\/pt-pt\/"},{"@type":"ListItem","position":2,"name":"R\u00e9gis Dutheil"}]},{"@type":"WebSite","@id":"https:\/\/multidimensionalmusic.com\/pt-pt\/#website","url":"https:\/\/multidimensionalmusic.com\/pt-pt\/","name":"Jacotte Chollet - La Musique Multidimensionnelle","description":"Medita\u00e7\u00e3o - Relaxa\u00e7\u00e3o profunda - Liberta\u00e7\u00e3o emocional - Alinhamento energ\u00e9tico - Expans\u00e3o da consci\u00eancia - Intui\u00e7\u00e3o e Criatividade","publisher":{"@id":"https:\/\/multidimensionalmusic.com\/pt-pt\/#organization"},"potentialAction":[{"@type":"SearchAction","target":{"@type":"EntryPoint","urlTemplate":"https:\/\/multidimensionalmusic.com\/pt-pt\/?s={search_term_string}"},"query-input":{"@type":"PropertyValueSpecification","valueRequired":true,"valueName":"search_term_string"}}],"inLanguage":"pt-PT"},{"@type":"Organization","@id":"https:\/\/multidimensionalmusic.com\/pt-pt\/#organization","name":"Jacotte Chollet Multidimensional Music","url":"https:\/\/multidimensionalmusic.com\/pt-pt\/","logo":{"@type":"ImageObject","inLanguage":"pt-PT","@id":"https:\/\/multidimensionalmusic.com\/pt-pt\/#\/schema\/logo\/image\/","url":"https:\/\/multidimensionalmusic.com\/wp-content\/uploads\/2025\/03\/header-logo-site-vitrine-jacotte-chollet-mmd-transparent.png","contentUrl":"https:\/\/multidimensionalmusic.com\/wp-content\/uploads\/2025\/03\/header-logo-site-vitrine-jacotte-chollet-mmd-transparent.png","width":800,"height":358,"caption":"Jacotte Chollet Multidimensional Music"},"image":{"@id":"https:\/\/multidimensionalmusic.com\/pt-pt\/#\/schema\/logo\/image\/"},"sameAs":["https:\/\/www.facebook.com\/jacottecholletmusiquemultidimensionnelle\/","https:\/\/www.instagram.com\/jacottechollet\/","https:\/\/www.linkedin.com\/in\/jacotte-chollet-41a09812\/","https:\/\/www.youtube.com\/channel\/UCKDtAKgspnDQqggI1bAOl_g"]}]}},"_links":{"self":[{"href":"https:\/\/multidimensionalmusic.com\/pt-pt\/wp-json\/wp\/v2\/pages\/3515","targetHints":{"allow":["GET"]}}],"collection":[{"href":"https:\/\/multidimensionalmusic.com\/pt-pt\/wp-json\/wp\/v2\/pages"}],"about":[{"href":"https:\/\/multidimensionalmusic.com\/pt-pt\/wp-json\/wp\/v2\/types\/page"}],"author":[{"embeddable":true,"href":"https:\/\/multidimensionalmusic.com\/pt-pt\/wp-json\/wp\/v2\/users\/1"}],"replies":[{"embeddable":true,"href":"https:\/\/multidimensionalmusic.com\/pt-pt\/wp-json\/wp\/v2\/comments?post=3515"}],"version-history":[{"count":0,"href":"https:\/\/multidimensionalmusic.com\/pt-pt\/wp-json\/wp\/v2\/pages\/3515\/revisions"}],"wp:attachment":[{"href":"https:\/\/multidimensionalmusic.com\/pt-pt\/wp-json\/wp\/v2\/media?parent=3515"}],"curies":[{"name":"wp","href":"https:\/\/api.w.org\/{rel}","templated":true}]}}