{"id":3474,"date":"2017-12-04T16:03:58","date_gmt":"2017-12-04T15:03:58","guid":{"rendered":"https:\/\/multidimensionalmusic.com\/?page_id=3474"},"modified":"2021-08-20T16:37:36","modified_gmt":"2021-08-20T14:37:36","slug":"entrevista","status":"publish","type":"page","link":"https:\/\/multidimensionalmusic.com\/pt-pt\/entrevista\/","title":{"rendered":"Entrevista"},"content":{"rendered":"<style type=\"text\/css\"><\/style>\n<section class=\"kc-elm kc-css-2302290 kc_row\">\n<div class=\"kc-row-container  kc-container\">\n<div class=\"kc-wrap-columns\">\n<div class=\"kc-elm kc-css-1414394 kc_col-sm-12 kc_column kc_col-sm-12\">\n<div class=\"kc-col-container\">\n<div class=\"kc-elm kc-css-3607381 kc_text_block\">\n<p><a href=\"https:\/\/youtu.be\/bHj8h5eloAA\" target=\"_blank\" rel=\"noopener\"><img fetchpriority=\"high\" decoding=\"async\" class=\"aligncenter\" src=\"https:\/\/multidimensionalmusic.com\/wp-content\/uploads\/2021\/01\/what-is-music-by-jacotte-chollet.jpg\" alt=\"xhat is multidimensional msuic by Jacotte Chollet\" width=\"400\" height=\"223\" \/><\/a><\/p>\n<\/div>\n<div class=\"kc-elm kc-css-515248\" style=\"height: 32px; clear: both; width:100%;\"><\/div>\n<div class=\"kc-elm kc-css-1773545 kc_text_block\">\n<h2 style=\"text-align: center;\"><a href=\"https:\/\/multidimensionalmusic.com\/pt-pt\/artigos-de-imprensa\/\">Artigos de imprensa<\/a><\/h2>\n<\/div>\n<div class=\"kc-elm kc-css-2216269\" style=\"height: 156px; clear: both; width:100%;\"><\/div>\n<\/div>\n<\/div>\n<\/div>\n<\/div>\n<\/section>\n<section class=\"kc-elm kc-css-1194998 kc_row\">\n<div class=\"kc-row-container  kc-container\">\n<div class=\"kc-wrap-columns\">\n<div class=\"kc-elm kc-css-1044316 kc_col-sm-12 kc_column kc_col-sm-12\">\n<div class=\"kc-col-container\"><\/div>\n<\/div>\n<\/div>\n<\/div>\n<\/section>\n","protected":false},"excerpt":{"rendered":"<p>Artigos de imprensa<\/p>\n","protected":false},"author":1,"featured_media":0,"parent":0,"menu_order":0,"comment_status":"closed","ping_status":"closed","template":"","meta":{"site-sidebar-layout":"default","site-content-layout":"","ast-site-content-layout":"default","site-content-style":"default","site-sidebar-style":"default","ast-global-header-display":"","ast-banner-title-visibility":"","ast-main-header-display":"","ast-hfb-above-header-display":"","ast-hfb-below-header-display":"","ast-hfb-mobile-header-display":"","site-post-title":"","ast-breadcrumbs-content":"","ast-featured-img":"","footer-sml-layout":"","ast-disable-related-posts":"","theme-transparent-header-meta":"","adv-header-id-meta":"","stick-header-meta":"","header-above-stick-meta":"","header-main-stick-meta":"","header-below-stick-meta":"","astra-migrate-meta-layouts":"default","ast-page-background-enabled":"default","ast-page-background-meta":{"desktop":{"background-color":"var(--ast-global-color-4)","background-image":"","background-repeat":"repeat","background-position":"center center","background-size":"auto","background-attachment":"scroll","background-type":"","background-media":"","overlay-type":"","overlay-color":"","overlay-opacity":"","overlay-gradient":""},"tablet":{"background-color":"","background-image":"","background-repeat":"repeat","background-position":"center center","background-size":"auto","background-attachment":"scroll","background-type":"","background-media":"","overlay-type":"","overlay-color":"","overlay-opacity":"","overlay-gradient":""},"mobile":{"background-color":"","background-image":"","background-repeat":"repeat","background-position":"center center","background-size":"auto","background-attachment":"scroll","background-type":"","background-media":"","overlay-type":"","overlay-color":"","overlay-opacity":"","overlay-gradient":""}},"ast-content-background-meta":{"desktop":{"background-color":"var(--ast-global-color-5)","background-image":"","background-repeat":"repeat","background-position":"center center","background-size":"auto","background-attachment":"scroll","background-type":"","background-media":"","overlay-type":"","overlay-color":"","overlay-opacity":"","overlay-gradient":""},"tablet":{"background-color":"var(--ast-global-color-5)","background-image":"","background-repeat":"repeat","background-position":"center center","background-size":"auto","background-attachment":"scroll","background-type":"","background-media":"","overlay-type":"","overlay-color":"","overlay-opacity":"","overlay-gradient":""},"mobile":{"background-color":"var(--ast-global-color-5)","background-image":"","background-repeat":"repeat","background-position":"center center","background-size":"auto","background-attachment":"scroll","background-type":"","background-media":"","overlay-type":"","overlay-color":"","overlay-opacity":"","overlay-gradient":""}},"footnotes":""},"class_list":["post-3474","page","type-page","status-publish","hentry"],"yoast_head":"<!-- This site is optimized with the Yoast SEO Premium plugin v21.7 (Yoast SEO v27.4) - https:\/\/yoast.com\/product\/yoast-seo-premium-wordpress\/ -->\n<title>Entrevista - Jacotte Chollet &amp; La M\u00fasica Multidimensional<\/title>\n<meta name=\"robots\" content=\"index, follow, max-snippet:-1, max-image-preview:large, max-video-preview:-1\" \/>\n<link rel=\"canonical\" href=\"https:\/\/multidimensionalmusic.com\/pt-pt\/entrevista\/\" \/>\n<meta property=\"og:locale\" content=\"pt_PT\" \/>\n<meta property=\"og:type\" content=\"article\" \/>\n<meta property=\"og:title\" content=\"Entrevista\" \/>\n<meta property=\"og:description\" content=\"Artigos de imprensa\" \/>\n<meta property=\"og:url\" content=\"https:\/\/multidimensionalmusic.com\/pt-pt\/entrevista\/\" \/>\n<meta property=\"og:site_name\" content=\"Jacotte Chollet &amp; La M\u00fasica Multidimensional\" \/>\n<meta property=\"article:publisher\" content=\"https:\/\/www.facebook.com\/jacottecholletmusiquemultidimensionnelle\/\" \/>\n<meta property=\"article:modified_time\" content=\"2021-08-20T14:37:36+00:00\" \/>\n<meta property=\"og:image\" content=\"https:\/\/multidimensionalmusic.com\/wp-content\/uploads\/2021\/01\/what-is-music-by-jacotte-chollet.jpg\" \/>\n<meta name=\"twitter:card\" content=\"summary_large_image\" \/>\n<script type=\"application\/ld+json\" class=\"yoast-schema-graph\">{\"@context\":\"https:\\\/\\\/schema.org\",\"@graph\":[{\"@type\":\"WebPage\",\"@id\":\"https:\\\/\\\/multidimensionalmusic.com\\\/pt-pt\\\/entrevista\\\/\",\"url\":\"https:\\\/\\\/multidimensionalmusic.com\\\/pt-pt\\\/entrevista\\\/\",\"name\":\"Entrevista - Jacotte Chollet &amp; La M\u00fasica Multidimensional\",\"isPartOf\":{\"@id\":\"https:\\\/\\\/multidimensionalmusic.com\\\/pt-pt\\\/#website\"},\"primaryImageOfPage\":{\"@id\":\"https:\\\/\\\/multidimensionalmusic.com\\\/pt-pt\\\/entrevista\\\/#primaryimage\"},\"image\":{\"@id\":\"https:\\\/\\\/multidimensionalmusic.com\\\/pt-pt\\\/entrevista\\\/#primaryimage\"},\"thumbnailUrl\":\"https:\\\/\\\/multidimensionalmusic.com\\\/wp-content\\\/uploads\\\/2021\\\/01\\\/what-is-music-by-jacotte-chollet.jpg\",\"datePublished\":\"2017-12-04T15:03:58+00:00\",\"dateModified\":\"2021-08-20T14:37:36+00:00\",\"breadcrumb\":{\"@id\":\"https:\\\/\\\/multidimensionalmusic.com\\\/pt-pt\\\/entrevista\\\/#breadcrumb\"},\"inLanguage\":\"pt-PT\",\"potentialAction\":[{\"@type\":\"ReadAction\",\"target\":[\"https:\\\/\\\/multidimensionalmusic.com\\\/pt-pt\\\/entrevista\\\/\"]}]},{\"@type\":\"ImageObject\",\"inLanguage\":\"pt-PT\",\"@id\":\"https:\\\/\\\/multidimensionalmusic.com\\\/pt-pt\\\/entrevista\\\/#primaryimage\",\"url\":\"https:\\\/\\\/multidimensionalmusic.com\\\/wp-content\\\/uploads\\\/2021\\\/01\\\/what-is-music-by-jacotte-chollet.jpg\",\"contentUrl\":\"https:\\\/\\\/multidimensionalmusic.com\\\/wp-content\\\/uploads\\\/2021\\\/01\\\/what-is-music-by-jacotte-chollet.jpg\"},{\"@type\":\"BreadcrumbList\",\"@id\":\"https:\\\/\\\/multidimensionalmusic.com\\\/pt-pt\\\/entrevista\\\/#breadcrumb\",\"itemListElement\":[{\"@type\":\"ListItem\",\"position\":1,\"name\":\"Home\",\"item\":\"https:\\\/\\\/multidimensionalmusic.com\\\/pt-pt\\\/\"},{\"@type\":\"ListItem\",\"position\":2,\"name\":\"Entrevista\"}]},{\"@type\":\"WebSite\",\"@id\":\"https:\\\/\\\/multidimensionalmusic.com\\\/pt-pt\\\/#website\",\"url\":\"https:\\\/\\\/multidimensionalmusic.com\\\/pt-pt\\\/\",\"name\":\"Jacotte Chollet - La Musique Multidimensionnelle\",\"description\":\"Medita\u00e7\u00e3o - Relaxa\u00e7\u00e3o profunda - Liberta\u00e7\u00e3o emocional - Alinhamento energ\u00e9tico - Expans\u00e3o da consci\u00eancia - Intui\u00e7\u00e3o e Criatividade\",\"publisher\":{\"@id\":\"https:\\\/\\\/multidimensionalmusic.com\\\/pt-pt\\\/#organization\"},\"potentialAction\":[{\"@type\":\"SearchAction\",\"target\":{\"@type\":\"EntryPoint\",\"urlTemplate\":\"https:\\\/\\\/multidimensionalmusic.com\\\/pt-pt\\\/?s={search_term_string}\"},\"query-input\":{\"@type\":\"PropertyValueSpecification\",\"valueRequired\":true,\"valueName\":\"search_term_string\"}}],\"inLanguage\":\"pt-PT\"},{\"@type\":\"Organization\",\"@id\":\"https:\\\/\\\/multidimensionalmusic.com\\\/pt-pt\\\/#organization\",\"name\":\"Jacotte Chollet Multidimensional Music\",\"url\":\"https:\\\/\\\/multidimensionalmusic.com\\\/pt-pt\\\/\",\"logo\":{\"@type\":\"ImageObject\",\"inLanguage\":\"pt-PT\",\"@id\":\"https:\\\/\\\/multidimensionalmusic.com\\\/pt-pt\\\/#\\\/schema\\\/logo\\\/image\\\/\",\"url\":\"https:\\\/\\\/multidimensionalmusic.com\\\/wp-content\\\/uploads\\\/2025\\\/03\\\/header-logo-site-vitrine-jacotte-chollet-mmd-transparent.png\",\"contentUrl\":\"https:\\\/\\\/multidimensionalmusic.com\\\/wp-content\\\/uploads\\\/2025\\\/03\\\/header-logo-site-vitrine-jacotte-chollet-mmd-transparent.png\",\"width\":800,\"height\":358,\"caption\":\"Jacotte Chollet Multidimensional Music\"},\"image\":{\"@id\":\"https:\\\/\\\/multidimensionalmusic.com\\\/pt-pt\\\/#\\\/schema\\\/logo\\\/image\\\/\"},\"sameAs\":[\"https:\\\/\\\/www.facebook.com\\\/jacottecholletmusiquemultidimensionnelle\\\/\",\"https:\\\/\\\/www.instagram.com\\\/jacottechollet\\\/\",\"https:\\\/\\\/www.linkedin.com\\\/in\\\/jacotte-chollet-41a09812\\\/\",\"https:\\\/\\\/www.youtube.com\\\/channel\\\/UCKDtAKgspnDQqggI1bAOl_g\"]}]}<\/script>\n<!-- \/ Yoast SEO Premium plugin. -->","yoast_head_json":{"title":"Entrevista - Jacotte Chollet &amp; La M\u00fasica Multidimensional","robots":{"index":"index","follow":"follow","max-snippet":"max-snippet:-1","max-image-preview":"max-image-preview:large","max-video-preview":"max-video-preview:-1"},"canonical":"https:\/\/multidimensionalmusic.com\/pt-pt\/entrevista\/","og_locale":"pt_PT","og_type":"article","og_title":"Entrevista","og_description":"Artigos de imprensa","og_url":"https:\/\/multidimensionalmusic.com\/pt-pt\/entrevista\/","og_site_name":"Jacotte Chollet &amp; La M\u00fasica Multidimensional","article_publisher":"https:\/\/www.facebook.com\/jacottecholletmusiquemultidimensionnelle\/","article_modified_time":"2021-08-20T14:37:36+00:00","og_image":[{"url":"https:\/\/multidimensionalmusic.com\/wp-content\/uploads\/2021\/01\/what-is-music-by-jacotte-chollet.jpg","type":"","width":"","height":""}],"twitter_card":"summary_large_image","schema":{"@context":"https:\/\/schema.org","@graph":[{"@type":"WebPage","@id":"https:\/\/multidimensionalmusic.com\/pt-pt\/entrevista\/","url":"https:\/\/multidimensionalmusic.com\/pt-pt\/entrevista\/","name":"Entrevista - Jacotte Chollet &amp; La M\u00fasica Multidimensional","isPartOf":{"@id":"https:\/\/multidimensionalmusic.com\/pt-pt\/#website"},"primaryImageOfPage":{"@id":"https:\/\/multidimensionalmusic.com\/pt-pt\/entrevista\/#primaryimage"},"image":{"@id":"https:\/\/multidimensionalmusic.com\/pt-pt\/entrevista\/#primaryimage"},"thumbnailUrl":"https:\/\/multidimensionalmusic.com\/wp-content\/uploads\/2021\/01\/what-is-music-by-jacotte-chollet.jpg","datePublished":"2017-12-04T15:03:58+00:00","dateModified":"2021-08-20T14:37:36+00:00","breadcrumb":{"@id":"https:\/\/multidimensionalmusic.com\/pt-pt\/entrevista\/#breadcrumb"},"inLanguage":"pt-PT","potentialAction":[{"@type":"ReadAction","target":["https:\/\/multidimensionalmusic.com\/pt-pt\/entrevista\/"]}]},{"@type":"ImageObject","inLanguage":"pt-PT","@id":"https:\/\/multidimensionalmusic.com\/pt-pt\/entrevista\/#primaryimage","url":"https:\/\/multidimensionalmusic.com\/wp-content\/uploads\/2021\/01\/what-is-music-by-jacotte-chollet.jpg","contentUrl":"https:\/\/multidimensionalmusic.com\/wp-content\/uploads\/2021\/01\/what-is-music-by-jacotte-chollet.jpg"},{"@type":"BreadcrumbList","@id":"https:\/\/multidimensionalmusic.com\/pt-pt\/entrevista\/#breadcrumb","itemListElement":[{"@type":"ListItem","position":1,"name":"Home","item":"https:\/\/multidimensionalmusic.com\/pt-pt\/"},{"@type":"ListItem","position":2,"name":"Entrevista"}]},{"@type":"WebSite","@id":"https:\/\/multidimensionalmusic.com\/pt-pt\/#website","url":"https:\/\/multidimensionalmusic.com\/pt-pt\/","name":"Jacotte Chollet - La Musique Multidimensionnelle","description":"Medita\u00e7\u00e3o - Relaxa\u00e7\u00e3o profunda - Liberta\u00e7\u00e3o emocional - Alinhamento energ\u00e9tico - Expans\u00e3o da consci\u00eancia - Intui\u00e7\u00e3o e Criatividade","publisher":{"@id":"https:\/\/multidimensionalmusic.com\/pt-pt\/#organization"},"potentialAction":[{"@type":"SearchAction","target":{"@type":"EntryPoint","urlTemplate":"https:\/\/multidimensionalmusic.com\/pt-pt\/?s={search_term_string}"},"query-input":{"@type":"PropertyValueSpecification","valueRequired":true,"valueName":"search_term_string"}}],"inLanguage":"pt-PT"},{"@type":"Organization","@id":"https:\/\/multidimensionalmusic.com\/pt-pt\/#organization","name":"Jacotte Chollet Multidimensional Music","url":"https:\/\/multidimensionalmusic.com\/pt-pt\/","logo":{"@type":"ImageObject","inLanguage":"pt-PT","@id":"https:\/\/multidimensionalmusic.com\/pt-pt\/#\/schema\/logo\/image\/","url":"https:\/\/multidimensionalmusic.com\/wp-content\/uploads\/2025\/03\/header-logo-site-vitrine-jacotte-chollet-mmd-transparent.png","contentUrl":"https:\/\/multidimensionalmusic.com\/wp-content\/uploads\/2025\/03\/header-logo-site-vitrine-jacotte-chollet-mmd-transparent.png","width":800,"height":358,"caption":"Jacotte Chollet Multidimensional Music"},"image":{"@id":"https:\/\/multidimensionalmusic.com\/pt-pt\/#\/schema\/logo\/image\/"},"sameAs":["https:\/\/www.facebook.com\/jacottecholletmusiquemultidimensionnelle\/","https:\/\/www.instagram.com\/jacottechollet\/","https:\/\/www.linkedin.com\/in\/jacotte-chollet-41a09812\/","https:\/\/www.youtube.com\/channel\/UCKDtAKgspnDQqggI1bAOl_g"]}]}},"_links":{"self":[{"href":"https:\/\/multidimensionalmusic.com\/pt-pt\/wp-json\/wp\/v2\/pages\/3474","targetHints":{"allow":["GET"]}}],"collection":[{"href":"https:\/\/multidimensionalmusic.com\/pt-pt\/wp-json\/wp\/v2\/pages"}],"about":[{"href":"https:\/\/multidimensionalmusic.com\/pt-pt\/wp-json\/wp\/v2\/types\/page"}],"author":[{"embeddable":true,"href":"https:\/\/multidimensionalmusic.com\/pt-pt\/wp-json\/wp\/v2\/users\/1"}],"replies":[{"embeddable":true,"href":"https:\/\/multidimensionalmusic.com\/pt-pt\/wp-json\/wp\/v2\/comments?post=3474"}],"version-history":[{"count":0,"href":"https:\/\/multidimensionalmusic.com\/pt-pt\/wp-json\/wp\/v2\/pages\/3474\/revisions"}],"wp:attachment":[{"href":"https:\/\/multidimensionalmusic.com\/pt-pt\/wp-json\/wp\/v2\/media?parent=3474"}],"curies":[{"name":"wp","href":"https:\/\/api.w.org\/{rel}","templated":true}]}}