{"id":3159,"date":"2017-11-30T17:04:43","date_gmt":"2017-11-30T16:04:43","guid":{"rendered":"https:\/\/multidimensionalmusic.com\/?page_id=3159"},"modified":"2021-01-14T11:50:28","modified_gmt":"2021-01-14T10:50:28","slug":"efeito-na-ondas-cerebrais","status":"publish","type":"page","link":"https:\/\/multidimensionalmusic.com\/pt-pt\/efeito-na-ondas-cerebrais\/","title":{"rendered":"Efeito na ondas cerebrais"},"content":{"rendered":"<style type=\"text\/css\">@media only screen and (min-width: 1000px) and (max-width: 5000px){body.kc-css-system .kc-css-3344451{width: 50%;}body.kc-css-system .kc-css-3010613{width: 50%;}body.kc-css-system .kc-css-2144333{width: 50%;}body.kc-css-system .kc-css-2918157{width: 50%;}}body.kc-css-system .kc-css-2585734{background: #e8f1ff;border-radius: 17px 17px 17px 17px;padding: 20px 20px 20px 20px;}body.kc-css-system .kc-css-2585734 p{margin: 10px 10px 10px 10px;}body.kc-css-system .kc-css-2066968{padding-top: 15px;padding-bottom: 0px;}body.kc-css-system .kc-css-2066968 p{margin-top: 0px;margin-bottom: 0px;}body.kc-css-system .kc-css-818714{padding-top: 15px;padding-bottom: 0px;}body.kc-css-system .kc-css-818714 p{margin-top: 0px;margin-bottom: 0px;}body.kc-css-system .kc-css-1705512{margin-top: 10px;padding-top: 5px;}body.kc-css-system .kc-css-1157475{margin-top: 20px;margin-bottom: 20px;padding-top: 10px;padding-bottom: 10px;}body.kc-css-system .kc-css-2639802{padding-top: 15px;padding-bottom: 0px;}body.kc-css-system .kc-css-2639802 p{margin-top: 0px;margin-bottom: 0px;}body.kc-css-system .kc-css-3929437{margin-top: 10px;padding-top: 5px;}<\/style>\n<section class=\"kc-elm kc-css-104969 kc_row\">\n<div class=\"kc-row-container  kc-container\">\n<div class=\"kc-wrap-columns\">\n<div class=\"kc-elm kc-css-1557042 kc_col-sm-12 kc_column kc_col-sm-12\">\n<div class=\"kc-col-container\">\n<div class=\"kc-elm kc-css-4158705 kc_text_block\">\n<h2>Os efeitos da m\u00fasica de Jacotte Chollet na ondas cerbrais<\/h2>\n<p>Os efeitos da M\u00fasica Multidimensional foram recentemente medidos e comprovados no Institute of Higher Nervous Activity &#038; Neuro-Physiology em Moscovo, pelo Dr. Dimitri Igorievitch VALUEV, psicoterapeuta, psic\u00f3logo e psiquiatra no Hospital n\u00ba17 de Moscovo.<\/p>\n<p>A aplica\u00e7\u00e3o das medidas foi feita atrav\u00e9s do uso de equipamentos extremamente sofisticados:<br \/>Um Electro-Encefalograma (EEG) com 22 canais de 0 a 30 KHz, dando uma clara imagem da actividade cerebral, da sincroniza\u00e7\u00e3o dos hemisf\u00e9rios e da entropia.<\/p>\n<p>Os primeiros resultados destas pesquisas confirmam de forma muito clara, a espec\u00edfica capacidade desta m\u00fasica para o acesso \u00e0s fun\u00e7\u00f5es elevadas do c\u00e9rebro e \u00e0s informa\u00e7\u00f5es do subconsciente e do inconsciente, que permitem a expans\u00e3o da consci\u00eancia e o aprofundamento da criatividade.<\/p>\n<\/div>\n<div class=\"kc-elm kc-css-2281288\" style=\"height: 20px; clear: both; width:100%;\"><\/div>\n<div class=\"kc-elm kc-css-2585734 kc_text_block\">\n<h3>COMENT\u00c1RIOS DO PROFESSOR VALUEV :<\/h3>\n<p><strong>TODOS OS CD\u00b4S FORAM TESTADOS E TODOS CAUSARAM UM EFEITO QUALITATIVO NA DIN\u00c2MICA DAS ONDAS CEREBRAIS :<\/strong><br \/><strong>CAUSARAM UMA MELHORIA DA SINCRONIZA\u00c7\u00c3O DOS HEMISF\u00c9RIOS CEREBRAIS<\/strong><\/p>\n<p><strong>&#8211; PROVOCARAM UM AUMENTO DAS ONDAS THETA (ONDAS MUITO LENTAS RESPONS\u00c1VEIS PELO ACESSO \u00c0 INFORMA\u00c7\u00c3O DE DADOS DO SUBCONSCIENTE E AO POTENCIAL CRIATIVO)\u00a0<\/strong><\/p>\n<p><strong>&#8211; PROVOCARAM UM AUMENTO DAS ONDAS ALPHA QUE CORRESPONDEM AOS ESTADOS DE PROFUNDA RELAXA\u00c7\u00c3O E MEDITA\u00c7\u00c3O.<\/strong><\/p>\n<p><strong>&#8211; REDUZIRAM AS &#8220;M\u00c1S&#8221; ONDAS BETA RESPONS\u00c1VEIS PELOS ESTADOS DE HIPERACTIVIDADE E DESORDEM.<\/strong><\/p>\n<p><strong>&#8211; AUMENTARAM AS &#8220;BOAS&#8221; ONDAS DE FREQU\u00caNCIA BETA CORRESPONDENTES COM AS ELEVADAS CAPACIDADES DE INTUI\u00c7\u00c3O E A PERCEP\u00c7\u00c3O EXTRA-SENSORIAL.<\/strong><\/p>\n<p><strong>ESTES ESTUDOS COMPROVARAM AS FUN\u00c7\u00d5ES NEGUENTR\u00d3PICAS DA MMD NO C\u00c9REBRO.<\/strong><\/p>\n<\/div>\n<div class=\"kc-elm kc-css-4102554\" style=\"height: 20px; clear: both; width:100%;\"><\/div>\n<div class=\"kc-elm kc-css-1470614 kc_text_block\">\n<p>AQUI EST\u00c3O ALGUNS DOS PRIMEIROS RESULTADOS : <strong>Foram comparados diversos estados: estado normal de olhos fechados, medita\u00e7\u00e3o, e audi\u00e7\u00e3o da MMD com os olhos fechados.<\/strong><\/p>\n<p>Mapas que mostram a correla\u00e7\u00e3o cruzada de informa\u00e7\u00e3o \u00e0 esquerda e o n\u00edvel de entropia \u00e0 direita (o n\u00edvel de entropia \u00e9 correspondido com o funcionamento multidimensional do c\u00e9rebro a executar m\u00faltiplas tarefas em m\u00faltiplas dimens\u00f5es), em 24 pontos de registo do EEG.<\/p>\n<p>A escala de valores est\u00e1 representada por baixo de cada mapa.<\/p>\n<p>Cada uma destas imagens representa a totalidade do c\u00e9rebro.<\/p>\n<p>Do lado esquerdo podemos ver a distribui\u00e7\u00e3o espacial da informa\u00e7\u00e3o no c\u00e9rebro de acordo com diferentes medi\u00e7\u00f5es das ondas cerebrais.<\/p>\n<p>Na imagem do lado direito podemos observar a entropia, atrav\u00e9s de uma fotografia de um &#8220;caos organizado&#8221; e de um processo oscilat\u00f3rio que reflecte o n\u00famero de n\u00edveis de activa\u00e7\u00e3o da estimula\u00e7\u00e3o n\u00e3o-linear, assim como da intensidade destes processos multidimensionais.<\/p>\n<\/div>\n<div class=\"kc-elm kc-css-2707734\" style=\"height: 20px; clear: both; width:100%;\"><\/div>\n<div class=\"kc-elm kc-css-2066968 kc_text_block\">\n<h3 style=\"text-align: center;\">MEDITA\u00c7\u00c3O SEM SE OUVIR A MUSICA.<\/h3>\n<\/div>\n<div class=\"kc-elm kc-css-1138935 kc_text_block\">\n<p>\n<img fetchpriority=\"high\" decoding=\"async\" class=\"size-medium aligncenter\" src=\"https:\/\/multidimensionalmusic.com\/wp-content\/uploads\/2017\/07\/meditation-sans-musique-300x165.gif\" alt=\"m\u00e9ditation sans musique\" width=\"350\" height=\"193\" \/><\/p>\n<p style=\"text-align: center;\">A VERMELHO EST\u00c3O AS ONDAS THETA &#8211; A VIOLETA EST\u00c3O AS ONDAS ALPHA<\/p>\n<p>Houve uma redu\u00e7\u00e3o consider\u00e1vel da actividade cortical atrav\u00e9s das ondas de baixa frequ\u00eancia.<br \/>Ao mesmo tempo, as ondas BETA mantinham-se muito activas mas com formas ca\u00f3ticas (pensamentos agitados e err\u00f3neos).<\/p>\n<p>Por outro lado, a esta altura, houve um ordenamento da informa\u00e7\u00e3o no lado direito do c\u00e9rebro (zona azul).<\/p>\n<\/div>\n<div class=\"kc-elm kc-css-818714 kc_text_block\">\n<h3 style=\"text-align: center;\">AUDI\u00c7\u00c3O DO CD CREATION DE JACOTTE CHOLLET<\/h3>\n<\/div>\n<div class=\"kc-elm kc-css-1705512 kc_row kc_row_inner\">\n<div class=\"kc-elm kc-css-3344451 kc_col-sm-6 kc_column_inner kc_col-sm-6\">\n<div class=\"kc_wrapper kc-col-inner-container\">\n<div class=\"kc-elm kc-css-1697124 kc_text_block\">\n<p><img decoding=\"async\" class=\"alignleft size-full\" src=\"https:\/\/multidimensionalmusic.com\/wp-content\/uploads\/2017\/07\/CD-creation-mesure-un.gif\" alt=\"ondas cerebrais beta alpha theta delta\" width=\"350\" height=\"193\" \/><\/p>\n<\/div>\n<\/div>\n<\/div>\n<div class=\"kc-elm kc-css-3010613 kc_col-sm-6 kc_column_inner kc_col-sm-6\">\n<div class=\"kc_wrapper kc-col-inner-container\">\n<div class=\"kc-elm kc-css-2152177 kc_text_block\">\n<p><img decoding=\"async\" class=\"alignleft size-full\" src=\"https:\/\/multidimensionalmusic.com\/wp-content\/uploads\/2017\/07\/CD-creation-mesure-2.gif\" alt=\"effet de la musqiue sur les ondes c\u00e9r\u00e9brales\" width=\"350\" height=\"193\" \/><\/p>\n<\/div>\n<\/div>\n<\/div>\n<\/div>\n<div class=\"kc-elm kc-css-1390100 kc_text_block\">\n<p style=\"text-align: center;\">A VERMELHO EST\u00c3O AS ONDAS THETA &#8211; A VIOLETA EST\u00c3O AS ONDAS ALPHA<\/p>\n<p class=\"p1\"><span class=\"s1\">No in\u00edcio mant\u00eam-se um aumento da actividade do alcance das frequ\u00eancias THETA e BETA (testes 5 &#038; 6) : a actividade focalizada na zona posterior direita e na zona parietal\/occipital do lado esquerdo, demonstra os \u00edndices de sincroniza\u00e7\u00e3o e entropia, comprovando assim uma actividade criativo-intuitiva, uma eficiente percep\u00e7\u00e3o e um contacto com a informa\u00e7\u00e3o inconsciente (THETA a vermelho e ALPHA a violeta).<\/span><\/p>\n<p>Follow up da actividade referenciada na fig. 5. O mesmo tipo de actividade processada posteriormente.<\/p>\n<\/div>\n<div class=\"kc-elm kc-css-3449721 kc_text_block\">\n<p>\n<img loading=\"lazy\" decoding=\"async\" class=\"size-medium aligncenter\" src=\"https:\/\/multidimensionalmusic.com\/wp-content\/uploads\/2017\/07\/CD-creation-mesure-3-300x165.gif\" alt=\"\" width=\"350\" height=\"193\" \/><\/p>\n<p>Verificamos o aumento da actividade ALPHA &#038; THETA.<br \/>Na fig. 21 demonstra-se marcadamente a actividade de frequ\u00eancias correspondentes \u00e0 telepatia e \u00e0 &#8220;comunica\u00e7\u00e3o extra-sensorial.<\/p>\n<\/div>\n<\/div>\n<\/div>\n<\/div>\n<\/div>\n<\/section>\n<section class=\"kc-elm kc-css-1157475 kc_row\">\n<div class=\"kc-row-container  kc-container\">\n<div class=\"kc-wrap-columns\">\n<div class=\"kc-elm kc-css-2082125 kc_col-sm-12 kc_column kc_col-sm-12\">\n<div class=\"kc-col-container\">\n<div class=\"kc-elm kc-css-2639802 kc_text_block\">\n<h3 style=\"text-align: center;\">AUDI\u00c7\u00c3O DO CD RENAISSANCE DE JACOTTE CHOLLET<\/h3>\n<\/div>\n<div class=\"kc-elm kc-css-3929437 kc_row kc_row_inner\">\n<div class=\"kc-elm kc-css-2144333 kc_col-sm-6 kc_column_inner kc_col-sm-6\">\n<div class=\"kc_wrapper kc-col-inner-container\">\n<div class=\"kc-elm kc-css-4187938 kc_text_block\">\n<p><img loading=\"lazy\" decoding=\"async\" class=\"alignleft size-full\" src=\"https:\/\/multidimensionalmusic.com\/wp-content\/uploads\/2017\/07\/CD-RENAISSANCE-mesure-un.gif\" alt=\"ondes c\u00e9r\u00e9brales : la musique de jacotte chollet augmente le niveau des ondes alpha theta \" width=\"350\" height=\"193\" \/><\/p>\n<\/div>\n<\/div>\n<\/div>\n<div class=\"kc-elm kc-css-2918157 kc_col-sm-6 kc_column_inner kc_col-sm-6\">\n<div class=\"kc_wrapper kc-col-inner-container\">\n<div class=\"kc-elm kc-css-285755 kc_text_block\">\n<p><img loading=\"lazy\" decoding=\"async\" class=\"alignleft size-full\" src=\"https:\/\/multidimensionalmusic.com\/wp-content\/uploads\/2017\/07\/CD-RENAISSANCE-mesure-2.gif\" alt=\"synchronisation h\u00e9misph\u00e8res c\u00e9r\u00e9braux ondes c\u00e9r\u00e9brales\" width=\"350\" height=\"193\" \/><\/p>\n<\/div>\n<\/div>\n<\/div>\n<\/div>\n<div class=\"kc-elm kc-css-1911129 kc_text_block\">\n<p style=\"text-align: center;\">A VERMELHO EST\u00c3O AS ONDAS THETA &#8211; A VIOLETA EST\u00c3O AS ONDAS ALPHA<\/p>\n<p>Na imagem do lado esquerdo podemos notar que h\u00e1 uma marcada amplifica\u00e7\u00e3o do ritmo THETA (inconsciente individual, intui\u00e7\u00e3o, criatividade), que \u00e9 congruente com a redu\u00e7\u00e3o da actividade dos valores normais BETA, que demonstram o estado de vigil\u00e2ncia.<\/p>\n<p>Podemos tamb\u00e9m reparar na activa\u00e7\u00e3o da sincroniza\u00e7\u00e3o entre a zona temporal\/parietal do lado esquerdo e a zona frontal do hemisf\u00e9rio direito (padr\u00e3o da actividade criatividade, da verbaliza\u00e7\u00e3o de ideias e sentidos criativos).<\/p>\n<p>Estamos perante o mesmo processo evolutivo presente no in\u00edcio da m\u00fasica, mas com um acentuado valor da coer\u00eancia.<\/p>\n<\/div>\n<div class=\"kc-elm kc-css-1159979 kc_text_block\">\n<p>\n<img loading=\"lazy\" decoding=\"async\" class=\"size-medium aligncenter\" src=\"https:\/\/multidimensionalmusic.com\/wp-content\/uploads\/2017\/07\/CD-RENAISSANCE-mesure-3-300x165.gif\" alt=\"\" width=\"350\" height=\"193\" \/><\/p>\n<p>Na fig. 15 notamos um aumento da actividade das frequ\u00eancias que correspondem \u00e0 intui\u00e7\u00e3o e \u00e0 percep\u00e7\u00e3o extra-sensorial.<\/p>\n<\/div>\n<div class=\"kc-elm kc-css-1742074\" style=\"height: 38px; clear: both; width:100%;\"><\/div>\n<\/div>\n<\/div>\n<\/div>\n<\/div>\n<\/section>\n","protected":false},"excerpt":{"rendered":"<p>Os efeitos da m\u00fasica de Jacotte Chollet na ondas cerbrais Os efeitos da M\u00fasica Multidimensional foram recentemente medidos e comprovados no Institute of Higher Nervous Activity &#038; Neuro-Physiology em Moscovo, pelo Dr. Dimitri Igorievitch VALUEV, psicoterapeuta, psic\u00f3logo e psiquiatra no Hospital n\u00ba17 de Moscovo. A aplica\u00e7\u00e3o das medidas foi feita atrav\u00e9s do uso de equipamentos [&hellip;]<\/p>\n","protected":false},"author":1,"featured_media":0,"parent":0,"menu_order":0,"comment_status":"closed","ping_status":"closed","template":"","meta":{"site-sidebar-layout":"default","site-content-layout":"","ast-site-content-layout":"default","site-content-style":"default","site-sidebar-style":"default","ast-global-header-display":"","ast-banner-title-visibility":"","ast-main-header-display":"","ast-hfb-above-header-display":"","ast-hfb-below-header-display":"","ast-hfb-mobile-header-display":"","site-post-title":"","ast-breadcrumbs-content":"","ast-featured-img":"","footer-sml-layout":"","ast-disable-related-posts":"","theme-transparent-header-meta":"","adv-header-id-meta":"","stick-header-meta":"","header-above-stick-meta":"","header-main-stick-meta":"","header-below-stick-meta":"","astra-migrate-meta-layouts":"default","ast-page-background-enabled":"default","ast-page-background-meta":{"desktop":{"background-color":"var(--ast-global-color-4)","background-image":"","background-repeat":"repeat","background-position":"center center","background-size":"auto","background-attachment":"scroll","background-type":"","background-media":"","overlay-type":"","overlay-color":"","overlay-opacity":"","overlay-gradient":""},"tablet":{"background-color":"","background-image":"","background-repeat":"repeat","background-position":"center center","background-size":"auto","background-attachment":"scroll","background-type":"","background-media":"","overlay-type":"","overlay-color":"","overlay-opacity":"","overlay-gradient":""},"mobile":{"background-color":"","background-image":"","background-repeat":"repeat","background-position":"center center","background-size":"auto","background-attachment":"scroll","background-type":"","background-media":"","overlay-type":"","overlay-color":"","overlay-opacity":"","overlay-gradient":""}},"ast-content-background-meta":{"desktop":{"background-color":"var(--ast-global-color-5)","background-image":"","background-repeat":"repeat","background-position":"center center","background-size":"auto","background-attachment":"scroll","background-type":"","background-media":"","overlay-type":"","overlay-color":"","overlay-opacity":"","overlay-gradient":""},"tablet":{"background-color":"var(--ast-global-color-5)","background-image":"","background-repeat":"repeat","background-position":"center center","background-size":"auto","background-attachment":"scroll","background-type":"","background-media":"","overlay-type":"","overlay-color":"","overlay-opacity":"","overlay-gradient":""},"mobile":{"background-color":"var(--ast-global-color-5)","background-image":"","background-repeat":"repeat","background-position":"center center","background-size":"auto","background-attachment":"scroll","background-type":"","background-media":"","overlay-type":"","overlay-color":"","overlay-opacity":"","overlay-gradient":""}},"footnotes":""},"class_list":["post-3159","page","type-page","status-publish","hentry"],"yoast_head":"<!-- This site is optimized with the Yoast SEO Premium plugin v21.7 (Yoast SEO v27.4) - https:\/\/yoast.com\/product\/yoast-seo-premium-wordpress\/ -->\n<title>Efeito na ondas cerebrais - Jacotte Chollet &amp; La M\u00fasica Multidimensional<\/title>\n<meta name=\"robots\" content=\"index, follow, max-snippet:-1, max-image-preview:large, max-video-preview:-1\" \/>\n<link rel=\"canonical\" href=\"https:\/\/multidimensionalmusic.com\/pt-pt\/efeito-na-ondas-cerebrais\/\" \/>\n<meta property=\"og:locale\" content=\"pt_PT\" \/>\n<meta property=\"og:type\" content=\"article\" \/>\n<meta property=\"og:title\" content=\"Efeito na ondas cerebrais\" \/>\n<meta property=\"og:description\" content=\"Os efeitos da m\u00fasica de Jacotte Chollet na ondas cerbrais Os efeitos da M\u00fasica Multidimensional foram recentemente medidos e comprovados no Institute of Higher Nervous Activity &#038; Neuro-Physiology em Moscovo, pelo Dr. Dimitri Igorievitch VALUEV, psicoterapeuta, psic\u00f3logo e psiquiatra no Hospital n\u00ba17 de Moscovo. A aplica\u00e7\u00e3o das medidas foi feita atrav\u00e9s do uso de equipamentos [&hellip;]\" \/>\n<meta property=\"og:url\" content=\"https:\/\/multidimensionalmusic.com\/pt-pt\/efeito-na-ondas-cerebrais\/\" \/>\n<meta property=\"og:site_name\" content=\"Jacotte Chollet &amp; La M\u00fasica Multidimensional\" \/>\n<meta property=\"article:publisher\" content=\"https:\/\/www.facebook.com\/jacottecholletmusiquemultidimensionnelle\/\" \/>\n<meta property=\"article:modified_time\" content=\"2021-01-14T10:50:28+00:00\" \/>\n<meta property=\"og:image\" content=\"https:\/\/multidimensionalmusic.com\/wp-content\/uploads\/2017\/07\/meditation-sans-musique-300x165.gif\" \/>\n<meta name=\"twitter:card\" content=\"summary_large_image\" \/>\n<meta name=\"twitter:label1\" content=\"Tempo estimado de leitura\" \/>\n\t<meta name=\"twitter:data1\" content=\"4 minutos\" \/>\n<script type=\"application\/ld+json\" class=\"yoast-schema-graph\">{\"@context\":\"https:\\\/\\\/schema.org\",\"@graph\":[{\"@type\":\"WebPage\",\"@id\":\"https:\\\/\\\/multidimensionalmusic.com\\\/pt-pt\\\/efeito-na-ondas-cerebrais\\\/\",\"url\":\"https:\\\/\\\/multidimensionalmusic.com\\\/pt-pt\\\/efeito-na-ondas-cerebrais\\\/\",\"name\":\"Efeito na ondas cerebrais - Jacotte Chollet &amp; La M\u00fasica Multidimensional\",\"isPartOf\":{\"@id\":\"https:\\\/\\\/multidimensionalmusic.com\\\/pt-pt\\\/#website\"},\"primaryImageOfPage\":{\"@id\":\"https:\\\/\\\/multidimensionalmusic.com\\\/pt-pt\\\/efeito-na-ondas-cerebrais\\\/#primaryimage\"},\"image\":{\"@id\":\"https:\\\/\\\/multidimensionalmusic.com\\\/pt-pt\\\/efeito-na-ondas-cerebrais\\\/#primaryimage\"},\"thumbnailUrl\":\"https:\\\/\\\/multidimensionalmusic.com\\\/wp-content\\\/uploads\\\/2017\\\/07\\\/meditation-sans-musique-300x165.gif\",\"datePublished\":\"2017-11-30T16:04:43+00:00\",\"dateModified\":\"2021-01-14T10:50:28+00:00\",\"breadcrumb\":{\"@id\":\"https:\\\/\\\/multidimensionalmusic.com\\\/pt-pt\\\/efeito-na-ondas-cerebrais\\\/#breadcrumb\"},\"inLanguage\":\"pt-PT\",\"potentialAction\":[{\"@type\":\"ReadAction\",\"target\":[\"https:\\\/\\\/multidimensionalmusic.com\\\/pt-pt\\\/efeito-na-ondas-cerebrais\\\/\"]}]},{\"@type\":\"ImageObject\",\"inLanguage\":\"pt-PT\",\"@id\":\"https:\\\/\\\/multidimensionalmusic.com\\\/pt-pt\\\/efeito-na-ondas-cerebrais\\\/#primaryimage\",\"url\":\"https:\\\/\\\/multidimensionalmusic.com\\\/wp-content\\\/uploads\\\/2017\\\/07\\\/meditation-sans-musique-300x165.gif\",\"contentUrl\":\"https:\\\/\\\/multidimensionalmusic.com\\\/wp-content\\\/uploads\\\/2017\\\/07\\\/meditation-sans-musique-300x165.gif\"},{\"@type\":\"BreadcrumbList\",\"@id\":\"https:\\\/\\\/multidimensionalmusic.com\\\/pt-pt\\\/efeito-na-ondas-cerebrais\\\/#breadcrumb\",\"itemListElement\":[{\"@type\":\"ListItem\",\"position\":1,\"name\":\"Home\",\"item\":\"https:\\\/\\\/multidimensionalmusic.com\\\/pt-pt\\\/\"},{\"@type\":\"ListItem\",\"position\":2,\"name\":\"Efeito na ondas cerebrais\"}]},{\"@type\":\"WebSite\",\"@id\":\"https:\\\/\\\/multidimensionalmusic.com\\\/pt-pt\\\/#website\",\"url\":\"https:\\\/\\\/multidimensionalmusic.com\\\/pt-pt\\\/\",\"name\":\"Jacotte Chollet - La Musique Multidimensionnelle\",\"description\":\"Medita\u00e7\u00e3o - Relaxa\u00e7\u00e3o profunda - Liberta\u00e7\u00e3o emocional - Alinhamento energ\u00e9tico - Expans\u00e3o da consci\u00eancia - Intui\u00e7\u00e3o e Criatividade\",\"publisher\":{\"@id\":\"https:\\\/\\\/multidimensionalmusic.com\\\/pt-pt\\\/#organization\"},\"potentialAction\":[{\"@type\":\"SearchAction\",\"target\":{\"@type\":\"EntryPoint\",\"urlTemplate\":\"https:\\\/\\\/multidimensionalmusic.com\\\/pt-pt\\\/?s={search_term_string}\"},\"query-input\":{\"@type\":\"PropertyValueSpecification\",\"valueRequired\":true,\"valueName\":\"search_term_string\"}}],\"inLanguage\":\"pt-PT\"},{\"@type\":\"Organization\",\"@id\":\"https:\\\/\\\/multidimensionalmusic.com\\\/pt-pt\\\/#organization\",\"name\":\"Jacotte Chollet Multidimensional Music\",\"url\":\"https:\\\/\\\/multidimensionalmusic.com\\\/pt-pt\\\/\",\"logo\":{\"@type\":\"ImageObject\",\"inLanguage\":\"pt-PT\",\"@id\":\"https:\\\/\\\/multidimensionalmusic.com\\\/pt-pt\\\/#\\\/schema\\\/logo\\\/image\\\/\",\"url\":\"https:\\\/\\\/multidimensionalmusic.com\\\/wp-content\\\/uploads\\\/2025\\\/03\\\/header-logo-site-vitrine-jacotte-chollet-mmd-transparent.png\",\"contentUrl\":\"https:\\\/\\\/multidimensionalmusic.com\\\/wp-content\\\/uploads\\\/2025\\\/03\\\/header-logo-site-vitrine-jacotte-chollet-mmd-transparent.png\",\"width\":800,\"height\":358,\"caption\":\"Jacotte Chollet Multidimensional Music\"},\"image\":{\"@id\":\"https:\\\/\\\/multidimensionalmusic.com\\\/pt-pt\\\/#\\\/schema\\\/logo\\\/image\\\/\"},\"sameAs\":[\"https:\\\/\\\/www.facebook.com\\\/jacottecholletmusiquemultidimensionnelle\\\/\",\"https:\\\/\\\/www.instagram.com\\\/jacottechollet\\\/\",\"https:\\\/\\\/www.linkedin.com\\\/in\\\/jacotte-chollet-41a09812\\\/\",\"https:\\\/\\\/www.youtube.com\\\/channel\\\/UCKDtAKgspnDQqggI1bAOl_g\"]}]}<\/script>\n<!-- \/ Yoast SEO Premium plugin. -->","yoast_head_json":{"title":"Efeito na ondas cerebrais - Jacotte Chollet &amp; La M\u00fasica Multidimensional","robots":{"index":"index","follow":"follow","max-snippet":"max-snippet:-1","max-image-preview":"max-image-preview:large","max-video-preview":"max-video-preview:-1"},"canonical":"https:\/\/multidimensionalmusic.com\/pt-pt\/efeito-na-ondas-cerebrais\/","og_locale":"pt_PT","og_type":"article","og_title":"Efeito na ondas cerebrais","og_description":"Os efeitos da m\u00fasica de Jacotte Chollet na ondas cerbrais Os efeitos da M\u00fasica Multidimensional foram recentemente medidos e comprovados no Institute of Higher Nervous Activity &#038; Neuro-Physiology em Moscovo, pelo Dr. Dimitri Igorievitch VALUEV, psicoterapeuta, psic\u00f3logo e psiquiatra no Hospital n\u00ba17 de Moscovo. A aplica\u00e7\u00e3o das medidas foi feita atrav\u00e9s do uso de equipamentos [&hellip;]","og_url":"https:\/\/multidimensionalmusic.com\/pt-pt\/efeito-na-ondas-cerebrais\/","og_site_name":"Jacotte Chollet &amp; La M\u00fasica Multidimensional","article_publisher":"https:\/\/www.facebook.com\/jacottecholletmusiquemultidimensionnelle\/","article_modified_time":"2021-01-14T10:50:28+00:00","og_image":[{"url":"https:\/\/multidimensionalmusic.com\/wp-content\/uploads\/2017\/07\/meditation-sans-musique-300x165.gif","type":"","width":"","height":""}],"twitter_card":"summary_large_image","twitter_misc":{"Tempo estimado de leitura":"4 minutos"},"schema":{"@context":"https:\/\/schema.org","@graph":[{"@type":"WebPage","@id":"https:\/\/multidimensionalmusic.com\/pt-pt\/efeito-na-ondas-cerebrais\/","url":"https:\/\/multidimensionalmusic.com\/pt-pt\/efeito-na-ondas-cerebrais\/","name":"Efeito na ondas cerebrais - Jacotte Chollet &amp; La M\u00fasica Multidimensional","isPartOf":{"@id":"https:\/\/multidimensionalmusic.com\/pt-pt\/#website"},"primaryImageOfPage":{"@id":"https:\/\/multidimensionalmusic.com\/pt-pt\/efeito-na-ondas-cerebrais\/#primaryimage"},"image":{"@id":"https:\/\/multidimensionalmusic.com\/pt-pt\/efeito-na-ondas-cerebrais\/#primaryimage"},"thumbnailUrl":"https:\/\/multidimensionalmusic.com\/wp-content\/uploads\/2017\/07\/meditation-sans-musique-300x165.gif","datePublished":"2017-11-30T16:04:43+00:00","dateModified":"2021-01-14T10:50:28+00:00","breadcrumb":{"@id":"https:\/\/multidimensionalmusic.com\/pt-pt\/efeito-na-ondas-cerebrais\/#breadcrumb"},"inLanguage":"pt-PT","potentialAction":[{"@type":"ReadAction","target":["https:\/\/multidimensionalmusic.com\/pt-pt\/efeito-na-ondas-cerebrais\/"]}]},{"@type":"ImageObject","inLanguage":"pt-PT","@id":"https:\/\/multidimensionalmusic.com\/pt-pt\/efeito-na-ondas-cerebrais\/#primaryimage","url":"https:\/\/multidimensionalmusic.com\/wp-content\/uploads\/2017\/07\/meditation-sans-musique-300x165.gif","contentUrl":"https:\/\/multidimensionalmusic.com\/wp-content\/uploads\/2017\/07\/meditation-sans-musique-300x165.gif"},{"@type":"BreadcrumbList","@id":"https:\/\/multidimensionalmusic.com\/pt-pt\/efeito-na-ondas-cerebrais\/#breadcrumb","itemListElement":[{"@type":"ListItem","position":1,"name":"Home","item":"https:\/\/multidimensionalmusic.com\/pt-pt\/"},{"@type":"ListItem","position":2,"name":"Efeito na ondas cerebrais"}]},{"@type":"WebSite","@id":"https:\/\/multidimensionalmusic.com\/pt-pt\/#website","url":"https:\/\/multidimensionalmusic.com\/pt-pt\/","name":"Jacotte Chollet - La Musique Multidimensionnelle","description":"Medita\u00e7\u00e3o - Relaxa\u00e7\u00e3o profunda - Liberta\u00e7\u00e3o emocional - Alinhamento energ\u00e9tico - Expans\u00e3o da consci\u00eancia - Intui\u00e7\u00e3o e Criatividade","publisher":{"@id":"https:\/\/multidimensionalmusic.com\/pt-pt\/#organization"},"potentialAction":[{"@type":"SearchAction","target":{"@type":"EntryPoint","urlTemplate":"https:\/\/multidimensionalmusic.com\/pt-pt\/?s={search_term_string}"},"query-input":{"@type":"PropertyValueSpecification","valueRequired":true,"valueName":"search_term_string"}}],"inLanguage":"pt-PT"},{"@type":"Organization","@id":"https:\/\/multidimensionalmusic.com\/pt-pt\/#organization","name":"Jacotte Chollet Multidimensional Music","url":"https:\/\/multidimensionalmusic.com\/pt-pt\/","logo":{"@type":"ImageObject","inLanguage":"pt-PT","@id":"https:\/\/multidimensionalmusic.com\/pt-pt\/#\/schema\/logo\/image\/","url":"https:\/\/multidimensionalmusic.com\/wp-content\/uploads\/2025\/03\/header-logo-site-vitrine-jacotte-chollet-mmd-transparent.png","contentUrl":"https:\/\/multidimensionalmusic.com\/wp-content\/uploads\/2025\/03\/header-logo-site-vitrine-jacotte-chollet-mmd-transparent.png","width":800,"height":358,"caption":"Jacotte Chollet Multidimensional Music"},"image":{"@id":"https:\/\/multidimensionalmusic.com\/pt-pt\/#\/schema\/logo\/image\/"},"sameAs":["https:\/\/www.facebook.com\/jacottecholletmusiquemultidimensionnelle\/","https:\/\/www.instagram.com\/jacottechollet\/","https:\/\/www.linkedin.com\/in\/jacotte-chollet-41a09812\/","https:\/\/www.youtube.com\/channel\/UCKDtAKgspnDQqggI1bAOl_g"]}]}},"_links":{"self":[{"href":"https:\/\/multidimensionalmusic.com\/pt-pt\/wp-json\/wp\/v2\/pages\/3159","targetHints":{"allow":["GET"]}}],"collection":[{"href":"https:\/\/multidimensionalmusic.com\/pt-pt\/wp-json\/wp\/v2\/pages"}],"about":[{"href":"https:\/\/multidimensionalmusic.com\/pt-pt\/wp-json\/wp\/v2\/types\/page"}],"author":[{"embeddable":true,"href":"https:\/\/multidimensionalmusic.com\/pt-pt\/wp-json\/wp\/v2\/users\/1"}],"replies":[{"embeddable":true,"href":"https:\/\/multidimensionalmusic.com\/pt-pt\/wp-json\/wp\/v2\/comments?post=3159"}],"version-history":[{"count":0,"href":"https:\/\/multidimensionalmusic.com\/pt-pt\/wp-json\/wp\/v2\/pages\/3159\/revisions"}],"wp:attachment":[{"href":"https:\/\/multidimensionalmusic.com\/pt-pt\/wp-json\/wp\/v2\/media?parent=3159"}],"curies":[{"name":"wp","href":"https:\/\/api.w.org\/{rel}","templated":true}]}}