{"id":3143,"date":"2017-11-30T16:24:15","date_gmt":"2017-11-30T15:24:15","guid":{"rendered":"https:\/\/multidimensionalmusic.com\/?page_id=3143"},"modified":"2021-01-14T11:24:18","modified_gmt":"2021-01-14T10:24:18","slug":"efeito-na-chakras","status":"publish","type":"page","link":"https:\/\/multidimensionalmusic.com\/pt-pt\/efeito-na-chakras\/","title":{"rendered":"Efeito na chakras"},"content":{"rendered":"<style type=\"text\/css\"><\/style>\n<section class=\"kc-elm kc-css-1734944 kc_row\">\n<div class=\"kc-row-container  kc-container\">\n<div class=\"kc-wrap-columns\">\n<div class=\"kc-elm kc-css-2835776 kc_col-sm-12 kc_column kc_col-sm-12\">\n<div class=\"kc-col-container\">\n<div class=\"kc-elm kc-css-3660353 kc_text_block\">\n<h3>REALIZADA NO INSTITUTO DE BIO RESSON\u00c2NCIA, &#8220;IMEDIS&#8221;, PELO DR. SERGEI KAZAKOV EM MOSCOVO.<\/h3>\n<p>As medidas s\u00e3o realizadas atrav\u00e9s de um instrumento especial para detectar os n\u00edveis de energia do chakra por meio de um el\u00e9ctrodo.<\/p>\n<p>O Dr. Kazakov tem utilizado esta t\u00e9cnica ao longo de v\u00e1rios anos, com o objectivo de detectar as defici\u00eancias de energia presentes em diferentes pontos chakra e de determinar o tipo de medicina apropriada para a compensa\u00e7\u00e3o dessa energia.<br \/>\nEste instrumento pode tamb\u00e9m medir correctamente a actividade \u00e2ndulas.<\/p>\n<p>Podemos assim comprovar que quando existe um d\u00e9fice de actividade no chakra, os \u00f3rg\u00e3os do corpo ficam privados de um funcionamento prop\u00edcio ou adequado.<\/p>\n<\/div>\n<div class=\"kc-elm kc-css-4331487 kc_text_block\">\n<p>\n<img fetchpriority=\"high\" decoding=\"async\" class=\"size-medium aligncenter\" src=\"https:\/\/multidimensionalmusic.com\/wp-content\/uploads\/2017\/07\/bandeau-avant-ecoute-300x79.jpg\" alt=\"mesure effets musique jacotte chollet sur les chakras\" width=\"620\" height=\"163\" \/><\/p>\n<p>Aqui podemos observar os pontos de energia correspondentes aos diferentes chakras.<br \/>\nNo topo do dedo m\u00e9dio, est\u00e1 o ponto de energia que serve para medir o chakra coron\u00e1rio.<br \/>\nNa raiz da m\u00e3o temos o ponto de energia correspondente com o &#8220;chakra&#8221; de base.<\/p>\n<p>Os diferentes pontos dos chakras s\u00e3o medidos antes de se ouvir a MMD e ap\u00f3s 3 minutos de audi\u00e7\u00e3o da respectiva m\u00fasica.<\/p>\n<\/div>\n<div class=\"kc-elm kc-css-2640245 kc_text_block\">\n<p>\n<img decoding=\"async\" class=\"size-medium aligncenter\" src=\"https:\/\/multidimensionalmusic.com\/wp-content\/uploads\/2017\/07\/bandeau-ecoute-et-apres1-300x79.jpg\" alt=\"\" width=\"620\" height=\"163\" \/><\/p>\n<p>Ap\u00f3s o final dos 3 minutos de audi\u00e7\u00e3o, a energia \u00e9 medida no chakra coron\u00e1rio do indiv\u00edduo testado.<br \/>\nPodemos verificar um aumento de energia neste chakra.<br \/>\nPara um funcionamento adequado, a energia do chakra deve estar entre os 50 e os 60 Hz.<br \/>\nA partir do momento em que come\u00e7amos a ficar cansados, notamos que o n\u00edvel de energia baixa.<\/p>\n<p>COM APENAS 3 MINUTOS DE AUDI\u00c7\u00c3O DE MUSICA DE JACOTTE CHOLLET FOI POSS\u00cdVEL AUMENTAR O N\u00cdVEL DE ENERGIA DO INDIV\u00cdDUO TESTADO.<\/p>\n<\/div>\n<div class=\"kc-elm kc-css-4193477 kc_text_block\">\n<p>\n<img decoding=\"async\" class=\"size-medium aligncenter\" src=\"https:\/\/multidimensionalmusic.com\/wp-content\/uploads\/2017\/07\/mesuresapresa-300x79.jpg\" alt=\"\" width=\"620\" height=\"163\" \/><\/p>\n<p>IMAGEM N\u00ba 1 medi\u00e7\u00e3o da energia do chakra ap\u00f3s 3 minutos de audi\u00e7\u00e3o de MUSICA de JACOTTE CHOLLET.<br \/>\nNeste caso espec\u00edfico, o n\u00edvel de energia antes de se ouvir a m\u00fasica estava demasiado elevado e essa energia acabou por se dissipar.<br \/>\nAp\u00f3s 3 minutos de audi\u00e7\u00e3o, o n\u00edvel de energia do chakra voltou ao valor normal (50 Hz).<br \/>\nA m\u00fasica acabou por normalizar a corrente de energia no respectivo chakra&#8221; dito por outras palavras, ela voltou a induzir harmonia neste ponto.<\/p>\n<p>A Musica Multidimensional funciona como um regulador natural de energia do organismo humano, actua de acordo com as necessidades do ouvinte, podendo ainda aumentar ou diminuir a corrente de energia de acordo com a necessidade interior da pessoa.<\/p>\n<p>NA IMAGEM N\u00ba3 mede-se o terceiro ponto &#8220;chakra&#8221;. Os resultados ap\u00f3s a audi\u00e7\u00e3o da Musica Multidimensional encontram-se na seguinte sequ\u00eancia de imagens.<\/p>\n<\/div>\n<div class=\"kc-elm kc-css-4289088 kc_text_block\">\n<p>\n<img loading=\"lazy\" decoding=\"async\" class=\"size-medium aligncenter\" src=\"https:\/\/multidimensionalmusic.com\/wp-content\/uploads\/2017\/07\/mesuresapresb-300x79.jpg\" alt=\"\" width=\"620\" height=\"163\" \/><\/p>\n<p>Em rela\u00e7\u00e3o ao terceiro chakra, a medida efectuada anteriormente indicou um n\u00edvel normal de energia neste ponto.<\/p>\n<\/div>\n<div class=\"kc-elm kc-css-1925986 kc_text_block\">\n<p>\nCONCLUSION<\/p>\n<p style=\"margin: .1pt 0cm .1pt 0cm;\">Nas imagens 2 &amp; 3, a medida da energia do chakra do cora\u00e7\u00e3o \u00e9 realizado antes de se ouvir a mmd, demonstrando-nos uma corrente de energia elevadamente perigosa neste local (mais de 60 hz).<br \/>\nDepois de se ouvir da musica durante apenas 3 minutos, a energia deste chakra voltou ao normal (50 hz).<\/p>\n<p style=\"margin: .1pt 0cm .1pt 0cm;\">V\u00e1rias s\u00e9ries de testes foram realizados com diferentes indiv\u00edduos e todas elas comprovaram a ac\u00e7\u00e3o harmonizadora e reguladora desta m\u00fasica ap\u00f3s 3 minutos de exposi\u00e7\u00e3o auditiva.<\/p>\n<\/div>\n<div class=\"kc-elm kc-css-4063773\" style=\"height: 38px; clear: both; width:100%;\"><\/div>\n<\/div>\n<\/div>\n<\/div>\n<\/div>\n<\/section>\n","protected":false},"excerpt":{"rendered":"<p>REALIZADA NO INSTITUTO DE BIO RESSON\u00c2NCIA, &#8220;IMEDIS&#8221;, PELO DR. SERGEI KAZAKOV EM MOSCOVO. As medidas s\u00e3o realizadas atrav\u00e9s de um instrumento especial para detectar os n\u00edveis de energia do chakra por meio de um el\u00e9ctrodo. O Dr. Kazakov tem utilizado esta t\u00e9cnica ao longo de v\u00e1rios anos, com o objectivo de detectar as defici\u00eancias de [&hellip;]<\/p>\n","protected":false},"author":1,"featured_media":0,"parent":0,"menu_order":0,"comment_status":"closed","ping_status":"closed","template":"","meta":{"site-sidebar-layout":"default","site-content-layout":"","ast-site-content-layout":"default","site-content-style":"default","site-sidebar-style":"default","ast-global-header-display":"","ast-banner-title-visibility":"","ast-main-header-display":"","ast-hfb-above-header-display":"","ast-hfb-below-header-display":"","ast-hfb-mobile-header-display":"","site-post-title":"","ast-breadcrumbs-content":"","ast-featured-img":"","footer-sml-layout":"","ast-disable-related-posts":"","theme-transparent-header-meta":"default","adv-header-id-meta":"","stick-header-meta":"default","header-above-stick-meta":"","header-main-stick-meta":"","header-below-stick-meta":"","astra-migrate-meta-layouts":"default","ast-page-background-enabled":"default","ast-page-background-meta":{"desktop":{"background-color":"var(--ast-global-color-4)","background-image":"","background-repeat":"repeat","background-position":"center center","background-size":"auto","background-attachment":"scroll","background-type":"","background-media":"","overlay-type":"","overlay-color":"","overlay-opacity":"","overlay-gradient":""},"tablet":{"background-color":"","background-image":"","background-repeat":"repeat","background-position":"center center","background-size":"auto","background-attachment":"scroll","background-type":"","background-media":"","overlay-type":"","overlay-color":"","overlay-opacity":"","overlay-gradient":""},"mobile":{"background-color":"","background-image":"","background-repeat":"repeat","background-position":"center center","background-size":"auto","background-attachment":"scroll","background-type":"","background-media":"","overlay-type":"","overlay-color":"","overlay-opacity":"","overlay-gradient":""}},"ast-content-background-meta":{"desktop":{"background-color":"var(--ast-global-color-5)","background-image":"","background-repeat":"repeat","background-position":"center center","background-size":"auto","background-attachment":"scroll","background-type":"","background-media":"","overlay-type":"","overlay-color":"","overlay-opacity":"","overlay-gradient":""},"tablet":{"background-color":"var(--ast-global-color-5)","background-image":"","background-repeat":"repeat","background-position":"center center","background-size":"auto","background-attachment":"scroll","background-type":"","background-media":"","overlay-type":"","overlay-color":"","overlay-opacity":"","overlay-gradient":""},"mobile":{"background-color":"var(--ast-global-color-5)","background-image":"","background-repeat":"repeat","background-position":"center center","background-size":"auto","background-attachment":"scroll","background-type":"","background-media":"","overlay-type":"","overlay-color":"","overlay-opacity":"","overlay-gradient":""}},"footnotes":""},"class_list":["post-3143","page","type-page","status-publish","hentry"],"yoast_head":"<!-- This site is optimized with the Yoast SEO Premium plugin v21.7 (Yoast SEO v27.4) - https:\/\/yoast.com\/product\/yoast-seo-premium-wordpress\/ -->\n<title>Efeito na chakras - Jacotte Chollet &amp; La M\u00fasica Multidimensional<\/title>\n<meta name=\"robots\" content=\"index, follow, max-snippet:-1, max-image-preview:large, max-video-preview:-1\" \/>\n<link rel=\"canonical\" href=\"https:\/\/multidimensionalmusic.com\/pt-pt\/efeito-na-chakras\/\" \/>\n<meta property=\"og:locale\" content=\"pt_PT\" \/>\n<meta property=\"og:type\" content=\"article\" \/>\n<meta property=\"og:title\" content=\"Efeito na chakras\" \/>\n<meta property=\"og:description\" content=\"REALIZADA NO INSTITUTO DE BIO RESSON\u00c2NCIA, &#8220;IMEDIS&#8221;, PELO DR. SERGEI KAZAKOV EM MOSCOVO. As medidas s\u00e3o realizadas atrav\u00e9s de um instrumento especial para detectar os n\u00edveis de energia do chakra por meio de um el\u00e9ctrodo. O Dr. Kazakov tem utilizado esta t\u00e9cnica ao longo de v\u00e1rios anos, com o objectivo de detectar as defici\u00eancias de [&hellip;]\" \/>\n<meta property=\"og:url\" content=\"https:\/\/multidimensionalmusic.com\/pt-pt\/efeito-na-chakras\/\" \/>\n<meta property=\"og:site_name\" content=\"Jacotte Chollet &amp; La M\u00fasica Multidimensional\" \/>\n<meta property=\"article:publisher\" content=\"https:\/\/www.facebook.com\/jacottecholletmusiquemultidimensionnelle\/\" \/>\n<meta property=\"article:modified_time\" content=\"2021-01-14T10:24:18+00:00\" \/>\n<meta property=\"og:image\" content=\"https:\/\/multidimensionalmusic.com\/wp-content\/uploads\/2017\/07\/bandeau-avant-ecoute-300x79.jpg\" \/>\n<meta name=\"twitter:card\" content=\"summary_large_image\" \/>\n<meta name=\"twitter:label1\" content=\"Tempo estimado de leitura\" \/>\n\t<meta name=\"twitter:data1\" content=\"3 minutos\" \/>\n<script type=\"application\/ld+json\" class=\"yoast-schema-graph\">{\"@context\":\"https:\\\/\\\/schema.org\",\"@graph\":[{\"@type\":\"WebPage\",\"@id\":\"https:\\\/\\\/multidimensionalmusic.com\\\/pt-pt\\\/efeito-na-chakras\\\/\",\"url\":\"https:\\\/\\\/multidimensionalmusic.com\\\/pt-pt\\\/efeito-na-chakras\\\/\",\"name\":\"Efeito na chakras - Jacotte Chollet &amp; La M\u00fasica Multidimensional\",\"isPartOf\":{\"@id\":\"https:\\\/\\\/multidimensionalmusic.com\\\/pt-pt\\\/#website\"},\"primaryImageOfPage\":{\"@id\":\"https:\\\/\\\/multidimensionalmusic.com\\\/pt-pt\\\/efeito-na-chakras\\\/#primaryimage\"},\"image\":{\"@id\":\"https:\\\/\\\/multidimensionalmusic.com\\\/pt-pt\\\/efeito-na-chakras\\\/#primaryimage\"},\"thumbnailUrl\":\"https:\\\/\\\/multidimensionalmusic.com\\\/wp-content\\\/uploads\\\/2017\\\/07\\\/bandeau-avant-ecoute-300x79.jpg\",\"datePublished\":\"2017-11-30T15:24:15+00:00\",\"dateModified\":\"2021-01-14T10:24:18+00:00\",\"breadcrumb\":{\"@id\":\"https:\\\/\\\/multidimensionalmusic.com\\\/pt-pt\\\/efeito-na-chakras\\\/#breadcrumb\"},\"inLanguage\":\"pt-PT\",\"potentialAction\":[{\"@type\":\"ReadAction\",\"target\":[\"https:\\\/\\\/multidimensionalmusic.com\\\/pt-pt\\\/efeito-na-chakras\\\/\"]}]},{\"@type\":\"ImageObject\",\"inLanguage\":\"pt-PT\",\"@id\":\"https:\\\/\\\/multidimensionalmusic.com\\\/pt-pt\\\/efeito-na-chakras\\\/#primaryimage\",\"url\":\"https:\\\/\\\/multidimensionalmusic.com\\\/wp-content\\\/uploads\\\/2017\\\/07\\\/bandeau-avant-ecoute-300x79.jpg\",\"contentUrl\":\"https:\\\/\\\/multidimensionalmusic.com\\\/wp-content\\\/uploads\\\/2017\\\/07\\\/bandeau-avant-ecoute-300x79.jpg\"},{\"@type\":\"BreadcrumbList\",\"@id\":\"https:\\\/\\\/multidimensionalmusic.com\\\/pt-pt\\\/efeito-na-chakras\\\/#breadcrumb\",\"itemListElement\":[{\"@type\":\"ListItem\",\"position\":1,\"name\":\"Home\",\"item\":\"https:\\\/\\\/multidimensionalmusic.com\\\/pt-pt\\\/\"},{\"@type\":\"ListItem\",\"position\":2,\"name\":\"Efeito na chakras\"}]},{\"@type\":\"WebSite\",\"@id\":\"https:\\\/\\\/multidimensionalmusic.com\\\/pt-pt\\\/#website\",\"url\":\"https:\\\/\\\/multidimensionalmusic.com\\\/pt-pt\\\/\",\"name\":\"Jacotte Chollet - La Musique Multidimensionnelle\",\"description\":\"Medita\u00e7\u00e3o - Relaxa\u00e7\u00e3o profunda - Liberta\u00e7\u00e3o emocional - Alinhamento energ\u00e9tico - Expans\u00e3o da consci\u00eancia - Intui\u00e7\u00e3o e Criatividade\",\"publisher\":{\"@id\":\"https:\\\/\\\/multidimensionalmusic.com\\\/pt-pt\\\/#organization\"},\"potentialAction\":[{\"@type\":\"SearchAction\",\"target\":{\"@type\":\"EntryPoint\",\"urlTemplate\":\"https:\\\/\\\/multidimensionalmusic.com\\\/pt-pt\\\/?s={search_term_string}\"},\"query-input\":{\"@type\":\"PropertyValueSpecification\",\"valueRequired\":true,\"valueName\":\"search_term_string\"}}],\"inLanguage\":\"pt-PT\"},{\"@type\":\"Organization\",\"@id\":\"https:\\\/\\\/multidimensionalmusic.com\\\/pt-pt\\\/#organization\",\"name\":\"Jacotte Chollet Multidimensional Music\",\"url\":\"https:\\\/\\\/multidimensionalmusic.com\\\/pt-pt\\\/\",\"logo\":{\"@type\":\"ImageObject\",\"inLanguage\":\"pt-PT\",\"@id\":\"https:\\\/\\\/multidimensionalmusic.com\\\/pt-pt\\\/#\\\/schema\\\/logo\\\/image\\\/\",\"url\":\"https:\\\/\\\/multidimensionalmusic.com\\\/wp-content\\\/uploads\\\/2025\\\/03\\\/header-logo-site-vitrine-jacotte-chollet-mmd-transparent.png\",\"contentUrl\":\"https:\\\/\\\/multidimensionalmusic.com\\\/wp-content\\\/uploads\\\/2025\\\/03\\\/header-logo-site-vitrine-jacotte-chollet-mmd-transparent.png\",\"width\":800,\"height\":358,\"caption\":\"Jacotte Chollet Multidimensional Music\"},\"image\":{\"@id\":\"https:\\\/\\\/multidimensionalmusic.com\\\/pt-pt\\\/#\\\/schema\\\/logo\\\/image\\\/\"},\"sameAs\":[\"https:\\\/\\\/www.facebook.com\\\/jacottecholletmusiquemultidimensionnelle\\\/\",\"https:\\\/\\\/www.instagram.com\\\/jacottechollet\\\/\",\"https:\\\/\\\/www.linkedin.com\\\/in\\\/jacotte-chollet-41a09812\\\/\",\"https:\\\/\\\/www.youtube.com\\\/channel\\\/UCKDtAKgspnDQqggI1bAOl_g\"]}]}<\/script>\n<!-- \/ Yoast SEO Premium plugin. -->","yoast_head_json":{"title":"Efeito na chakras - Jacotte Chollet &amp; La M\u00fasica Multidimensional","robots":{"index":"index","follow":"follow","max-snippet":"max-snippet:-1","max-image-preview":"max-image-preview:large","max-video-preview":"max-video-preview:-1"},"canonical":"https:\/\/multidimensionalmusic.com\/pt-pt\/efeito-na-chakras\/","og_locale":"pt_PT","og_type":"article","og_title":"Efeito na chakras","og_description":"REALIZADA NO INSTITUTO DE BIO RESSON\u00c2NCIA, &#8220;IMEDIS&#8221;, PELO DR. SERGEI KAZAKOV EM MOSCOVO. As medidas s\u00e3o realizadas atrav\u00e9s de um instrumento especial para detectar os n\u00edveis de energia do chakra por meio de um el\u00e9ctrodo. O Dr. Kazakov tem utilizado esta t\u00e9cnica ao longo de v\u00e1rios anos, com o objectivo de detectar as defici\u00eancias de [&hellip;]","og_url":"https:\/\/multidimensionalmusic.com\/pt-pt\/efeito-na-chakras\/","og_site_name":"Jacotte Chollet &amp; La M\u00fasica Multidimensional","article_publisher":"https:\/\/www.facebook.com\/jacottecholletmusiquemultidimensionnelle\/","article_modified_time":"2021-01-14T10:24:18+00:00","og_image":[{"url":"https:\/\/multidimensionalmusic.com\/wp-content\/uploads\/2017\/07\/bandeau-avant-ecoute-300x79.jpg","type":"","width":"","height":""}],"twitter_card":"summary_large_image","twitter_misc":{"Tempo estimado de leitura":"3 minutos"},"schema":{"@context":"https:\/\/schema.org","@graph":[{"@type":"WebPage","@id":"https:\/\/multidimensionalmusic.com\/pt-pt\/efeito-na-chakras\/","url":"https:\/\/multidimensionalmusic.com\/pt-pt\/efeito-na-chakras\/","name":"Efeito na chakras - Jacotte Chollet &amp; La M\u00fasica Multidimensional","isPartOf":{"@id":"https:\/\/multidimensionalmusic.com\/pt-pt\/#website"},"primaryImageOfPage":{"@id":"https:\/\/multidimensionalmusic.com\/pt-pt\/efeito-na-chakras\/#primaryimage"},"image":{"@id":"https:\/\/multidimensionalmusic.com\/pt-pt\/efeito-na-chakras\/#primaryimage"},"thumbnailUrl":"https:\/\/multidimensionalmusic.com\/wp-content\/uploads\/2017\/07\/bandeau-avant-ecoute-300x79.jpg","datePublished":"2017-11-30T15:24:15+00:00","dateModified":"2021-01-14T10:24:18+00:00","breadcrumb":{"@id":"https:\/\/multidimensionalmusic.com\/pt-pt\/efeito-na-chakras\/#breadcrumb"},"inLanguage":"pt-PT","potentialAction":[{"@type":"ReadAction","target":["https:\/\/multidimensionalmusic.com\/pt-pt\/efeito-na-chakras\/"]}]},{"@type":"ImageObject","inLanguage":"pt-PT","@id":"https:\/\/multidimensionalmusic.com\/pt-pt\/efeito-na-chakras\/#primaryimage","url":"https:\/\/multidimensionalmusic.com\/wp-content\/uploads\/2017\/07\/bandeau-avant-ecoute-300x79.jpg","contentUrl":"https:\/\/multidimensionalmusic.com\/wp-content\/uploads\/2017\/07\/bandeau-avant-ecoute-300x79.jpg"},{"@type":"BreadcrumbList","@id":"https:\/\/multidimensionalmusic.com\/pt-pt\/efeito-na-chakras\/#breadcrumb","itemListElement":[{"@type":"ListItem","position":1,"name":"Home","item":"https:\/\/multidimensionalmusic.com\/pt-pt\/"},{"@type":"ListItem","position":2,"name":"Efeito na chakras"}]},{"@type":"WebSite","@id":"https:\/\/multidimensionalmusic.com\/pt-pt\/#website","url":"https:\/\/multidimensionalmusic.com\/pt-pt\/","name":"Jacotte Chollet - La Musique Multidimensionnelle","description":"Medita\u00e7\u00e3o - Relaxa\u00e7\u00e3o profunda - Liberta\u00e7\u00e3o emocional - Alinhamento energ\u00e9tico - Expans\u00e3o da consci\u00eancia - Intui\u00e7\u00e3o e Criatividade","publisher":{"@id":"https:\/\/multidimensionalmusic.com\/pt-pt\/#organization"},"potentialAction":[{"@type":"SearchAction","target":{"@type":"EntryPoint","urlTemplate":"https:\/\/multidimensionalmusic.com\/pt-pt\/?s={search_term_string}"},"query-input":{"@type":"PropertyValueSpecification","valueRequired":true,"valueName":"search_term_string"}}],"inLanguage":"pt-PT"},{"@type":"Organization","@id":"https:\/\/multidimensionalmusic.com\/pt-pt\/#organization","name":"Jacotte Chollet Multidimensional Music","url":"https:\/\/multidimensionalmusic.com\/pt-pt\/","logo":{"@type":"ImageObject","inLanguage":"pt-PT","@id":"https:\/\/multidimensionalmusic.com\/pt-pt\/#\/schema\/logo\/image\/","url":"https:\/\/multidimensionalmusic.com\/wp-content\/uploads\/2025\/03\/header-logo-site-vitrine-jacotte-chollet-mmd-transparent.png","contentUrl":"https:\/\/multidimensionalmusic.com\/wp-content\/uploads\/2025\/03\/header-logo-site-vitrine-jacotte-chollet-mmd-transparent.png","width":800,"height":358,"caption":"Jacotte Chollet Multidimensional Music"},"image":{"@id":"https:\/\/multidimensionalmusic.com\/pt-pt\/#\/schema\/logo\/image\/"},"sameAs":["https:\/\/www.facebook.com\/jacottecholletmusiquemultidimensionnelle\/","https:\/\/www.instagram.com\/jacottechollet\/","https:\/\/www.linkedin.com\/in\/jacotte-chollet-41a09812\/","https:\/\/www.youtube.com\/channel\/UCKDtAKgspnDQqggI1bAOl_g"]}]}},"_links":{"self":[{"href":"https:\/\/multidimensionalmusic.com\/pt-pt\/wp-json\/wp\/v2\/pages\/3143","targetHints":{"allow":["GET"]}}],"collection":[{"href":"https:\/\/multidimensionalmusic.com\/pt-pt\/wp-json\/wp\/v2\/pages"}],"about":[{"href":"https:\/\/multidimensionalmusic.com\/pt-pt\/wp-json\/wp\/v2\/types\/page"}],"author":[{"embeddable":true,"href":"https:\/\/multidimensionalmusic.com\/pt-pt\/wp-json\/wp\/v2\/users\/1"}],"replies":[{"embeddable":true,"href":"https:\/\/multidimensionalmusic.com\/pt-pt\/wp-json\/wp\/v2\/comments?post=3143"}],"version-history":[{"count":0,"href":"https:\/\/multidimensionalmusic.com\/pt-pt\/wp-json\/wp\/v2\/pages\/3143\/revisions"}],"wp:attachment":[{"href":"https:\/\/multidimensionalmusic.com\/pt-pt\/wp-json\/wp\/v2\/media?parent=3143"}],"curies":[{"name":"wp","href":"https:\/\/api.w.org\/{rel}","templated":true}]}}