{"id":3123,"date":"2017-11-30T15:53:59","date_gmt":"2017-11-30T14:53:59","guid":{"rendered":"https:\/\/multidimensionalmusic.com\/?page_id=3123"},"modified":"2021-01-14T11:53:22","modified_gmt":"2021-01-14T10:53:22","slug":"efeito-na-celulas-sanguineas","status":"publish","type":"page","link":"https:\/\/multidimensionalmusic.com\/pt-pt\/efeito-na-celulas-sanguineas\/","title":{"rendered":"Efeito na celulas sanguineas"},"content":{"rendered":"<style type=\"text\/css\">@media only screen and (min-width: 1000px) and (max-width: 5000px){body.kc-css-system .kc-css-3383243{width: 100%;}body.kc-css-system .kc-css-3846563{width: 33.33%;}body.kc-css-system .kc-css-3041089{width: 33.33%;}body.kc-css-system .kc-css-2770120{width: 33.33%;}}body.kc-css-system .kc-css-2785498{margin-bottom: 10px;padding-bottom: 0px;}body.kc-css-system .kc-css-2322135 ,body.kc-css-system .kc-css-2322135 p{line-height: 25px;}body.kc-css-system .kc-css-1826445{text-align: center;margin-top: 10px;margin-bottom: 0px;padding-top: 0px;padding-bottom: 0px;}body.kc-css-system .kc-css-4030476{margin-top: 20px;margin-bottom: 20px;padding-top: 10px;}body.kc-css-system .kc-css-1437918{padding-top: 10px;padding-bottom: 10px;}<\/style>\n<section class=\"kc-elm kc-css-2785498 kc_row\">\n<div class=\"kc-row-container  kc-container\">\n<div class=\"kc-wrap-columns\">\n<div class=\"kc-elm kc-css-3383243 kc_col-sm-12 kc_column kc_col-sm-12\">\n<div class=\"kc-col-container\">\n<div class=\"kc-elm kc-css-2322135 kc_text_block\">\n<h3>INVESTGA\u00c7\u00d5ES BIOL\u00d3GICAS REALIZADAS NUM PER\u00cdODO DE 2 ANOS COMPROVARAM :<\/h3>\n<p>&#8211; A EFICI\u00caNCIA DA MUSICA MULTIDIMENSIONALDE JACOTTE CHOLLET NO ENVIO DE VIBRA\u00c7\u00d5ES COERENTES em c\u00e9lulas humanas vivas.<br \/>&#8211; ACTIVA\u00c7\u00c3O da comunica\u00e7\u00e3o celular.<br \/>&#8211; PROVOCA\u00c7\u00c3O DE MUDAN\u00c7AS espectaculares de energia.<br \/>&#8211; ACTIVA\u00c7\u00c3O de hiper-oxigena\u00e7\u00e3o do sangue.<br \/>&#8211; MELHORAMENTO DO N\u00cdVEL DE HEMOGLOBINA no sangue (activa\u00e7\u00e3o dos gl\u00f3bulos vermelhos).<br \/>&#8211; ESTIMULA\u00c7\u00c3O do sistema imunit\u00e1rio.<\/p>\n<\/div>\n<div class=\"kc-elm kc-css-2559908\" style=\"height: 20px; clear: both; width:100%;\"><\/div>\n<div class=\"kc-elm kc-css-2309208 kc_text_block\">\n<h3 style=\"text-align: center;\">Veja o efeito da MMD nas c\u00e9lulas do sangue humano<\/h3>\n<\/div>\n<\/div>\n<\/div>\n<\/div>\n<\/div>\n<\/section>\n<section class=\"kc-elm kc-css-1826445 kc_row\">\n<div class=\"kc-row-container  kc-container\">\n<div class=\"kc-wrap-columns\">\n<div class=\"kc-elm kc-css-3846563 kc_col-sm-4 kc_column kc_col-sm-4\">\n<div class=\"kc-col-container\">\n<div class=\"kc-elm kc-css-964396 kc_text_block\">\n<p class=\"p1\">AMOSTRA DE C\u00c9LULAS SANGU\u00cdNEAS<\/p>\n<\/div>\n<div class=\"kc-elm kc-css-2291629 kc_text_block\">\n<p><img decoding=\"async\" class=\"size-full aligncenter\" src=\"https:\/\/multidimensionalmusic.com\/wp-content\/uploads\/2017\/07\/recherche-musique-jacotte-cellule1.jpg\" alt=\"cellule de sang echantillon temoin\" width=\"132\" height=\"128\" \/><\/p>\n<\/div>\n<\/div>\n<\/div>\n<div class=\"kc-elm kc-css-3041089 kc_col-sm-4 kc_column kc_col-sm-4\">\n<div class=\"kc-col-container\">\n<div class=\"kc-elm kc-css-3913459 kc_text_block\">\n<p>\nC\u00c9LULAS SANGU\u00cdNEAS AP\u00d3S 3 DIAS<br \/>antes de se ouvir a M\u00fasica Multidimensional<br \/>de Jacotte Chollet.<\/p>\n<\/div>\n<div class=\"kc-elm kc-css-3267978 kc_text_block\">\n<p><img decoding=\"async\" class=\"size-full aligncenter\" src=\"https:\/\/multidimensionalmusic.com\/wp-content\/uploads\/2017\/07\/recherche-musique-jacotte-cellule2.jpg\" alt=\"blood celle before listening to 1h of this music\" width=\"130\" height=\"131\" \/><\/p>\n<\/div>\n<\/div>\n<\/div>\n<div class=\"kc-elm kc-css-2770120 kc_col-sm-4 kc_column kc_col-sm-4\">\n<div class=\"kc-col-container\">\n<div class=\"kc-elm kc-css-100490 kc_text_block\">\n<p class=\"p1\"><span class=\"s1\">C\u00c9LULAS SANGU\u00cdNEAS AP\u00d3S 3 DIAS<\/span><span class=\"s2\"><b><br \/><\/b><\/span><span class=\"s3\">depois de se ouvir a M\u00fasica Multidimensional<br \/>de Jacotte Chollet<\/span><\/p>\n<\/div>\n<div class=\"kc-elm kc-css-1317487 kc_text_block\">\n<p><img decoding=\"async\" class=\"size-full aligncenter\" src=\"https:\/\/multidimensionalmusic.com\/wp-content\/uploads\/2017\/07\/recherche-musique-jacotte-cellule3.jpg\" alt=\"blood cell aftener listening 1h of this music\" width=\"132\" height=\"128\" \/><\/p>\n<\/div>\n<\/div>\n<\/div>\n<\/div>\n<\/div>\n<\/section>\n<section class=\"kc-elm kc-css-4030476 kc_row\">\n<div class=\"kc-row-container  kc-container\">\n<div class=\"kc-wrap-columns\">\n<div class=\"kc-elm kc-css-4343838 kc_col-sm-12 kc_column kc_col-sm-12\">\n<div class=\"kc-col-container\">\n<div class=\"kc-elm kc-css-3333412 kc_text_block\">\n<p>\n<strong>Slide 1<\/strong><br \/>Esta \u00e9 uma c\u00e9lula sangu\u00ednea acabada de colher que cont\u00e9m no centro um n\u00facleo e \u00e0 sua volta um conjunto de gl\u00f3bulos vermelhos, pode-se verificar que o aspecto do n\u00facleo tem uma forma perfeita.<\/p>\n<p><strong>Slide 2<\/strong><br \/>AP\u00d3S 3 DIAS, A ORGANIZA\u00c7\u00c3O DA C\u00c9LULA PERDEU-SE devido \u00e0 entropia (ac\u00e7\u00e3o do tempo ou decad\u00eancia), o n\u00facleo foi totalmente destru\u00eddo.<br \/>Este \u00e9 um exemplo do que normalmente acontece a um organismo vivo devido \u00e0s leis da entropia e do envelhecimento.<\/p>\n<p><strong>Slide 3<\/strong><br \/>CONSEGUIMOS AGORA REPARAR QUE AP\u00d3S 3 DIAS dentro do frigor\u00edfico, a amostra de sangue manteve a maior parte da sua informa\u00e7\u00e3o, possu\u00edmos assim evid\u00eancia do efeito positivo, da actividade celular e da energ\u00e9tica e coerente ac\u00e7\u00e3o da M\u00fasica Multidimensional \u00e2nas c\u00e9lulas sangu\u00edneas.<br \/>A amostra foi retirada do mesmo paciente ap\u00f3s uma hora de audi\u00e7\u00e3o profunda desta m\u00fasica.<\/p>\n<p>OS ALTOS N\u00cdVEIS ORGANIZADOS DA C\u00c9LULA, ALCAN\u00c7ADOS DURANTE A AUDI\u00c7\u00c3O DESTA M\u00daSICA, RESISTIRAM \u00c0 DECAD\u00caNCIA DA C\u00c9LULA. ESTA M\u00daSICA SATUROU A C\u00c9LULA COM INFORMA\u00c7\u00c3O NEGUENTR\u00d3PICA QUE PERMITIU A RESIST\u00caNCIA \u00c0 DECAD\u00caNCIA.<\/p>\n<\/div>\n<div class=\"kc-elm kc-css-1437918 kc_text_block\">\n<p>\n<strong>As investiga\u00e7\u00f5es biol\u00f3gicas pela bi\u00f3loga lydie ries, ao longo de um programa de 2 anos, demonstraram que a musica multidimensional de jacotte chollet envia elevados est\u00edmulos coerentes com apenas uma hora de exposi\u00e7\u00e3o das c\u00e9lulas sangu\u00edneas a esta m\u00fasica que possui uma resson\u00e2ncia harmoniosa.<\/strong><\/p>\n<p>A ac\u00e7\u00e3o neguentr\u00f3pica* (aumento de energia e organiza\u00e7\u00e3o) da m\u00fasica nas c\u00e9lulas \u00e9 concomitante com o espectacular aumento de oxig\u00e9nio no sangue e do n\u00edvel de hemoglobina.<\/p>\n<p><strong>O que \u00e9 que isto significa ?<\/strong><br \/>O elevado n\u00edvel de organiza\u00e7\u00e3o presente na m\u00fasica causa um aumento do n\u00famero de gl\u00f3bulos vermelhos.<br \/>Quando a pessoa demonstra sinais de falta de energia, fatiga&#8230; quer dizer que na maioria dos casos ela \u00e9 an\u00e9mica. A anemia caracteriza-se por um decr\u00e9scimo dos gl\u00f3bulos vermelhos. A anti-entropia \u00e9 informa\u00e7\u00e3o ordenada que organiza estruturas e fun\u00e7\u00f5es dos sistemas vivos e participa na bio-comunica\u00e7\u00e3o intercelular.<\/p>\n<p>ESTA \u00c9 A PRINCIPAL RAZ\u00c3O DA MUSICA MULTIDIMENSIONAL DE JACOTTE CHOLLET SER VITALIZANTE E REGENERATIVA.<\/p>\n<p>Os altos n\u00edveis de coer\u00eancia e informa\u00e7\u00e3o no n\u00facleo dos gl\u00f3bulos brancos obtido ap\u00f3s uma hora de profunda sess\u00e3o com a MUSICA MULTIDIMENSIONAL, indica que h\u00e1 uma imediata correla\u00e7\u00e3o entre o n\u00edvel de expans\u00e3o da consci\u00eancia e o funcionamento das nossas c\u00e9lulas sangu\u00edneas.<\/p>\n<p>Mostras-nos sem sombra de d\u00favidas que n\u00f3s somos uma unidade. INFELIZMENTE, a medicina moderna tem considerado o corpo como uma r\u00edgida entidade biol\u00f3gica que apenas responde a est\u00edmulos externos e ignorou o tremendo impacto do nosso pr\u00f3prio est\u00edmulo interno. As nossas emo\u00e7\u00f5es afectam constantemente a qu\u00edmica do nosso corpo. As nossas expectativas, perspectivas, a nossa verdadeira liga\u00e7\u00e3o com o \u201ceu interno\u201d, representam fortes par\u00e2metros que afectam as nossas fun\u00e7\u00f5es corporais. As emo\u00e7\u00f5es negativas t\u00eam demonstrado o seu efeito devastador no corpo humano (Norman COUSINS, U.C.L.A).<\/p>\n<p>A MUSICA MULTIDIMENSIONAL DE JACOTTE CHOLLET liga-nos aos mais elevados n\u00edveis da consci\u00eancia, provocando geralmente sentimentos de amor, aprecia\u00e7\u00e3o, beleza e gra\u00e7a, sentimentos caseiros de seguran\u00e7a que s\u00e3o sinais de um verdadeiro contacto com a nossa fonte interna.<\/p>\n<p>Quando isto acontece, o corpo altera e melhora a sua qu\u00edmica demonstrando um aumento dos n\u00edveis de oxig\u00e9nio e hemoglobina no sangue.<br \/>Acontece um imediato processo de ac\u00e7\u00e3o-interac\u00e7\u00e3o e resson\u00e2ncia entre a consci\u00eancia\/energia e a qu\u00edmica do corpo.<\/p>\n<\/div>\n<div class=\"kc-elm kc-css-1579926\" style=\"height: 38px; clear: both; width:100%;\"><\/div>\n<\/div>\n<\/div>\n<\/div>\n<\/div>\n<\/section>\n","protected":false},"excerpt":{"rendered":"<p>INVESTGA\u00c7\u00d5ES BIOL\u00d3GICAS REALIZADAS NUM PER\u00cdODO DE 2 ANOS COMPROVARAM : &#8211; A EFICI\u00caNCIA DA MUSICA MULTIDIMENSIONALDE JACOTTE CHOLLET NO ENVIO DE VIBRA\u00c7\u00d5ES COERENTES em c\u00e9lulas humanas vivas.&#8211; ACTIVA\u00c7\u00c3O da comunica\u00e7\u00e3o celular.&#8211; PROVOCA\u00c7\u00c3O DE MUDAN\u00c7AS espectaculares de energia.&#8211; ACTIVA\u00c7\u00c3O de hiper-oxigena\u00e7\u00e3o do sangue.&#8211; MELHORAMENTO DO N\u00cdVEL DE HEMOGLOBINA no sangue (activa\u00e7\u00e3o dos gl\u00f3bulos vermelhos).&#8211; ESTIMULA\u00c7\u00c3O do [&hellip;]<\/p>\n","protected":false},"author":1,"featured_media":0,"parent":0,"menu_order":0,"comment_status":"closed","ping_status":"closed","template":"","meta":{"site-sidebar-layout":"default","site-content-layout":"","ast-site-content-layout":"default","site-content-style":"default","site-sidebar-style":"default","ast-global-header-display":"","ast-banner-title-visibility":"","ast-main-header-display":"","ast-hfb-above-header-display":"","ast-hfb-below-header-display":"","ast-hfb-mobile-header-display":"","site-post-title":"","ast-breadcrumbs-content":"","ast-featured-img":"","footer-sml-layout":"","ast-disable-related-posts":"","theme-transparent-header-meta":"","adv-header-id-meta":"","stick-header-meta":"","header-above-stick-meta":"","header-main-stick-meta":"","header-below-stick-meta":"","astra-migrate-meta-layouts":"default","ast-page-background-enabled":"default","ast-page-background-meta":{"desktop":{"background-color":"var(--ast-global-color-4)","background-image":"","background-repeat":"repeat","background-position":"center center","background-size":"auto","background-attachment":"scroll","background-type":"","background-media":"","overlay-type":"","overlay-color":"","overlay-opacity":"","overlay-gradient":""},"tablet":{"background-color":"","background-image":"","background-repeat":"repeat","background-position":"center center","background-size":"auto","background-attachment":"scroll","background-type":"","background-media":"","overlay-type":"","overlay-color":"","overlay-opacity":"","overlay-gradient":""},"mobile":{"background-color":"","background-image":"","background-repeat":"repeat","background-position":"center center","background-size":"auto","background-attachment":"scroll","background-type":"","background-media":"","overlay-type":"","overlay-color":"","overlay-opacity":"","overlay-gradient":""}},"ast-content-background-meta":{"desktop":{"background-color":"var(--ast-global-color-5)","background-image":"","background-repeat":"repeat","background-position":"center center","background-size":"auto","background-attachment":"scroll","background-type":"","background-media":"","overlay-type":"","overlay-color":"","overlay-opacity":"","overlay-gradient":""},"tablet":{"background-color":"var(--ast-global-color-5)","background-image":"","background-repeat":"repeat","background-position":"center center","background-size":"auto","background-attachment":"scroll","background-type":"","background-media":"","overlay-type":"","overlay-color":"","overlay-opacity":"","overlay-gradient":""},"mobile":{"background-color":"var(--ast-global-color-5)","background-image":"","background-repeat":"repeat","background-position":"center center","background-size":"auto","background-attachment":"scroll","background-type":"","background-media":"","overlay-type":"","overlay-color":"","overlay-opacity":"","overlay-gradient":""}},"footnotes":""},"class_list":["post-3123","page","type-page","status-publish","hentry"],"yoast_head":"<!-- This site is optimized with the Yoast SEO Premium plugin v21.7 (Yoast SEO v27.3) - https:\/\/yoast.com\/product\/yoast-seo-premium-wordpress\/ -->\n<title>Efeito na celulas sanguineas - Jacotte Chollet &amp; La M\u00fasica Multidimensional<\/title>\n<meta name=\"robots\" content=\"index, follow, max-snippet:-1, max-image-preview:large, max-video-preview:-1\" \/>\n<link rel=\"canonical\" href=\"https:\/\/multidimensionalmusic.com\/pt-pt\/efeito-na-celulas-sanguineas\/\" \/>\n<meta property=\"og:locale\" content=\"pt_PT\" \/>\n<meta property=\"og:type\" content=\"article\" \/>\n<meta property=\"og:title\" content=\"Efeito na celulas sanguineas\" \/>\n<meta property=\"og:description\" content=\"INVESTGA\u00c7\u00d5ES BIOL\u00d3GICAS REALIZADAS NUM PER\u00cdODO DE 2 ANOS COMPROVARAM : &#8211; A EFICI\u00caNCIA DA MUSICA MULTIDIMENSIONALDE JACOTTE CHOLLET NO ENVIO DE VIBRA\u00c7\u00d5ES COERENTES em c\u00e9lulas humanas vivas.&#8211; ACTIVA\u00c7\u00c3O da comunica\u00e7\u00e3o celular.&#8211; PROVOCA\u00c7\u00c3O DE MUDAN\u00c7AS espectaculares de energia.&#8211; ACTIVA\u00c7\u00c3O de hiper-oxigena\u00e7\u00e3o do sangue.&#8211; MELHORAMENTO DO N\u00cdVEL DE HEMOGLOBINA no sangue (activa\u00e7\u00e3o dos gl\u00f3bulos vermelhos).&#8211; ESTIMULA\u00c7\u00c3O do [&hellip;]\" \/>\n<meta property=\"og:url\" content=\"https:\/\/multidimensionalmusic.com\/pt-pt\/efeito-na-celulas-sanguineas\/\" \/>\n<meta property=\"og:site_name\" content=\"Jacotte Chollet &amp; La M\u00fasica Multidimensional\" \/>\n<meta property=\"article:publisher\" content=\"https:\/\/www.facebook.com\/jacottecholletmusiquemultidimensionnelle\/\" \/>\n<meta property=\"article:modified_time\" content=\"2021-01-14T10:53:22+00:00\" \/>\n<meta property=\"og:image\" content=\"https:\/\/multidimensionalmusic.com\/wp-content\/uploads\/2017\/07\/recherche-musique-jacotte-cellule1.jpg\" \/>\n<meta name=\"twitter:card\" content=\"summary_large_image\" \/>\n<meta name=\"twitter:label1\" content=\"Tempo estimado de leitura\" \/>\n\t<meta name=\"twitter:data1\" content=\"4 minutos\" \/>\n<script type=\"application\/ld+json\" class=\"yoast-schema-graph\">{\"@context\":\"https:\\\/\\\/schema.org\",\"@graph\":[{\"@type\":\"WebPage\",\"@id\":\"https:\\\/\\\/multidimensionalmusic.com\\\/pt-pt\\\/efeito-na-celulas-sanguineas\\\/\",\"url\":\"https:\\\/\\\/multidimensionalmusic.com\\\/pt-pt\\\/efeito-na-celulas-sanguineas\\\/\",\"name\":\"Efeito na celulas sanguineas - Jacotte Chollet &amp; La M\u00fasica Multidimensional\",\"isPartOf\":{\"@id\":\"https:\\\/\\\/multidimensionalmusic.com\\\/pt-pt\\\/#website\"},\"primaryImageOfPage\":{\"@id\":\"https:\\\/\\\/multidimensionalmusic.com\\\/pt-pt\\\/efeito-na-celulas-sanguineas\\\/#primaryimage\"},\"image\":{\"@id\":\"https:\\\/\\\/multidimensionalmusic.com\\\/pt-pt\\\/efeito-na-celulas-sanguineas\\\/#primaryimage\"},\"thumbnailUrl\":\"https:\\\/\\\/multidimensionalmusic.com\\\/wp-content\\\/uploads\\\/2017\\\/07\\\/recherche-musique-jacotte-cellule1.jpg\",\"datePublished\":\"2017-11-30T14:53:59+00:00\",\"dateModified\":\"2021-01-14T10:53:22+00:00\",\"breadcrumb\":{\"@id\":\"https:\\\/\\\/multidimensionalmusic.com\\\/pt-pt\\\/efeito-na-celulas-sanguineas\\\/#breadcrumb\"},\"inLanguage\":\"pt-PT\",\"potentialAction\":[{\"@type\":\"ReadAction\",\"target\":[\"https:\\\/\\\/multidimensionalmusic.com\\\/pt-pt\\\/efeito-na-celulas-sanguineas\\\/\"]}]},{\"@type\":\"ImageObject\",\"inLanguage\":\"pt-PT\",\"@id\":\"https:\\\/\\\/multidimensionalmusic.com\\\/pt-pt\\\/efeito-na-celulas-sanguineas\\\/#primaryimage\",\"url\":\"https:\\\/\\\/multidimensionalmusic.com\\\/wp-content\\\/uploads\\\/2017\\\/07\\\/recherche-musique-jacotte-cellule1.jpg\",\"contentUrl\":\"https:\\\/\\\/multidimensionalmusic.com\\\/wp-content\\\/uploads\\\/2017\\\/07\\\/recherche-musique-jacotte-cellule1.jpg\"},{\"@type\":\"BreadcrumbList\",\"@id\":\"https:\\\/\\\/multidimensionalmusic.com\\\/pt-pt\\\/efeito-na-celulas-sanguineas\\\/#breadcrumb\",\"itemListElement\":[{\"@type\":\"ListItem\",\"position\":1,\"name\":\"Home\",\"item\":\"https:\\\/\\\/multidimensionalmusic.com\\\/pt-pt\\\/\"},{\"@type\":\"ListItem\",\"position\":2,\"name\":\"Efeito na celulas sanguineas\"}]},{\"@type\":\"WebSite\",\"@id\":\"https:\\\/\\\/multidimensionalmusic.com\\\/pt-pt\\\/#website\",\"url\":\"https:\\\/\\\/multidimensionalmusic.com\\\/pt-pt\\\/\",\"name\":\"Jacotte Chollet - La Musique Multidimensionnelle\",\"description\":\"Medita\u00e7\u00e3o - Relaxa\u00e7\u00e3o profunda - Liberta\u00e7\u00e3o emocional - Alinhamento energ\u00e9tico - Expans\u00e3o da consci\u00eancia - Intui\u00e7\u00e3o e Criatividade\",\"publisher\":{\"@id\":\"https:\\\/\\\/multidimensionalmusic.com\\\/pt-pt\\\/#organization\"},\"potentialAction\":[{\"@type\":\"SearchAction\",\"target\":{\"@type\":\"EntryPoint\",\"urlTemplate\":\"https:\\\/\\\/multidimensionalmusic.com\\\/pt-pt\\\/?s={search_term_string}\"},\"query-input\":{\"@type\":\"PropertyValueSpecification\",\"valueRequired\":true,\"valueName\":\"search_term_string\"}}],\"inLanguage\":\"pt-PT\"},{\"@type\":\"Organization\",\"@id\":\"https:\\\/\\\/multidimensionalmusic.com\\\/pt-pt\\\/#organization\",\"name\":\"Jacotte Chollet Multidimensional Music\",\"url\":\"https:\\\/\\\/multidimensionalmusic.com\\\/pt-pt\\\/\",\"logo\":{\"@type\":\"ImageObject\",\"inLanguage\":\"pt-PT\",\"@id\":\"https:\\\/\\\/multidimensionalmusic.com\\\/pt-pt\\\/#\\\/schema\\\/logo\\\/image\\\/\",\"url\":\"https:\\\/\\\/multidimensionalmusic.com\\\/wp-content\\\/uploads\\\/2025\\\/03\\\/header-logo-site-vitrine-jacotte-chollet-mmd-transparent.png\",\"contentUrl\":\"https:\\\/\\\/multidimensionalmusic.com\\\/wp-content\\\/uploads\\\/2025\\\/03\\\/header-logo-site-vitrine-jacotte-chollet-mmd-transparent.png\",\"width\":800,\"height\":358,\"caption\":\"Jacotte Chollet Multidimensional Music\"},\"image\":{\"@id\":\"https:\\\/\\\/multidimensionalmusic.com\\\/pt-pt\\\/#\\\/schema\\\/logo\\\/image\\\/\"},\"sameAs\":[\"https:\\\/\\\/www.facebook.com\\\/jacottecholletmusiquemultidimensionnelle\\\/\",\"https:\\\/\\\/www.instagram.com\\\/jacottechollet\\\/\",\"https:\\\/\\\/www.linkedin.com\\\/in\\\/jacotte-chollet-41a09812\\\/\",\"https:\\\/\\\/www.youtube.com\\\/channel\\\/UCKDtAKgspnDQqggI1bAOl_g\"]}]}<\/script>\n<!-- \/ Yoast SEO Premium plugin. -->","yoast_head_json":{"title":"Efeito na celulas sanguineas - Jacotte Chollet &amp; La M\u00fasica Multidimensional","robots":{"index":"index","follow":"follow","max-snippet":"max-snippet:-1","max-image-preview":"max-image-preview:large","max-video-preview":"max-video-preview:-1"},"canonical":"https:\/\/multidimensionalmusic.com\/pt-pt\/efeito-na-celulas-sanguineas\/","og_locale":"pt_PT","og_type":"article","og_title":"Efeito na celulas sanguineas","og_description":"INVESTGA\u00c7\u00d5ES BIOL\u00d3GICAS REALIZADAS NUM PER\u00cdODO DE 2 ANOS COMPROVARAM : &#8211; A EFICI\u00caNCIA DA MUSICA MULTIDIMENSIONALDE JACOTTE CHOLLET NO ENVIO DE VIBRA\u00c7\u00d5ES COERENTES em c\u00e9lulas humanas vivas.&#8211; ACTIVA\u00c7\u00c3O da comunica\u00e7\u00e3o celular.&#8211; PROVOCA\u00c7\u00c3O DE MUDAN\u00c7AS espectaculares de energia.&#8211; ACTIVA\u00c7\u00c3O de hiper-oxigena\u00e7\u00e3o do sangue.&#8211; MELHORAMENTO DO N\u00cdVEL DE HEMOGLOBINA no sangue (activa\u00e7\u00e3o dos gl\u00f3bulos vermelhos).&#8211; ESTIMULA\u00c7\u00c3O do [&hellip;]","og_url":"https:\/\/multidimensionalmusic.com\/pt-pt\/efeito-na-celulas-sanguineas\/","og_site_name":"Jacotte Chollet &amp; La M\u00fasica Multidimensional","article_publisher":"https:\/\/www.facebook.com\/jacottecholletmusiquemultidimensionnelle\/","article_modified_time":"2021-01-14T10:53:22+00:00","og_image":[{"url":"https:\/\/multidimensionalmusic.com\/wp-content\/uploads\/2017\/07\/recherche-musique-jacotte-cellule1.jpg","type":"","width":"","height":""}],"twitter_card":"summary_large_image","twitter_misc":{"Tempo estimado de leitura":"4 minutos"},"schema":{"@context":"https:\/\/schema.org","@graph":[{"@type":"WebPage","@id":"https:\/\/multidimensionalmusic.com\/pt-pt\/efeito-na-celulas-sanguineas\/","url":"https:\/\/multidimensionalmusic.com\/pt-pt\/efeito-na-celulas-sanguineas\/","name":"Efeito na celulas sanguineas - Jacotte Chollet &amp; La M\u00fasica Multidimensional","isPartOf":{"@id":"https:\/\/multidimensionalmusic.com\/pt-pt\/#website"},"primaryImageOfPage":{"@id":"https:\/\/multidimensionalmusic.com\/pt-pt\/efeito-na-celulas-sanguineas\/#primaryimage"},"image":{"@id":"https:\/\/multidimensionalmusic.com\/pt-pt\/efeito-na-celulas-sanguineas\/#primaryimage"},"thumbnailUrl":"https:\/\/multidimensionalmusic.com\/wp-content\/uploads\/2017\/07\/recherche-musique-jacotte-cellule1.jpg","datePublished":"2017-11-30T14:53:59+00:00","dateModified":"2021-01-14T10:53:22+00:00","breadcrumb":{"@id":"https:\/\/multidimensionalmusic.com\/pt-pt\/efeito-na-celulas-sanguineas\/#breadcrumb"},"inLanguage":"pt-PT","potentialAction":[{"@type":"ReadAction","target":["https:\/\/multidimensionalmusic.com\/pt-pt\/efeito-na-celulas-sanguineas\/"]}]},{"@type":"ImageObject","inLanguage":"pt-PT","@id":"https:\/\/multidimensionalmusic.com\/pt-pt\/efeito-na-celulas-sanguineas\/#primaryimage","url":"https:\/\/multidimensionalmusic.com\/wp-content\/uploads\/2017\/07\/recherche-musique-jacotte-cellule1.jpg","contentUrl":"https:\/\/multidimensionalmusic.com\/wp-content\/uploads\/2017\/07\/recherche-musique-jacotte-cellule1.jpg"},{"@type":"BreadcrumbList","@id":"https:\/\/multidimensionalmusic.com\/pt-pt\/efeito-na-celulas-sanguineas\/#breadcrumb","itemListElement":[{"@type":"ListItem","position":1,"name":"Home","item":"https:\/\/multidimensionalmusic.com\/pt-pt\/"},{"@type":"ListItem","position":2,"name":"Efeito na celulas sanguineas"}]},{"@type":"WebSite","@id":"https:\/\/multidimensionalmusic.com\/pt-pt\/#website","url":"https:\/\/multidimensionalmusic.com\/pt-pt\/","name":"Jacotte Chollet - La Musique Multidimensionnelle","description":"Medita\u00e7\u00e3o - Relaxa\u00e7\u00e3o profunda - Liberta\u00e7\u00e3o emocional - Alinhamento energ\u00e9tico - Expans\u00e3o da consci\u00eancia - Intui\u00e7\u00e3o e Criatividade","publisher":{"@id":"https:\/\/multidimensionalmusic.com\/pt-pt\/#organization"},"potentialAction":[{"@type":"SearchAction","target":{"@type":"EntryPoint","urlTemplate":"https:\/\/multidimensionalmusic.com\/pt-pt\/?s={search_term_string}"},"query-input":{"@type":"PropertyValueSpecification","valueRequired":true,"valueName":"search_term_string"}}],"inLanguage":"pt-PT"},{"@type":"Organization","@id":"https:\/\/multidimensionalmusic.com\/pt-pt\/#organization","name":"Jacotte Chollet Multidimensional Music","url":"https:\/\/multidimensionalmusic.com\/pt-pt\/","logo":{"@type":"ImageObject","inLanguage":"pt-PT","@id":"https:\/\/multidimensionalmusic.com\/pt-pt\/#\/schema\/logo\/image\/","url":"https:\/\/multidimensionalmusic.com\/wp-content\/uploads\/2025\/03\/header-logo-site-vitrine-jacotte-chollet-mmd-transparent.png","contentUrl":"https:\/\/multidimensionalmusic.com\/wp-content\/uploads\/2025\/03\/header-logo-site-vitrine-jacotte-chollet-mmd-transparent.png","width":800,"height":358,"caption":"Jacotte Chollet Multidimensional Music"},"image":{"@id":"https:\/\/multidimensionalmusic.com\/pt-pt\/#\/schema\/logo\/image\/"},"sameAs":["https:\/\/www.facebook.com\/jacottecholletmusiquemultidimensionnelle\/","https:\/\/www.instagram.com\/jacottechollet\/","https:\/\/www.linkedin.com\/in\/jacotte-chollet-41a09812\/","https:\/\/www.youtube.com\/channel\/UCKDtAKgspnDQqggI1bAOl_g"]}]}},"_links":{"self":[{"href":"https:\/\/multidimensionalmusic.com\/pt-pt\/wp-json\/wp\/v2\/pages\/3123","targetHints":{"allow":["GET"]}}],"collection":[{"href":"https:\/\/multidimensionalmusic.com\/pt-pt\/wp-json\/wp\/v2\/pages"}],"about":[{"href":"https:\/\/multidimensionalmusic.com\/pt-pt\/wp-json\/wp\/v2\/types\/page"}],"author":[{"embeddable":true,"href":"https:\/\/multidimensionalmusic.com\/pt-pt\/wp-json\/wp\/v2\/users\/1"}],"replies":[{"embeddable":true,"href":"https:\/\/multidimensionalmusic.com\/pt-pt\/wp-json\/wp\/v2\/comments?post=3123"}],"version-history":[{"count":0,"href":"https:\/\/multidimensionalmusic.com\/pt-pt\/wp-json\/wp\/v2\/pages\/3123\/revisions"}],"wp:attachment":[{"href":"https:\/\/multidimensionalmusic.com\/pt-pt\/wp-json\/wp\/v2\/media?parent=3123"}],"curies":[{"name":"wp","href":"https:\/\/api.w.org\/{rel}","templated":true}]}}