{"id":3092,"date":"2017-11-30T15:10:46","date_gmt":"2017-11-30T14:10:46","guid":{"rendered":"https:\/\/multidimensionalmusic.com\/?page_id=3092"},"modified":"2021-08-20T16:33:43","modified_gmt":"2021-08-20T14:33:43","slug":"artigos-de-imprensa","status":"publish","type":"page","link":"https:\/\/multidimensionalmusic.com\/pt-pt\/artigos-de-imprensa\/","title":{"rendered":"Artigos de imprensa"},"content":{"rendered":"<style type=\"text\/css\">@media only screen and (min-width: 1000px) and (max-width: 5000px){body.kc-css-system .kc-css-2580620{width: 11.99%;}body.kc-css-system .kc-css-1303643{width: 37.99%;}body.kc-css-system .kc-css-1174124{width: 38.28%;}body.kc-css-system .kc-css-2392530{width: 11.7%;}body.kc-css-system .kc-css-3558977{width: 11.99%;}body.kc-css-system .kc-css-1552632{width: 37.99%;}body.kc-css-system .kc-css-2552321{width: 38.28%;}body.kc-css-system .kc-css-1878545{width: 11.7%;}body.kc-css-system .kc-css-852818{width: 25%;}body.kc-css-system .kc-css-1453784{width: 25%;}body.kc-css-system .kc-css-3441159{width: 25%;}body.kc-css-system .kc-css-788033{width: 25%;}body.kc-css-system .kc-css-1708426{width: 25%;}body.kc-css-system .kc-css-2293774{width: 25%;}body.kc-css-system .kc-css-614650{width: 25%;}body.kc-css-system .kc-css-4001220{width: 25%;}}body.kc-css-system .kc-css-3627067{margin-top: 20px;margin-bottom: 0px;padding-top: 0px;padding-bottom: 0px;}body.kc-css-system .kc-css-1946019 p{margin-bottom: 20px;}body.kc-css-system .kc-css-317432{margin-top: 20px;margin-bottom: 0px;padding-top: 0px;padding-bottom: 0px;}body.kc-css-system .kc-css-3683583{margin-top: 0px;margin-bottom: 0px;padding-top: 30px;padding-bottom: 0px;}body.kc-css-system .kc-css-3733597{margin-top: 10px;margin-bottom: 0px;padding-top: 10px;padding-bottom: 0px;}<\/style>\n<section class=\"kc-elm kc-css-3627067 kc_row\">\n<div class=\"kc-row-container  kc-container\">\n<div class=\"kc-wrap-columns\">\n<div class=\"kc-elm kc-css-3220295 kc_col-sm-12 kc_column kc_col-sm-12\">\n<div class=\"kc-col-container\">\n<div data-kc-equalheight=\"true\" data-kc-row-action=\"true\" data-kc-equalheight-align=\"top\" class=\"kc-elm kc-css-498460 kc_row kc_row_inner\">\n<div class=\"kc-elm kc-css-2580620 kc_col-sm-1 kc_column_inner kc_col-sm-1\">\n<div class=\"kc_wrapper kc-col-inner-container\"><\/div>\n<\/div>\n<div class=\"kc-elm kc-css-1303643 kc_col-sm-5 kc_column_inner kc_col-sm-5\">\n<div class=\"kc_wrapper kc-col-inner-container\">\n<div class=\"kc-elm kc-css-1491229 kc_text_block\">\n<h2>ZEN ENERGY<\/h2>\n<p>A m\u00fasica multidimensional pode ajudar muito neste per\u00edodo de crise, de incerteza e stress extremo.<\/p>\n<\/div>\n<\/div>\n<\/div>\n<div class=\"kc-elm kc-css-1174124 kc_col-sm-5 kc_column_inner kc_col-sm-5\">\n<div class=\"kc_wrapper kc-col-inner-container\">\n<div class=\"kc-elm kc-css-1946019 kc_text_block\">\n<h2>ZEN ENERGY<\/h2>\n<p>Jacotte Chollet, criadora de musica terap\u00eautica.<\/p>\n<\/div>\n<\/div>\n<\/div>\n<div class=\"kc-elm kc-css-2392530 kc_col-sm-1 kc_column_inner kc_col-sm-1\">\n<div class=\"kc_wrapper kc-col-inner-container\"><\/div>\n<\/div>\n<\/div>\n<div data-kc-equalheight=\"true\" data-kc-row-action=\"true\" data-kc-equalheight-align=\"top\" class=\"kc-elm kc-css-2638260 kc_row kc_row_inner\">\n<div class=\"kc-elm kc-css-3558977 kc_col-sm-1 kc_column_inner kc_col-sm-1\">\n<div class=\"kc_wrapper kc-col-inner-container\"><\/div>\n<\/div>\n<div class=\"kc-elm kc-css-1552632 kc_col-sm-5 kc_column_inner kc_col-sm-5\">\n<div class=\"kc_wrapper kc-col-inner-container\">\n<div class=\"kc-elm kc-css-3003860 kc_text_block\">\n<p><a href=\"https:\/\/multidimensionalmusic.com\/zen-energy-setembre2012-web.pdf\" target=\"_blank\" rel=\"noopener\"><img fetchpriority=\"high\" decoding=\"async\" class=\"alignleft\" src=\"https:\/\/multidimensionalmusic.com\/wp-content\/uploads\/2017\/11\/zen-energy-musica-jacotte-chollet-artigos-2.jpg\" alt=\"artigos de imprensa musica Jacotte Chollet\" width=\"400\" height=\"537\" \/><\/a><\/p>\n<\/div>\n<\/div>\n<\/div>\n<div class=\"kc-elm kc-css-2552321 kc_col-sm-5 kc_column_inner kc_col-sm-5\">\n<div class=\"kc_wrapper kc-col-inner-container\">\n<div class=\"kc-elm kc-css-1714634 kc_text_block\">\n<p><a href=\"https:\/\/multidimensionalmusic.com\/zen-energy-revista-web.pdf\" target=\"_blank\" rel=\"noopener\"><img decoding=\"async\" class=\"alignleft\" src=\"https:\/\/multidimensionalmusic.com\/wp-content\/uploads\/2017\/11\/zen-energy-musica-jacotte-chollet-artigos-1.jpg\" alt=\"\" width=\"400\" height=\"537\" \/><\/a><\/p>\n<\/div>\n<\/div>\n<\/div>\n<div class=\"kc-elm kc-css-1878545 kc_col-sm-1 kc_column_inner kc_col-sm-1\">\n<div class=\"kc_wrapper kc-col-inner-container\"><\/div>\n<\/div>\n<\/div>\n<\/div>\n<\/div>\n<\/div>\n<\/div>\n<\/section>\n<section class=\"kc-elm kc-css-317432 kc_row\">\n<div class=\"kc-row-container  kc-container\">\n<div class=\"kc-wrap-columns\">\n<div class=\"kc-elm kc-css-1926176 kc_col-sm-12 kc_column kc_col-sm-12\">\n<div class=\"kc-col-container\">\n<div class=\"kc-elm kc-css-818786 kc_text_block\">\n<h2 style=\"text-align: center;\">Artigos de imprensa en frances<\/h2>\n<\/div>\n<\/div>\n<\/div>\n<\/div>\n<\/div>\n<\/section>\n<section class=\"kc-elm kc-css-3683583 kc_row\">\n<div class=\"kc-row-container  kc-container\">\n<div class=\"kc-wrap-columns\">\n<div class=\"kc-elm kc-css-852818 kc_col-sm-3 kc_column kc_col-sm-3\">\n<div class=\"kc-col-container\">\n<div class=\"kc-elm kc-css-114410 kc_text_block\">\n<p><a href=\"http:\/\/midetplus.fr\/bien-etre\/la-musique-multidimensionnelle\/\" target=\"_blank\" rel=\"noopener\"><img decoding=\"async\" class=\"alignleft\" src=\"https:\/\/multidimensionalmusic.com\/wp-content\/uploads\/2017\/07\/article-midetplus-jacottechollet.jpg\" alt=\"\" width=\"300\" height=\"200\" \/><\/a><\/p>\n<\/div>\n<\/div>\n<\/div>\n<div class=\"kc-elm kc-css-1453784 kc_col-sm-3 kc_column kc_col-sm-3\">\n<div class=\"kc-col-container\">\n<div class=\"kc-elm kc-css-1235992 kc_text_block\">\n<p><a href=\"https:\/\/multidimensionalmusic.com\/Jacottechollet-CD-Essence-prima-aout2016-web.pdf\" target=\"_blank\" rel=\"noopener\"><img loading=\"lazy\" decoding=\"async\" class=\"alignleft\" src=\"https:\/\/multidimensionalmusic.com\/wp-content\/uploads\/2017\/07\/couverture-prima-lamusiquedejacottechollet.jpg\" alt=\"prima press article jacotte chollet\" width=\"300\" height=\"200\" \/><\/a><\/p>\n<\/div>\n<\/div>\n<\/div>\n<div class=\"kc-elm kc-css-3441159 kc_col-sm-3 kc_column kc_col-sm-3\">\n<div class=\"kc-col-container\">\n<div class=\"kc-elm kc-css-3178333 kc_text_block\">\n<p><a href=\"https:\/\/multidimensionalmusic.com\/article-presse-musiquemultidimensionnelle-happinez-novembre-2015.pdf\" target=\"_blank\" rel=\"noopener\"><img loading=\"lazy\" decoding=\"async\" class=\"alignleft\" src=\"https:\/\/multidimensionalmusic.com\/wp-content\/uploads\/2017\/07\/article-presse-happinez-musique-multidimensionnelle-home.jpg\" alt=\"\" width=\"268\" height=\"180\" \/><\/a><\/p>\n<\/div>\n<\/div>\n<\/div>\n<div class=\"kc-elm kc-css-788033 kc_col-sm-3 kc_column kc_col-sm-3\">\n<div class=\"kc-col-container\">\n<div class=\"kc-elm kc-css-3689251 kc_text_block\">\n<p><a href=\"https:\/\/multidimensionalmusic.com\/viepratiquefeminin-parution-presse-jacottechollet-mussiquemultidimensionnelle.pdf\" target=\"_blank\" rel=\"noopener\"><img loading=\"lazy\" decoding=\"async\" class=\"alignleft\" src=\"https:\/\/multidimensionalmusic.com\/wp-content\/uploads\/2017\/07\/couverture-viepratiquefeminin-septembre2015.jpg\" alt=\"\" width=\"300\" height=\"196\" \/><\/a><\/p>\n<\/div>\n<\/div>\n<\/div>\n<\/div>\n<\/div>\n<\/section>\n<section class=\"kc-elm kc-css-3733597 kc_row\">\n<div class=\"kc-row-container  kc-container\">\n<div class=\"kc-wrap-columns\">\n<div class=\"kc-elm kc-css-1708426 kc_col-sm-3 kc_column kc_col-sm-3\">\n<div class=\"kc-col-container\">\n<div class=\"kc-elm kc-css-1493501 kc_text_block\">\n<p><img loading=\"lazy\" decoding=\"async\" class=\"alignleft size-full\" src=\"https:\/\/multidimensionalmusic.com\/wp-content\/uploads\/2017\/07\/femme-actuelle-musique-jacotte-chollet-juin2018-2.png\" alt=\"\" width=\"424\" height=\"254\" \/><\/p>\n<\/div>\n<\/div>\n<\/div>\n<div class=\"kc-elm kc-css-2293774 kc_col-sm-3 kc_column kc_col-sm-3\">\n<div class=\"kc-col-container\">\n<div class=\"kc-elm kc-css-339709 kc_text_block\">\n<p><a href=\"https:\/\/multidimensionalmusic.com\/femme-actuelle-musique-multidimensionnelle-mars2015-web.pdf\" target=\"_blank\" rel=\"noopener\"><img loading=\"lazy\" decoding=\"async\" class=\"alignleft\" src=\"https:\/\/multidimensionalmusic.com\/wp-content\/uploads\/2017\/07\/femme-actuelle-parution-jacotte-chollet-avril2015.jpg\" alt=\"parution femme actuelle\" width=\"300\" height=\"196\" \/><\/a><\/p>\n<\/div>\n<\/div>\n<\/div>\n<div class=\"kc-elm kc-css-614650 kc_col-sm-3 kc_column kc_col-sm-3\">\n<div class=\"kc-col-container\">\n<div class=\"kc-elm kc-css-686909 kc_text_block\">\n<p><a href=\"https:\/\/multidimensionalmusic.com\/femme-actuelle-musique-multidimensionnelle-mars2015-web.pdf\" target=\"_blank\" rel=\"noopener\"><img loading=\"lazy\" decoding=\"async\" class=\"alignleft\" src=\"https:\/\/multidimensionalmusic.com\/wp-content\/uploads\/2017\/07\/femme-actuelle-parution-jacotte-chollet-mars2015.jpg\" alt=\"femme actuelle la musique de jacotte chollet\" width=\"300\" height=\"196\" \/><\/a><\/p>\n<\/div>\n<\/div>\n<\/div>\n<div class=\"kc-elm kc-css-4001220 kc_col-sm-3 kc_column kc_col-sm-3\">\n<div class=\"kc-col-container\">\n<div class=\"kc-elm kc-css-4049176 kc_text_block\">\n<p>\n<a href=\"https:\/\/multidimensionalmusic.com\/articles-de-presse\/\" target=\"_blank\" rel=\"noopener\">ARTIGOS EN FRANCES<\/a><\/p>\n<\/div>\n<\/div>\n<\/div>\n<\/div>\n<\/div>\n<\/section>\n","protected":false},"excerpt":{"rendered":"<p>ZEN ENERGY A m\u00fasica multidimensional pode ajudar muito neste per\u00edodo de crise, de incerteza e stress extremo. ZEN ENERGY Jacotte Chollet, criadora de musica terap\u00eautica. Artigos de imprensa en frances ARTIGOS EN FRANCES<\/p>\n","protected":false},"author":1,"featured_media":0,"parent":0,"menu_order":0,"comment_status":"closed","ping_status":"closed","template":"","meta":{"site-sidebar-layout":"default","site-content-layout":"","ast-site-content-layout":"default","site-content-style":"default","site-sidebar-style":"default","ast-global-header-display":"","ast-banner-title-visibility":"","ast-main-header-display":"","ast-hfb-above-header-display":"","ast-hfb-below-header-display":"","ast-hfb-mobile-header-display":"","site-post-title":"","ast-breadcrumbs-content":"","ast-featured-img":"","footer-sml-layout":"","ast-disable-related-posts":"","theme-transparent-header-meta":"","adv-header-id-meta":"","stick-header-meta":"","header-above-stick-meta":"","header-main-stick-meta":"","header-below-stick-meta":"","astra-migrate-meta-layouts":"default","ast-page-background-enabled":"default","ast-page-background-meta":{"desktop":{"background-color":"var(--ast-global-color-4)","background-image":"","background-repeat":"repeat","background-position":"center center","background-size":"auto","background-attachment":"scroll","background-type":"","background-media":"","overlay-type":"","overlay-color":"","overlay-opacity":"","overlay-gradient":""},"tablet":{"background-color":"","background-image":"","background-repeat":"repeat","background-position":"center center","background-size":"auto","background-attachment":"scroll","background-type":"","background-media":"","overlay-type":"","overlay-color":"","overlay-opacity":"","overlay-gradient":""},"mobile":{"background-color":"","background-image":"","background-repeat":"repeat","background-position":"center center","background-size":"auto","background-attachment":"scroll","background-type":"","background-media":"","overlay-type":"","overlay-color":"","overlay-opacity":"","overlay-gradient":""}},"ast-content-background-meta":{"desktop":{"background-color":"var(--ast-global-color-5)","background-image":"","background-repeat":"repeat","background-position":"center center","background-size":"auto","background-attachment":"scroll","background-type":"","background-media":"","overlay-type":"","overlay-color":"","overlay-opacity":"","overlay-gradient":""},"tablet":{"background-color":"var(--ast-global-color-5)","background-image":"","background-repeat":"repeat","background-position":"center center","background-size":"auto","background-attachment":"scroll","background-type":"","background-media":"","overlay-type":"","overlay-color":"","overlay-opacity":"","overlay-gradient":""},"mobile":{"background-color":"var(--ast-global-color-5)","background-image":"","background-repeat":"repeat","background-position":"center center","background-size":"auto","background-attachment":"scroll","background-type":"","background-media":"","overlay-type":"","overlay-color":"","overlay-opacity":"","overlay-gradient":""}},"footnotes":""},"class_list":["post-3092","page","type-page","status-publish","hentry"],"yoast_head":"<!-- This site is optimized with the Yoast SEO Premium plugin v21.7 (Yoast SEO v27.4) - https:\/\/yoast.com\/product\/yoast-seo-premium-wordpress\/ -->\n<title>Artigos de imprensa - Jacotte Chollet &amp; La M\u00fasica Multidimensional<\/title>\n<meta name=\"robots\" content=\"index, follow, max-snippet:-1, max-image-preview:large, max-video-preview:-1\" \/>\n<link rel=\"canonical\" href=\"https:\/\/multidimensionalmusic.com\/pt-pt\/artigos-de-imprensa\/\" \/>\n<meta property=\"og:locale\" content=\"pt_PT\" \/>\n<meta property=\"og:type\" content=\"article\" \/>\n<meta property=\"og:title\" content=\"Artigos de imprensa\" \/>\n<meta property=\"og:description\" content=\"ZEN ENERGY A m\u00fasica multidimensional pode ajudar muito neste per\u00edodo de crise, de incerteza e stress extremo. ZEN ENERGY Jacotte Chollet, criadora de musica terap\u00eautica. Artigos de imprensa en frances ARTIGOS EN FRANCES\" \/>\n<meta property=\"og:url\" content=\"https:\/\/multidimensionalmusic.com\/pt-pt\/artigos-de-imprensa\/\" \/>\n<meta property=\"og:site_name\" content=\"Jacotte Chollet &amp; La M\u00fasica Multidimensional\" \/>\n<meta property=\"article:publisher\" content=\"https:\/\/www.facebook.com\/jacottecholletmusiquemultidimensionnelle\/\" \/>\n<meta property=\"article:modified_time\" content=\"2021-08-20T14:33:43+00:00\" \/>\n<meta property=\"og:image\" content=\"https:\/\/multidimensionalmusic.com\/wp-content\/uploads\/2017\/11\/zen-energy-musica-jacotte-chollet-artigos-2.jpg\" \/>\n<meta name=\"twitter:card\" content=\"summary_large_image\" \/>\n<script type=\"application\/ld+json\" class=\"yoast-schema-graph\">{\"@context\":\"https:\\\/\\\/schema.org\",\"@graph\":[{\"@type\":\"WebPage\",\"@id\":\"https:\\\/\\\/multidimensionalmusic.com\\\/pt-pt\\\/artigos-de-imprensa\\\/\",\"url\":\"https:\\\/\\\/multidimensionalmusic.com\\\/pt-pt\\\/artigos-de-imprensa\\\/\",\"name\":\"Artigos de imprensa - Jacotte Chollet &amp; La M\u00fasica Multidimensional\",\"isPartOf\":{\"@id\":\"https:\\\/\\\/multidimensionalmusic.com\\\/pt-pt\\\/#website\"},\"primaryImageOfPage\":{\"@id\":\"https:\\\/\\\/multidimensionalmusic.com\\\/pt-pt\\\/artigos-de-imprensa\\\/#primaryimage\"},\"image\":{\"@id\":\"https:\\\/\\\/multidimensionalmusic.com\\\/pt-pt\\\/artigos-de-imprensa\\\/#primaryimage\"},\"thumbnailUrl\":\"https:\\\/\\\/multidimensionalmusic.com\\\/wp-content\\\/uploads\\\/2017\\\/11\\\/zen-energy-musica-jacotte-chollet-artigos-2.jpg\",\"datePublished\":\"2017-11-30T14:10:46+00:00\",\"dateModified\":\"2021-08-20T14:33:43+00:00\",\"breadcrumb\":{\"@id\":\"https:\\\/\\\/multidimensionalmusic.com\\\/pt-pt\\\/artigos-de-imprensa\\\/#breadcrumb\"},\"inLanguage\":\"pt-PT\",\"potentialAction\":[{\"@type\":\"ReadAction\",\"target\":[\"https:\\\/\\\/multidimensionalmusic.com\\\/pt-pt\\\/artigos-de-imprensa\\\/\"]}]},{\"@type\":\"ImageObject\",\"inLanguage\":\"pt-PT\",\"@id\":\"https:\\\/\\\/multidimensionalmusic.com\\\/pt-pt\\\/artigos-de-imprensa\\\/#primaryimage\",\"url\":\"https:\\\/\\\/multidimensionalmusic.com\\\/wp-content\\\/uploads\\\/2017\\\/11\\\/zen-energy-musica-jacotte-chollet-artigos-2.jpg\",\"contentUrl\":\"https:\\\/\\\/multidimensionalmusic.com\\\/wp-content\\\/uploads\\\/2017\\\/11\\\/zen-energy-musica-jacotte-chollet-artigos-2.jpg\"},{\"@type\":\"BreadcrumbList\",\"@id\":\"https:\\\/\\\/multidimensionalmusic.com\\\/pt-pt\\\/artigos-de-imprensa\\\/#breadcrumb\",\"itemListElement\":[{\"@type\":\"ListItem\",\"position\":1,\"name\":\"Home\",\"item\":\"https:\\\/\\\/multidimensionalmusic.com\\\/pt-pt\\\/\"},{\"@type\":\"ListItem\",\"position\":2,\"name\":\"Artigos de imprensa\"}]},{\"@type\":\"WebSite\",\"@id\":\"https:\\\/\\\/multidimensionalmusic.com\\\/pt-pt\\\/#website\",\"url\":\"https:\\\/\\\/multidimensionalmusic.com\\\/pt-pt\\\/\",\"name\":\"Jacotte Chollet - La Musique Multidimensionnelle\",\"description\":\"Medita\u00e7\u00e3o - Relaxa\u00e7\u00e3o profunda - Liberta\u00e7\u00e3o emocional - Alinhamento energ\u00e9tico - Expans\u00e3o da consci\u00eancia - Intui\u00e7\u00e3o e Criatividade\",\"publisher\":{\"@id\":\"https:\\\/\\\/multidimensionalmusic.com\\\/pt-pt\\\/#organization\"},\"potentialAction\":[{\"@type\":\"SearchAction\",\"target\":{\"@type\":\"EntryPoint\",\"urlTemplate\":\"https:\\\/\\\/multidimensionalmusic.com\\\/pt-pt\\\/?s={search_term_string}\"},\"query-input\":{\"@type\":\"PropertyValueSpecification\",\"valueRequired\":true,\"valueName\":\"search_term_string\"}}],\"inLanguage\":\"pt-PT\"},{\"@type\":\"Organization\",\"@id\":\"https:\\\/\\\/multidimensionalmusic.com\\\/pt-pt\\\/#organization\",\"name\":\"Jacotte Chollet Multidimensional Music\",\"url\":\"https:\\\/\\\/multidimensionalmusic.com\\\/pt-pt\\\/\",\"logo\":{\"@type\":\"ImageObject\",\"inLanguage\":\"pt-PT\",\"@id\":\"https:\\\/\\\/multidimensionalmusic.com\\\/pt-pt\\\/#\\\/schema\\\/logo\\\/image\\\/\",\"url\":\"https:\\\/\\\/multidimensionalmusic.com\\\/wp-content\\\/uploads\\\/2025\\\/03\\\/header-logo-site-vitrine-jacotte-chollet-mmd-transparent.png\",\"contentUrl\":\"https:\\\/\\\/multidimensionalmusic.com\\\/wp-content\\\/uploads\\\/2025\\\/03\\\/header-logo-site-vitrine-jacotte-chollet-mmd-transparent.png\",\"width\":800,\"height\":358,\"caption\":\"Jacotte Chollet Multidimensional Music\"},\"image\":{\"@id\":\"https:\\\/\\\/multidimensionalmusic.com\\\/pt-pt\\\/#\\\/schema\\\/logo\\\/image\\\/\"},\"sameAs\":[\"https:\\\/\\\/www.facebook.com\\\/jacottecholletmusiquemultidimensionnelle\\\/\",\"https:\\\/\\\/www.instagram.com\\\/jacottechollet\\\/\",\"https:\\\/\\\/www.linkedin.com\\\/in\\\/jacotte-chollet-41a09812\\\/\",\"https:\\\/\\\/www.youtube.com\\\/channel\\\/UCKDtAKgspnDQqggI1bAOl_g\"]}]}<\/script>\n<!-- \/ Yoast SEO Premium plugin. -->","yoast_head_json":{"title":"Artigos de imprensa - Jacotte Chollet &amp; La M\u00fasica Multidimensional","robots":{"index":"index","follow":"follow","max-snippet":"max-snippet:-1","max-image-preview":"max-image-preview:large","max-video-preview":"max-video-preview:-1"},"canonical":"https:\/\/multidimensionalmusic.com\/pt-pt\/artigos-de-imprensa\/","og_locale":"pt_PT","og_type":"article","og_title":"Artigos de imprensa","og_description":"ZEN ENERGY A m\u00fasica multidimensional pode ajudar muito neste per\u00edodo de crise, de incerteza e stress extremo. ZEN ENERGY Jacotte Chollet, criadora de musica terap\u00eautica. Artigos de imprensa en frances ARTIGOS EN FRANCES","og_url":"https:\/\/multidimensionalmusic.com\/pt-pt\/artigos-de-imprensa\/","og_site_name":"Jacotte Chollet &amp; La M\u00fasica Multidimensional","article_publisher":"https:\/\/www.facebook.com\/jacottecholletmusiquemultidimensionnelle\/","article_modified_time":"2021-08-20T14:33:43+00:00","og_image":[{"url":"https:\/\/multidimensionalmusic.com\/wp-content\/uploads\/2017\/11\/zen-energy-musica-jacotte-chollet-artigos-2.jpg","type":"","width":"","height":""}],"twitter_card":"summary_large_image","schema":{"@context":"https:\/\/schema.org","@graph":[{"@type":"WebPage","@id":"https:\/\/multidimensionalmusic.com\/pt-pt\/artigos-de-imprensa\/","url":"https:\/\/multidimensionalmusic.com\/pt-pt\/artigos-de-imprensa\/","name":"Artigos de imprensa - Jacotte Chollet &amp; La M\u00fasica Multidimensional","isPartOf":{"@id":"https:\/\/multidimensionalmusic.com\/pt-pt\/#website"},"primaryImageOfPage":{"@id":"https:\/\/multidimensionalmusic.com\/pt-pt\/artigos-de-imprensa\/#primaryimage"},"image":{"@id":"https:\/\/multidimensionalmusic.com\/pt-pt\/artigos-de-imprensa\/#primaryimage"},"thumbnailUrl":"https:\/\/multidimensionalmusic.com\/wp-content\/uploads\/2017\/11\/zen-energy-musica-jacotte-chollet-artigos-2.jpg","datePublished":"2017-11-30T14:10:46+00:00","dateModified":"2021-08-20T14:33:43+00:00","breadcrumb":{"@id":"https:\/\/multidimensionalmusic.com\/pt-pt\/artigos-de-imprensa\/#breadcrumb"},"inLanguage":"pt-PT","potentialAction":[{"@type":"ReadAction","target":["https:\/\/multidimensionalmusic.com\/pt-pt\/artigos-de-imprensa\/"]}]},{"@type":"ImageObject","inLanguage":"pt-PT","@id":"https:\/\/multidimensionalmusic.com\/pt-pt\/artigos-de-imprensa\/#primaryimage","url":"https:\/\/multidimensionalmusic.com\/wp-content\/uploads\/2017\/11\/zen-energy-musica-jacotte-chollet-artigos-2.jpg","contentUrl":"https:\/\/multidimensionalmusic.com\/wp-content\/uploads\/2017\/11\/zen-energy-musica-jacotte-chollet-artigos-2.jpg"},{"@type":"BreadcrumbList","@id":"https:\/\/multidimensionalmusic.com\/pt-pt\/artigos-de-imprensa\/#breadcrumb","itemListElement":[{"@type":"ListItem","position":1,"name":"Home","item":"https:\/\/multidimensionalmusic.com\/pt-pt\/"},{"@type":"ListItem","position":2,"name":"Artigos de imprensa"}]},{"@type":"WebSite","@id":"https:\/\/multidimensionalmusic.com\/pt-pt\/#website","url":"https:\/\/multidimensionalmusic.com\/pt-pt\/","name":"Jacotte Chollet - La Musique Multidimensionnelle","description":"Medita\u00e7\u00e3o - Relaxa\u00e7\u00e3o profunda - Liberta\u00e7\u00e3o emocional - Alinhamento energ\u00e9tico - Expans\u00e3o da consci\u00eancia - Intui\u00e7\u00e3o e Criatividade","publisher":{"@id":"https:\/\/multidimensionalmusic.com\/pt-pt\/#organization"},"potentialAction":[{"@type":"SearchAction","target":{"@type":"EntryPoint","urlTemplate":"https:\/\/multidimensionalmusic.com\/pt-pt\/?s={search_term_string}"},"query-input":{"@type":"PropertyValueSpecification","valueRequired":true,"valueName":"search_term_string"}}],"inLanguage":"pt-PT"},{"@type":"Organization","@id":"https:\/\/multidimensionalmusic.com\/pt-pt\/#organization","name":"Jacotte Chollet Multidimensional Music","url":"https:\/\/multidimensionalmusic.com\/pt-pt\/","logo":{"@type":"ImageObject","inLanguage":"pt-PT","@id":"https:\/\/multidimensionalmusic.com\/pt-pt\/#\/schema\/logo\/image\/","url":"https:\/\/multidimensionalmusic.com\/wp-content\/uploads\/2025\/03\/header-logo-site-vitrine-jacotte-chollet-mmd-transparent.png","contentUrl":"https:\/\/multidimensionalmusic.com\/wp-content\/uploads\/2025\/03\/header-logo-site-vitrine-jacotte-chollet-mmd-transparent.png","width":800,"height":358,"caption":"Jacotte Chollet Multidimensional Music"},"image":{"@id":"https:\/\/multidimensionalmusic.com\/pt-pt\/#\/schema\/logo\/image\/"},"sameAs":["https:\/\/www.facebook.com\/jacottecholletmusiquemultidimensionnelle\/","https:\/\/www.instagram.com\/jacottechollet\/","https:\/\/www.linkedin.com\/in\/jacotte-chollet-41a09812\/","https:\/\/www.youtube.com\/channel\/UCKDtAKgspnDQqggI1bAOl_g"]}]}},"_links":{"self":[{"href":"https:\/\/multidimensionalmusic.com\/pt-pt\/wp-json\/wp\/v2\/pages\/3092","targetHints":{"allow":["GET"]}}],"collection":[{"href":"https:\/\/multidimensionalmusic.com\/pt-pt\/wp-json\/wp\/v2\/pages"}],"about":[{"href":"https:\/\/multidimensionalmusic.com\/pt-pt\/wp-json\/wp\/v2\/types\/page"}],"author":[{"embeddable":true,"href":"https:\/\/multidimensionalmusic.com\/pt-pt\/wp-json\/wp\/v2\/users\/1"}],"replies":[{"embeddable":true,"href":"https:\/\/multidimensionalmusic.com\/pt-pt\/wp-json\/wp\/v2\/comments?post=3092"}],"version-history":[{"count":0,"href":"https:\/\/multidimensionalmusic.com\/pt-pt\/wp-json\/wp\/v2\/pages\/3092\/revisions"}],"wp:attachment":[{"href":"https:\/\/multidimensionalmusic.com\/pt-pt\/wp-json\/wp\/v2\/media?parent=3092"}],"curies":[{"name":"wp","href":"https:\/\/api.w.org\/{rel}","templated":true}]}}