{"id":3060,"date":"2017-11-30T13:21:30","date_gmt":"2017-11-30T12:21:30","guid":{"rendered":"https:\/\/multidimensionalmusic.com\/?page_id=3060"},"modified":"2025-05-23T12:06:10","modified_gmt":"2025-05-23T10:06:10","slug":"aprovacoes-musica","status":"publish","type":"page","link":"https:\/\/multidimensionalmusic.com\/pt-pt\/aprovacoes-musica\/","title":{"rendered":"Aprova\u00e7oes"},"content":{"rendered":"\t\t<div data-elementor-type=\"wp-page\" data-elementor-id=\"3060\" class=\"elementor elementor-3060 elementor-19\" data-elementor-post-type=\"page\">\n\t\t\t\t<div class=\"elementor-element elementor-element-6e9daa8a e-flex e-con-boxed e-con e-parent\" data-id=\"6e9daa8a\" data-element_type=\"container\" data-e-type=\"container\">\n\t\t\t\t\t<div class=\"e-con-inner\">\n\t\t\t\t<div class=\"elementor-element elementor-element-d0a906a elementor-widget elementor-widget-text-editor\" data-id=\"d0a906a\" data-element_type=\"widget\" data-e-type=\"widget\" data-widget_type=\"text-editor.default\">\n\t\t\t\t\t\t\t\t\t<p><strong><em>H\u00e1 muito que admiro o tremendo trabalho criativo que Jacotte CHOLLET tem feito atrav\u00e9s de uma m\u00fasica que evoca estados alterados de consci\u00eancia. As suas composi\u00e7\u00f5es e performances tem o poder de promoverem a cura nos mais profundos n\u00edveis e levam-nos a intensos insights espirituais provocando efeitos transformadores nos seus ouvintes. Estou feliz por ser uma das muitas pessoas a confirmar e abra\u00e7ar o seu importante trabalho, do qual procuro recomendar a todos aqueles que tem resson\u00e2ncia com o poder da m\u00fasica de forma a se entregarem \u00e0 suas energias curativas.<\/em><\/strong><\/p><h5>KENNETH RING<\/h5><p>PH.D. Professor honor\u00e1rio de psicologia, Universidade de Connecticut.Fundador da IANDS, Associa\u00e7\u00e3o Internacional do Estudo de Experi\u00eancias Quase-Morte. Autor do livro Heading towards Omega e de Lessons of the Light (Li\u00e7\u00f5es de Luz).<\/p>\t\t\t\t\t\t\t\t<\/div>\n\t\t\t\t<div class=\"elementor-element elementor-element-e41522b elementor-widget elementor-widget-text-editor\" data-id=\"e41522b\" data-element_type=\"widget\" data-e-type=\"widget\" data-widget_type=\"text-editor.default\">\n\t\t\t\t\t\t\t\t\t<p><strong><em>A m\u00fasica Multidimensional de Jacotte CHOLLET possui a capacidade de levar os seus ouvintes para estados alterados do reino da consci\u00eancia onde eles podem evocar ideias criativas, obter lucidez sobre decis\u00f5es de vida, encontrarem paz de esp\u00edrito ou interagirem com as impress\u00f5es estimuladas por este programa singular. A Senhora CHOLLET produziu uma original tecnologia para o s\u00e9culo 21 que \u00e9 t\u00e3o inspiradora como agrad\u00e1vel.<\/em><\/strong><\/p><h5>STANLEY KRIPPNER<\/h5><p>Professor de Psicologia, SAYBROOK GRADUATE SCHOOL Co-autor do livro Personal Mythology, The Mythic Path, Healing States, entre outros. Editor da Dreamtime &amp; Dreamwork.<\/p>\t\t\t\t\t\t\t\t<\/div>\n\t\t\t\t<div class=\"elementor-element elementor-element-c09494e elementor-widget elementor-widget-text-editor\" data-id=\"c09494e\" data-element_type=\"widget\" data-e-type=\"widget\" data-widget_type=\"text-editor.default\">\n\t\t\t\t\t\t\t\t\t<p><strong><em>Jacotte Chollet \u00e9 uma compositora electr\u00f3nica francesa que criou uma s\u00e9rie absolutamente fant\u00e1stica de discos que s\u00e3o extremamente curativos, intensamente f\u00edsicos e apelativos \u00e0 aprecia\u00e7\u00e3o intelectual ou est\u00e9tica!<\/em><\/strong><\/p><p><strong><em>A sua m\u00fasica tem a sonoridade e a alma de Marcey, mas est\u00e1 tecnicamente anos-luz \u00e0 frente. Ela tamb\u00e9m tem uma sensa\u00e7\u00e3o de Esp\u00edrito e Radia\u00e7\u00e3o Divina que est\u00e1 em harmonia com o trabalho de Michael Hammer.<\/em><\/strong><br \/><strong><em>Considero a aquisi\u00e7\u00e3o das obras de Jacotte como um investimento na minha pr\u00f3pria evolu\u00e7\u00e3o espiritual.<\/em><\/strong><\/p><h5>DARV KRIZTON<\/h5><p>Interface Visionary Sound Arts, EUA.<\/p>\t\t\t\t\t\t\t\t<\/div>\n\t\t\t\t<div class=\"elementor-element elementor-element-65b7ac8 elementor-widget elementor-widget-text-editor\" data-id=\"65b7ac8\" data-element_type=\"widget\" data-e-type=\"widget\" data-widget_type=\"text-editor.default\">\n\t\t\t\t\t\t\t\t\t<p><strong><em>Cara Amiga Jacotte, Com rela\u00e7\u00e3o \u00e0 viagem interior devida ao trabalho contido em seus CDs, eu gostaria de dizer-lhe que eu nunca vi, melhor dizendo: escutei, nada como a sua m\u00fasica multidimensional. Desde o primeiro momento de ouvir os CDs (e eu fiz exatamente como orientado no seu website) uma energia muito forte e vibra\u00e7\u00f5es e emo\u00e7\u00f5es e experi\u00eancias vieram ao meu Ser Integral, inteiro, especialmente ao meu chakra card\u00edaco. Parece que um mestre espiritual estava dirigindo o processo de coordena\u00e7\u00e3o e integra\u00e7\u00e3o de sentimentos, emo\u00e7\u00f5es e experi\u00eancias. Sem qualquer esfor\u00e7o, eu senti como se estivesse viajando atrav\u00e9s de meu espa\u00e7o\/tempo interior, no qual todas as emo\u00e7\u00f5es e pensamentos eram como se fossem outros seres objetivos, com quem eu n\u00e3o s\u00f3 podia falar, mas tamb\u00e9m trocar energia, MUITO FORTE! Desde ent\u00e3o, quando meu bra\u00e7o ainda estava quebrado e eu em repouso, eu tenho ouvido os Cds &#8211; um por dia &#8211; e eu posso lhe dize que estou bastante diferente, para melhor, do que eu estava antes de ouvi-los. Eu n\u00e3o sei lhe dizer, exatamente, como estou me sentindo agora, mas posso afirmar que eu tenho mais paz e energia para fazer face aos acontecimentos ordin\u00e1rios do dia-a-dia. O contato com o meu pr\u00f3prio Eu Superior foi muito, muito facilmente feito por estar ouvindo a sua m\u00fasica. Obrigado, cara amiga, por seu excepcional e maravilhoso trabalho.<br \/><\/em><\/strong><\/p><h5>RAFAEL MELSERT<\/h5><p>M\u00e9dico<\/p>\t\t\t\t\t\t\t\t<\/div>\n\t\t\t\t\t<\/div>\n\t\t\t\t<\/div>\n\t\t\t\t<\/div>\n\t\t","protected":false},"excerpt":{"rendered":"<p>H\u00e1 muito que admiro o tremendo trabalho criativo que Jacotte CHOLLET tem feito atrav\u00e9s de uma m\u00fasica que evoca estados alterados de consci\u00eancia. As suas composi\u00e7\u00f5es e performances tem o poder de promoverem a cura nos mais profundos n\u00edveis e levam-nos a intensos insights espirituais provocando efeitos transformadores nos seus ouvintes. Estou feliz por ser [&hellip;]<\/p>\n","protected":false},"author":1,"featured_media":0,"parent":0,"menu_order":0,"comment_status":"closed","ping_status":"closed","template":"","meta":{"site-sidebar-layout":"default","site-content-layout":"","ast-site-content-layout":"default","site-content-style":"default","site-sidebar-style":"default","ast-global-header-display":"","ast-banner-title-visibility":"","ast-main-header-display":"","ast-hfb-above-header-display":"","ast-hfb-below-header-display":"","ast-hfb-mobile-header-display":"","site-post-title":"","ast-breadcrumbs-content":"","ast-featured-img":"","footer-sml-layout":"","ast-disable-related-posts":"","theme-transparent-header-meta":"","adv-header-id-meta":"","stick-header-meta":"","header-above-stick-meta":"","header-main-stick-meta":"","header-below-stick-meta":"","astra-migrate-meta-layouts":"default","ast-page-background-enabled":"default","ast-page-background-meta":{"desktop":{"background-color":"var(--ast-global-color-4)","background-image":"","background-repeat":"repeat","background-position":"center center","background-size":"auto","background-attachment":"scroll","background-type":"","background-media":"","overlay-type":"","overlay-color":"","overlay-opacity":"","overlay-gradient":""},"tablet":{"background-color":"","background-image":"","background-repeat":"repeat","background-position":"center center","background-size":"auto","background-attachment":"scroll","background-type":"","background-media":"","overlay-type":"","overlay-color":"","overlay-opacity":"","overlay-gradient":""},"mobile":{"background-color":"","background-image":"","background-repeat":"repeat","background-position":"center center","background-size":"auto","background-attachment":"scroll","background-type":"","background-media":"","overlay-type":"","overlay-color":"","overlay-opacity":"","overlay-gradient":""}},"ast-content-background-meta":{"desktop":{"background-color":"var(--ast-global-color-5)","background-image":"","background-repeat":"repeat","background-position":"center center","background-size":"auto","background-attachment":"scroll","background-type":"","background-media":"","overlay-type":"","overlay-color":"","overlay-opacity":"","overlay-gradient":""},"tablet":{"background-color":"var(--ast-global-color-5)","background-image":"","background-repeat":"repeat","background-position":"center center","background-size":"auto","background-attachment":"scroll","background-type":"","background-media":"","overlay-type":"","overlay-color":"","overlay-opacity":"","overlay-gradient":""},"mobile":{"background-color":"var(--ast-global-color-5)","background-image":"","background-repeat":"repeat","background-position":"center center","background-size":"auto","background-attachment":"scroll","background-type":"","background-media":"","overlay-type":"","overlay-color":"","overlay-opacity":"","overlay-gradient":""}},"footnotes":""},"class_list":["post-3060","page","type-page","status-publish","hentry"],"yoast_head":"<!-- This site is optimized with the Yoast SEO Premium plugin v21.7 (Yoast SEO v27.4) - https:\/\/yoast.com\/product\/yoast-seo-premium-wordpress\/ -->\n<title>Aprova\u00e7oes - Jacotte Chollet &amp; La M\u00fasica Multidimensional<\/title>\n<meta name=\"robots\" content=\"index, follow, max-snippet:-1, max-image-preview:large, max-video-preview:-1\" \/>\n<link rel=\"canonical\" href=\"https:\/\/multidimensionalmusic.com\/pt-pt\/aprovacoes-musica\/\" \/>\n<meta property=\"og:locale\" content=\"pt_PT\" \/>\n<meta property=\"og:type\" content=\"article\" \/>\n<meta property=\"og:title\" content=\"Aprova\u00e7oes\" \/>\n<meta property=\"og:description\" content=\"H\u00e1 muito que admiro o tremendo trabalho criativo que Jacotte CHOLLET tem feito atrav\u00e9s de uma m\u00fasica que evoca estados alterados de consci\u00eancia. As suas composi\u00e7\u00f5es e performances tem o poder de promoverem a cura nos mais profundos n\u00edveis e levam-nos a intensos insights espirituais provocando efeitos transformadores nos seus ouvintes. Estou feliz por ser [&hellip;]\" \/>\n<meta property=\"og:url\" content=\"https:\/\/multidimensionalmusic.com\/pt-pt\/aprovacoes-musica\/\" \/>\n<meta property=\"og:site_name\" content=\"Jacotte Chollet &amp; La M\u00fasica Multidimensional\" \/>\n<meta property=\"article:publisher\" content=\"https:\/\/www.facebook.com\/jacottecholletmusiquemultidimensionnelle\/\" \/>\n<meta property=\"article:modified_time\" content=\"2025-05-23T10:06:10+00:00\" \/>\n<meta name=\"twitter:card\" content=\"summary_large_image\" \/>\n<meta name=\"twitter:label1\" content=\"Tempo estimado de leitura\" \/>\n\t<meta name=\"twitter:data1\" content=\"3 minutos\" \/>\n<script type=\"application\/ld+json\" class=\"yoast-schema-graph\">{\"@context\":\"https:\\\/\\\/schema.org\",\"@graph\":[{\"@type\":\"WebPage\",\"@id\":\"https:\\\/\\\/multidimensionalmusic.com\\\/pt-pt\\\/aprovacoes-musica\\\/\",\"url\":\"https:\\\/\\\/multidimensionalmusic.com\\\/pt-pt\\\/aprovacoes-musica\\\/\",\"name\":\"Aprova\u00e7oes - Jacotte Chollet &amp; La M\u00fasica Multidimensional\",\"isPartOf\":{\"@id\":\"https:\\\/\\\/multidimensionalmusic.com\\\/pt-pt\\\/#website\"},\"datePublished\":\"2017-11-30T12:21:30+00:00\",\"dateModified\":\"2025-05-23T10:06:10+00:00\",\"breadcrumb\":{\"@id\":\"https:\\\/\\\/multidimensionalmusic.com\\\/pt-pt\\\/aprovacoes-musica\\\/#breadcrumb\"},\"inLanguage\":\"pt-PT\",\"potentialAction\":[{\"@type\":\"ReadAction\",\"target\":[\"https:\\\/\\\/multidimensionalmusic.com\\\/pt-pt\\\/aprovacoes-musica\\\/\"]}]},{\"@type\":\"BreadcrumbList\",\"@id\":\"https:\\\/\\\/multidimensionalmusic.com\\\/pt-pt\\\/aprovacoes-musica\\\/#breadcrumb\",\"itemListElement\":[{\"@type\":\"ListItem\",\"position\":1,\"name\":\"Home\",\"item\":\"https:\\\/\\\/multidimensionalmusic.com\\\/pt-pt\\\/\"},{\"@type\":\"ListItem\",\"position\":2,\"name\":\"Aprova\u00e7oes\"}]},{\"@type\":\"WebSite\",\"@id\":\"https:\\\/\\\/multidimensionalmusic.com\\\/pt-pt\\\/#website\",\"url\":\"https:\\\/\\\/multidimensionalmusic.com\\\/pt-pt\\\/\",\"name\":\"Jacotte Chollet - La Musique Multidimensionnelle\",\"description\":\"Medita\u00e7\u00e3o - Relaxa\u00e7\u00e3o profunda - Liberta\u00e7\u00e3o emocional - Alinhamento energ\u00e9tico - Expans\u00e3o da consci\u00eancia - Intui\u00e7\u00e3o e Criatividade\",\"publisher\":{\"@id\":\"https:\\\/\\\/multidimensionalmusic.com\\\/pt-pt\\\/#organization\"},\"potentialAction\":[{\"@type\":\"SearchAction\",\"target\":{\"@type\":\"EntryPoint\",\"urlTemplate\":\"https:\\\/\\\/multidimensionalmusic.com\\\/pt-pt\\\/?s={search_term_string}\"},\"query-input\":{\"@type\":\"PropertyValueSpecification\",\"valueRequired\":true,\"valueName\":\"search_term_string\"}}],\"inLanguage\":\"pt-PT\"},{\"@type\":\"Organization\",\"@id\":\"https:\\\/\\\/multidimensionalmusic.com\\\/pt-pt\\\/#organization\",\"name\":\"Jacotte Chollet Multidimensional Music\",\"url\":\"https:\\\/\\\/multidimensionalmusic.com\\\/pt-pt\\\/\",\"logo\":{\"@type\":\"ImageObject\",\"inLanguage\":\"pt-PT\",\"@id\":\"https:\\\/\\\/multidimensionalmusic.com\\\/pt-pt\\\/#\\\/schema\\\/logo\\\/image\\\/\",\"url\":\"https:\\\/\\\/multidimensionalmusic.com\\\/wp-content\\\/uploads\\\/2025\\\/03\\\/header-logo-site-vitrine-jacotte-chollet-mmd-transparent.png\",\"contentUrl\":\"https:\\\/\\\/multidimensionalmusic.com\\\/wp-content\\\/uploads\\\/2025\\\/03\\\/header-logo-site-vitrine-jacotte-chollet-mmd-transparent.png\",\"width\":800,\"height\":358,\"caption\":\"Jacotte Chollet Multidimensional Music\"},\"image\":{\"@id\":\"https:\\\/\\\/multidimensionalmusic.com\\\/pt-pt\\\/#\\\/schema\\\/logo\\\/image\\\/\"},\"sameAs\":[\"https:\\\/\\\/www.facebook.com\\\/jacottecholletmusiquemultidimensionnelle\\\/\",\"https:\\\/\\\/www.instagram.com\\\/jacottechollet\\\/\",\"https:\\\/\\\/www.linkedin.com\\\/in\\\/jacotte-chollet-41a09812\\\/\",\"https:\\\/\\\/www.youtube.com\\\/channel\\\/UCKDtAKgspnDQqggI1bAOl_g\"]}]}<\/script>\n<!-- \/ Yoast SEO Premium plugin. -->","yoast_head_json":{"title":"Aprova\u00e7oes - Jacotte Chollet &amp; La M\u00fasica Multidimensional","robots":{"index":"index","follow":"follow","max-snippet":"max-snippet:-1","max-image-preview":"max-image-preview:large","max-video-preview":"max-video-preview:-1"},"canonical":"https:\/\/multidimensionalmusic.com\/pt-pt\/aprovacoes-musica\/","og_locale":"pt_PT","og_type":"article","og_title":"Aprova\u00e7oes","og_description":"H\u00e1 muito que admiro o tremendo trabalho criativo que Jacotte CHOLLET tem feito atrav\u00e9s de uma m\u00fasica que evoca estados alterados de consci\u00eancia. As suas composi\u00e7\u00f5es e performances tem o poder de promoverem a cura nos mais profundos n\u00edveis e levam-nos a intensos insights espirituais provocando efeitos transformadores nos seus ouvintes. Estou feliz por ser [&hellip;]","og_url":"https:\/\/multidimensionalmusic.com\/pt-pt\/aprovacoes-musica\/","og_site_name":"Jacotte Chollet &amp; La M\u00fasica Multidimensional","article_publisher":"https:\/\/www.facebook.com\/jacottecholletmusiquemultidimensionnelle\/","article_modified_time":"2025-05-23T10:06:10+00:00","twitter_card":"summary_large_image","twitter_misc":{"Tempo estimado de leitura":"3 minutos"},"schema":{"@context":"https:\/\/schema.org","@graph":[{"@type":"WebPage","@id":"https:\/\/multidimensionalmusic.com\/pt-pt\/aprovacoes-musica\/","url":"https:\/\/multidimensionalmusic.com\/pt-pt\/aprovacoes-musica\/","name":"Aprova\u00e7oes - Jacotte Chollet &amp; La M\u00fasica Multidimensional","isPartOf":{"@id":"https:\/\/multidimensionalmusic.com\/pt-pt\/#website"},"datePublished":"2017-11-30T12:21:30+00:00","dateModified":"2025-05-23T10:06:10+00:00","breadcrumb":{"@id":"https:\/\/multidimensionalmusic.com\/pt-pt\/aprovacoes-musica\/#breadcrumb"},"inLanguage":"pt-PT","potentialAction":[{"@type":"ReadAction","target":["https:\/\/multidimensionalmusic.com\/pt-pt\/aprovacoes-musica\/"]}]},{"@type":"BreadcrumbList","@id":"https:\/\/multidimensionalmusic.com\/pt-pt\/aprovacoes-musica\/#breadcrumb","itemListElement":[{"@type":"ListItem","position":1,"name":"Home","item":"https:\/\/multidimensionalmusic.com\/pt-pt\/"},{"@type":"ListItem","position":2,"name":"Aprova\u00e7oes"}]},{"@type":"WebSite","@id":"https:\/\/multidimensionalmusic.com\/pt-pt\/#website","url":"https:\/\/multidimensionalmusic.com\/pt-pt\/","name":"Jacotte Chollet - La Musique Multidimensionnelle","description":"Medita\u00e7\u00e3o - Relaxa\u00e7\u00e3o profunda - Liberta\u00e7\u00e3o emocional - Alinhamento energ\u00e9tico - Expans\u00e3o da consci\u00eancia - Intui\u00e7\u00e3o e Criatividade","publisher":{"@id":"https:\/\/multidimensionalmusic.com\/pt-pt\/#organization"},"potentialAction":[{"@type":"SearchAction","target":{"@type":"EntryPoint","urlTemplate":"https:\/\/multidimensionalmusic.com\/pt-pt\/?s={search_term_string}"},"query-input":{"@type":"PropertyValueSpecification","valueRequired":true,"valueName":"search_term_string"}}],"inLanguage":"pt-PT"},{"@type":"Organization","@id":"https:\/\/multidimensionalmusic.com\/pt-pt\/#organization","name":"Jacotte Chollet Multidimensional Music","url":"https:\/\/multidimensionalmusic.com\/pt-pt\/","logo":{"@type":"ImageObject","inLanguage":"pt-PT","@id":"https:\/\/multidimensionalmusic.com\/pt-pt\/#\/schema\/logo\/image\/","url":"https:\/\/multidimensionalmusic.com\/wp-content\/uploads\/2025\/03\/header-logo-site-vitrine-jacotte-chollet-mmd-transparent.png","contentUrl":"https:\/\/multidimensionalmusic.com\/wp-content\/uploads\/2025\/03\/header-logo-site-vitrine-jacotte-chollet-mmd-transparent.png","width":800,"height":358,"caption":"Jacotte Chollet Multidimensional Music"},"image":{"@id":"https:\/\/multidimensionalmusic.com\/pt-pt\/#\/schema\/logo\/image\/"},"sameAs":["https:\/\/www.facebook.com\/jacottecholletmusiquemultidimensionnelle\/","https:\/\/www.instagram.com\/jacottechollet\/","https:\/\/www.linkedin.com\/in\/jacotte-chollet-41a09812\/","https:\/\/www.youtube.com\/channel\/UCKDtAKgspnDQqggI1bAOl_g"]}]}},"_links":{"self":[{"href":"https:\/\/multidimensionalmusic.com\/pt-pt\/wp-json\/wp\/v2\/pages\/3060","targetHints":{"allow":["GET"]}}],"collection":[{"href":"https:\/\/multidimensionalmusic.com\/pt-pt\/wp-json\/wp\/v2\/pages"}],"about":[{"href":"https:\/\/multidimensionalmusic.com\/pt-pt\/wp-json\/wp\/v2\/types\/page"}],"author":[{"embeddable":true,"href":"https:\/\/multidimensionalmusic.com\/pt-pt\/wp-json\/wp\/v2\/users\/1"}],"replies":[{"embeddable":true,"href":"https:\/\/multidimensionalmusic.com\/pt-pt\/wp-json\/wp\/v2\/comments?post=3060"}],"version-history":[{"count":3,"href":"https:\/\/multidimensionalmusic.com\/pt-pt\/wp-json\/wp\/v2\/pages\/3060\/revisions"}],"predecessor-version":[{"id":88423,"href":"https:\/\/multidimensionalmusic.com\/pt-pt\/wp-json\/wp\/v2\/pages\/3060\/revisions\/88423"}],"wp:attachment":[{"href":"https:\/\/multidimensionalmusic.com\/pt-pt\/wp-json\/wp\/v2\/media?parent=3060"}],"curies":[{"name":"wp","href":"https:\/\/api.w.org\/{rel}","templated":true}]}}