{"id":3040,"date":"2017-11-30T12:48:04","date_gmt":"2017-11-30T11:48:04","guid":{"rendered":"https:\/\/multidimensionalmusic.com\/?page_id=3040"},"modified":"2021-01-14T11:54:18","modified_gmt":"2021-01-14T10:54:18","slug":"jacotte-chollet-biografia","status":"publish","type":"page","link":"https:\/\/multidimensionalmusic.com\/pt-pt\/jacotte-chollet-biografia\/","title":{"rendered":"Jacotte Chollet Biografia"},"content":{"rendered":"<style type=\"text\/css\">body.kc-css-system .kc-css-3029224{margin-top: 30px;margin-bottom: 20px;padding-top: 10px;padding-bottom: 10px;}body.kc-css-system .kc-css-858845{margin-top: 15px;margin-bottom: 15px;padding-top: 10px;padding-bottom: 10px;}body.kc-css-system .kc-css-3839575{margin-top: 15px;margin-bottom: 15px;padding-top: 10px;padding-bottom: 10px;}<\/style>\n<section class=\"kc-elm kc-css-3029224 kc_row\">\n<div class=\"kc-row-container  kc-container\">\n<div class=\"kc-wrap-columns\">\n<div class=\"kc-elm kc-css-3540312 kc_col-sm-12 kc_column kc_col-sm-12\">\n<div class=\"kc-col-container\">\n<div class=\"kc-elm kc-css-3629900 kc_text_block\">\n<h2>BIOGRAFIA<\/h2>\n<p>Jacotte Chollet (MA), licenciada em ingl\u00eas e Lingu\u00edsticas pela Universidade de Grenoble (Fran\u00e7a), acabou por se tornar, ao contr\u00e1rio do que se esperava, numa fotojornalista, numa produtora de televis\u00e3o, directora de filmes, exploradora da consci\u00eancia, criadora de m\u00fasica, curadora, realizadora de workshops e tamb\u00e9m numa artista gr\u00e1fica.<\/p>\n<p>Co-produziu e dirigiu cerca de 50 filmes document\u00e1rios para a televis\u00e3o nacional francesa, onde apresentava as civiliza\u00e7\u00f5es antigas bem como as inovadoras e principais pesquisas da ci\u00eancia, da filosofia e da psicologia, feitas por pessoas como :<br \/>\nFritjof Capra, David Bohm, Karl Pribram, Paul Mac Lean, Krishnamurti, Kishomaru Ueshiba (criador do Aikkido), Konrad Lorenz, Norman Cousins, Stan Grof, Arthur Janov, Marilyn Ferguson, entre outros&#8230;<\/p>\n<p>Por volta dos anos 80, ap\u00f3s o choque da morte s\u00fabita de sua m\u00e3e, Jacotte passou a interessar-se pelas dimens\u00f5es internas e realidades subtis. Come\u00e7ou a utilizar o som como vector da explora\u00e7\u00e3o da consci\u00eancia, da activa\u00e7\u00e3o de energia e da cura.<\/p>\n<p>Em 1992 colaborou com o professor R\u00e9gis DUTHEIL (MD), um conhecido e famoso f\u00edsico qu\u00e2ntico, professor na Escola de Medicina de Poitiers e que \u00e9 tamb\u00e9m um escritor da consci\u00eancia, e com a Bi\u00f3loga Lydie RIES, levando-a \u00e0 cria\u00e7\u00e3o do Instituto do Desenvolvimento e Expans\u00e3o da Consci\u00eancia (Institute for Development and Expansion of Conciousness) onde foram realizados e documentados mais de 50 workshops de Expans\u00e3o da Consci\u00eancia induzidos pela Musica Multidimensional (Repetidos testes biol\u00f3gicos e estudos que analisaram o efeito psico-fisiol\u00f3gico da m\u00fasica na composi\u00e7\u00e3o do sangue dos volunt\u00e1rios do estudo).<\/p>\n<p>O livro SUPRA LUMINAL MEDECINE do professor Regis DUTHEIL apresenta as investiga\u00e7\u00f5es de Jacotte CHOLLET como um dos mais promissores estudos para a Medicina do s\u00e9culo 21 (cap\u00edtulo VIII).<br \/>\nEditions SAND, Paris.<\/p>\n<\/div>\n<\/div>\n<\/div>\n<\/div>\n<\/div>\n<\/section>\n<section class=\"kc-elm kc-css-858845 kc_row\">\n<div class=\"kc-row-container  kc-container\">\n<div class=\"kc-wrap-columns\">\n<div class=\"kc-elm kc-css-1654858 kc_col-sm-12 kc_column kc_col-sm-12\">\n<div class=\"kc-col-container\">\n<div class=\"kc-elm kc-css-405275 kc_text_block\">\n<h2>CONFERENCIAS E CONGRESSOS INTERNACIONAIS<\/h2>\n<p>Jacotte tem vindo a realizar na Europa desde 1992, workshops e palestras em confer\u00eancias e congressos internacionais sobre a cura, energia, consci\u00eancia e medicina alternativa.<\/p>\n<p>apresentado as suas investiga\u00e7\u00f5es nos EUA:Body Wisdom congress.<\/p>\n<p>Internacional conference on Science and Consciousness, Albuquerque.<\/p>\n<p>Pavlovian society annual conference, Tarrytown.<\/p>\n<p>Conference on the study of Shamanism and alternate mode of healing, San Rafael.<\/p>\n<p>Internacional conference on altered states of consciousness, Albuquerque.<\/p>\n<p>Internacional conference on therapeutic use of Light and Sound, CAMBRIDGE, Queens College, England.<\/p>\n<p>Apresentou a sua m\u00fasica ao ITP (Institute of Transpersonal Psychology, Palo Alto, EUA), e ao CIIS (California Institute of Integral Studies em S\u00e3o Francisco, EUA).<\/p>\n<p>Apresentar as suas investiga\u00e7\u00f5es e pesquisas do som e da m\u00fasica no ISS Internacional SOUND SYMPOSIUM em SAN JOSE, Calif\u00f3rnia.<\/p>\n<\/div>\n<\/div>\n<\/div>\n<\/div>\n<\/div>\n<\/section>\n<section class=\"kc-elm kc-css-3839575 kc_row\">\n<div class=\"kc-row-container  kc-container\">\n<div class=\"kc-wrap-columns\">\n<div class=\"kc-elm kc-css-3478488 kc_col-sm-12 kc_column kc_col-sm-12\">\n<div class=\"kc-col-container\">\n<div class=\"kc-elm kc-css-4087858 kc_text_block\">\n<h2>EVENTOS ESPECIAIS<\/h2>\n<p>1997\u00a0: Jacotte CHOLLET est invit\u00e9e \u00e0 participer \u00e0 un programme de la t\u00e9l\u00e9vision am\u00e9ricaine consacr\u00e9 \u00e0 la Grande Pyramide de KEOPS et le SON, en Egypte et cr\u00e9e des musiques multidimensionnelles \u00e0 l\u2019int\u00e9rieur de la chambre du roi de la grande Pyramide de KEOPS.<\/p>\n<p>Em 2002 come\u00e7a a viajar extensivamente pelo AMAZ\u00d3NIAS trazendo consigo novos filmes que v\u00eaem o AMAZ\u00d3NIAS como um novo MODELO de desenvolvimento e integra\u00e7\u00e3o para o futuro: espiritualidade integrada, intensa comunica\u00e7\u00e3o com todos os reinos da realidade e acima de tudo, uma longa pr\u00e1tica de equil\u00edbrio, harmonia e troca com esse ambiente.<br \/>\nEla aponta para a co-cria\u00e7\u00e3o de um novo tipo de troca permanente com o conhecimento sagrado, a sabedoria e a coopera\u00e7\u00e3o entre o Amaz\u00f3nias e a Europa.<\/p>\n<p>Em 2003, a cria\u00e7\u00e3o de um novo document\u00e1rio acerca do Xamanismo (SHUAR) , a psicologia humana e as plantas sagradas da Am\u00e9rica do Sul (EQUADOR).<\/p>\n<\/div>\n<div class=\"kc-elm kc-css-2742761 kc_text_block\">\n<p>\nMAIS TESTEMUNHOS E EXPERI\u00caNCIAS DE OUVINTES, INDIV\u00cdDUOS E TERAPEUTAS est\u00e3o dispon\u00edveis nas em : ENGLISH \/ FRAN\u00c7AIS \/ ESPA\u00d1OL<br \/>\nCOMPLETE BIOGRAPHY : ENGLISH \/ FRAN\u00c7AIS \/ ESPA\u00d1OL<\/p>\n<p>SIGA PASSO A PASSO A AVENTURA DA CRIA\u00c7\u00c3O DA MMD atrav\u00e9s de um longa entrevista com a Jacotte Chollet (dispon\u00edvel em :<br \/>\nENGLISH \/ FRAN\u00c7AIS \/<\/p>\n<\/div>\n<div class=\"kc-elm kc-css-3483610\" style=\"height: 38px; clear: both; width:100%;\"><\/div>\n<\/div>\n<\/div>\n<\/div>\n<\/div>\n<\/section>\n","protected":false},"excerpt":{"rendered":"<p>BIOGRAFIA Jacotte Chollet (MA), licenciada em ingl\u00eas e Lingu\u00edsticas pela Universidade de Grenoble (Fran\u00e7a), acabou por se tornar, ao contr\u00e1rio do que se esperava, numa fotojornalista, numa produtora de televis\u00e3o, directora de filmes, exploradora da consci\u00eancia, criadora de m\u00fasica, curadora, realizadora de workshops e tamb\u00e9m numa artista gr\u00e1fica. Co-produziu e dirigiu cerca de 50 filmes [&hellip;]<\/p>\n","protected":false},"author":1,"featured_media":0,"parent":0,"menu_order":0,"comment_status":"closed","ping_status":"closed","template":"","meta":{"site-sidebar-layout":"default","site-content-layout":"","ast-site-content-layout":"default","site-content-style":"default","site-sidebar-style":"default","ast-global-header-display":"","ast-banner-title-visibility":"","ast-main-header-display":"","ast-hfb-above-header-display":"","ast-hfb-below-header-display":"","ast-hfb-mobile-header-display":"","site-post-title":"","ast-breadcrumbs-content":"","ast-featured-img":"","footer-sml-layout":"","ast-disable-related-posts":"","theme-transparent-header-meta":"","adv-header-id-meta":"","stick-header-meta":"","header-above-stick-meta":"","header-main-stick-meta":"","header-below-stick-meta":"","astra-migrate-meta-layouts":"default","ast-page-background-enabled":"default","ast-page-background-meta":{"desktop":{"background-color":"var(--ast-global-color-4)","background-image":"","background-repeat":"repeat","background-position":"center center","background-size":"auto","background-attachment":"scroll","background-type":"","background-media":"","overlay-type":"","overlay-color":"","overlay-opacity":"","overlay-gradient":""},"tablet":{"background-color":"","background-image":"","background-repeat":"repeat","background-position":"center center","background-size":"auto","background-attachment":"scroll","background-type":"","background-media":"","overlay-type":"","overlay-color":"","overlay-opacity":"","overlay-gradient":""},"mobile":{"background-color":"","background-image":"","background-repeat":"repeat","background-position":"center center","background-size":"auto","background-attachment":"scroll","background-type":"","background-media":"","overlay-type":"","overlay-color":"","overlay-opacity":"","overlay-gradient":""}},"ast-content-background-meta":{"desktop":{"background-color":"var(--ast-global-color-5)","background-image":"","background-repeat":"repeat","background-position":"center center","background-size":"auto","background-attachment":"scroll","background-type":"","background-media":"","overlay-type":"","overlay-color":"","overlay-opacity":"","overlay-gradient":""},"tablet":{"background-color":"var(--ast-global-color-5)","background-image":"","background-repeat":"repeat","background-position":"center center","background-size":"auto","background-attachment":"scroll","background-type":"","background-media":"","overlay-type":"","overlay-color":"","overlay-opacity":"","overlay-gradient":""},"mobile":{"background-color":"var(--ast-global-color-5)","background-image":"","background-repeat":"repeat","background-position":"center center","background-size":"auto","background-attachment":"scroll","background-type":"","background-media":"","overlay-type":"","overlay-color":"","overlay-opacity":"","overlay-gradient":""}},"footnotes":""},"class_list":["post-3040","page","type-page","status-publish","hentry"],"yoast_head":"<!-- This site is optimized with the Yoast SEO Premium plugin v21.7 (Yoast SEO v27.4) - https:\/\/yoast.com\/product\/yoast-seo-premium-wordpress\/ -->\n<title>Jacotte Chollet Biografia - Jacotte Chollet &amp; La M\u00fasica Multidimensional<\/title>\n<meta name=\"robots\" content=\"index, follow, max-snippet:-1, max-image-preview:large, max-video-preview:-1\" \/>\n<link rel=\"canonical\" href=\"https:\/\/multidimensionalmusic.com\/pt-pt\/jacotte-chollet-biografia\/\" \/>\n<meta property=\"og:locale\" content=\"pt_PT\" \/>\n<meta property=\"og:type\" content=\"article\" \/>\n<meta property=\"og:title\" content=\"Jacotte Chollet Biografia\" \/>\n<meta property=\"og:description\" content=\"BIOGRAFIA Jacotte Chollet (MA), licenciada em ingl\u00eas e Lingu\u00edsticas pela Universidade de Grenoble (Fran\u00e7a), acabou por se tornar, ao contr\u00e1rio do que se esperava, numa fotojornalista, numa produtora de televis\u00e3o, directora de filmes, exploradora da consci\u00eancia, criadora de m\u00fasica, curadora, realizadora de workshops e tamb\u00e9m numa artista gr\u00e1fica. Co-produziu e dirigiu cerca de 50 filmes [&hellip;]\" \/>\n<meta property=\"og:url\" content=\"https:\/\/multidimensionalmusic.com\/pt-pt\/jacotte-chollet-biografia\/\" \/>\n<meta property=\"og:site_name\" content=\"Jacotte Chollet &amp; La M\u00fasica Multidimensional\" \/>\n<meta property=\"article:publisher\" content=\"https:\/\/www.facebook.com\/jacottecholletmusiquemultidimensionnelle\/\" \/>\n<meta property=\"article:modified_time\" content=\"2021-01-14T10:54:18+00:00\" \/>\n<meta name=\"twitter:card\" content=\"summary_large_image\" \/>\n<meta name=\"twitter:label1\" content=\"Tempo estimado de leitura\" \/>\n\t<meta name=\"twitter:data1\" content=\"3 minutos\" \/>\n<script type=\"application\/ld+json\" class=\"yoast-schema-graph\">{\"@context\":\"https:\\\/\\\/schema.org\",\"@graph\":[{\"@type\":\"WebPage\",\"@id\":\"https:\\\/\\\/multidimensionalmusic.com\\\/pt-pt\\\/jacotte-chollet-biografia\\\/\",\"url\":\"https:\\\/\\\/multidimensionalmusic.com\\\/pt-pt\\\/jacotte-chollet-biografia\\\/\",\"name\":\"Jacotte Chollet Biografia - Jacotte Chollet &amp; La M\u00fasica Multidimensional\",\"isPartOf\":{\"@id\":\"https:\\\/\\\/multidimensionalmusic.com\\\/pt-pt\\\/#website\"},\"datePublished\":\"2017-11-30T11:48:04+00:00\",\"dateModified\":\"2021-01-14T10:54:18+00:00\",\"breadcrumb\":{\"@id\":\"https:\\\/\\\/multidimensionalmusic.com\\\/pt-pt\\\/jacotte-chollet-biografia\\\/#breadcrumb\"},\"inLanguage\":\"pt-PT\",\"potentialAction\":[{\"@type\":\"ReadAction\",\"target\":[\"https:\\\/\\\/multidimensionalmusic.com\\\/pt-pt\\\/jacotte-chollet-biografia\\\/\"]}]},{\"@type\":\"BreadcrumbList\",\"@id\":\"https:\\\/\\\/multidimensionalmusic.com\\\/pt-pt\\\/jacotte-chollet-biografia\\\/#breadcrumb\",\"itemListElement\":[{\"@type\":\"ListItem\",\"position\":1,\"name\":\"Home\",\"item\":\"https:\\\/\\\/multidimensionalmusic.com\\\/pt-pt\\\/\"},{\"@type\":\"ListItem\",\"position\":2,\"name\":\"Jacotte Chollet Biografia\"}]},{\"@type\":\"WebSite\",\"@id\":\"https:\\\/\\\/multidimensionalmusic.com\\\/pt-pt\\\/#website\",\"url\":\"https:\\\/\\\/multidimensionalmusic.com\\\/pt-pt\\\/\",\"name\":\"Jacotte Chollet - La Musique Multidimensionnelle\",\"description\":\"Medita\u00e7\u00e3o - Relaxa\u00e7\u00e3o profunda - Liberta\u00e7\u00e3o emocional - Alinhamento energ\u00e9tico - Expans\u00e3o da consci\u00eancia - Intui\u00e7\u00e3o e Criatividade\",\"publisher\":{\"@id\":\"https:\\\/\\\/multidimensionalmusic.com\\\/pt-pt\\\/#organization\"},\"potentialAction\":[{\"@type\":\"SearchAction\",\"target\":{\"@type\":\"EntryPoint\",\"urlTemplate\":\"https:\\\/\\\/multidimensionalmusic.com\\\/pt-pt\\\/?s={search_term_string}\"},\"query-input\":{\"@type\":\"PropertyValueSpecification\",\"valueRequired\":true,\"valueName\":\"search_term_string\"}}],\"inLanguage\":\"pt-PT\"},{\"@type\":\"Organization\",\"@id\":\"https:\\\/\\\/multidimensionalmusic.com\\\/pt-pt\\\/#organization\",\"name\":\"Jacotte Chollet Multidimensional Music\",\"url\":\"https:\\\/\\\/multidimensionalmusic.com\\\/pt-pt\\\/\",\"logo\":{\"@type\":\"ImageObject\",\"inLanguage\":\"pt-PT\",\"@id\":\"https:\\\/\\\/multidimensionalmusic.com\\\/pt-pt\\\/#\\\/schema\\\/logo\\\/image\\\/\",\"url\":\"https:\\\/\\\/multidimensionalmusic.com\\\/wp-content\\\/uploads\\\/2025\\\/03\\\/header-logo-site-vitrine-jacotte-chollet-mmd-transparent.png\",\"contentUrl\":\"https:\\\/\\\/multidimensionalmusic.com\\\/wp-content\\\/uploads\\\/2025\\\/03\\\/header-logo-site-vitrine-jacotte-chollet-mmd-transparent.png\",\"width\":800,\"height\":358,\"caption\":\"Jacotte Chollet Multidimensional Music\"},\"image\":{\"@id\":\"https:\\\/\\\/multidimensionalmusic.com\\\/pt-pt\\\/#\\\/schema\\\/logo\\\/image\\\/\"},\"sameAs\":[\"https:\\\/\\\/www.facebook.com\\\/jacottecholletmusiquemultidimensionnelle\\\/\",\"https:\\\/\\\/www.instagram.com\\\/jacottechollet\\\/\",\"https:\\\/\\\/www.linkedin.com\\\/in\\\/jacotte-chollet-41a09812\\\/\",\"https:\\\/\\\/www.youtube.com\\\/channel\\\/UCKDtAKgspnDQqggI1bAOl_g\"]}]}<\/script>\n<!-- \/ Yoast SEO Premium plugin. -->","yoast_head_json":{"title":"Jacotte Chollet Biografia - Jacotte Chollet &amp; La M\u00fasica Multidimensional","robots":{"index":"index","follow":"follow","max-snippet":"max-snippet:-1","max-image-preview":"max-image-preview:large","max-video-preview":"max-video-preview:-1"},"canonical":"https:\/\/multidimensionalmusic.com\/pt-pt\/jacotte-chollet-biografia\/","og_locale":"pt_PT","og_type":"article","og_title":"Jacotte Chollet Biografia","og_description":"BIOGRAFIA Jacotte Chollet (MA), licenciada em ingl\u00eas e Lingu\u00edsticas pela Universidade de Grenoble (Fran\u00e7a), acabou por se tornar, ao contr\u00e1rio do que se esperava, numa fotojornalista, numa produtora de televis\u00e3o, directora de filmes, exploradora da consci\u00eancia, criadora de m\u00fasica, curadora, realizadora de workshops e tamb\u00e9m numa artista gr\u00e1fica. Co-produziu e dirigiu cerca de 50 filmes [&hellip;]","og_url":"https:\/\/multidimensionalmusic.com\/pt-pt\/jacotte-chollet-biografia\/","og_site_name":"Jacotte Chollet &amp; La M\u00fasica Multidimensional","article_publisher":"https:\/\/www.facebook.com\/jacottecholletmusiquemultidimensionnelle\/","article_modified_time":"2021-01-14T10:54:18+00:00","twitter_card":"summary_large_image","twitter_misc":{"Tempo estimado de leitura":"3 minutos"},"schema":{"@context":"https:\/\/schema.org","@graph":[{"@type":"WebPage","@id":"https:\/\/multidimensionalmusic.com\/pt-pt\/jacotte-chollet-biografia\/","url":"https:\/\/multidimensionalmusic.com\/pt-pt\/jacotte-chollet-biografia\/","name":"Jacotte Chollet Biografia - Jacotte Chollet &amp; La M\u00fasica Multidimensional","isPartOf":{"@id":"https:\/\/multidimensionalmusic.com\/pt-pt\/#website"},"datePublished":"2017-11-30T11:48:04+00:00","dateModified":"2021-01-14T10:54:18+00:00","breadcrumb":{"@id":"https:\/\/multidimensionalmusic.com\/pt-pt\/jacotte-chollet-biografia\/#breadcrumb"},"inLanguage":"pt-PT","potentialAction":[{"@type":"ReadAction","target":["https:\/\/multidimensionalmusic.com\/pt-pt\/jacotte-chollet-biografia\/"]}]},{"@type":"BreadcrumbList","@id":"https:\/\/multidimensionalmusic.com\/pt-pt\/jacotte-chollet-biografia\/#breadcrumb","itemListElement":[{"@type":"ListItem","position":1,"name":"Home","item":"https:\/\/multidimensionalmusic.com\/pt-pt\/"},{"@type":"ListItem","position":2,"name":"Jacotte Chollet Biografia"}]},{"@type":"WebSite","@id":"https:\/\/multidimensionalmusic.com\/pt-pt\/#website","url":"https:\/\/multidimensionalmusic.com\/pt-pt\/","name":"Jacotte Chollet - La Musique Multidimensionnelle","description":"Medita\u00e7\u00e3o - Relaxa\u00e7\u00e3o profunda - Liberta\u00e7\u00e3o emocional - Alinhamento energ\u00e9tico - Expans\u00e3o da consci\u00eancia - Intui\u00e7\u00e3o e Criatividade","publisher":{"@id":"https:\/\/multidimensionalmusic.com\/pt-pt\/#organization"},"potentialAction":[{"@type":"SearchAction","target":{"@type":"EntryPoint","urlTemplate":"https:\/\/multidimensionalmusic.com\/pt-pt\/?s={search_term_string}"},"query-input":{"@type":"PropertyValueSpecification","valueRequired":true,"valueName":"search_term_string"}}],"inLanguage":"pt-PT"},{"@type":"Organization","@id":"https:\/\/multidimensionalmusic.com\/pt-pt\/#organization","name":"Jacotte Chollet Multidimensional Music","url":"https:\/\/multidimensionalmusic.com\/pt-pt\/","logo":{"@type":"ImageObject","inLanguage":"pt-PT","@id":"https:\/\/multidimensionalmusic.com\/pt-pt\/#\/schema\/logo\/image\/","url":"https:\/\/multidimensionalmusic.com\/wp-content\/uploads\/2025\/03\/header-logo-site-vitrine-jacotte-chollet-mmd-transparent.png","contentUrl":"https:\/\/multidimensionalmusic.com\/wp-content\/uploads\/2025\/03\/header-logo-site-vitrine-jacotte-chollet-mmd-transparent.png","width":800,"height":358,"caption":"Jacotte Chollet Multidimensional Music"},"image":{"@id":"https:\/\/multidimensionalmusic.com\/pt-pt\/#\/schema\/logo\/image\/"},"sameAs":["https:\/\/www.facebook.com\/jacottecholletmusiquemultidimensionnelle\/","https:\/\/www.instagram.com\/jacottechollet\/","https:\/\/www.linkedin.com\/in\/jacotte-chollet-41a09812\/","https:\/\/www.youtube.com\/channel\/UCKDtAKgspnDQqggI1bAOl_g"]}]}},"_links":{"self":[{"href":"https:\/\/multidimensionalmusic.com\/pt-pt\/wp-json\/wp\/v2\/pages\/3040","targetHints":{"allow":["GET"]}}],"collection":[{"href":"https:\/\/multidimensionalmusic.com\/pt-pt\/wp-json\/wp\/v2\/pages"}],"about":[{"href":"https:\/\/multidimensionalmusic.com\/pt-pt\/wp-json\/wp\/v2\/types\/page"}],"author":[{"embeddable":true,"href":"https:\/\/multidimensionalmusic.com\/pt-pt\/wp-json\/wp\/v2\/users\/1"}],"replies":[{"embeddable":true,"href":"https:\/\/multidimensionalmusic.com\/pt-pt\/wp-json\/wp\/v2\/comments?post=3040"}],"version-history":[{"count":0,"href":"https:\/\/multidimensionalmusic.com\/pt-pt\/wp-json\/wp\/v2\/pages\/3040\/revisions"}],"wp:attachment":[{"href":"https:\/\/multidimensionalmusic.com\/pt-pt\/wp-json\/wp\/v2\/media?parent=3040"}],"curies":[{"name":"wp","href":"https:\/\/api.w.org\/{rel}","templated":true}]}}