{"id":3028,"date":"2017-11-30T12:08:37","date_gmt":"2017-11-30T11:08:37","guid":{"rendered":"https:\/\/multidimensionalmusic.com\/?page_id=3028"},"modified":"2023-08-12T19:59:30","modified_gmt":"2023-08-12T17:59:30","slug":"comprar-los-cd","status":"publish","type":"page","link":"https:\/\/multidimensionalmusic.com\/pt-pt\/comprar-los-cd\/","title":{"rendered":"Comprar"},"content":{"rendered":"\t\t<div data-elementor-type=\"wp-page\" data-elementor-id=\"3028\" class=\"elementor elementor-3028 elementor-3024\" data-elementor-post-type=\"page\">\n\t\t\t\t\t\t<section class=\"elementor-section elementor-top-section elementor-element elementor-element-5569874d elementor-section-boxed elementor-section-height-default elementor-section-height-default\" data-id=\"5569874d\" data-element_type=\"section\" data-e-type=\"section\">\n\t\t\t\t\t\t<div class=\"elementor-container elementor-column-gap-default\">\n\t\t\t\t\t<div class=\"elementor-column elementor-col-100 elementor-top-column elementor-element elementor-element-64885d83\" data-id=\"64885d83\" data-element_type=\"column\" data-e-type=\"column\">\n\t\t\t<div class=\"elementor-widget-wrap elementor-element-populated\">\n\t\t\t\t\t\t<section class=\"elementor-section elementor-inner-section elementor-element elementor-element-e3a29f5 elementor-reverse-tablet elementor-reverse-mobile elementor-section-boxed elementor-section-height-default elementor-section-height-default\" data-id=\"e3a29f5\" data-element_type=\"section\" data-e-type=\"section\">\n\t\t\t\t\t\t<div class=\"elementor-container elementor-column-gap-default\">\n\t\t\t\t\t<div class=\"elementor-column elementor-col-50 elementor-inner-column elementor-element elementor-element-c519a93\" data-id=\"c519a93\" data-element_type=\"column\" data-e-type=\"column\">\n\t\t\t<div class=\"elementor-widget-wrap elementor-element-populated\">\n\t\t\t\t\t\t<div class=\"elementor-element elementor-element-7923290 elementor-widget elementor-widget-heading\" data-id=\"7923290\" data-element_type=\"widget\" data-e-type=\"widget\" data-widget_type=\"heading.default\">\n\t\t\t\t\t<h2 class=\"elementor-heading-title elementor-size-default\">Comprar Albumes CD<\/h2>\t\t\t\t<\/div>\n\t\t\t\t<div class=\"elementor-element elementor-element-3925e44 elementor-widget elementor-widget-text-editor\" data-id=\"3925e44\" data-element_type=\"widget\" data-e-type=\"widget\" data-widget_type=\"text-editor.default\">\n\t\t\t\t\t\t\t\t\t<p>Descubre CD, Colecci\u00f3n y Oferta de Jacotte Chollet.<\/p>\t\t\t\t\t\t\t\t<\/div>\n\t\t\t\t<div class=\"elementor-element elementor-element-bdd68f6 elementor-widget elementor-widget-button\" data-id=\"bdd68f6\" data-element_type=\"widget\" data-e-type=\"widget\" data-widget_type=\"button.default\">\n\t\t\t\t\t\t\t\t\t\t<a class=\"elementor-button elementor-button-link elementor-size-sm\" href=\"https:\/\/multidimensionalmusic.com\/shop\/es\/\" target=\"_blank\">\n\t\t\t\t\t\t<span class=\"elementor-button-content-wrapper\">\n\t\t\t\t\t\t\t\t\t<span class=\"elementor-button-text\">Haz clic aqu\u00ed<\/span>\n\t\t\t\t\t<\/span>\n\t\t\t\t\t<\/a>\n\t\t\t\t\t\t\t\t<\/div>\n\t\t\t\t\t<\/div>\n\t\t<\/div>\n\t\t\t\t<div class=\"elementor-column elementor-col-50 elementor-inner-column elementor-element elementor-element-ce0eee2\" data-id=\"ce0eee2\" data-element_type=\"column\" data-e-type=\"column\">\n\t\t\t<div class=\"elementor-widget-wrap elementor-element-populated\">\n\t\t\t\t\t\t<div class=\"elementor-element elementor-element-27ed34e elementor-widget elementor-widget-heading\" data-id=\"27ed34e\" data-element_type=\"widget\" data-e-type=\"widget\" data-widget_type=\"heading.default\">\n\t\t\t\t\t<h2 class=\"elementor-heading-title elementor-size-default\">Comprar Albumes Digital<\/h2>\t\t\t\t<\/div>\n\t\t\t\t<div class=\"elementor-element elementor-element-474cbfc elementor-widget elementor-widget-text-editor\" data-id=\"474cbfc\" data-element_type=\"widget\" data-e-type=\"widget\" data-widget_type=\"text-editor.default\">\n\t\t\t\t\t\t\t\t\t<p>Los \u00e1lbumes de Jacotte Chollet en formato digital HD<\/p>\t\t\t\t\t\t\t\t<\/div>\n\t\t\t\t<div class=\"elementor-element elementor-element-4999fa8 elementor-widget elementor-widget-button\" data-id=\"4999fa8\" data-element_type=\"widget\" data-e-type=\"widget\" data-widget_type=\"button.default\">\n\t\t\t\t\t\t\t\t\t\t<a class=\"elementor-button elementor-button-link elementor-size-sm\" href=\"https:\/\/jacottechollet.com\/en\/collections\/healing-music\" target=\"_blank\">\n\t\t\t\t\t\t<span class=\"elementor-button-content-wrapper\">\n\t\t\t\t\t\t\t\t\t<span class=\"elementor-button-text\">Haz clic aqu\u00ed<\/span>\n\t\t\t\t\t<\/span>\n\t\t\t\t\t<\/a>\n\t\t\t\t\t\t\t\t<\/div>\n\t\t\t\t\t<\/div>\n\t\t<\/div>\n\t\t\t\t\t<\/div>\n\t\t<\/section>\n\t\t\t\t\t<\/div>\n\t\t<\/div>\n\t\t\t\t\t<\/div>\n\t\t<\/section>\n\t\t\t\t<section class=\"elementor-section elementor-top-section elementor-element elementor-element-86dc3e7 elementor-section-boxed elementor-section-height-default elementor-section-height-default\" data-id=\"86dc3e7\" data-element_type=\"section\" data-e-type=\"section\">\n\t\t\t\t\t\t<div class=\"elementor-container elementor-column-gap-default\">\n\t\t\t\t\t<div class=\"elementor-column elementor-col-100 elementor-top-column elementor-element elementor-element-a26f1d6\" data-id=\"a26f1d6\" data-element_type=\"column\" data-e-type=\"column\">\n\t\t\t<div class=\"elementor-widget-wrap elementor-element-populated\">\n\t\t\t\t\t\t<div class=\"elementor-element elementor-element-659ded5 elementor-widget elementor-widget-spacer\" data-id=\"659ded5\" data-element_type=\"widget\" data-e-type=\"widget\" data-widget_type=\"spacer.default\">\n\t\t\t\t\t\t\t<div class=\"elementor-spacer\">\n\t\t\t<div class=\"elementor-spacer-inner\"><\/div>\n\t\t<\/div>\n\t\t\t\t\t\t<\/div>\n\t\t\t\t\t<\/div>\n\t\t<\/div>\n\t\t\t\t\t<\/div>\n\t\t<\/section>\n\t\t\t\t<\/div>\n\t\t","protected":false},"excerpt":{"rendered":"<p>LOJA DE ONLINE Na loja online encontrar\u00e1 o cat\u00e1logo com todos os extractos dos CDs da Jacotte Chollet, conselhos para escolher um CD, ofertas actuais e muito mais. As encomendas s\u00e3o enviadas no mesmo dia para encomendas recebidas antes das 16:30h ap\u00f3s valida\u00e7\u00e3o do pagamento.As encomendas s\u00e3o enviadas para o endere\u00e7o de envio indicado pelo [&hellip;]<\/p>\n","protected":false},"author":1,"featured_media":0,"parent":0,"menu_order":0,"comment_status":"closed","ping_status":"closed","template":"","meta":{"site-sidebar-layout":"default","site-content-layout":"default","ast-site-content-layout":"default","site-content-style":"default","site-sidebar-style":"default","ast-global-header-display":"","ast-banner-title-visibility":"","ast-main-header-display":"","ast-hfb-above-header-display":"","ast-hfb-below-header-display":"","ast-hfb-mobile-header-display":"","site-post-title":"","ast-breadcrumbs-content":"","ast-featured-img":"","footer-sml-layout":"","ast-disable-related-posts":"","theme-transparent-header-meta":"default","adv-header-id-meta":"","stick-header-meta":"default","header-above-stick-meta":"","header-main-stick-meta":"","header-below-stick-meta":"","astra-migrate-meta-layouts":"default","ast-page-background-enabled":"default","ast-page-background-meta":{"desktop":{"background-color":"var(--ast-global-color-4)","background-image":"","background-repeat":"repeat","background-position":"center center","background-size":"auto","background-attachment":"scroll","background-type":"","background-media":"","overlay-type":"","overlay-color":"","overlay-opacity":"","overlay-gradient":""},"tablet":{"background-color":"","background-image":"","background-repeat":"repeat","background-position":"center center","background-size":"auto","background-attachment":"scroll","background-type":"","background-media":"","overlay-type":"","overlay-color":"","overlay-opacity":"","overlay-gradient":""},"mobile":{"background-color":"","background-image":"","background-repeat":"repeat","background-position":"center center","background-size":"auto","background-attachment":"scroll","background-type":"","background-media":"","overlay-type":"","overlay-color":"","overlay-opacity":"","overlay-gradient":""}},"ast-content-background-meta":{"desktop":{"background-color":"var(--ast-global-color-5)","background-image":"","background-repeat":"repeat","background-position":"center center","background-size":"auto","background-attachment":"scroll","background-type":"","background-media":"","overlay-type":"","overlay-color":"","overlay-opacity":"","overlay-gradient":""},"tablet":{"background-color":"var(--ast-global-color-5)","background-image":"","background-repeat":"repeat","background-position":"center center","background-size":"auto","background-attachment":"scroll","background-type":"","background-media":"","overlay-type":"","overlay-color":"","overlay-opacity":"","overlay-gradient":""},"mobile":{"background-color":"var(--ast-global-color-5)","background-image":"","background-repeat":"repeat","background-position":"center center","background-size":"auto","background-attachment":"scroll","background-type":"","background-media":"","overlay-type":"","overlay-color":"","overlay-opacity":"","overlay-gradient":""}},"footnotes":""},"class_list":["post-3028","page","type-page","status-publish","hentry"],"yoast_head":"<!-- This site is optimized with the Yoast SEO Premium plugin v21.7 (Yoast SEO v27.4) - https:\/\/yoast.com\/product\/yoast-seo-premium-wordpress\/ -->\n<title>Comprar - Jacotte Chollet &amp; La M\u00fasica Multidimensional<\/title>\n<meta name=\"robots\" content=\"index, follow, max-snippet:-1, max-image-preview:large, max-video-preview:-1\" \/>\n<link rel=\"canonical\" href=\"https:\/\/multidimensionalmusic.com\/pt-pt\/comprar-los-cd\/\" \/>\n<meta property=\"og:locale\" content=\"pt_PT\" \/>\n<meta property=\"og:type\" content=\"article\" \/>\n<meta property=\"og:title\" content=\"Comprar\" \/>\n<meta property=\"og:description\" content=\"LOJA DE ONLINE Na loja online encontrar\u00e1 o cat\u00e1logo com todos os extractos dos CDs da Jacotte Chollet, conselhos para escolher um CD, ofertas actuais e muito mais. As encomendas s\u00e3o enviadas no mesmo dia para encomendas recebidas antes das 16:30h ap\u00f3s valida\u00e7\u00e3o do pagamento.As encomendas s\u00e3o enviadas para o endere\u00e7o de envio indicado pelo [&hellip;]\" \/>\n<meta property=\"og:url\" content=\"https:\/\/multidimensionalmusic.com\/pt-pt\/comprar-los-cd\/\" \/>\n<meta property=\"og:site_name\" content=\"Jacotte Chollet &amp; La M\u00fasica Multidimensional\" \/>\n<meta property=\"article:publisher\" content=\"https:\/\/www.facebook.com\/jacottecholletmusiquemultidimensionnelle\/\" \/>\n<meta property=\"article:modified_time\" content=\"2023-08-12T17:59:30+00:00\" \/>\n<meta name=\"twitter:card\" content=\"summary_large_image\" \/>\n<meta name=\"twitter:label1\" content=\"Tempo estimado de leitura\" \/>\n\t<meta name=\"twitter:data1\" content=\"1 minuto\" \/>\n<script type=\"application\/ld+json\" class=\"yoast-schema-graph\">{\"@context\":\"https:\\\/\\\/schema.org\",\"@graph\":[{\"@type\":\"WebPage\",\"@id\":\"https:\\\/\\\/multidimensionalmusic.com\\\/pt-pt\\\/comprar-los-cd\\\/\",\"url\":\"https:\\\/\\\/multidimensionalmusic.com\\\/pt-pt\\\/comprar-los-cd\\\/\",\"name\":\"Comprar - Jacotte Chollet &amp; La M\u00fasica Multidimensional\",\"isPartOf\":{\"@id\":\"https:\\\/\\\/multidimensionalmusic.com\\\/pt-pt\\\/#website\"},\"datePublished\":\"2017-11-30T11:08:37+00:00\",\"dateModified\":\"2023-08-12T17:59:30+00:00\",\"breadcrumb\":{\"@id\":\"https:\\\/\\\/multidimensionalmusic.com\\\/pt-pt\\\/comprar-los-cd\\\/#breadcrumb\"},\"inLanguage\":\"pt-PT\",\"potentialAction\":[{\"@type\":\"ReadAction\",\"target\":[\"https:\\\/\\\/multidimensionalmusic.com\\\/pt-pt\\\/comprar-los-cd\\\/\"]}]},{\"@type\":\"BreadcrumbList\",\"@id\":\"https:\\\/\\\/multidimensionalmusic.com\\\/pt-pt\\\/comprar-los-cd\\\/#breadcrumb\",\"itemListElement\":[{\"@type\":\"ListItem\",\"position\":1,\"name\":\"Home\",\"item\":\"https:\\\/\\\/multidimensionalmusic.com\\\/pt-pt\\\/\"},{\"@type\":\"ListItem\",\"position\":2,\"name\":\"Comprar\"}]},{\"@type\":\"WebSite\",\"@id\":\"https:\\\/\\\/multidimensionalmusic.com\\\/pt-pt\\\/#website\",\"url\":\"https:\\\/\\\/multidimensionalmusic.com\\\/pt-pt\\\/\",\"name\":\"Jacotte Chollet - La Musique Multidimensionnelle\",\"description\":\"Medita\u00e7\u00e3o - Relaxa\u00e7\u00e3o profunda - Liberta\u00e7\u00e3o emocional - Alinhamento energ\u00e9tico - Expans\u00e3o da consci\u00eancia - Intui\u00e7\u00e3o e Criatividade\",\"publisher\":{\"@id\":\"https:\\\/\\\/multidimensionalmusic.com\\\/pt-pt\\\/#organization\"},\"potentialAction\":[{\"@type\":\"SearchAction\",\"target\":{\"@type\":\"EntryPoint\",\"urlTemplate\":\"https:\\\/\\\/multidimensionalmusic.com\\\/pt-pt\\\/?s={search_term_string}\"},\"query-input\":{\"@type\":\"PropertyValueSpecification\",\"valueRequired\":true,\"valueName\":\"search_term_string\"}}],\"inLanguage\":\"pt-PT\"},{\"@type\":\"Organization\",\"@id\":\"https:\\\/\\\/multidimensionalmusic.com\\\/pt-pt\\\/#organization\",\"name\":\"Jacotte Chollet Multidimensional Music\",\"url\":\"https:\\\/\\\/multidimensionalmusic.com\\\/pt-pt\\\/\",\"logo\":{\"@type\":\"ImageObject\",\"inLanguage\":\"pt-PT\",\"@id\":\"https:\\\/\\\/multidimensionalmusic.com\\\/pt-pt\\\/#\\\/schema\\\/logo\\\/image\\\/\",\"url\":\"https:\\\/\\\/multidimensionalmusic.com\\\/wp-content\\\/uploads\\\/2025\\\/03\\\/header-logo-site-vitrine-jacotte-chollet-mmd-transparent.png\",\"contentUrl\":\"https:\\\/\\\/multidimensionalmusic.com\\\/wp-content\\\/uploads\\\/2025\\\/03\\\/header-logo-site-vitrine-jacotte-chollet-mmd-transparent.png\",\"width\":800,\"height\":358,\"caption\":\"Jacotte Chollet Multidimensional Music\"},\"image\":{\"@id\":\"https:\\\/\\\/multidimensionalmusic.com\\\/pt-pt\\\/#\\\/schema\\\/logo\\\/image\\\/\"},\"sameAs\":[\"https:\\\/\\\/www.facebook.com\\\/jacottecholletmusiquemultidimensionnelle\\\/\",\"https:\\\/\\\/www.instagram.com\\\/jacottechollet\\\/\",\"https:\\\/\\\/www.linkedin.com\\\/in\\\/jacotte-chollet-41a09812\\\/\",\"https:\\\/\\\/www.youtube.com\\\/channel\\\/UCKDtAKgspnDQqggI1bAOl_g\"]}]}<\/script>\n<!-- \/ Yoast SEO Premium plugin. -->","yoast_head_json":{"title":"Comprar - Jacotte Chollet &amp; La M\u00fasica Multidimensional","robots":{"index":"index","follow":"follow","max-snippet":"max-snippet:-1","max-image-preview":"max-image-preview:large","max-video-preview":"max-video-preview:-1"},"canonical":"https:\/\/multidimensionalmusic.com\/pt-pt\/comprar-los-cd\/","og_locale":"pt_PT","og_type":"article","og_title":"Comprar","og_description":"LOJA DE ONLINE Na loja online encontrar\u00e1 o cat\u00e1logo com todos os extractos dos CDs da Jacotte Chollet, conselhos para escolher um CD, ofertas actuais e muito mais. As encomendas s\u00e3o enviadas no mesmo dia para encomendas recebidas antes das 16:30h ap\u00f3s valida\u00e7\u00e3o do pagamento.As encomendas s\u00e3o enviadas para o endere\u00e7o de envio indicado pelo [&hellip;]","og_url":"https:\/\/multidimensionalmusic.com\/pt-pt\/comprar-los-cd\/","og_site_name":"Jacotte Chollet &amp; La M\u00fasica Multidimensional","article_publisher":"https:\/\/www.facebook.com\/jacottecholletmusiquemultidimensionnelle\/","article_modified_time":"2023-08-12T17:59:30+00:00","twitter_card":"summary_large_image","twitter_misc":{"Tempo estimado de leitura":"1 minuto"},"schema":{"@context":"https:\/\/schema.org","@graph":[{"@type":"WebPage","@id":"https:\/\/multidimensionalmusic.com\/pt-pt\/comprar-los-cd\/","url":"https:\/\/multidimensionalmusic.com\/pt-pt\/comprar-los-cd\/","name":"Comprar - Jacotte Chollet &amp; La M\u00fasica Multidimensional","isPartOf":{"@id":"https:\/\/multidimensionalmusic.com\/pt-pt\/#website"},"datePublished":"2017-11-30T11:08:37+00:00","dateModified":"2023-08-12T17:59:30+00:00","breadcrumb":{"@id":"https:\/\/multidimensionalmusic.com\/pt-pt\/comprar-los-cd\/#breadcrumb"},"inLanguage":"pt-PT","potentialAction":[{"@type":"ReadAction","target":["https:\/\/multidimensionalmusic.com\/pt-pt\/comprar-los-cd\/"]}]},{"@type":"BreadcrumbList","@id":"https:\/\/multidimensionalmusic.com\/pt-pt\/comprar-los-cd\/#breadcrumb","itemListElement":[{"@type":"ListItem","position":1,"name":"Home","item":"https:\/\/multidimensionalmusic.com\/pt-pt\/"},{"@type":"ListItem","position":2,"name":"Comprar"}]},{"@type":"WebSite","@id":"https:\/\/multidimensionalmusic.com\/pt-pt\/#website","url":"https:\/\/multidimensionalmusic.com\/pt-pt\/","name":"Jacotte Chollet - La Musique Multidimensionnelle","description":"Medita\u00e7\u00e3o - Relaxa\u00e7\u00e3o profunda - Liberta\u00e7\u00e3o emocional - Alinhamento energ\u00e9tico - Expans\u00e3o da consci\u00eancia - Intui\u00e7\u00e3o e Criatividade","publisher":{"@id":"https:\/\/multidimensionalmusic.com\/pt-pt\/#organization"},"potentialAction":[{"@type":"SearchAction","target":{"@type":"EntryPoint","urlTemplate":"https:\/\/multidimensionalmusic.com\/pt-pt\/?s={search_term_string}"},"query-input":{"@type":"PropertyValueSpecification","valueRequired":true,"valueName":"search_term_string"}}],"inLanguage":"pt-PT"},{"@type":"Organization","@id":"https:\/\/multidimensionalmusic.com\/pt-pt\/#organization","name":"Jacotte Chollet Multidimensional Music","url":"https:\/\/multidimensionalmusic.com\/pt-pt\/","logo":{"@type":"ImageObject","inLanguage":"pt-PT","@id":"https:\/\/multidimensionalmusic.com\/pt-pt\/#\/schema\/logo\/image\/","url":"https:\/\/multidimensionalmusic.com\/wp-content\/uploads\/2025\/03\/header-logo-site-vitrine-jacotte-chollet-mmd-transparent.png","contentUrl":"https:\/\/multidimensionalmusic.com\/wp-content\/uploads\/2025\/03\/header-logo-site-vitrine-jacotte-chollet-mmd-transparent.png","width":800,"height":358,"caption":"Jacotte Chollet Multidimensional Music"},"image":{"@id":"https:\/\/multidimensionalmusic.com\/pt-pt\/#\/schema\/logo\/image\/"},"sameAs":["https:\/\/www.facebook.com\/jacottecholletmusiquemultidimensionnelle\/","https:\/\/www.instagram.com\/jacottechollet\/","https:\/\/www.linkedin.com\/in\/jacotte-chollet-41a09812\/","https:\/\/www.youtube.com\/channel\/UCKDtAKgspnDQqggI1bAOl_g"]}]}},"_links":{"self":[{"href":"https:\/\/multidimensionalmusic.com\/pt-pt\/wp-json\/wp\/v2\/pages\/3028","targetHints":{"allow":["GET"]}}],"collection":[{"href":"https:\/\/multidimensionalmusic.com\/pt-pt\/wp-json\/wp\/v2\/pages"}],"about":[{"href":"https:\/\/multidimensionalmusic.com\/pt-pt\/wp-json\/wp\/v2\/types\/page"}],"author":[{"embeddable":true,"href":"https:\/\/multidimensionalmusic.com\/pt-pt\/wp-json\/wp\/v2\/users\/1"}],"replies":[{"embeddable":true,"href":"https:\/\/multidimensionalmusic.com\/pt-pt\/wp-json\/wp\/v2\/comments?post=3028"}],"version-history":[{"count":0,"href":"https:\/\/multidimensionalmusic.com\/pt-pt\/wp-json\/wp\/v2\/pages\/3028\/revisions"}],"wp:attachment":[{"href":"https:\/\/multidimensionalmusic.com\/pt-pt\/wp-json\/wp\/v2\/media?parent=3028"}],"curies":[{"name":"wp","href":"https:\/\/api.w.org\/{rel}","templated":true}]}}