{"id":47674,"date":"2021-01-05T14:38:31","date_gmt":"2021-01-05T13:38:31","guid":{"rendered":"https:\/\/multidimensionalmusic.com\/nouveau-cd-zero-gravity-jacotte-chollet\/"},"modified":"2021-04-28T17:32:12","modified_gmt":"2021-04-28T15:32:12","slug":"zero-gravity-jacotte-chollet","status":"publish","type":"page","link":"https:\/\/multidimensionalmusic.com\/es\/zero-gravity-jacotte-chollet\/","title":{"rendered":"Nuevo CD : zero gravity &#8211; Jacotte Chollet"},"content":{"rendered":"<style type=\"text\/css\">@media only screen and (min-width: 1000px) and (max-width: 5000px){body.kc-css-system .kc-css-2551621{width: 33.3%;}body.kc-css-system .kc-css-792096{width: 100%;}body.kc-css-system .kc-css-315758{width: 66.69%;}}body.kc-css-system .kc-css-2110659{margin-top: -20px;}body.kc-css-system .kc-css-792096 .kc-col-inner-container{margin-right: 20px;margin-left: 20px;}body.kc-css-system .kc-css-694455 ,body.kc-css-system .kc-css-694455 p{text-align: justify;}body.kc-css-system .kc-css-71451{text-align: center;}<\/style>\n<section class=\"kc-elm kc-css-2784998 kc_row\">\n<div class=\"kc-row-container  kc-container\">\n<div class=\"kc-wrap-columns\">\n<div class=\"kc-elm kc-css-2551621 kc_col-sm-4 kc_column kc_col-sm-4\">\n<div class=\"kc-col-container\">\n<div class=\"kc-elm kc-css-2110659 kc_row kc_row_inner\">\n<div class=\"kc-elm kc-css-792096 kc_col-sm-12 kc_column_inner kc_col-sm-12\">\n<div class=\"kc_wrapper kc-col-inner-container\">\n<div class=\"kc-elm kc-css-4225214 kc-raw-code\">\n<\/p>\n<\/div>\n<\/div>\n<\/div>\n<\/div>\n<div class=\"kc-elm kc-css-219765 kc_text_block\">\n<p><img decoding=\"async\" class=\"size-full aligncenter\" src=\"https:\/\/multidimensionalmusic.com\/wp-content\/uploads\/2021\/01\/zero-gravity-jacotte-chollet-200.jpg\" alt=\"zero gravity Jacotte Chollet\" width=\"200\" height=\"200\" \/><\/p>\n<\/div>\n<\/div>\n<\/div>\n<div class=\"kc-elm kc-css-315758 kc_col-sm-8 kc_column kc_col-sm-8\">\n<div class=\"kc-col-container\">\n<div class=\"kc-elm kc-css-694455 kc_text_block\">\n<p>Mi 15\u00ba \u00e1lbum ZERO GRAVITY no se parece a ninguno de sus hermanos. Nos introduce en el &#8220;no time&#8221; una nueva experiencia, una espiral, una nueva era, un nuevo mundo que se abre completamente, ahora, en 2021.<\/p>\n<p>Es un ni\u00f1o muy delicado, muy sensible, muy cari\u00f1oso, un ni\u00f1o &#8220;diferente&#8221;.<br \/>No debe ofenderse si hace &#8220;resonar&#8221; nuevas emociones y sentimientos ocultos de los que no era consciente antes, que necesitan ser lavados, purificados, sanados suave y profundamente.<\/p>\n<p>Habla un nuevo lenguaje hecho de tonos y sonidos desconocidos que hacen cosquillas en los o\u00eddos y acarician el coraz\u00f3n. Est\u00e1 imbuido de una profunda paz, ligereza, dulzura, libertad y amor, nos ayuda a liberarnos de la gravedad y a volar sin esfuerzo siguiendo a los p\u00e1jaros.<br \/>Es el momento de desplegar nuestras alas, descubrir nuevos paisajes, nuevos horizontes y crear la nueva vida que deseamos.<\/p>\n<p><strong>UN \u00c1LBUM PARA : 6 temas para ser escuchados sin moderaci\u00f3n a todas las edades y en todas las situaciones que requieran dominio, calma, claridad, compasi\u00f3n, creatividad, lucidez, atenci\u00f3n sin esfuerzo, concentraci\u00f3n y AUTOPRESENCIA.<\/strong><\/p>\n<p>Cuanto m\u00e1s escuchamos este \u00e1lbum y m\u00e1s o\u00edmos nuestra propia canci\u00f3n interior, m\u00e1s nos proveemos de recursos, nos tranquilizamos, nos curamos, nos transformamos gentilmente.<\/p>\n<\/div>\n<div class=\"kc-elm kc-css-71451\">\n\t<a class=\"kc_button\" href=\"http:\/\/COMPRAR CD\" target=\"_blank\" title=\"https:\/\/multidimensionalmusic.com\/shop\/es\/cd\/66-cd-zero-gravity-jacotte-chollet.html\" onclick=\"\"><br \/>\n\t\tCOMPRAR\t<\/a>\n<\/div>\n<\/div>\n<\/div>\n<\/div>\n<\/div>\n<\/section>\n<section class=\"kc-elm kc-css-3909466 kc_row\">\n<div class=\"kc-row-container  kc-container\">\n<div class=\"kc-wrap-columns\">\n<div class=\"kc-elm kc-css-1061865 kc_col-sm-12 kc_column kc_col-sm-12\">\n<div class=\"kc-col-container\">\n<div class=\"kc-elm kc-css-2058494\" style=\"height: 42px; clear: both; width:100%;\"><\/div>\n<\/div>\n<\/div>\n<\/div>\n<\/div>\n<\/section>\n","protected":false},"excerpt":{"rendered":"<p>Mi 15\u00ba \u00e1lbum ZERO GRAVITY no se parece a ninguno de sus hermanos. Nos introduce en el &#8220;no time&#8221; una nueva experiencia, una espiral, una nueva era, un nuevo mundo que se abre completamente, ahora, en 2021. Es un ni\u00f1o muy delicado, muy sensible, muy cari\u00f1oso, un ni\u00f1o &#8220;diferente&#8221;.No debe ofenderse si hace &#8220;resonar&#8221; nuevas [&hellip;]<\/p>\n","protected":false},"author":1,"featured_media":0,"parent":0,"menu_order":0,"comment_status":"closed","ping_status":"closed","template":"","meta":{"site-sidebar-layout":"default","site-content-layout":"","ast-site-content-layout":"default","site-content-style":"default","site-sidebar-style":"default","ast-global-header-display":"","ast-banner-title-visibility":"","ast-main-header-display":"","ast-hfb-above-header-display":"","ast-hfb-below-header-display":"","ast-hfb-mobile-header-display":"","site-post-title":"","ast-breadcrumbs-content":"","ast-featured-img":"","footer-sml-layout":"","ast-disable-related-posts":"","theme-transparent-header-meta":"","adv-header-id-meta":"","stick-header-meta":"","header-above-stick-meta":"","header-main-stick-meta":"","header-below-stick-meta":"","astra-migrate-meta-layouts":"default","ast-page-background-enabled":"default","ast-page-background-meta":{"desktop":{"background-color":"var(--ast-global-color-4)","background-image":"","background-repeat":"repeat","background-position":"center center","background-size":"auto","background-attachment":"scroll","background-type":"","background-media":"","overlay-type":"","overlay-color":"","overlay-opacity":"","overlay-gradient":""},"tablet":{"background-color":"","background-image":"","background-repeat":"repeat","background-position":"center center","background-size":"auto","background-attachment":"scroll","background-type":"","background-media":"","overlay-type":"","overlay-color":"","overlay-opacity":"","overlay-gradient":""},"mobile":{"background-color":"","background-image":"","background-repeat":"repeat","background-position":"center center","background-size":"auto","background-attachment":"scroll","background-type":"","background-media":"","overlay-type":"","overlay-color":"","overlay-opacity":"","overlay-gradient":""}},"ast-content-background-meta":{"desktop":{"background-color":"var(--ast-global-color-5)","background-image":"","background-repeat":"repeat","background-position":"center center","background-size":"auto","background-attachment":"scroll","background-type":"","background-media":"","overlay-type":"","overlay-color":"","overlay-opacity":"","overlay-gradient":""},"tablet":{"background-color":"var(--ast-global-color-5)","background-image":"","background-repeat":"repeat","background-position":"center center","background-size":"auto","background-attachment":"scroll","background-type":"","background-media":"","overlay-type":"","overlay-color":"","overlay-opacity":"","overlay-gradient":""},"mobile":{"background-color":"var(--ast-global-color-5)","background-image":"","background-repeat":"repeat","background-position":"center center","background-size":"auto","background-attachment":"scroll","background-type":"","background-media":"","overlay-type":"","overlay-color":"","overlay-opacity":"","overlay-gradient":""}},"footnotes":""},"class_list":["post-47674","page","type-page","status-publish","hentry"],"yoast_head":"<!-- This site is optimized with the Yoast SEO Premium plugin v21.7 (Yoast SEO v27.3) - https:\/\/yoast.com\/product\/yoast-seo-premium-wordpress\/ -->\n<title>Nuevo CD : zero gravity - Jacotte Chollet - Jacotte Chollet &amp; La M\u00fasica Multidimensional<\/title>\n<meta name=\"robots\" content=\"index, follow, max-snippet:-1, max-image-preview:large, max-video-preview:-1\" \/>\n<link rel=\"canonical\" href=\"https:\/\/multidimensionalmusic.com\/es\/zero-gravity-jacotte-chollet\/\" \/>\n<meta property=\"og:locale\" content=\"es_ES\" \/>\n<meta property=\"og:type\" content=\"article\" \/>\n<meta property=\"og:title\" content=\"Nuevo CD : zero gravity - Jacotte Chollet\" \/>\n<meta property=\"og:description\" content=\"Mi 15\u00ba \u00e1lbum ZERO GRAVITY no se parece a ninguno de sus hermanos. Nos introduce en el &#8220;no time&#8221; una nueva experiencia, una espiral, una nueva era, un nuevo mundo que se abre completamente, ahora, en 2021. Es un ni\u00f1o muy delicado, muy sensible, muy cari\u00f1oso, un ni\u00f1o &#8220;diferente&#8221;.No debe ofenderse si hace &#8220;resonar&#8221; nuevas [&hellip;]\" \/>\n<meta property=\"og:url\" content=\"https:\/\/multidimensionalmusic.com\/es\/zero-gravity-jacotte-chollet\/\" \/>\n<meta property=\"og:site_name\" content=\"Jacotte Chollet &amp; La M\u00fasica Multidimensional\" \/>\n<meta property=\"article:publisher\" content=\"https:\/\/www.facebook.com\/jacottecholletmusiquemultidimensionnelle\/\" \/>\n<meta property=\"article:modified_time\" content=\"2021-04-28T15:32:12+00:00\" \/>\n<meta property=\"og:image\" content=\"https:\/\/multidimensionalmusic.com\/wp-content\/uploads\/2021\/01\/zero-gravity-jacotte-chollet-200.jpg\" \/>\n<meta name=\"twitter:card\" content=\"summary_large_image\" \/>\n<meta name=\"twitter:label1\" content=\"Tiempo de lectura\" \/>\n\t<meta name=\"twitter:data1\" content=\"1 minuto\" \/>\n<script type=\"application\/ld+json\" class=\"yoast-schema-graph\">{\"@context\":\"https:\\\/\\\/schema.org\",\"@graph\":[{\"@type\":\"WebPage\",\"@id\":\"https:\\\/\\\/multidimensionalmusic.com\\\/es\\\/zero-gravity-jacotte-chollet\\\/\",\"url\":\"https:\\\/\\\/multidimensionalmusic.com\\\/es\\\/zero-gravity-jacotte-chollet\\\/\",\"name\":\"Nuevo CD : zero gravity - Jacotte Chollet - Jacotte Chollet &amp; La M\u00fasica Multidimensional\",\"isPartOf\":{\"@id\":\"https:\\\/\\\/multidimensionalmusic.com\\\/es\\\/#website\"},\"primaryImageOfPage\":{\"@id\":\"https:\\\/\\\/multidimensionalmusic.com\\\/es\\\/zero-gravity-jacotte-chollet\\\/#primaryimage\"},\"image\":{\"@id\":\"https:\\\/\\\/multidimensionalmusic.com\\\/es\\\/zero-gravity-jacotte-chollet\\\/#primaryimage\"},\"thumbnailUrl\":\"https:\\\/\\\/multidimensionalmusic.com\\\/wp-content\\\/uploads\\\/2021\\\/01\\\/zero-gravity-jacotte-chollet-200.jpg\",\"datePublished\":\"2021-01-05T13:38:31+00:00\",\"dateModified\":\"2021-04-28T15:32:12+00:00\",\"breadcrumb\":{\"@id\":\"https:\\\/\\\/multidimensionalmusic.com\\\/es\\\/zero-gravity-jacotte-chollet\\\/#breadcrumb\"},\"inLanguage\":\"es\",\"potentialAction\":[{\"@type\":\"ReadAction\",\"target\":[\"https:\\\/\\\/multidimensionalmusic.com\\\/es\\\/zero-gravity-jacotte-chollet\\\/\"]}]},{\"@type\":\"ImageObject\",\"inLanguage\":\"es\",\"@id\":\"https:\\\/\\\/multidimensionalmusic.com\\\/es\\\/zero-gravity-jacotte-chollet\\\/#primaryimage\",\"url\":\"https:\\\/\\\/multidimensionalmusic.com\\\/wp-content\\\/uploads\\\/2021\\\/01\\\/zero-gravity-jacotte-chollet-200.jpg\",\"contentUrl\":\"https:\\\/\\\/multidimensionalmusic.com\\\/wp-content\\\/uploads\\\/2021\\\/01\\\/zero-gravity-jacotte-chollet-200.jpg\"},{\"@type\":\"BreadcrumbList\",\"@id\":\"https:\\\/\\\/multidimensionalmusic.com\\\/es\\\/zero-gravity-jacotte-chollet\\\/#breadcrumb\",\"itemListElement\":[{\"@type\":\"ListItem\",\"position\":1,\"name\":\"Home\",\"item\":\"https:\\\/\\\/multidimensionalmusic.com\\\/es\\\/\"},{\"@type\":\"ListItem\",\"position\":2,\"name\":\"Nuevo CD : zero gravity &#8211; Jacotte Chollet\"}]},{\"@type\":\"WebSite\",\"@id\":\"https:\\\/\\\/multidimensionalmusic.com\\\/es\\\/#website\",\"url\":\"https:\\\/\\\/multidimensionalmusic.com\\\/es\\\/\",\"name\":\"Jacotte Chollet - La Musique Multidimensionnelle\",\"description\":\"Meditaci\u00f3n - Relajaci\u00f3n profunda - Antiestr\u00e9s - Liberaci\u00f3n emocional - Intuici\u00f3n y creatividad - Expansi\u00f3n de conciencia - Alineamiento energ\u00e9tico\",\"publisher\":{\"@id\":\"https:\\\/\\\/multidimensionalmusic.com\\\/es\\\/#organization\"},\"potentialAction\":[{\"@type\":\"SearchAction\",\"target\":{\"@type\":\"EntryPoint\",\"urlTemplate\":\"https:\\\/\\\/multidimensionalmusic.com\\\/es\\\/?s={search_term_string}\"},\"query-input\":{\"@type\":\"PropertyValueSpecification\",\"valueRequired\":true,\"valueName\":\"search_term_string\"}}],\"inLanguage\":\"es\"},{\"@type\":\"Organization\",\"@id\":\"https:\\\/\\\/multidimensionalmusic.com\\\/es\\\/#organization\",\"name\":\"Jacotte Chollet Multidimensional Music\",\"url\":\"https:\\\/\\\/multidimensionalmusic.com\\\/es\\\/\",\"logo\":{\"@type\":\"ImageObject\",\"inLanguage\":\"es\",\"@id\":\"https:\\\/\\\/multidimensionalmusic.com\\\/es\\\/#\\\/schema\\\/logo\\\/image\\\/\",\"url\":\"https:\\\/\\\/multidimensionalmusic.com\\\/wp-content\\\/uploads\\\/2025\\\/03\\\/header-logo-site-vitrine-jacotte-chollet-mmd-transparent.png\",\"contentUrl\":\"https:\\\/\\\/multidimensionalmusic.com\\\/wp-content\\\/uploads\\\/2025\\\/03\\\/header-logo-site-vitrine-jacotte-chollet-mmd-transparent.png\",\"width\":800,\"height\":358,\"caption\":\"Jacotte Chollet Multidimensional Music\"},\"image\":{\"@id\":\"https:\\\/\\\/multidimensionalmusic.com\\\/es\\\/#\\\/schema\\\/logo\\\/image\\\/\"},\"sameAs\":[\"https:\\\/\\\/www.facebook.com\\\/jacottecholletmusiquemultidimensionnelle\\\/\",\"https:\\\/\\\/www.instagram.com\\\/jacottechollet\\\/\",\"https:\\\/\\\/www.linkedin.com\\\/in\\\/jacotte-chollet-41a09812\\\/\",\"https:\\\/\\\/www.youtube.com\\\/channel\\\/UCKDtAKgspnDQqggI1bAOl_g\"]}]}<\/script>\n<!-- \/ Yoast SEO Premium plugin. -->","yoast_head_json":{"title":"Nuevo CD : zero gravity - Jacotte Chollet - Jacotte Chollet &amp; La M\u00fasica Multidimensional","robots":{"index":"index","follow":"follow","max-snippet":"max-snippet:-1","max-image-preview":"max-image-preview:large","max-video-preview":"max-video-preview:-1"},"canonical":"https:\/\/multidimensionalmusic.com\/es\/zero-gravity-jacotte-chollet\/","og_locale":"es_ES","og_type":"article","og_title":"Nuevo CD : zero gravity - Jacotte Chollet","og_description":"Mi 15\u00ba \u00e1lbum ZERO GRAVITY no se parece a ninguno de sus hermanos. Nos introduce en el &#8220;no time&#8221; una nueva experiencia, una espiral, una nueva era, un nuevo mundo que se abre completamente, ahora, en 2021. Es un ni\u00f1o muy delicado, muy sensible, muy cari\u00f1oso, un ni\u00f1o &#8220;diferente&#8221;.No debe ofenderse si hace &#8220;resonar&#8221; nuevas [&hellip;]","og_url":"https:\/\/multidimensionalmusic.com\/es\/zero-gravity-jacotte-chollet\/","og_site_name":"Jacotte Chollet &amp; La M\u00fasica Multidimensional","article_publisher":"https:\/\/www.facebook.com\/jacottecholletmusiquemultidimensionnelle\/","article_modified_time":"2021-04-28T15:32:12+00:00","og_image":[{"url":"https:\/\/multidimensionalmusic.com\/wp-content\/uploads\/2021\/01\/zero-gravity-jacotte-chollet-200.jpg","type":"","width":"","height":""}],"twitter_card":"summary_large_image","twitter_misc":{"Tiempo de lectura":"1 minuto"},"schema":{"@context":"https:\/\/schema.org","@graph":[{"@type":"WebPage","@id":"https:\/\/multidimensionalmusic.com\/es\/zero-gravity-jacotte-chollet\/","url":"https:\/\/multidimensionalmusic.com\/es\/zero-gravity-jacotte-chollet\/","name":"Nuevo CD : zero gravity - Jacotte Chollet - Jacotte Chollet &amp; La M\u00fasica Multidimensional","isPartOf":{"@id":"https:\/\/multidimensionalmusic.com\/es\/#website"},"primaryImageOfPage":{"@id":"https:\/\/multidimensionalmusic.com\/es\/zero-gravity-jacotte-chollet\/#primaryimage"},"image":{"@id":"https:\/\/multidimensionalmusic.com\/es\/zero-gravity-jacotte-chollet\/#primaryimage"},"thumbnailUrl":"https:\/\/multidimensionalmusic.com\/wp-content\/uploads\/2021\/01\/zero-gravity-jacotte-chollet-200.jpg","datePublished":"2021-01-05T13:38:31+00:00","dateModified":"2021-04-28T15:32:12+00:00","breadcrumb":{"@id":"https:\/\/multidimensionalmusic.com\/es\/zero-gravity-jacotte-chollet\/#breadcrumb"},"inLanguage":"es","potentialAction":[{"@type":"ReadAction","target":["https:\/\/multidimensionalmusic.com\/es\/zero-gravity-jacotte-chollet\/"]}]},{"@type":"ImageObject","inLanguage":"es","@id":"https:\/\/multidimensionalmusic.com\/es\/zero-gravity-jacotte-chollet\/#primaryimage","url":"https:\/\/multidimensionalmusic.com\/wp-content\/uploads\/2021\/01\/zero-gravity-jacotte-chollet-200.jpg","contentUrl":"https:\/\/multidimensionalmusic.com\/wp-content\/uploads\/2021\/01\/zero-gravity-jacotte-chollet-200.jpg"},{"@type":"BreadcrumbList","@id":"https:\/\/multidimensionalmusic.com\/es\/zero-gravity-jacotte-chollet\/#breadcrumb","itemListElement":[{"@type":"ListItem","position":1,"name":"Home","item":"https:\/\/multidimensionalmusic.com\/es\/"},{"@type":"ListItem","position":2,"name":"Nuevo CD : zero gravity &#8211; Jacotte Chollet"}]},{"@type":"WebSite","@id":"https:\/\/multidimensionalmusic.com\/es\/#website","url":"https:\/\/multidimensionalmusic.com\/es\/","name":"Jacotte Chollet - La Musique Multidimensionnelle","description":"Meditaci\u00f3n - Relajaci\u00f3n profunda - Antiestr\u00e9s - Liberaci\u00f3n emocional - Intuici\u00f3n y creatividad - Expansi\u00f3n de conciencia - Alineamiento energ\u00e9tico","publisher":{"@id":"https:\/\/multidimensionalmusic.com\/es\/#organization"},"potentialAction":[{"@type":"SearchAction","target":{"@type":"EntryPoint","urlTemplate":"https:\/\/multidimensionalmusic.com\/es\/?s={search_term_string}"},"query-input":{"@type":"PropertyValueSpecification","valueRequired":true,"valueName":"search_term_string"}}],"inLanguage":"es"},{"@type":"Organization","@id":"https:\/\/multidimensionalmusic.com\/es\/#organization","name":"Jacotte Chollet Multidimensional Music","url":"https:\/\/multidimensionalmusic.com\/es\/","logo":{"@type":"ImageObject","inLanguage":"es","@id":"https:\/\/multidimensionalmusic.com\/es\/#\/schema\/logo\/image\/","url":"https:\/\/multidimensionalmusic.com\/wp-content\/uploads\/2025\/03\/header-logo-site-vitrine-jacotte-chollet-mmd-transparent.png","contentUrl":"https:\/\/multidimensionalmusic.com\/wp-content\/uploads\/2025\/03\/header-logo-site-vitrine-jacotte-chollet-mmd-transparent.png","width":800,"height":358,"caption":"Jacotte Chollet Multidimensional Music"},"image":{"@id":"https:\/\/multidimensionalmusic.com\/es\/#\/schema\/logo\/image\/"},"sameAs":["https:\/\/www.facebook.com\/jacottecholletmusiquemultidimensionnelle\/","https:\/\/www.instagram.com\/jacottechollet\/","https:\/\/www.linkedin.com\/in\/jacotte-chollet-41a09812\/","https:\/\/www.youtube.com\/channel\/UCKDtAKgspnDQqggI1bAOl_g"]}]}},"_links":{"self":[{"href":"https:\/\/multidimensionalmusic.com\/es\/wp-json\/wp\/v2\/pages\/47674","targetHints":{"allow":["GET"]}}],"collection":[{"href":"https:\/\/multidimensionalmusic.com\/es\/wp-json\/wp\/v2\/pages"}],"about":[{"href":"https:\/\/multidimensionalmusic.com\/es\/wp-json\/wp\/v2\/types\/page"}],"author":[{"embeddable":true,"href":"https:\/\/multidimensionalmusic.com\/es\/wp-json\/wp\/v2\/users\/1"}],"replies":[{"embeddable":true,"href":"https:\/\/multidimensionalmusic.com\/es\/wp-json\/wp\/v2\/comments?post=47674"}],"version-history":[{"count":0,"href":"https:\/\/multidimensionalmusic.com\/es\/wp-json\/wp\/v2\/pages\/47674\/revisions"}],"wp:attachment":[{"href":"https:\/\/multidimensionalmusic.com\/es\/wp-json\/wp\/v2\/media?parent=47674"}],"curies":[{"name":"wp","href":"https:\/\/api.w.org\/{rel}","templated":true}]}}