{"id":42319,"date":"2019-10-04T16:46:51","date_gmt":"2019-10-04T14:46:51","guid":{"rendered":"https:\/\/multidimensionalmusic.com\/zen-garden-jacotte-chollet\/"},"modified":"2019-10-04T17:40:36","modified_gmt":"2019-10-04T15:40:36","slug":"zen-garden-jacotte-chollet","status":"publish","type":"page","link":"https:\/\/multidimensionalmusic.com\/es\/zen-garden-jacotte-chollet\/","title":{"rendered":"Nuevo CD : Zen Garden"},"content":{"rendered":"<p>[kc_row use_container=&#8221;yes&#8221; _id=&#8221;142345&#8243; cols_gap=&#8221;{`kc-css`:{}}&#8221; force=&#8221;__empty__&#8221; enable_particle_bg=&#8221;__empty__&#8221; css_custom=&#8221;{`kc-css`:{`any`:{`box`:{`margin|`:`10px inherit inherit inherit`,`padding|`:`0px inherit inherit inherit`}}}}&#8221;][kc_column width=&#8221;50%&#8221; video_mute=&#8221;no&#8221; _id=&#8221;12539&#8243;][crum_single_image image_size=&#8221;300&#215;300&#8243; align=&#8221;aligncenter&#8221; _id=&#8221;132732&#8243; image_source=&#8221;media_library&#8221; image=&#8221;32558&#8243; on_click_action=&#8221;open_custom_link&#8221; custom_link=&#8221;https:\/\/multidimensionalmusic.com\/shop\/fr\/cd\/65-cd-zen-garden-meditation-profonde.html||_blank&#8221;][\/kc_column][kc_column width=&#8221;50%&#8221; video_mute=&#8221;no&#8221; _id=&#8221;891872&#8243;][kc_raw_code code=&#8221;PHA+W3BsYXlsaXN0IGlkcz0iMjc1MjksMjc1MjQsMjc1MTksMjc1MTQsMjc1MDksMjc1MDQsMjc0OTkiXTwvcD4NCjxwPjwvcD4=&#8221; _id=&#8221;283930&#8243;][crum_button label=&#8221;Comprar&#8221; show_icon=&#8221;__empty__&#8221; align=&#8221;align-center&#8221; color=&#8221;primary&#8221; size=&#8221;medium&#8221; _id=&#8221;609820&#8243; link=&#8221;https:\/\/multidimensionalmusic.com\/shop\/es\/cd\/65-cd-zen-garden.html||_blank&#8221; custom_css=&#8221;{`kc-css`:{`any`:{`style`:{`color|.btn`:`#ffffff`,`background-color|.btn`:`#1e73be`}}}}&#8221;][\/kc_column][\/kc_row]<\/p>\n","protected":false},"excerpt":{"rendered":"<p>[kc_row use_container=&#8221;yes&#8221; _id=&#8221;142345&#8243; cols_gap=&#8221;{`kc-css`:{}}&#8221; force=&#8221;__empty__&#8221; enable_particle_bg=&#8221;__empty__&#8221; css_custom=&#8221;{`kc-css`:{`any`:{`box`:{`margin|`:`10px inherit inherit inherit`,`padding|`:`0px inherit inherit inherit`}}}}&#8221;][kc_column width=&#8221;50%&#8221; video_mute=&#8221;no&#8221; _id=&#8221;12539&#8243;][crum_single_image image_size=&#8221;300&#215;300&#8243; align=&#8221;aligncenter&#8221; _id=&#8221;132732&#8243; image_source=&#8221;media_library&#8221; image=&#8221;32558&#8243; on_click_action=&#8221;open_custom_link&#8221; custom_link=&#8221;https:\/\/multidimensionalmusic.com\/shop\/fr\/cd\/65-cd-zen-garden-meditation-profonde.html||_blank&#8221;][\/kc_column][kc_column width=&#8221;50%&#8221; video_mute=&#8221;no&#8221; _id=&#8221;891872&#8243;][kc_raw_code code=&#8221;PHA+W3BsYXlsaXN0IGlkcz0iMjc1MjksMjc1MjQsMjc1MTksMjc1MTQsMjc1MDksMjc1MDQsMjc0OTkiXTwvcD4NCjxwPjwvcD4=&#8221; _id=&#8221;283930&#8243;][crum_button label=&#8221;Comprar&#8221; show_icon=&#8221;__empty__&#8221; align=&#8221;align-center&#8221; color=&#8221;primary&#8221; size=&#8221;medium&#8221; _id=&#8221;609820&#8243; link=&#8221;https:\/\/multidimensionalmusic.com\/shop\/es\/cd\/65-cd-zen-garden.html||_blank&#8221; custom_css=&#8221;{`kc-css`:{`any`:{`style`:{`color|.btn`:`#ffffff`,`background-color|.btn`:`#1e73be`}}}}&#8221;][\/kc_column][\/kc_row]<\/p>\n","protected":false},"author":1,"featured_media":0,"parent":0,"menu_order":0,"comment_status":"closed","ping_status":"closed","template":"","meta":{"site-sidebar-layout":"default","site-content-layout":"","ast-site-content-layout":"default","site-content-style":"default","site-sidebar-style":"default","ast-global-header-display":"","ast-banner-title-visibility":"","ast-main-header-display":"","ast-hfb-above-header-display":"","ast-hfb-below-header-display":"","ast-hfb-mobile-header-display":"","site-post-title":"","ast-breadcrumbs-content":"","ast-featured-img":"","footer-sml-layout":"","ast-disable-related-posts":"","theme-transparent-header-meta":"","adv-header-id-meta":"","stick-header-meta":"","header-above-stick-meta":"","header-main-stick-meta":"","header-below-stick-meta":"","astra-migrate-meta-layouts":"default","ast-page-background-enabled":"default","ast-page-background-meta":{"desktop":{"background-color":"var(--ast-global-color-4)","background-image":"","background-repeat":"repeat","background-position":"center center","background-size":"auto","background-attachment":"scroll","background-type":"","background-media":"","overlay-type":"","overlay-color":"","overlay-opacity":"","overlay-gradient":""},"tablet":{"background-color":"","background-image":"","background-repeat":"repeat","background-position":"center center","background-size":"auto","background-attachment":"scroll","background-type":"","background-media":"","overlay-type":"","overlay-color":"","overlay-opacity":"","overlay-gradient":""},"mobile":{"background-color":"","background-image":"","background-repeat":"repeat","background-position":"center center","background-size":"auto","background-attachment":"scroll","background-type":"","background-media":"","overlay-type":"","overlay-color":"","overlay-opacity":"","overlay-gradient":""}},"ast-content-background-meta":{"desktop":{"background-color":"var(--ast-global-color-5)","background-image":"","background-repeat":"repeat","background-position":"center center","background-size":"auto","background-attachment":"scroll","background-type":"","background-media":"","overlay-type":"","overlay-color":"","overlay-opacity":"","overlay-gradient":""},"tablet":{"background-color":"var(--ast-global-color-5)","background-image":"","background-repeat":"repeat","background-position":"center center","background-size":"auto","background-attachment":"scroll","background-type":"","background-media":"","overlay-type":"","overlay-color":"","overlay-opacity":"","overlay-gradient":""},"mobile":{"background-color":"var(--ast-global-color-5)","background-image":"","background-repeat":"repeat","background-position":"center center","background-size":"auto","background-attachment":"scroll","background-type":"","background-media":"","overlay-type":"","overlay-color":"","overlay-opacity":"","overlay-gradient":""}},"footnotes":""},"class_list":["post-42319","page","type-page","status-publish","hentry"],"yoast_head":"<!-- This site is optimized with the Yoast SEO Premium plugin v21.7 (Yoast SEO v27.3) - https:\/\/yoast.com\/product\/yoast-seo-premium-wordpress\/ -->\n<title>Nuevo CD : Zen Garden - Jacotte Chollet &amp; La M\u00fasica Multidimensional<\/title>\n<meta name=\"robots\" content=\"index, follow, max-snippet:-1, max-image-preview:large, max-video-preview:-1\" \/>\n<link rel=\"canonical\" href=\"https:\/\/multidimensionalmusic.com\/es\/zen-garden-jacotte-chollet\/\" \/>\n<meta property=\"og:locale\" content=\"es_ES\" \/>\n<meta property=\"og:type\" content=\"article\" \/>\n<meta property=\"og:title\" content=\"Nuevo CD : Zen Garden\" \/>\n<meta property=\"og:description\" content=\"[kc_row use_container=&#8221;yes&#8221; _id=&#8221;142345&#8243; cols_gap=&#8221;{`kc-css`:{}}&#8221; force=&#8221;__empty__&#8221; enable_particle_bg=&#8221;__empty__&#8221; css_custom=&#8221;{`kc-css`:{`any`:{`box`:{`margin|`:`10px inherit inherit inherit`,`padding|`:`0px inherit inherit inherit`}}}}&#8221;][kc_column width=&#8221;50%&#8221; video_mute=&#8221;no&#8221; _id=&#8221;12539&#8243;][crum_single_image image_size=&#8221;300&#215;300&#8243; align=&#8221;aligncenter&#8221; _id=&#8221;132732&#8243; image_source=&#8221;media_library&#8221; image=&#8221;32558&#8243; on_click_action=&#8221;open_custom_link&#8221; custom_link=&#8221;https:\/\/multidimensionalmusic.com\/shop\/fr\/cd\/65-cd-zen-garden-meditation-profonde.html||_blank&#8221;][\/kc_column][kc_column width=&#8221;50%&#8221; video_mute=&#8221;no&#8221; _id=&#8221;891872&#8243;][kc_raw_code code=&#8221;PHA+W3BsYXlsaXN0IGlkcz0iMjc1MjksMjc1MjQsMjc1MTksMjc1MTQsMjc1MDksMjc1MDQsMjc0OTkiXTwvcD4NCjxwPjwvcD4=&#8221; _id=&#8221;283930&#8243;][crum_button label=&#8221;Comprar&#8221; show_icon=&#8221;__empty__&#8221; align=&#8221;align-center&#8221; color=&#8221;primary&#8221; size=&#8221;medium&#8221; _id=&#8221;609820&#8243; link=&#8221;https:\/\/multidimensionalmusic.com\/shop\/es\/cd\/65-cd-zen-garden.html||_blank&#8221; custom_css=&#8221;{`kc-css`:{`any`:{`style`:{`color|.btn`:`#ffffff`,`background-color|.btn`:`#1e73be`}}}}&#8221;][\/kc_column][\/kc_row]\" \/>\n<meta property=\"og:url\" content=\"https:\/\/multidimensionalmusic.com\/es\/zen-garden-jacotte-chollet\/\" \/>\n<meta property=\"og:site_name\" content=\"Jacotte Chollet &amp; La M\u00fasica Multidimensional\" \/>\n<meta property=\"article:publisher\" content=\"https:\/\/www.facebook.com\/jacottecholletmusiquemultidimensionnelle\/\" \/>\n<meta property=\"article:modified_time\" content=\"2019-10-04T15:40:36+00:00\" \/>\n<meta name=\"twitter:card\" content=\"summary_large_image\" \/>\n<meta name=\"twitter:label1\" content=\"Tiempo de lectura\" \/>\n\t<meta name=\"twitter:data1\" content=\"1 minuto\" \/>\n<script type=\"application\/ld+json\" class=\"yoast-schema-graph\">{\"@context\":\"https:\\\/\\\/schema.org\",\"@graph\":[{\"@type\":\"WebPage\",\"@id\":\"https:\\\/\\\/multidimensionalmusic.com\\\/es\\\/zen-garden-jacotte-chollet\\\/\",\"url\":\"https:\\\/\\\/multidimensionalmusic.com\\\/es\\\/zen-garden-jacotte-chollet\\\/\",\"name\":\"Nuevo CD : Zen Garden - Jacotte Chollet &amp; La M\u00fasica Multidimensional\",\"isPartOf\":{\"@id\":\"https:\\\/\\\/multidimensionalmusic.com\\\/es\\\/#website\"},\"datePublished\":\"2019-10-04T14:46:51+00:00\",\"dateModified\":\"2019-10-04T15:40:36+00:00\",\"breadcrumb\":{\"@id\":\"https:\\\/\\\/multidimensionalmusic.com\\\/es\\\/zen-garden-jacotte-chollet\\\/#breadcrumb\"},\"inLanguage\":\"es\",\"potentialAction\":[{\"@type\":\"ReadAction\",\"target\":[\"https:\\\/\\\/multidimensionalmusic.com\\\/es\\\/zen-garden-jacotte-chollet\\\/\"]}]},{\"@type\":\"BreadcrumbList\",\"@id\":\"https:\\\/\\\/multidimensionalmusic.com\\\/es\\\/zen-garden-jacotte-chollet\\\/#breadcrumb\",\"itemListElement\":[{\"@type\":\"ListItem\",\"position\":1,\"name\":\"Home\",\"item\":\"https:\\\/\\\/multidimensionalmusic.com\\\/es\\\/\"},{\"@type\":\"ListItem\",\"position\":2,\"name\":\"Nuevo CD : Zen Garden\"}]},{\"@type\":\"WebSite\",\"@id\":\"https:\\\/\\\/multidimensionalmusic.com\\\/es\\\/#website\",\"url\":\"https:\\\/\\\/multidimensionalmusic.com\\\/es\\\/\",\"name\":\"Jacotte Chollet - La Musique Multidimensionnelle\",\"description\":\"Meditaci\u00f3n - Relajaci\u00f3n profunda - Antiestr\u00e9s - Liberaci\u00f3n emocional - Intuici\u00f3n y creatividad - Expansi\u00f3n de conciencia - Alineamiento energ\u00e9tico\",\"publisher\":{\"@id\":\"https:\\\/\\\/multidimensionalmusic.com\\\/es\\\/#organization\"},\"potentialAction\":[{\"@type\":\"SearchAction\",\"target\":{\"@type\":\"EntryPoint\",\"urlTemplate\":\"https:\\\/\\\/multidimensionalmusic.com\\\/es\\\/?s={search_term_string}\"},\"query-input\":{\"@type\":\"PropertyValueSpecification\",\"valueRequired\":true,\"valueName\":\"search_term_string\"}}],\"inLanguage\":\"es\"},{\"@type\":\"Organization\",\"@id\":\"https:\\\/\\\/multidimensionalmusic.com\\\/es\\\/#organization\",\"name\":\"Jacotte Chollet Multidimensional Music\",\"url\":\"https:\\\/\\\/multidimensionalmusic.com\\\/es\\\/\",\"logo\":{\"@type\":\"ImageObject\",\"inLanguage\":\"es\",\"@id\":\"https:\\\/\\\/multidimensionalmusic.com\\\/es\\\/#\\\/schema\\\/logo\\\/image\\\/\",\"url\":\"https:\\\/\\\/multidimensionalmusic.com\\\/wp-content\\\/uploads\\\/2025\\\/03\\\/header-logo-site-vitrine-jacotte-chollet-mmd-transparent.png\",\"contentUrl\":\"https:\\\/\\\/multidimensionalmusic.com\\\/wp-content\\\/uploads\\\/2025\\\/03\\\/header-logo-site-vitrine-jacotte-chollet-mmd-transparent.png\",\"width\":800,\"height\":358,\"caption\":\"Jacotte Chollet Multidimensional Music\"},\"image\":{\"@id\":\"https:\\\/\\\/multidimensionalmusic.com\\\/es\\\/#\\\/schema\\\/logo\\\/image\\\/\"},\"sameAs\":[\"https:\\\/\\\/www.facebook.com\\\/jacottecholletmusiquemultidimensionnelle\\\/\",\"https:\\\/\\\/www.instagram.com\\\/jacottechollet\\\/\",\"https:\\\/\\\/www.linkedin.com\\\/in\\\/jacotte-chollet-41a09812\\\/\",\"https:\\\/\\\/www.youtube.com\\\/channel\\\/UCKDtAKgspnDQqggI1bAOl_g\"]}]}<\/script>\n<!-- \/ Yoast SEO Premium plugin. -->","yoast_head_json":{"title":"Nuevo CD : Zen Garden - Jacotte Chollet &amp; La M\u00fasica Multidimensional","robots":{"index":"index","follow":"follow","max-snippet":"max-snippet:-1","max-image-preview":"max-image-preview:large","max-video-preview":"max-video-preview:-1"},"canonical":"https:\/\/multidimensionalmusic.com\/es\/zen-garden-jacotte-chollet\/","og_locale":"es_ES","og_type":"article","og_title":"Nuevo CD : Zen Garden","og_description":"[kc_row use_container=&#8221;yes&#8221; _id=&#8221;142345&#8243; cols_gap=&#8221;{`kc-css`:{}}&#8221; force=&#8221;__empty__&#8221; enable_particle_bg=&#8221;__empty__&#8221; css_custom=&#8221;{`kc-css`:{`any`:{`box`:{`margin|`:`10px inherit inherit inherit`,`padding|`:`0px inherit inherit inherit`}}}}&#8221;][kc_column width=&#8221;50%&#8221; video_mute=&#8221;no&#8221; _id=&#8221;12539&#8243;][crum_single_image image_size=&#8221;300&#215;300&#8243; align=&#8221;aligncenter&#8221; _id=&#8221;132732&#8243; image_source=&#8221;media_library&#8221; image=&#8221;32558&#8243; on_click_action=&#8221;open_custom_link&#8221; custom_link=&#8221;https:\/\/multidimensionalmusic.com\/shop\/fr\/cd\/65-cd-zen-garden-meditation-profonde.html||_blank&#8221;][\/kc_column][kc_column width=&#8221;50%&#8221; video_mute=&#8221;no&#8221; _id=&#8221;891872&#8243;][kc_raw_code code=&#8221;PHA+W3BsYXlsaXN0IGlkcz0iMjc1MjksMjc1MjQsMjc1MTksMjc1MTQsMjc1MDksMjc1MDQsMjc0OTkiXTwvcD4NCjxwPjwvcD4=&#8221; _id=&#8221;283930&#8243;][crum_button label=&#8221;Comprar&#8221; show_icon=&#8221;__empty__&#8221; align=&#8221;align-center&#8221; color=&#8221;primary&#8221; size=&#8221;medium&#8221; _id=&#8221;609820&#8243; link=&#8221;https:\/\/multidimensionalmusic.com\/shop\/es\/cd\/65-cd-zen-garden.html||_blank&#8221; custom_css=&#8221;{`kc-css`:{`any`:{`style`:{`color|.btn`:`#ffffff`,`background-color|.btn`:`#1e73be`}}}}&#8221;][\/kc_column][\/kc_row]","og_url":"https:\/\/multidimensionalmusic.com\/es\/zen-garden-jacotte-chollet\/","og_site_name":"Jacotte Chollet &amp; La M\u00fasica Multidimensional","article_publisher":"https:\/\/www.facebook.com\/jacottecholletmusiquemultidimensionnelle\/","article_modified_time":"2019-10-04T15:40:36+00:00","twitter_card":"summary_large_image","twitter_misc":{"Tiempo de lectura":"1 minuto"},"schema":{"@context":"https:\/\/schema.org","@graph":[{"@type":"WebPage","@id":"https:\/\/multidimensionalmusic.com\/es\/zen-garden-jacotte-chollet\/","url":"https:\/\/multidimensionalmusic.com\/es\/zen-garden-jacotte-chollet\/","name":"Nuevo CD : Zen Garden - Jacotte Chollet &amp; La M\u00fasica Multidimensional","isPartOf":{"@id":"https:\/\/multidimensionalmusic.com\/es\/#website"},"datePublished":"2019-10-04T14:46:51+00:00","dateModified":"2019-10-04T15:40:36+00:00","breadcrumb":{"@id":"https:\/\/multidimensionalmusic.com\/es\/zen-garden-jacotte-chollet\/#breadcrumb"},"inLanguage":"es","potentialAction":[{"@type":"ReadAction","target":["https:\/\/multidimensionalmusic.com\/es\/zen-garden-jacotte-chollet\/"]}]},{"@type":"BreadcrumbList","@id":"https:\/\/multidimensionalmusic.com\/es\/zen-garden-jacotte-chollet\/#breadcrumb","itemListElement":[{"@type":"ListItem","position":1,"name":"Home","item":"https:\/\/multidimensionalmusic.com\/es\/"},{"@type":"ListItem","position":2,"name":"Nuevo CD : Zen Garden"}]},{"@type":"WebSite","@id":"https:\/\/multidimensionalmusic.com\/es\/#website","url":"https:\/\/multidimensionalmusic.com\/es\/","name":"Jacotte Chollet - La Musique Multidimensionnelle","description":"Meditaci\u00f3n - Relajaci\u00f3n profunda - Antiestr\u00e9s - Liberaci\u00f3n emocional - Intuici\u00f3n y creatividad - Expansi\u00f3n de conciencia - Alineamiento energ\u00e9tico","publisher":{"@id":"https:\/\/multidimensionalmusic.com\/es\/#organization"},"potentialAction":[{"@type":"SearchAction","target":{"@type":"EntryPoint","urlTemplate":"https:\/\/multidimensionalmusic.com\/es\/?s={search_term_string}"},"query-input":{"@type":"PropertyValueSpecification","valueRequired":true,"valueName":"search_term_string"}}],"inLanguage":"es"},{"@type":"Organization","@id":"https:\/\/multidimensionalmusic.com\/es\/#organization","name":"Jacotte Chollet Multidimensional Music","url":"https:\/\/multidimensionalmusic.com\/es\/","logo":{"@type":"ImageObject","inLanguage":"es","@id":"https:\/\/multidimensionalmusic.com\/es\/#\/schema\/logo\/image\/","url":"https:\/\/multidimensionalmusic.com\/wp-content\/uploads\/2025\/03\/header-logo-site-vitrine-jacotte-chollet-mmd-transparent.png","contentUrl":"https:\/\/multidimensionalmusic.com\/wp-content\/uploads\/2025\/03\/header-logo-site-vitrine-jacotte-chollet-mmd-transparent.png","width":800,"height":358,"caption":"Jacotte Chollet Multidimensional Music"},"image":{"@id":"https:\/\/multidimensionalmusic.com\/es\/#\/schema\/logo\/image\/"},"sameAs":["https:\/\/www.facebook.com\/jacottecholletmusiquemultidimensionnelle\/","https:\/\/www.instagram.com\/jacottechollet\/","https:\/\/www.linkedin.com\/in\/jacotte-chollet-41a09812\/","https:\/\/www.youtube.com\/channel\/UCKDtAKgspnDQqggI1bAOl_g"]}]}},"_links":{"self":[{"href":"https:\/\/multidimensionalmusic.com\/es\/wp-json\/wp\/v2\/pages\/42319","targetHints":{"allow":["GET"]}}],"collection":[{"href":"https:\/\/multidimensionalmusic.com\/es\/wp-json\/wp\/v2\/pages"}],"about":[{"href":"https:\/\/multidimensionalmusic.com\/es\/wp-json\/wp\/v2\/types\/page"}],"author":[{"embeddable":true,"href":"https:\/\/multidimensionalmusic.com\/es\/wp-json\/wp\/v2\/users\/1"}],"replies":[{"embeddable":true,"href":"https:\/\/multidimensionalmusic.com\/es\/wp-json\/wp\/v2\/comments?post=42319"}],"version-history":[{"count":0,"href":"https:\/\/multidimensionalmusic.com\/es\/wp-json\/wp\/v2\/pages\/42319\/revisions"}],"wp:attachment":[{"href":"https:\/\/multidimensionalmusic.com\/es\/wp-json\/wp\/v2\/media?parent=42319"}],"curies":[{"name":"wp","href":"https:\/\/api.w.org\/{rel}","templated":true}]}}