{"id":3438,"date":"2017-12-04T10:39:34","date_gmt":"2017-12-04T09:39:34","guid":{"rendered":"https:\/\/multidimensionalmusic.com\/?page_id=3438"},"modified":"2021-04-27T09:44:29","modified_gmt":"2021-04-27T07:44:29","slug":"profeseur-regis-dutheil","status":"publish","type":"page","link":"https:\/\/multidimensionalmusic.com\/es\/profeseur-regis-dutheil\/","title":{"rendered":"Profeseur R\u00e9gis Dutheil"},"content":{"rendered":"<style type=\"text\/css\">@media only screen and (min-width: 1000px) and (max-width: 5000px){body.kc-css-system .kc-css-2772339{width: 28.72%;}body.kc-css-system .kc-css-2247145{width: 71.27%;}body.kc-css-system .kc-css-1725739{width: 100%;}}body.kc-css-system .kc-css-2204811{margin-top: 30px;margin-bottom: 10px;padding-top: 10px;padding-bottom: 10px;}body.kc-css-system .kc-css-94900 ,body.kc-css-system .kc-css-94900 p{font-size: 15px;line-height: 24px;}body.kc-css-system .kc-css-501100{text-align: justify;margin-bottom: 10px;padding-top: 0px;}body.kc-css-system .kc-css-1725739{background: #e8f1ff;margin-bottom: 10px;padding-bottom: 10px;border-radius: 17px 17px 17px 17px;}body.kc-css-system .kc-css-1725739 .kc-col-inner-container{margin: 10px 10px 30px 10px;padding: 10px 10px 30px 10px;}body.kc-css-system .kc-css-3070523{padding-bottom: 10px;}body.kc-css-system .kc-css-3070523 p{margin-bottom: 10px;}<\/style>\n<section class=\"kc-elm kc-css-2204811 kc_row\">\n<div class=\"kc-row-container  kc-container\">\n<div class=\"kc-wrap-columns\">\n<div class=\"kc-elm kc-css-2772339 kc_col-sm-3 kc_column kc_col-sm-3\">\n<div class=\"kc-col-container\">\n<div class=\"kc-elm kc-css-647395 kc_text_block\">\n<p><img decoding=\"async\" class=\"alignleft \" src=\"https:\/\/multidimensionalmusic.com\/wp-content\/uploads\/2017\/07\/medecine-superlumineuse-regis-dutheil.jpg\" alt=\"R\u00e9gis Dutheil, la m\u00e9decine superlumineuse, \u00e9ditions Sand\" width=\"180\" height=\"231\" \/><\/p>\n<\/div>\n<\/div>\n<\/div>\n<div class=\"kc-elm kc-css-2247145 kc_col-sm-8 kc_column kc_col-sm-8\">\n<div class=\"kc-col-container\">\n<div class=\"kc-elm kc-css-94900 kc_text_block\">\n<h3>LA M\u00c9DECINE SUPERLUMINEUSE &#8211; EDITIONS SAND (Paris)<\/h3>\n<h4><\/h4>\n<h4>R\u00e9gis Dutheil hacia una nueva conception de la medicina<\/h4>\n<p>En 1992, el libro del profesor Regis DUTHEIL, <strong>La Medicina s\u00faper luminosa<\/strong> que trata de la evoluci\u00f3n de la medicina desde la antiquiedad hasta nuestros d\u00edas y sit\u00faa lo que podr\u00eda ser la medicina del tercer milenio consagra, a oste efecto, un capitulo a la investigaci\u00f3n de Jacotte CHOLLET y de los efectos de su m\u00fasica sobre el cuerpo y la psiquis.<\/p>\n<p>El capitulo VIII se titula <strong>Overtura para una medicina del siglo XXI<\/strong>.<\/p>\n<p>R\u00e9gis Dutheil ha sido profesor de f\u00edsica y biof\u00edsica en la facultad de medicina de Poitiers, Francia. Agregado de Medicina, es el autor de <strong>el hombre s\u00faper luminoso<\/strong> y ha sido director adjunto de la Fundaci\u00f3n Louis de Broglie.<\/p>\n<\/div>\n<\/div>\n<\/div>\n<\/div>\n<\/div>\n<\/section>\n<section class=\"kc-elm kc-css-501100 kc_row\">\n<div class=\"kc-row-container  kc-container\">\n<div class=\"kc-wrap-columns\">\n<div class=\"kc-elm kc-css-2264988 kc_col-sm-12 kc_column kc_col-sm-12\">\n<div class=\"kc-col-container\">\n<div class=\"kc-elm kc-css-1763677 kc_row kc_row_inner\">\n<div class=\"kc-elm kc-css-1725739 kc_col-sm-12 kc_column_inner kc_col-sm-12\">\n<div class=\"kc_wrapper kc-col-inner-container\">\n<div class=\"kc-elm kc-css-3070523 kc_text_block\">\n<p><em><strong>Actualmente, se\u00f1ala el profesor R\u00e9gis DUTHEIL, el \u00fanico m\u00e9todo que se aproxima a la medicina del siglo XXI es la m\u00fasica multidimensional, por que toca a la vez el cuerpo electromagn\u00e9tico y la conciencia, la MMD restablece la neg entrop\u00eda. Se da primeramente un efecto de autodiagn\u00f3stico y seguidamente un efecto terap\u00e9utico, por la puesta en evidencia de los traumatismos y correcciones que la conciencia puede reportar. En este nivel de conciencia, el tiempo no existe. El pasado se superpone al presente, el cuerpo multi-dimensional se extiende de pasado a futuro del holograma.<\/strong><\/em><\/p>\n<h5>PROFESSEUR R\u00c9GIS DUTHEIL<\/h5>\n<p>F\u00edsico, Profesor de f\u00edsica qu\u00e1ntica, Autor de: El hombre s\u00faper luminoso, y la Medicina s\u00faper luminosa.<\/p>\n<\/div>\n<\/div>\n<\/div>\n<\/div>\n<div class=\"kc-elm kc-css-774989 kc_text_block\">\n<p><strong>Para saber mas, Articulo de prensa : <a href=\"https:\/\/multidimensionalmusic.com\/es\/la-terapia-holosonica\/\" target=\"_blank\" rel=\"noopener\">LA TERAPIA HOLOSONICA<\/a><\/strong><\/p>\n<\/p>\n<\/div>\n<\/div>\n<\/div>\n<\/div>\n<\/div>\n<\/section>\n","protected":false},"excerpt":{"rendered":"<p>LA M\u00c9DECINE SUPERLUMINEUSE &#8211; EDITIONS SAND (Paris) R\u00e9gis Dutheil hacia una nueva conception de la medicina En 1992, el libro del profesor Regis DUTHEIL, La Medicina s\u00faper luminosa que trata de la evoluci\u00f3n de la medicina desde la antiquiedad hasta nuestros d\u00edas y sit\u00faa lo que podr\u00eda ser la medicina del tercer milenio consagra, a [&hellip;]<\/p>\n","protected":false},"author":1,"featured_media":0,"parent":0,"menu_order":0,"comment_status":"closed","ping_status":"closed","template":"","meta":{"site-sidebar-layout":"default","site-content-layout":"","ast-site-content-layout":"default","site-content-style":"default","site-sidebar-style":"default","ast-global-header-display":"","ast-banner-title-visibility":"","ast-main-header-display":"","ast-hfb-above-header-display":"","ast-hfb-below-header-display":"","ast-hfb-mobile-header-display":"","site-post-title":"","ast-breadcrumbs-content":"","ast-featured-img":"","footer-sml-layout":"","ast-disable-related-posts":"","theme-transparent-header-meta":"","adv-header-id-meta":"","stick-header-meta":"","header-above-stick-meta":"","header-main-stick-meta":"","header-below-stick-meta":"","astra-migrate-meta-layouts":"default","ast-page-background-enabled":"default","ast-page-background-meta":{"desktop":{"background-color":"var(--ast-global-color-4)","background-image":"","background-repeat":"repeat","background-position":"center center","background-size":"auto","background-attachment":"scroll","background-type":"","background-media":"","overlay-type":"","overlay-color":"","overlay-opacity":"","overlay-gradient":""},"tablet":{"background-color":"","background-image":"","background-repeat":"repeat","background-position":"center center","background-size":"auto","background-attachment":"scroll","background-type":"","background-media":"","overlay-type":"","overlay-color":"","overlay-opacity":"","overlay-gradient":""},"mobile":{"background-color":"","background-image":"","background-repeat":"repeat","background-position":"center center","background-size":"auto","background-attachment":"scroll","background-type":"","background-media":"","overlay-type":"","overlay-color":"","overlay-opacity":"","overlay-gradient":""}},"ast-content-background-meta":{"desktop":{"background-color":"var(--ast-global-color-5)","background-image":"","background-repeat":"repeat","background-position":"center center","background-size":"auto","background-attachment":"scroll","background-type":"","background-media":"","overlay-type":"","overlay-color":"","overlay-opacity":"","overlay-gradient":""},"tablet":{"background-color":"var(--ast-global-color-5)","background-image":"","background-repeat":"repeat","background-position":"center center","background-size":"auto","background-attachment":"scroll","background-type":"","background-media":"","overlay-type":"","overlay-color":"","overlay-opacity":"","overlay-gradient":""},"mobile":{"background-color":"var(--ast-global-color-5)","background-image":"","background-repeat":"repeat","background-position":"center center","background-size":"auto","background-attachment":"scroll","background-type":"","background-media":"","overlay-type":"","overlay-color":"","overlay-opacity":"","overlay-gradient":""}},"footnotes":""},"class_list":["post-3438","page","type-page","status-publish","hentry"],"yoast_head":"<!-- This site is optimized with the Yoast SEO Premium plugin v21.7 (Yoast SEO v27.4) - https:\/\/yoast.com\/product\/yoast-seo-premium-wordpress\/ -->\n<title>Profeseur R\u00e9gis Dutheil - Jacotte Chollet &amp; La M\u00fasica Multidimensional<\/title>\n<meta name=\"robots\" content=\"index, follow, max-snippet:-1, max-image-preview:large, max-video-preview:-1\" \/>\n<link rel=\"canonical\" href=\"https:\/\/multidimensionalmusic.com\/es\/profeseur-regis-dutheil\/\" \/>\n<meta property=\"og:locale\" content=\"es_ES\" \/>\n<meta property=\"og:type\" content=\"article\" \/>\n<meta property=\"og:title\" content=\"Profeseur R\u00e9gis Dutheil\" \/>\n<meta property=\"og:description\" content=\"LA M\u00c9DECINE SUPERLUMINEUSE &#8211; EDITIONS SAND (Paris) R\u00e9gis Dutheil hacia una nueva conception de la medicina En 1992, el libro del profesor Regis DUTHEIL, La Medicina s\u00faper luminosa que trata de la evoluci\u00f3n de la medicina desde la antiquiedad hasta nuestros d\u00edas y sit\u00faa lo que podr\u00eda ser la medicina del tercer milenio consagra, a [&hellip;]\" \/>\n<meta property=\"og:url\" content=\"https:\/\/multidimensionalmusic.com\/es\/profeseur-regis-dutheil\/\" \/>\n<meta property=\"og:site_name\" content=\"Jacotte Chollet &amp; La M\u00fasica Multidimensional\" \/>\n<meta property=\"article:publisher\" content=\"https:\/\/www.facebook.com\/jacottecholletmusiquemultidimensionnelle\/\" \/>\n<meta property=\"article:modified_time\" content=\"2021-04-27T07:44:29+00:00\" \/>\n<meta property=\"og:image\" content=\"https:\/\/multidimensionalmusic.com\/wp-content\/uploads\/2017\/07\/medecine-superlumineuse-regis-dutheil.jpg\" \/>\n<meta name=\"twitter:card\" content=\"summary_large_image\" \/>\n<meta name=\"twitter:label1\" content=\"Tiempo de lectura\" \/>\n\t<meta name=\"twitter:data1\" content=\"1 minuto\" \/>\n<script type=\"application\/ld+json\" class=\"yoast-schema-graph\">{\"@context\":\"https:\\\/\\\/schema.org\",\"@graph\":[{\"@type\":\"WebPage\",\"@id\":\"https:\\\/\\\/multidimensionalmusic.com\\\/es\\\/profeseur-regis-dutheil\\\/\",\"url\":\"https:\\\/\\\/multidimensionalmusic.com\\\/es\\\/profeseur-regis-dutheil\\\/\",\"name\":\"Profeseur R\u00e9gis Dutheil - Jacotte Chollet &amp; La M\u00fasica Multidimensional\",\"isPartOf\":{\"@id\":\"https:\\\/\\\/multidimensionalmusic.com\\\/es\\\/#website\"},\"primaryImageOfPage\":{\"@id\":\"https:\\\/\\\/multidimensionalmusic.com\\\/es\\\/profeseur-regis-dutheil\\\/#primaryimage\"},\"image\":{\"@id\":\"https:\\\/\\\/multidimensionalmusic.com\\\/es\\\/profeseur-regis-dutheil\\\/#primaryimage\"},\"thumbnailUrl\":\"https:\\\/\\\/multidimensionalmusic.com\\\/wp-content\\\/uploads\\\/2017\\\/07\\\/medecine-superlumineuse-regis-dutheil.jpg\",\"datePublished\":\"2017-12-04T09:39:34+00:00\",\"dateModified\":\"2021-04-27T07:44:29+00:00\",\"breadcrumb\":{\"@id\":\"https:\\\/\\\/multidimensionalmusic.com\\\/es\\\/profeseur-regis-dutheil\\\/#breadcrumb\"},\"inLanguage\":\"es\",\"potentialAction\":[{\"@type\":\"ReadAction\",\"target\":[\"https:\\\/\\\/multidimensionalmusic.com\\\/es\\\/profeseur-regis-dutheil\\\/\"]}]},{\"@type\":\"ImageObject\",\"inLanguage\":\"es\",\"@id\":\"https:\\\/\\\/multidimensionalmusic.com\\\/es\\\/profeseur-regis-dutheil\\\/#primaryimage\",\"url\":\"https:\\\/\\\/multidimensionalmusic.com\\\/wp-content\\\/uploads\\\/2017\\\/07\\\/medecine-superlumineuse-regis-dutheil.jpg\",\"contentUrl\":\"https:\\\/\\\/multidimensionalmusic.com\\\/wp-content\\\/uploads\\\/2017\\\/07\\\/medecine-superlumineuse-regis-dutheil.jpg\"},{\"@type\":\"BreadcrumbList\",\"@id\":\"https:\\\/\\\/multidimensionalmusic.com\\\/es\\\/profeseur-regis-dutheil\\\/#breadcrumb\",\"itemListElement\":[{\"@type\":\"ListItem\",\"position\":1,\"name\":\"Home\",\"item\":\"https:\\\/\\\/multidimensionalmusic.com\\\/es\\\/\"},{\"@type\":\"ListItem\",\"position\":2,\"name\":\"Profeseur R\u00e9gis Dutheil\"}]},{\"@type\":\"WebSite\",\"@id\":\"https:\\\/\\\/multidimensionalmusic.com\\\/es\\\/#website\",\"url\":\"https:\\\/\\\/multidimensionalmusic.com\\\/es\\\/\",\"name\":\"Jacotte Chollet - La Musique Multidimensionnelle\",\"description\":\"Meditaci\u00f3n - Relajaci\u00f3n profunda - Antiestr\u00e9s - Liberaci\u00f3n emocional - Intuici\u00f3n y creatividad - Expansi\u00f3n de conciencia - Alineamiento energ\u00e9tico\",\"publisher\":{\"@id\":\"https:\\\/\\\/multidimensionalmusic.com\\\/es\\\/#organization\"},\"potentialAction\":[{\"@type\":\"SearchAction\",\"target\":{\"@type\":\"EntryPoint\",\"urlTemplate\":\"https:\\\/\\\/multidimensionalmusic.com\\\/es\\\/?s={search_term_string}\"},\"query-input\":{\"@type\":\"PropertyValueSpecification\",\"valueRequired\":true,\"valueName\":\"search_term_string\"}}],\"inLanguage\":\"es\"},{\"@type\":\"Organization\",\"@id\":\"https:\\\/\\\/multidimensionalmusic.com\\\/es\\\/#organization\",\"name\":\"Jacotte Chollet Multidimensional Music\",\"url\":\"https:\\\/\\\/multidimensionalmusic.com\\\/es\\\/\",\"logo\":{\"@type\":\"ImageObject\",\"inLanguage\":\"es\",\"@id\":\"https:\\\/\\\/multidimensionalmusic.com\\\/es\\\/#\\\/schema\\\/logo\\\/image\\\/\",\"url\":\"https:\\\/\\\/multidimensionalmusic.com\\\/wp-content\\\/uploads\\\/2025\\\/03\\\/header-logo-site-vitrine-jacotte-chollet-mmd-transparent.png\",\"contentUrl\":\"https:\\\/\\\/multidimensionalmusic.com\\\/wp-content\\\/uploads\\\/2025\\\/03\\\/header-logo-site-vitrine-jacotte-chollet-mmd-transparent.png\",\"width\":800,\"height\":358,\"caption\":\"Jacotte Chollet Multidimensional Music\"},\"image\":{\"@id\":\"https:\\\/\\\/multidimensionalmusic.com\\\/es\\\/#\\\/schema\\\/logo\\\/image\\\/\"},\"sameAs\":[\"https:\\\/\\\/www.facebook.com\\\/jacottecholletmusiquemultidimensionnelle\\\/\",\"https:\\\/\\\/www.instagram.com\\\/jacottechollet\\\/\",\"https:\\\/\\\/www.linkedin.com\\\/in\\\/jacotte-chollet-41a09812\\\/\",\"https:\\\/\\\/www.youtube.com\\\/channel\\\/UCKDtAKgspnDQqggI1bAOl_g\"]}]}<\/script>\n<!-- \/ Yoast SEO Premium plugin. -->","yoast_head_json":{"title":"Profeseur R\u00e9gis Dutheil - Jacotte Chollet &amp; La M\u00fasica Multidimensional","robots":{"index":"index","follow":"follow","max-snippet":"max-snippet:-1","max-image-preview":"max-image-preview:large","max-video-preview":"max-video-preview:-1"},"canonical":"https:\/\/multidimensionalmusic.com\/es\/profeseur-regis-dutheil\/","og_locale":"es_ES","og_type":"article","og_title":"Profeseur R\u00e9gis Dutheil","og_description":"LA M\u00c9DECINE SUPERLUMINEUSE &#8211; EDITIONS SAND (Paris) R\u00e9gis Dutheil hacia una nueva conception de la medicina En 1992, el libro del profesor Regis DUTHEIL, La Medicina s\u00faper luminosa que trata de la evoluci\u00f3n de la medicina desde la antiquiedad hasta nuestros d\u00edas y sit\u00faa lo que podr\u00eda ser la medicina del tercer milenio consagra, a [&hellip;]","og_url":"https:\/\/multidimensionalmusic.com\/es\/profeseur-regis-dutheil\/","og_site_name":"Jacotte Chollet &amp; La M\u00fasica Multidimensional","article_publisher":"https:\/\/www.facebook.com\/jacottecholletmusiquemultidimensionnelle\/","article_modified_time":"2021-04-27T07:44:29+00:00","og_image":[{"url":"https:\/\/multidimensionalmusic.com\/wp-content\/uploads\/2017\/07\/medecine-superlumineuse-regis-dutheil.jpg","type":"","width":"","height":""}],"twitter_card":"summary_large_image","twitter_misc":{"Tiempo de lectura":"1 minuto"},"schema":{"@context":"https:\/\/schema.org","@graph":[{"@type":"WebPage","@id":"https:\/\/multidimensionalmusic.com\/es\/profeseur-regis-dutheil\/","url":"https:\/\/multidimensionalmusic.com\/es\/profeseur-regis-dutheil\/","name":"Profeseur R\u00e9gis Dutheil - Jacotte Chollet &amp; La M\u00fasica Multidimensional","isPartOf":{"@id":"https:\/\/multidimensionalmusic.com\/es\/#website"},"primaryImageOfPage":{"@id":"https:\/\/multidimensionalmusic.com\/es\/profeseur-regis-dutheil\/#primaryimage"},"image":{"@id":"https:\/\/multidimensionalmusic.com\/es\/profeseur-regis-dutheil\/#primaryimage"},"thumbnailUrl":"https:\/\/multidimensionalmusic.com\/wp-content\/uploads\/2017\/07\/medecine-superlumineuse-regis-dutheil.jpg","datePublished":"2017-12-04T09:39:34+00:00","dateModified":"2021-04-27T07:44:29+00:00","breadcrumb":{"@id":"https:\/\/multidimensionalmusic.com\/es\/profeseur-regis-dutheil\/#breadcrumb"},"inLanguage":"es","potentialAction":[{"@type":"ReadAction","target":["https:\/\/multidimensionalmusic.com\/es\/profeseur-regis-dutheil\/"]}]},{"@type":"ImageObject","inLanguage":"es","@id":"https:\/\/multidimensionalmusic.com\/es\/profeseur-regis-dutheil\/#primaryimage","url":"https:\/\/multidimensionalmusic.com\/wp-content\/uploads\/2017\/07\/medecine-superlumineuse-regis-dutheil.jpg","contentUrl":"https:\/\/multidimensionalmusic.com\/wp-content\/uploads\/2017\/07\/medecine-superlumineuse-regis-dutheil.jpg"},{"@type":"BreadcrumbList","@id":"https:\/\/multidimensionalmusic.com\/es\/profeseur-regis-dutheil\/#breadcrumb","itemListElement":[{"@type":"ListItem","position":1,"name":"Home","item":"https:\/\/multidimensionalmusic.com\/es\/"},{"@type":"ListItem","position":2,"name":"Profeseur R\u00e9gis Dutheil"}]},{"@type":"WebSite","@id":"https:\/\/multidimensionalmusic.com\/es\/#website","url":"https:\/\/multidimensionalmusic.com\/es\/","name":"Jacotte Chollet - La Musique Multidimensionnelle","description":"Meditaci\u00f3n - Relajaci\u00f3n profunda - Antiestr\u00e9s - Liberaci\u00f3n emocional - Intuici\u00f3n y creatividad - Expansi\u00f3n de conciencia - Alineamiento energ\u00e9tico","publisher":{"@id":"https:\/\/multidimensionalmusic.com\/es\/#organization"},"potentialAction":[{"@type":"SearchAction","target":{"@type":"EntryPoint","urlTemplate":"https:\/\/multidimensionalmusic.com\/es\/?s={search_term_string}"},"query-input":{"@type":"PropertyValueSpecification","valueRequired":true,"valueName":"search_term_string"}}],"inLanguage":"es"},{"@type":"Organization","@id":"https:\/\/multidimensionalmusic.com\/es\/#organization","name":"Jacotte Chollet Multidimensional Music","url":"https:\/\/multidimensionalmusic.com\/es\/","logo":{"@type":"ImageObject","inLanguage":"es","@id":"https:\/\/multidimensionalmusic.com\/es\/#\/schema\/logo\/image\/","url":"https:\/\/multidimensionalmusic.com\/wp-content\/uploads\/2025\/03\/header-logo-site-vitrine-jacotte-chollet-mmd-transparent.png","contentUrl":"https:\/\/multidimensionalmusic.com\/wp-content\/uploads\/2025\/03\/header-logo-site-vitrine-jacotte-chollet-mmd-transparent.png","width":800,"height":358,"caption":"Jacotte Chollet Multidimensional Music"},"image":{"@id":"https:\/\/multidimensionalmusic.com\/es\/#\/schema\/logo\/image\/"},"sameAs":["https:\/\/www.facebook.com\/jacottecholletmusiquemultidimensionnelle\/","https:\/\/www.instagram.com\/jacottechollet\/","https:\/\/www.linkedin.com\/in\/jacotte-chollet-41a09812\/","https:\/\/www.youtube.com\/channel\/UCKDtAKgspnDQqggI1bAOl_g"]}]}},"_links":{"self":[{"href":"https:\/\/multidimensionalmusic.com\/es\/wp-json\/wp\/v2\/pages\/3438","targetHints":{"allow":["GET"]}}],"collection":[{"href":"https:\/\/multidimensionalmusic.com\/es\/wp-json\/wp\/v2\/pages"}],"about":[{"href":"https:\/\/multidimensionalmusic.com\/es\/wp-json\/wp\/v2\/types\/page"}],"author":[{"embeddable":true,"href":"https:\/\/multidimensionalmusic.com\/es\/wp-json\/wp\/v2\/users\/1"}],"replies":[{"embeddable":true,"href":"https:\/\/multidimensionalmusic.com\/es\/wp-json\/wp\/v2\/comments?post=3438"}],"version-history":[{"count":0,"href":"https:\/\/multidimensionalmusic.com\/es\/wp-json\/wp\/v2\/pages\/3438\/revisions"}],"wp:attachment":[{"href":"https:\/\/multidimensionalmusic.com\/es\/wp-json\/wp\/v2\/media?parent=3438"}],"curies":[{"name":"wp","href":"https:\/\/api.w.org\/{rel}","templated":true}]}}