{"id":3134,"date":"2017-11-30T16:08:08","date_gmt":"2017-11-30T15:08:08","guid":{"rendered":"https:\/\/multidimensionalmusic.com\/?page_id=3134"},"modified":"2021-01-14T14:18:50","modified_gmt":"2021-01-14T13:18:50","slug":"efectos-musica-sobre-chakras","status":"publish","type":"page","link":"https:\/\/multidimensionalmusic.com\/es\/efectos-musica-sobre-chakras\/","title":{"rendered":"Efectos sobre chakras"},"content":{"rendered":"<style type=\"text\/css\">body.kc-css-system .kc-css-4005460{margin-top: 10px;margin-bottom: 10px;padding-top: 20px;padding-bottom: 20px;}<\/style>\n<section class=\"kc-elm kc-css-4005460 kc_row\">\n<div class=\"kc-row-container  kc-container\">\n<div class=\"kc-wrap-columns\">\n<div class=\"kc-elm kc-css-1906526 kc_col-sm-12 kc_column kc_col-sm-12\">\n<div class=\"kc-col-container\">\n<div class=\"kc-elm kc-css-2356981 kc_text_block\">\n<h3>INVESTIGACI\u00d3N EN EL INSTITUTO DE BIO RESONANCIA DEL DR SERGEI KAZAKOV EN MOSC\u00da.<\/h3>\n<p>Las medidas son efectuadas con la ayuda de una maquina que toma la energ\u00eda detectada por electrodo y captada sobre los centros correspondientes a las diferentes chacras.<\/p>\n<p>El Dr Kazakov utiliza esta tecnolog\u00eda desde hace muchos anos, para detectar a la vez el estado de actividad o de deficiencia de las diferentes chacras, as\u00ed como para determinar los remedios susceptibles de compensar esta deficiencia.<\/p>\n<p>Las medidas tomadas por este aparado pueden concernir, tambi\u00e9n, a la actividad glandular.<br \/>\nPara todo las chacras la energ\u00eda debe estar equilibradas entre 50 y 60 hertz.<\/p>\n<p>Hay que se\u00f1alar que cuando las chacras est\u00e1n en deficiencia de funcionamiento, esto concierne a todos los \u00f3rganos del cuerpo que debido a esta, no pueden funcionar correctamente.<\/p>\n<\/div>\n<div class=\"kc-elm kc-css-48222 kc_text_block\">\n<p>\n<img fetchpriority=\"high\" decoding=\"async\" class=\"size-medium aligncenter\" src=\"https:\/\/multidimensionalmusic.com\/wp-content\/uploads\/2017\/07\/bandeau-avant-ecoute-300x79.jpg\" alt=\"mesure effets musique jacotte chollet sur les chakras\" width=\"620\" height=\"163\" \/><\/p>\n<p>Se ve sobra la imagen los puntos de captaci\u00f3n de energ\u00eda de las diferentes chacras por electrodo.<\/p>\n<p>En lo alto del dedo coraz\u00f3n se encuentra el punto correspondiente a al chacra coronal, en la base de la mano se encuentra la chacra de base.<\/p>\n<p>En esta imagen se ve una columna blanca que corresponde a la medida de la energ\u00eda antes de la escucha de MUSICA DE JACOTTE CHOLLET.<\/p>\n<p><strong>Por cada chacra se ha hecho una medida de la energ\u00eda ANTES de la escucha y OTRA TRAS 3 minutos de escucha de la MUSICA de JACOTTE CHOLLET.<\/strong><\/p>\n<\/div>\n<div class=\"kc-elm kc-css-3032382 kc_text_block\">\n<p>\n<img decoding=\"async\" class=\"size-medium aligncenter\" src=\"https:\/\/multidimensionalmusic.com\/wp-content\/uploads\/2017\/07\/bandeau-ecoute-et-apres1-300x79.jpg\" alt=\"\" width=\"620\" height=\"163\" \/><\/p>\n<p>Despu\u00e9s de las tres primeras minutos de escucha de la MUSICA de JACOTTE CHOLLET, se toma la medida de la energ\u00eda en la chacra cornal del sujeto.<br \/>\nEs de remarcar en la imagen de la derecha que la energ\u00eda del sujeto ha aumentado mucho en esta chacra.<br \/>\nCuando se esta fatigado, la energ\u00eda disminuye.<\/p>\n<p>LA ESCUCHA DURANTE 3 MINUTOS DE MUSICA DE JACOTTE CHOLLET HAN SIDO SUFICIENTES, PARA HACER REMONTAR CONSIDERABLEMENTE EL NIVEL DE ENERG\u00cdA DEL SUJETO.<\/p>\n<\/div>\n<div class=\"kc-elm kc-css-545760 kc_text_block\">\n<p>\n<img decoding=\"async\" class=\"size-medium aligncenter\" src=\"https:\/\/multidimensionalmusic.com\/wp-content\/uploads\/2017\/07\/mesuresapresa-300x79.jpg\" alt=\"\" width=\"620\" height=\"163\" \/><\/p>\n<p>En la primera imagen medida de la energ\u00eda tras la escucha de la musica de Jacotte Chollet.<br \/>\nEn este caso preciso la energ\u00eda emitida por la chacra era demasiado fuerte, hab\u00eda una perdida de energ\u00eda.<br \/>\nEn este caso se observa que 3 minutos de escucha de esta musica han permitido una vuelta a la normalidad de la energ\u00eda de la chacra.<\/p>\n<p>ESTA MUSICA TIENE UNA FUNCI\u00d3N DE REGULACI\u00d3N, ACTIVA LA ENERG\u00cdA SI ESTA BAJA Y PROVOCA UNA REDUCCI\u00d3N DE LA MISMA SI ESA ESTA DESEQUILIBRADA.<\/p>\n<p>ESTA MUSICA ACT\u00daA, PUES, EN FUNCI\u00d3N DE LAS NECESIDADES DE LO QUE LA ESCUCHA Y EN FUNCI\u00d3N DE SU ESTADO ENERG\u00c9TICO.<\/p>\n<p>En la 3era imagen: medida de la energ\u00eda de la chacra 3, el resultado de esta medida, tras la escucha, se encuentra en la 1era imagen de la secuencia siguiente.<\/p>\n<\/div>\n<div class=\"kc-elm kc-css-2349798 kc_text_block\">\n<p>\n<img loading=\"lazy\" decoding=\"async\" class=\"size-medium aligncenter\" src=\"https:\/\/multidimensionalmusic.com\/wp-content\/uploads\/2017\/07\/mesuresapresb-300x79.jpg\" alt=\"\" width=\"620\" height=\"163\" \/><\/p>\n<p>En este caso de la chacra 3, visible en la primera imagen, la energ\u00eda se sit\u00faa normal (entre 50 y 60 hertz), la escucha de la m\u00fasica de Jacotte no provoca modificaciones.<\/p>\n<p>En las im\u00e1genes 2 y 3 de esta secuencia, se nota, de nuevo, una vuelta a la normalidad de la energ\u00eda hipertrofiada en la chacra del coraz\u00f3n (lo que es peligroso) despu\u00e9s de tres minutos de escucha de la m\u00fasica.<\/p>\n<p>LA ENERG\u00cdA CAPTADA EN LA MUSICA MULTIDIMENSIONAL HA PERMITIDA SEA AUMENTAR EL NIVEL DE ENERG\u00cdA EN LAS CHACRAS DEFICIENTES, Y A SEA REGULAR BAJANDO UN NIVEL DE ENERG\u00cdA PELIGROSAMENTE ELEVADO EN TRES MINUTOS DE ESCUCHA SOLAMENTE.<\/p>\n<\/div>\n<div class=\"kc-elm kc-css-1246074 kc_text_block\">\n<p>\nCONCLUSION<\/p>\n<p>LOS TESTE HAN SIDO HECHOS CON TODOS LOS CDS Y CON DIFERENTES SUJETOS, MOSTRANDO TODOS LA MISMA ACCI\u00d3N ARMONIZANTE DE LA MUSICA MULTIDIMENSIONAL DE JACOTTE CHOLLET.<\/p>\n<\/div>\n<div class=\"kc-elm kc-css-541909\" style=\"height: 40px; clear: both; width:100%;\"><\/div>\n<\/div>\n<\/div>\n<\/div>\n<\/div>\n<\/section>\n","protected":false},"excerpt":{"rendered":"<p>INVESTIGACI\u00d3N EN EL INSTITUTO DE BIO RESONANCIA DEL DR SERGEI KAZAKOV EN MOSC\u00da. Las medidas son efectuadas con la ayuda de una maquina que toma la energ\u00eda detectada por electrodo y captada sobre los centros correspondientes a las diferentes chacras. El Dr Kazakov utiliza esta tecnolog\u00eda desde hace muchos anos, para detectar a la vez [&hellip;]<\/p>\n","protected":false},"author":1,"featured_media":0,"parent":0,"menu_order":0,"comment_status":"closed","ping_status":"closed","template":"","meta":{"site-sidebar-layout":"default","site-content-layout":"","ast-site-content-layout":"default","site-content-style":"default","site-sidebar-style":"default","ast-global-header-display":"","ast-banner-title-visibility":"","ast-main-header-display":"","ast-hfb-above-header-display":"","ast-hfb-below-header-display":"","ast-hfb-mobile-header-display":"","site-post-title":"","ast-breadcrumbs-content":"","ast-featured-img":"","footer-sml-layout":"","ast-disable-related-posts":"","theme-transparent-header-meta":"default","adv-header-id-meta":"","stick-header-meta":"default","header-above-stick-meta":"","header-main-stick-meta":"","header-below-stick-meta":"","astra-migrate-meta-layouts":"default","ast-page-background-enabled":"default","ast-page-background-meta":{"desktop":{"background-color":"var(--ast-global-color-4)","background-image":"","background-repeat":"repeat","background-position":"center center","background-size":"auto","background-attachment":"scroll","background-type":"","background-media":"","overlay-type":"","overlay-color":"","overlay-opacity":"","overlay-gradient":""},"tablet":{"background-color":"","background-image":"","background-repeat":"repeat","background-position":"center center","background-size":"auto","background-attachment":"scroll","background-type":"","background-media":"","overlay-type":"","overlay-color":"","overlay-opacity":"","overlay-gradient":""},"mobile":{"background-color":"","background-image":"","background-repeat":"repeat","background-position":"center center","background-size":"auto","background-attachment":"scroll","background-type":"","background-media":"","overlay-type":"","overlay-color":"","overlay-opacity":"","overlay-gradient":""}},"ast-content-background-meta":{"desktop":{"background-color":"var(--ast-global-color-5)","background-image":"","background-repeat":"repeat","background-position":"center center","background-size":"auto","background-attachment":"scroll","background-type":"","background-media":"","overlay-type":"","overlay-color":"","overlay-opacity":"","overlay-gradient":""},"tablet":{"background-color":"var(--ast-global-color-5)","background-image":"","background-repeat":"repeat","background-position":"center center","background-size":"auto","background-attachment":"scroll","background-type":"","background-media":"","overlay-type":"","overlay-color":"","overlay-opacity":"","overlay-gradient":""},"mobile":{"background-color":"var(--ast-global-color-5)","background-image":"","background-repeat":"repeat","background-position":"center center","background-size":"auto","background-attachment":"scroll","background-type":"","background-media":"","overlay-type":"","overlay-color":"","overlay-opacity":"","overlay-gradient":""}},"footnotes":""},"class_list":["post-3134","page","type-page","status-publish","hentry"],"yoast_head":"<!-- This site is optimized with the Yoast SEO Premium plugin v21.7 (Yoast SEO v27.3) - https:\/\/yoast.com\/product\/yoast-seo-premium-wordpress\/ -->\n<title>Efectos sobre chakras - Jacotte Chollet &amp; La M\u00fasica Multidimensional<\/title>\n<meta name=\"robots\" content=\"index, follow, max-snippet:-1, max-image-preview:large, max-video-preview:-1\" \/>\n<link rel=\"canonical\" href=\"https:\/\/multidimensionalmusic.com\/es\/efectos-musica-sobre-chakras\/\" \/>\n<meta property=\"og:locale\" content=\"es_ES\" \/>\n<meta property=\"og:type\" content=\"article\" \/>\n<meta property=\"og:title\" content=\"Efectos sobre chakras\" \/>\n<meta property=\"og:description\" content=\"INVESTIGACI\u00d3N EN EL INSTITUTO DE BIO RESONANCIA DEL DR SERGEI KAZAKOV EN MOSC\u00da. Las medidas son efectuadas con la ayuda de una maquina que toma la energ\u00eda detectada por electrodo y captada sobre los centros correspondientes a las diferentes chacras. El Dr Kazakov utiliza esta tecnolog\u00eda desde hace muchos anos, para detectar a la vez [&hellip;]\" \/>\n<meta property=\"og:url\" content=\"https:\/\/multidimensionalmusic.com\/es\/efectos-musica-sobre-chakras\/\" \/>\n<meta property=\"og:site_name\" content=\"Jacotte Chollet &amp; La M\u00fasica Multidimensional\" \/>\n<meta property=\"article:publisher\" content=\"https:\/\/www.facebook.com\/jacottecholletmusiquemultidimensionnelle\/\" \/>\n<meta property=\"article:modified_time\" content=\"2021-01-14T13:18:50+00:00\" \/>\n<meta property=\"og:image\" content=\"https:\/\/multidimensionalmusic.com\/wp-content\/uploads\/2017\/07\/bandeau-avant-ecoute-300x79.jpg\" \/>\n<meta name=\"twitter:card\" content=\"summary_large_image\" \/>\n<meta name=\"twitter:label1\" content=\"Tiempo de lectura\" \/>\n\t<meta name=\"twitter:data1\" content=\"3 minutos\" \/>\n<script type=\"application\/ld+json\" class=\"yoast-schema-graph\">{\"@context\":\"https:\\\/\\\/schema.org\",\"@graph\":[{\"@type\":\"WebPage\",\"@id\":\"https:\\\/\\\/multidimensionalmusic.com\\\/es\\\/efectos-musica-sobre-chakras\\\/\",\"url\":\"https:\\\/\\\/multidimensionalmusic.com\\\/es\\\/efectos-musica-sobre-chakras\\\/\",\"name\":\"Efectos sobre chakras - Jacotte Chollet &amp; La M\u00fasica Multidimensional\",\"isPartOf\":{\"@id\":\"https:\\\/\\\/multidimensionalmusic.com\\\/es\\\/#website\"},\"primaryImageOfPage\":{\"@id\":\"https:\\\/\\\/multidimensionalmusic.com\\\/es\\\/efectos-musica-sobre-chakras\\\/#primaryimage\"},\"image\":{\"@id\":\"https:\\\/\\\/multidimensionalmusic.com\\\/es\\\/efectos-musica-sobre-chakras\\\/#primaryimage\"},\"thumbnailUrl\":\"https:\\\/\\\/multidimensionalmusic.com\\\/wp-content\\\/uploads\\\/2017\\\/07\\\/bandeau-avant-ecoute-300x79.jpg\",\"datePublished\":\"2017-11-30T15:08:08+00:00\",\"dateModified\":\"2021-01-14T13:18:50+00:00\",\"breadcrumb\":{\"@id\":\"https:\\\/\\\/multidimensionalmusic.com\\\/es\\\/efectos-musica-sobre-chakras\\\/#breadcrumb\"},\"inLanguage\":\"es\",\"potentialAction\":[{\"@type\":\"ReadAction\",\"target\":[\"https:\\\/\\\/multidimensionalmusic.com\\\/es\\\/efectos-musica-sobre-chakras\\\/\"]}]},{\"@type\":\"ImageObject\",\"inLanguage\":\"es\",\"@id\":\"https:\\\/\\\/multidimensionalmusic.com\\\/es\\\/efectos-musica-sobre-chakras\\\/#primaryimage\",\"url\":\"https:\\\/\\\/multidimensionalmusic.com\\\/wp-content\\\/uploads\\\/2017\\\/07\\\/bandeau-avant-ecoute-300x79.jpg\",\"contentUrl\":\"https:\\\/\\\/multidimensionalmusic.com\\\/wp-content\\\/uploads\\\/2017\\\/07\\\/bandeau-avant-ecoute-300x79.jpg\"},{\"@type\":\"BreadcrumbList\",\"@id\":\"https:\\\/\\\/multidimensionalmusic.com\\\/es\\\/efectos-musica-sobre-chakras\\\/#breadcrumb\",\"itemListElement\":[{\"@type\":\"ListItem\",\"position\":1,\"name\":\"Home\",\"item\":\"https:\\\/\\\/multidimensionalmusic.com\\\/es\\\/\"},{\"@type\":\"ListItem\",\"position\":2,\"name\":\"Efectos sobre chakras\"}]},{\"@type\":\"WebSite\",\"@id\":\"https:\\\/\\\/multidimensionalmusic.com\\\/es\\\/#website\",\"url\":\"https:\\\/\\\/multidimensionalmusic.com\\\/es\\\/\",\"name\":\"Jacotte Chollet - La Musique Multidimensionnelle\",\"description\":\"Meditaci\u00f3n - Relajaci\u00f3n profunda - Antiestr\u00e9s - Liberaci\u00f3n emocional - Intuici\u00f3n y creatividad - Expansi\u00f3n de conciencia - Alineamiento energ\u00e9tico\",\"publisher\":{\"@id\":\"https:\\\/\\\/multidimensionalmusic.com\\\/es\\\/#organization\"},\"potentialAction\":[{\"@type\":\"SearchAction\",\"target\":{\"@type\":\"EntryPoint\",\"urlTemplate\":\"https:\\\/\\\/multidimensionalmusic.com\\\/es\\\/?s={search_term_string}\"},\"query-input\":{\"@type\":\"PropertyValueSpecification\",\"valueRequired\":true,\"valueName\":\"search_term_string\"}}],\"inLanguage\":\"es\"},{\"@type\":\"Organization\",\"@id\":\"https:\\\/\\\/multidimensionalmusic.com\\\/es\\\/#organization\",\"name\":\"Jacotte Chollet Multidimensional Music\",\"url\":\"https:\\\/\\\/multidimensionalmusic.com\\\/es\\\/\",\"logo\":{\"@type\":\"ImageObject\",\"inLanguage\":\"es\",\"@id\":\"https:\\\/\\\/multidimensionalmusic.com\\\/es\\\/#\\\/schema\\\/logo\\\/image\\\/\",\"url\":\"https:\\\/\\\/multidimensionalmusic.com\\\/wp-content\\\/uploads\\\/2025\\\/03\\\/header-logo-site-vitrine-jacotte-chollet-mmd-transparent.png\",\"contentUrl\":\"https:\\\/\\\/multidimensionalmusic.com\\\/wp-content\\\/uploads\\\/2025\\\/03\\\/header-logo-site-vitrine-jacotte-chollet-mmd-transparent.png\",\"width\":800,\"height\":358,\"caption\":\"Jacotte Chollet Multidimensional Music\"},\"image\":{\"@id\":\"https:\\\/\\\/multidimensionalmusic.com\\\/es\\\/#\\\/schema\\\/logo\\\/image\\\/\"},\"sameAs\":[\"https:\\\/\\\/www.facebook.com\\\/jacottecholletmusiquemultidimensionnelle\\\/\",\"https:\\\/\\\/www.instagram.com\\\/jacottechollet\\\/\",\"https:\\\/\\\/www.linkedin.com\\\/in\\\/jacotte-chollet-41a09812\\\/\",\"https:\\\/\\\/www.youtube.com\\\/channel\\\/UCKDtAKgspnDQqggI1bAOl_g\"]}]}<\/script>\n<!-- \/ Yoast SEO Premium plugin. -->","yoast_head_json":{"title":"Efectos sobre chakras - Jacotte Chollet &amp; La M\u00fasica Multidimensional","robots":{"index":"index","follow":"follow","max-snippet":"max-snippet:-1","max-image-preview":"max-image-preview:large","max-video-preview":"max-video-preview:-1"},"canonical":"https:\/\/multidimensionalmusic.com\/es\/efectos-musica-sobre-chakras\/","og_locale":"es_ES","og_type":"article","og_title":"Efectos sobre chakras","og_description":"INVESTIGACI\u00d3N EN EL INSTITUTO DE BIO RESONANCIA DEL DR SERGEI KAZAKOV EN MOSC\u00da. Las medidas son efectuadas con la ayuda de una maquina que toma la energ\u00eda detectada por electrodo y captada sobre los centros correspondientes a las diferentes chacras. El Dr Kazakov utiliza esta tecnolog\u00eda desde hace muchos anos, para detectar a la vez [&hellip;]","og_url":"https:\/\/multidimensionalmusic.com\/es\/efectos-musica-sobre-chakras\/","og_site_name":"Jacotte Chollet &amp; La M\u00fasica Multidimensional","article_publisher":"https:\/\/www.facebook.com\/jacottecholletmusiquemultidimensionnelle\/","article_modified_time":"2021-01-14T13:18:50+00:00","og_image":[{"url":"https:\/\/multidimensionalmusic.com\/wp-content\/uploads\/2017\/07\/bandeau-avant-ecoute-300x79.jpg","type":"","width":"","height":""}],"twitter_card":"summary_large_image","twitter_misc":{"Tiempo de lectura":"3 minutos"},"schema":{"@context":"https:\/\/schema.org","@graph":[{"@type":"WebPage","@id":"https:\/\/multidimensionalmusic.com\/es\/efectos-musica-sobre-chakras\/","url":"https:\/\/multidimensionalmusic.com\/es\/efectos-musica-sobre-chakras\/","name":"Efectos sobre chakras - Jacotte Chollet &amp; La M\u00fasica Multidimensional","isPartOf":{"@id":"https:\/\/multidimensionalmusic.com\/es\/#website"},"primaryImageOfPage":{"@id":"https:\/\/multidimensionalmusic.com\/es\/efectos-musica-sobre-chakras\/#primaryimage"},"image":{"@id":"https:\/\/multidimensionalmusic.com\/es\/efectos-musica-sobre-chakras\/#primaryimage"},"thumbnailUrl":"https:\/\/multidimensionalmusic.com\/wp-content\/uploads\/2017\/07\/bandeau-avant-ecoute-300x79.jpg","datePublished":"2017-11-30T15:08:08+00:00","dateModified":"2021-01-14T13:18:50+00:00","breadcrumb":{"@id":"https:\/\/multidimensionalmusic.com\/es\/efectos-musica-sobre-chakras\/#breadcrumb"},"inLanguage":"es","potentialAction":[{"@type":"ReadAction","target":["https:\/\/multidimensionalmusic.com\/es\/efectos-musica-sobre-chakras\/"]}]},{"@type":"ImageObject","inLanguage":"es","@id":"https:\/\/multidimensionalmusic.com\/es\/efectos-musica-sobre-chakras\/#primaryimage","url":"https:\/\/multidimensionalmusic.com\/wp-content\/uploads\/2017\/07\/bandeau-avant-ecoute-300x79.jpg","contentUrl":"https:\/\/multidimensionalmusic.com\/wp-content\/uploads\/2017\/07\/bandeau-avant-ecoute-300x79.jpg"},{"@type":"BreadcrumbList","@id":"https:\/\/multidimensionalmusic.com\/es\/efectos-musica-sobre-chakras\/#breadcrumb","itemListElement":[{"@type":"ListItem","position":1,"name":"Home","item":"https:\/\/multidimensionalmusic.com\/es\/"},{"@type":"ListItem","position":2,"name":"Efectos sobre chakras"}]},{"@type":"WebSite","@id":"https:\/\/multidimensionalmusic.com\/es\/#website","url":"https:\/\/multidimensionalmusic.com\/es\/","name":"Jacotte Chollet - La Musique Multidimensionnelle","description":"Meditaci\u00f3n - Relajaci\u00f3n profunda - Antiestr\u00e9s - Liberaci\u00f3n emocional - Intuici\u00f3n y creatividad - Expansi\u00f3n de conciencia - Alineamiento energ\u00e9tico","publisher":{"@id":"https:\/\/multidimensionalmusic.com\/es\/#organization"},"potentialAction":[{"@type":"SearchAction","target":{"@type":"EntryPoint","urlTemplate":"https:\/\/multidimensionalmusic.com\/es\/?s={search_term_string}"},"query-input":{"@type":"PropertyValueSpecification","valueRequired":true,"valueName":"search_term_string"}}],"inLanguage":"es"},{"@type":"Organization","@id":"https:\/\/multidimensionalmusic.com\/es\/#organization","name":"Jacotte Chollet Multidimensional Music","url":"https:\/\/multidimensionalmusic.com\/es\/","logo":{"@type":"ImageObject","inLanguage":"es","@id":"https:\/\/multidimensionalmusic.com\/es\/#\/schema\/logo\/image\/","url":"https:\/\/multidimensionalmusic.com\/wp-content\/uploads\/2025\/03\/header-logo-site-vitrine-jacotte-chollet-mmd-transparent.png","contentUrl":"https:\/\/multidimensionalmusic.com\/wp-content\/uploads\/2025\/03\/header-logo-site-vitrine-jacotte-chollet-mmd-transparent.png","width":800,"height":358,"caption":"Jacotte Chollet Multidimensional Music"},"image":{"@id":"https:\/\/multidimensionalmusic.com\/es\/#\/schema\/logo\/image\/"},"sameAs":["https:\/\/www.facebook.com\/jacottecholletmusiquemultidimensionnelle\/","https:\/\/www.instagram.com\/jacottechollet\/","https:\/\/www.linkedin.com\/in\/jacotte-chollet-41a09812\/","https:\/\/www.youtube.com\/channel\/UCKDtAKgspnDQqggI1bAOl_g"]}]}},"_links":{"self":[{"href":"https:\/\/multidimensionalmusic.com\/es\/wp-json\/wp\/v2\/pages\/3134","targetHints":{"allow":["GET"]}}],"collection":[{"href":"https:\/\/multidimensionalmusic.com\/es\/wp-json\/wp\/v2\/pages"}],"about":[{"href":"https:\/\/multidimensionalmusic.com\/es\/wp-json\/wp\/v2\/types\/page"}],"author":[{"embeddable":true,"href":"https:\/\/multidimensionalmusic.com\/es\/wp-json\/wp\/v2\/users\/1"}],"replies":[{"embeddable":true,"href":"https:\/\/multidimensionalmusic.com\/es\/wp-json\/wp\/v2\/comments?post=3134"}],"version-history":[{"count":0,"href":"https:\/\/multidimensionalmusic.com\/es\/wp-json\/wp\/v2\/pages\/3134\/revisions"}],"wp:attachment":[{"href":"https:\/\/multidimensionalmusic.com\/es\/wp-json\/wp\/v2\/media?parent=3134"}],"curies":[{"name":"wp","href":"https:\/\/api.w.org\/{rel}","templated":true}]}}