{"id":3081,"date":"2017-11-30T14:44:37","date_gmt":"2017-11-30T13:44:37","guid":{"rendered":"https:\/\/multidimensionalmusic.com\/?page_id=3081"},"modified":"2017-11-30T14:46:09","modified_gmt":"2017-11-30T13:46:09","slug":"revista-de-prensa-cd-unite-renaissance-invisible-presence","status":"publish","type":"page","link":"https:\/\/multidimensionalmusic.com\/es\/revista-de-prensa-cd-unite-renaissance-invisible-presence\/","title":{"rendered":"REVISTA DE PRENSA : CD UNIT\u00c9, RENAISSANCE, INVISIBLE PR\u00c9SENCE"},"content":{"rendered":"<p>En su CD RENAISSANCE, UNITE e INVISIBLE PRESENCE , Jacotte Chollet muestra un don unico, el de una mujer de talento con el coraje de seguir sus necesidades e impulses creativos sin hacer concesiones.<\/p>\n<p>Su obra es tan energetica e inspiradora como contemplativa y sanadora y tiende a confirmar todo el poder que pos\u00e9e la musica sobre la psiguis del hombre.<br \/>\nDesde los primeros acordes sonoros se siente una vibracion en los chakra, al principio aislado en cada centro energetico , esta vibracion tiende rapidamente a unificar el conjunto de los chakra.<br \/>\nEsta musica como los suplementos alimenticios de alta calidad, es multi-dimensional.<br \/>\nSu objetivo es nutrir a nuestras celulas hambrientas de consciencia, de salud, de amor, de coherencia y de libertad.<\/p>\n<p>Jacotte utiliza sintetizadores porque este instrumento produce facilmente frecuencias que van mas alla de las utilizadas, en general, por la musica tradicional.<br \/>\nEste es un factor clave para comprender los particulares efectos de su musica, en la que las frecuencias vibratorias crean y mantienen campos de energia muy alta, que se transmite a nuestro sistema nervioso y nos hacen sentir un sublime sentimiento de unidad entre cuerpo, corazon, alma y espiritu.<\/p>\n<p>Los sonidos de base tienen acordes primitivos y dan cuenta de los substratos y fundamentos sobre los cuales se apoya, transmiten calma, concentracion y aseguran una libre circulacion de energias. Son sonidos nada conflictivos que fluyen sutiles variaciones van y vienen permitiendo experimentar diversos sentimientos tras unificarlos, poco a poco, en une sensacion global de paz.<\/p>\n<p>Titulos como &#8220;Solar Lord&#8221; &#8220;Transformation&#8221; y &#8220;Myst\u00e8re de la vie&#8221; son famosos por animar y suscitar imagenes fuertes.<br \/>\nTodos abren la puerta del jardin de Eden el der ser interior.<br \/>\nAlgunas veces se tiene la impresion de notar un puente que se forma entre los dos hemisferios cerebrales y en ese momento, uno siente raras emociones de amor sublime, vitales para nuestros cerebros envejecidos.<\/p>\n<p>Ninguna de las creaciones de Jacotte ha sido escrita o preconcebida. Todas son improvisadas y manan se reconoce esta fuente desde los primeros compases de cada titulo.<br \/>\nEl objeto principal de la Musica Multidimencional es la transformacion y unificacion de las diferentes dimensiones del ser. Sus sonidos nos transportan, nos ensenan y nos transforman intentandolo.<\/p>\n<p>RAY GOTTLIEB Y REBECCA PENNEY<br \/>\nArticulos publicados sobre la music multidimensional &#8211; AHP &#8211; Periodico de Psicologia Humanista, San Francisco, USA.<\/p>\n<p>&nbsp;<\/p>\n<p>* RAY GOTTLIEB:<br \/>\nDr en Oftamologia y Dr en Filosofia es Decano del Colegio de optometria Syntonica desde 1979.<\/p>\n<p>* REBECCA PENNEYS:<br \/>\nProfesora de piano en la Escuola de Musica Eastman desde 1980, es directora del departamento de Piano del instituto Chautauqua.<\/p>\n","protected":false},"excerpt":{"rendered":"<p>En su CD RENAISSANCE, UNITE e INVISIBLE PRESENCE , Jacotte Chollet muestra un don unico, el de una mujer de talento con el coraje de seguir sus necesidades e impulses creativos sin hacer concesiones. Su obra es tan energetica e inspiradora como contemplativa y sanadora y tiende a confirmar todo el poder que pos\u00e9e la [&hellip;]<\/p>\n","protected":false},"author":1,"featured_media":0,"parent":0,"menu_order":0,"comment_status":"closed","ping_status":"closed","template":"","meta":{"site-sidebar-layout":"default","site-content-layout":"","ast-site-content-layout":"default","site-content-style":"default","site-sidebar-style":"default","ast-global-header-display":"","ast-banner-title-visibility":"","ast-main-header-display":"","ast-hfb-above-header-display":"","ast-hfb-below-header-display":"","ast-hfb-mobile-header-display":"","site-post-title":"","ast-breadcrumbs-content":"","ast-featured-img":"","footer-sml-layout":"","ast-disable-related-posts":"","theme-transparent-header-meta":"","adv-header-id-meta":"","stick-header-meta":"","header-above-stick-meta":"","header-main-stick-meta":"","header-below-stick-meta":"","astra-migrate-meta-layouts":"default","ast-page-background-enabled":"default","ast-page-background-meta":{"desktop":{"background-color":"var(--ast-global-color-4)","background-image":"","background-repeat":"repeat","background-position":"center center","background-size":"auto","background-attachment":"scroll","background-type":"","background-media":"","overlay-type":"","overlay-color":"","overlay-opacity":"","overlay-gradient":""},"tablet":{"background-color":"","background-image":"","background-repeat":"repeat","background-position":"center center","background-size":"auto","background-attachment":"scroll","background-type":"","background-media":"","overlay-type":"","overlay-color":"","overlay-opacity":"","overlay-gradient":""},"mobile":{"background-color":"","background-image":"","background-repeat":"repeat","background-position":"center center","background-size":"auto","background-attachment":"scroll","background-type":"","background-media":"","overlay-type":"","overlay-color":"","overlay-opacity":"","overlay-gradient":""}},"ast-content-background-meta":{"desktop":{"background-color":"var(--ast-global-color-5)","background-image":"","background-repeat":"repeat","background-position":"center center","background-size":"auto","background-attachment":"scroll","background-type":"","background-media":"","overlay-type":"","overlay-color":"","overlay-opacity":"","overlay-gradient":""},"tablet":{"background-color":"var(--ast-global-color-5)","background-image":"","background-repeat":"repeat","background-position":"center center","background-size":"auto","background-attachment":"scroll","background-type":"","background-media":"","overlay-type":"","overlay-color":"","overlay-opacity":"","overlay-gradient":""},"mobile":{"background-color":"var(--ast-global-color-5)","background-image":"","background-repeat":"repeat","background-position":"center center","background-size":"auto","background-attachment":"scroll","background-type":"","background-media":"","overlay-type":"","overlay-color":"","overlay-opacity":"","overlay-gradient":""}},"footnotes":""},"class_list":["post-3081","page","type-page","status-publish","hentry"],"yoast_head":"<!-- This site is optimized with the Yoast SEO Premium plugin v21.7 (Yoast SEO v27.4) - https:\/\/yoast.com\/product\/yoast-seo-premium-wordpress\/ -->\n<title>REVISTA DE PRENSA : CD UNIT\u00c9, RENAISSANCE, INVISIBLE PR\u00c9SENCE - Jacotte Chollet &amp; La M\u00fasica Multidimensional<\/title>\n<meta name=\"robots\" content=\"index, follow, max-snippet:-1, max-image-preview:large, max-video-preview:-1\" \/>\n<link rel=\"canonical\" href=\"https:\/\/multidimensionalmusic.com\/es\/revista-de-prensa-cd-unite-renaissance-invisible-presence\/\" \/>\n<meta property=\"og:locale\" content=\"es_ES\" \/>\n<meta property=\"og:type\" content=\"article\" \/>\n<meta property=\"og:title\" content=\"REVISTA DE PRENSA : CD UNIT\u00c9, RENAISSANCE, INVISIBLE PR\u00c9SENCE\" \/>\n<meta property=\"og:description\" content=\"En su CD RENAISSANCE, UNITE e INVISIBLE PRESENCE , Jacotte Chollet muestra un don unico, el de una mujer de talento con el coraje de seguir sus necesidades e impulses creativos sin hacer concesiones. Su obra es tan energetica e inspiradora como contemplativa y sanadora y tiende a confirmar todo el poder que pos\u00e9e la [&hellip;]\" \/>\n<meta property=\"og:url\" content=\"https:\/\/multidimensionalmusic.com\/es\/revista-de-prensa-cd-unite-renaissance-invisible-presence\/\" \/>\n<meta property=\"og:site_name\" content=\"Jacotte Chollet &amp; La M\u00fasica Multidimensional\" \/>\n<meta property=\"article:publisher\" content=\"https:\/\/www.facebook.com\/jacottecholletmusiquemultidimensionnelle\/\" \/>\n<meta property=\"article:modified_time\" content=\"2017-11-30T13:46:09+00:00\" \/>\n<meta name=\"twitter:card\" content=\"summary_large_image\" \/>\n<meta name=\"twitter:label1\" content=\"Tiempo de lectura\" \/>\n\t<meta name=\"twitter:data1\" content=\"2 minutos\" \/>\n<script type=\"application\/ld+json\" class=\"yoast-schema-graph\">{\"@context\":\"https:\\\/\\\/schema.org\",\"@graph\":[{\"@type\":\"WebPage\",\"@id\":\"https:\\\/\\\/multidimensionalmusic.com\\\/es\\\/revista-de-prensa-cd-unite-renaissance-invisible-presence\\\/\",\"url\":\"https:\\\/\\\/multidimensionalmusic.com\\\/es\\\/revista-de-prensa-cd-unite-renaissance-invisible-presence\\\/\",\"name\":\"REVISTA DE PRENSA : CD UNIT\u00c9, RENAISSANCE, INVISIBLE PR\u00c9SENCE - Jacotte Chollet &amp; La M\u00fasica Multidimensional\",\"isPartOf\":{\"@id\":\"https:\\\/\\\/multidimensionalmusic.com\\\/es\\\/#website\"},\"datePublished\":\"2017-11-30T13:44:37+00:00\",\"dateModified\":\"2017-11-30T13:46:09+00:00\",\"breadcrumb\":{\"@id\":\"https:\\\/\\\/multidimensionalmusic.com\\\/es\\\/revista-de-prensa-cd-unite-renaissance-invisible-presence\\\/#breadcrumb\"},\"inLanguage\":\"es\",\"potentialAction\":[{\"@type\":\"ReadAction\",\"target\":[\"https:\\\/\\\/multidimensionalmusic.com\\\/es\\\/revista-de-prensa-cd-unite-renaissance-invisible-presence\\\/\"]}]},{\"@type\":\"BreadcrumbList\",\"@id\":\"https:\\\/\\\/multidimensionalmusic.com\\\/es\\\/revista-de-prensa-cd-unite-renaissance-invisible-presence\\\/#breadcrumb\",\"itemListElement\":[{\"@type\":\"ListItem\",\"position\":1,\"name\":\"Home\",\"item\":\"https:\\\/\\\/multidimensionalmusic.com\\\/es\\\/\"},{\"@type\":\"ListItem\",\"position\":2,\"name\":\"REVISTA DE PRENSA : CD UNIT\u00c9, RENAISSANCE, INVISIBLE PR\u00c9SENCE\"}]},{\"@type\":\"WebSite\",\"@id\":\"https:\\\/\\\/multidimensionalmusic.com\\\/es\\\/#website\",\"url\":\"https:\\\/\\\/multidimensionalmusic.com\\\/es\\\/\",\"name\":\"Jacotte Chollet - La Musique Multidimensionnelle\",\"description\":\"Meditaci\u00f3n - Relajaci\u00f3n profunda - Antiestr\u00e9s - Liberaci\u00f3n emocional - Intuici\u00f3n y creatividad - Expansi\u00f3n de conciencia - Alineamiento energ\u00e9tico\",\"publisher\":{\"@id\":\"https:\\\/\\\/multidimensionalmusic.com\\\/es\\\/#organization\"},\"potentialAction\":[{\"@type\":\"SearchAction\",\"target\":{\"@type\":\"EntryPoint\",\"urlTemplate\":\"https:\\\/\\\/multidimensionalmusic.com\\\/es\\\/?s={search_term_string}\"},\"query-input\":{\"@type\":\"PropertyValueSpecification\",\"valueRequired\":true,\"valueName\":\"search_term_string\"}}],\"inLanguage\":\"es\"},{\"@type\":\"Organization\",\"@id\":\"https:\\\/\\\/multidimensionalmusic.com\\\/es\\\/#organization\",\"name\":\"Jacotte Chollet Multidimensional Music\",\"url\":\"https:\\\/\\\/multidimensionalmusic.com\\\/es\\\/\",\"logo\":{\"@type\":\"ImageObject\",\"inLanguage\":\"es\",\"@id\":\"https:\\\/\\\/multidimensionalmusic.com\\\/es\\\/#\\\/schema\\\/logo\\\/image\\\/\",\"url\":\"https:\\\/\\\/multidimensionalmusic.com\\\/wp-content\\\/uploads\\\/2025\\\/03\\\/header-logo-site-vitrine-jacotte-chollet-mmd-transparent.png\",\"contentUrl\":\"https:\\\/\\\/multidimensionalmusic.com\\\/wp-content\\\/uploads\\\/2025\\\/03\\\/header-logo-site-vitrine-jacotte-chollet-mmd-transparent.png\",\"width\":800,\"height\":358,\"caption\":\"Jacotte Chollet Multidimensional Music\"},\"image\":{\"@id\":\"https:\\\/\\\/multidimensionalmusic.com\\\/es\\\/#\\\/schema\\\/logo\\\/image\\\/\"},\"sameAs\":[\"https:\\\/\\\/www.facebook.com\\\/jacottecholletmusiquemultidimensionnelle\\\/\",\"https:\\\/\\\/www.instagram.com\\\/jacottechollet\\\/\",\"https:\\\/\\\/www.linkedin.com\\\/in\\\/jacotte-chollet-41a09812\\\/\",\"https:\\\/\\\/www.youtube.com\\\/channel\\\/UCKDtAKgspnDQqggI1bAOl_g\"]}]}<\/script>\n<!-- \/ Yoast SEO Premium plugin. -->","yoast_head_json":{"title":"REVISTA DE PRENSA : CD UNIT\u00c9, RENAISSANCE, INVISIBLE PR\u00c9SENCE - Jacotte Chollet &amp; La M\u00fasica Multidimensional","robots":{"index":"index","follow":"follow","max-snippet":"max-snippet:-1","max-image-preview":"max-image-preview:large","max-video-preview":"max-video-preview:-1"},"canonical":"https:\/\/multidimensionalmusic.com\/es\/revista-de-prensa-cd-unite-renaissance-invisible-presence\/","og_locale":"es_ES","og_type":"article","og_title":"REVISTA DE PRENSA : CD UNIT\u00c9, RENAISSANCE, INVISIBLE PR\u00c9SENCE","og_description":"En su CD RENAISSANCE, UNITE e INVISIBLE PRESENCE , Jacotte Chollet muestra un don unico, el de una mujer de talento con el coraje de seguir sus necesidades e impulses creativos sin hacer concesiones. Su obra es tan energetica e inspiradora como contemplativa y sanadora y tiende a confirmar todo el poder que pos\u00e9e la [&hellip;]","og_url":"https:\/\/multidimensionalmusic.com\/es\/revista-de-prensa-cd-unite-renaissance-invisible-presence\/","og_site_name":"Jacotte Chollet &amp; La M\u00fasica Multidimensional","article_publisher":"https:\/\/www.facebook.com\/jacottecholletmusiquemultidimensionnelle\/","article_modified_time":"2017-11-30T13:46:09+00:00","twitter_card":"summary_large_image","twitter_misc":{"Tiempo de lectura":"2 minutos"},"schema":{"@context":"https:\/\/schema.org","@graph":[{"@type":"WebPage","@id":"https:\/\/multidimensionalmusic.com\/es\/revista-de-prensa-cd-unite-renaissance-invisible-presence\/","url":"https:\/\/multidimensionalmusic.com\/es\/revista-de-prensa-cd-unite-renaissance-invisible-presence\/","name":"REVISTA DE PRENSA : CD UNIT\u00c9, RENAISSANCE, INVISIBLE PR\u00c9SENCE - Jacotte Chollet &amp; La M\u00fasica Multidimensional","isPartOf":{"@id":"https:\/\/multidimensionalmusic.com\/es\/#website"},"datePublished":"2017-11-30T13:44:37+00:00","dateModified":"2017-11-30T13:46:09+00:00","breadcrumb":{"@id":"https:\/\/multidimensionalmusic.com\/es\/revista-de-prensa-cd-unite-renaissance-invisible-presence\/#breadcrumb"},"inLanguage":"es","potentialAction":[{"@type":"ReadAction","target":["https:\/\/multidimensionalmusic.com\/es\/revista-de-prensa-cd-unite-renaissance-invisible-presence\/"]}]},{"@type":"BreadcrumbList","@id":"https:\/\/multidimensionalmusic.com\/es\/revista-de-prensa-cd-unite-renaissance-invisible-presence\/#breadcrumb","itemListElement":[{"@type":"ListItem","position":1,"name":"Home","item":"https:\/\/multidimensionalmusic.com\/es\/"},{"@type":"ListItem","position":2,"name":"REVISTA DE PRENSA : CD UNIT\u00c9, RENAISSANCE, INVISIBLE PR\u00c9SENCE"}]},{"@type":"WebSite","@id":"https:\/\/multidimensionalmusic.com\/es\/#website","url":"https:\/\/multidimensionalmusic.com\/es\/","name":"Jacotte Chollet - La Musique Multidimensionnelle","description":"Meditaci\u00f3n - Relajaci\u00f3n profunda - Antiestr\u00e9s - Liberaci\u00f3n emocional - Intuici\u00f3n y creatividad - Expansi\u00f3n de conciencia - Alineamiento energ\u00e9tico","publisher":{"@id":"https:\/\/multidimensionalmusic.com\/es\/#organization"},"potentialAction":[{"@type":"SearchAction","target":{"@type":"EntryPoint","urlTemplate":"https:\/\/multidimensionalmusic.com\/es\/?s={search_term_string}"},"query-input":{"@type":"PropertyValueSpecification","valueRequired":true,"valueName":"search_term_string"}}],"inLanguage":"es"},{"@type":"Organization","@id":"https:\/\/multidimensionalmusic.com\/es\/#organization","name":"Jacotte Chollet Multidimensional Music","url":"https:\/\/multidimensionalmusic.com\/es\/","logo":{"@type":"ImageObject","inLanguage":"es","@id":"https:\/\/multidimensionalmusic.com\/es\/#\/schema\/logo\/image\/","url":"https:\/\/multidimensionalmusic.com\/wp-content\/uploads\/2025\/03\/header-logo-site-vitrine-jacotte-chollet-mmd-transparent.png","contentUrl":"https:\/\/multidimensionalmusic.com\/wp-content\/uploads\/2025\/03\/header-logo-site-vitrine-jacotte-chollet-mmd-transparent.png","width":800,"height":358,"caption":"Jacotte Chollet Multidimensional Music"},"image":{"@id":"https:\/\/multidimensionalmusic.com\/es\/#\/schema\/logo\/image\/"},"sameAs":["https:\/\/www.facebook.com\/jacottecholletmusiquemultidimensionnelle\/","https:\/\/www.instagram.com\/jacottechollet\/","https:\/\/www.linkedin.com\/in\/jacotte-chollet-41a09812\/","https:\/\/www.youtube.com\/channel\/UCKDtAKgspnDQqggI1bAOl_g"]}]}},"_links":{"self":[{"href":"https:\/\/multidimensionalmusic.com\/es\/wp-json\/wp\/v2\/pages\/3081","targetHints":{"allow":["GET"]}}],"collection":[{"href":"https:\/\/multidimensionalmusic.com\/es\/wp-json\/wp\/v2\/pages"}],"about":[{"href":"https:\/\/multidimensionalmusic.com\/es\/wp-json\/wp\/v2\/types\/page"}],"author":[{"embeddable":true,"href":"https:\/\/multidimensionalmusic.com\/es\/wp-json\/wp\/v2\/users\/1"}],"replies":[{"embeddable":true,"href":"https:\/\/multidimensionalmusic.com\/es\/wp-json\/wp\/v2\/comments?post=3081"}],"version-history":[{"count":0,"href":"https:\/\/multidimensionalmusic.com\/es\/wp-json\/wp\/v2\/pages\/3081\/revisions"}],"wp:attachment":[{"href":"https:\/\/multidimensionalmusic.com\/es\/wp-json\/wp\/v2\/media?parent=3081"}],"curies":[{"name":"wp","href":"https:\/\/api.w.org\/{rel}","templated":true}]}}