{"id":3065,"date":"2017-11-30T13:29:36","date_gmt":"2017-11-30T12:29:36","guid":{"rendered":"https:\/\/multidimensionalmusic.com\/?page_id=3065"},"modified":"2021-01-18T10:43:22","modified_gmt":"2021-01-18T09:43:22","slug":"articulos-de-prensa","status":"publish","type":"page","link":"https:\/\/multidimensionalmusic.com\/es\/articulos-de-prensa\/","title":{"rendered":"Articulos de prensa"},"content":{"rendered":"<style type=\"text\/css\">@media only screen and (min-width: 1000px) and (max-width: 5000px){body.kc-css-system .kc-css-2918305{width: 25%;}body.kc-css-system .kc-css-933917{width: 25%;}body.kc-css-system .kc-css-3262346{width: 25%;}body.kc-css-system .kc-css-4360612{width: 25%;}body.kc-css-system .kc-css-3687240{width: 25%;}body.kc-css-system .kc-css-1984794{width: 25%;}body.kc-css-system .kc-css-447691{width: 25%;}body.kc-css-system .kc-css-1659503{width: 25%;}}body.kc-css-system .kc-css-4230067{margin-top: 20px;margin-bottom: 0px;padding-top: 0px;padding-bottom: 0px;}body.kc-css-system .kc-css-1565982{margin-top: 0px;margin-bottom: 0px;padding-top: 30px;padding-bottom: 0px;}body.kc-css-system .kc-css-1329704{margin-top: 10px;margin-bottom: 0px;padding-top: 10px;padding-bottom: 0px;}body.kc-css-system .kc-css-1817572{margin-top: 20px;margin-bottom: 0px;padding-top: 0px;padding-bottom: 0px;}<\/style>\n<section class=\"kc-elm kc-css-4230067 kc_row\">\n<div class=\"kc-row-container  kc-container\">\n<div class=\"kc-wrap-columns\">\n<div class=\"kc-elm kc-css-3687047 kc_col-sm-12 kc_column kc_col-sm-12\">\n<div class=\"kc-col-container\">\n<div class=\"kc-elm kc-css-4299416 kc_text_block\">\n<h2 style=\"text-align: center;\">ARTICULOS DE PRENSA EN FRANCES<\/h2>\n<\/div>\n<\/div>\n<\/div>\n<\/div>\n<\/div>\n<\/section>\n<section class=\"kc-elm kc-css-1565982 kc_row\">\n<div class=\"kc-row-container  kc-container\">\n<div class=\"kc-wrap-columns\">\n<div class=\"kc-elm kc-css-2918305 kc_col-sm-3 kc_column kc_col-sm-3\">\n<div class=\"kc-col-container\">\n<div class=\"kc-elm kc-css-1393269 kc_text_block\">\n<p><a href=\"http:\/\/midetplus.fr\/bien-etre\/la-musique-multidimensionnelle\/\" target=\"_blank\" rel=\"noopener\"><img fetchpriority=\"high\" decoding=\"async\" class=\"alignleft\" src=\"https:\/\/multidimensionalmusic.com\/wp-content\/uploads\/2017\/07\/article-midetplus-jacottechollet.jpg\" alt=\"\" width=\"300\" height=\"200\" \/><\/a><\/p>\n<\/div>\n<\/div>\n<\/div>\n<div class=\"kc-elm kc-css-933917 kc_col-sm-3 kc_column kc_col-sm-3\">\n<div class=\"kc-col-container\">\n<div class=\"kc-elm kc-css-1280584 kc_text_block\">\n<p><a href=\"https:\/\/multidimensionalmusic.com\/Jacottechollet-CD-Essence-prima-aout2016-web.pdf\" target=\"_blank\" rel=\"noopener\"><img decoding=\"async\" class=\"alignleft\" src=\"https:\/\/multidimensionalmusic.com\/wp-content\/uploads\/2017\/07\/couverture-prima-lamusiquedejacottechollet.jpg\" alt=\"prima press article jacotte chollet\" width=\"300\" height=\"200\" \/><\/a><\/p>\n<\/div>\n<\/div>\n<\/div>\n<div class=\"kc-elm kc-css-3262346 kc_col-sm-3 kc_column kc_col-sm-3\">\n<div class=\"kc-col-container\">\n<div class=\"kc-elm kc-css-3611388 kc_text_block\">\n<p><a href=\"https:\/\/multidimensionalmusic.com\/article-presse-musiquemultidimensionnelle-happinez-novembre-2015.pdf\" target=\"_blank\" rel=\"noopener\"><img decoding=\"async\" class=\"alignleft\" src=\"https:\/\/multidimensionalmusic.com\/wp-content\/uploads\/2017\/07\/article-presse-happinez-musique-multidimensionnelle-home.jpg\" alt=\"\" width=\"268\" height=\"180\" \/><\/a><\/p>\n<\/div>\n<\/div>\n<\/div>\n<div class=\"kc-elm kc-css-4360612 kc_col-sm-3 kc_column kc_col-sm-3\">\n<div class=\"kc-col-container\">\n<div class=\"kc-elm kc-css-1288085 kc_text_block\">\n<p><a href=\"https:\/\/multidimensionalmusic.com\/viepratiquefeminin-parution-presse-jacottechollet-mussiquemultidimensionnelle.pdf\" target=\"_blank\" rel=\"noopener\"><img loading=\"lazy\" decoding=\"async\" class=\"alignleft\" src=\"https:\/\/multidimensionalmusic.com\/wp-content\/uploads\/2017\/07\/couverture-viepratiquefeminin-septembre2015.jpg\" alt=\"\" width=\"300\" height=\"196\" \/><\/a><\/p>\n<\/div>\n<\/div>\n<\/div>\n<\/div>\n<\/div>\n<\/section>\n<section class=\"kc-elm kc-css-1329704 kc_row\">\n<div class=\"kc-row-container  kc-container\">\n<div class=\"kc-wrap-columns\">\n<div class=\"kc-elm kc-css-3687240 kc_col-sm-3 kc_column kc_col-sm-3\">\n<div class=\"kc-col-container\">\n<div class=\"kc-elm kc-css-1865088 kc_text_block\">\n<p><img loading=\"lazy\" decoding=\"async\" class=\"alignleft size-full\" src=\"https:\/\/multidimensionalmusic.com\/wp-content\/uploads\/2017\/07\/femme-actuelle-musique-jacotte-chollet-juin2018-2.png\" alt=\"\" width=\"424\" height=\"254\" \/><\/p>\n<\/div>\n<\/div>\n<\/div>\n<div class=\"kc-elm kc-css-1984794 kc_col-sm-3 kc_column kc_col-sm-3\">\n<div class=\"kc-col-container\">\n<div class=\"kc-elm kc-css-269524 kc_text_block\">\n<p><a href=\"https:\/\/multidimensionalmusic.com\/femme-actuelle-musique-multidimensionnelle-mars2015-web.pdf\" target=\"_blank\" rel=\"noopener\"><img loading=\"lazy\" decoding=\"async\" class=\"alignleft\" src=\"https:\/\/multidimensionalmusic.com\/wp-content\/uploads\/2017\/07\/femme-actuelle-parution-jacotte-chollet-avril2015.jpg\" alt=\"parution femme actuelle\" width=\"300\" height=\"196\" \/><\/a><\/p>\n<\/div>\n<\/div>\n<\/div>\n<div class=\"kc-elm kc-css-447691 kc_col-sm-3 kc_column kc_col-sm-3\">\n<div class=\"kc-col-container\">\n<div class=\"kc-elm kc-css-899186 kc_text_block\">\n<p><a href=\"https:\/\/multidimensionalmusic.com\/femme-actuelle-musique-multidimensionnelle-mars2015-web.pdf\" target=\"_blank\" rel=\"noopener\"><img loading=\"lazy\" decoding=\"async\" class=\"alignleft\" src=\"https:\/\/multidimensionalmusic.com\/wp-content\/uploads\/2017\/07\/femme-actuelle-parution-jacotte-chollet-mars2015.jpg\" alt=\"femme actuelle la musique de jacotte chollet\" width=\"300\" height=\"196\" \/><\/a><\/p>\n<\/div>\n<\/div>\n<\/div>\n<div class=\"kc-elm kc-css-1659503 kc_col-sm-3 kc_column kc_col-sm-3\">\n<div class=\"kc-col-container\">\n<div class=\"kc-elm kc-css-4079701 kc_text_block\">\n<p><a href=\"https:\/\/multidimensionalmusic.com\/articles-de-presse\/\" target=\"_blank\" rel=\"noopener\">TODOS ARTICULOS EN FRANCES<\/a><\/p>\n<\/div>\n<\/div>\n<\/div>\n<\/div>\n<\/div>\n<\/section>\n<section class=\"kc-elm kc-css-1817572 kc_row\">\n<div class=\"kc-row-container  kc-container\">\n<div class=\"kc-wrap-columns\">\n<div class=\"kc-elm kc-css-2679806 kc_col-sm-12 kc_column kc_col-sm-12\">\n<div class=\"kc-col-container\">\n<div class=\"kc-elm kc-css-858588 kc_text_block\">\n<h2 style=\"text-align: center;\">ARTICULOS DE PRENSA EN ESPA\u00d1OL<\/h2>\n<\/div>\n<div class=\"kc-elm kc-css-2020492 kc_text_block\">\n<p style=\"text-align: center;\"><a href=\"https:\/\/multidimensionalmusic.com\/es\/la-terapia-holosonica\/\" target=\"_blank\" rel=\"noopener\">LA TERAPIA HOLOSONICA<\/a><\/p>\n<p style=\"text-align: center;\"><a href=\"https:\/\/multidimensionalmusic.com\/es\/la-terapia-por-resonancia-armonica\/\" target=\"_blank\" rel=\"noopener\">LA TERAPIA POR RESONANCIA ARMONICA<\/a><\/p>\n<p style=\"text-align: center;\"><a href=\"https:\/\/multidimensionalmusic.com\/es\/revista-de-prensa-cd-unite-renaissance-invisible-presence\/\" target=\"_blank\" rel=\"noopener\">REVISTA DE PRENSA : CD UNIT\u00c9, RENAISSANCE, INVISIBLE PR\u00c9SENCE<\/a><\/p>\n<\/div>\n<div class=\"kc-elm kc-css-4173492\" style=\"height: 42px; clear: both; width:100%;\"><\/div>\n<\/div>\n<\/div>\n<\/div>\n<\/div>\n<\/section>\n","protected":false},"excerpt":{"rendered":"<p>ARTICULOS DE PRENSA EN FRANCES TODOS ARTICULOS EN FRANCES ARTICULOS DE PRENSA EN ESPA\u00d1OL LA TERAPIA HOLOSONICA LA TERAPIA POR RESONANCIA ARMONICA REVISTA DE PRENSA : CD UNIT\u00c9, RENAISSANCE, INVISIBLE PR\u00c9SENCE<\/p>\n","protected":false},"author":1,"featured_media":0,"parent":0,"menu_order":0,"comment_status":"closed","ping_status":"closed","template":"","meta":{"site-sidebar-layout":"default","site-content-layout":"","ast-site-content-layout":"default","site-content-style":"default","site-sidebar-style":"default","ast-global-header-display":"","ast-banner-title-visibility":"","ast-main-header-display":"","ast-hfb-above-header-display":"","ast-hfb-below-header-display":"","ast-hfb-mobile-header-display":"","site-post-title":"","ast-breadcrumbs-content":"","ast-featured-img":"","footer-sml-layout":"","ast-disable-related-posts":"","theme-transparent-header-meta":"","adv-header-id-meta":"","stick-header-meta":"","header-above-stick-meta":"","header-main-stick-meta":"","header-below-stick-meta":"","astra-migrate-meta-layouts":"default","ast-page-background-enabled":"default","ast-page-background-meta":{"desktop":{"background-color":"var(--ast-global-color-4)","background-image":"","background-repeat":"repeat","background-position":"center center","background-size":"auto","background-attachment":"scroll","background-type":"","background-media":"","overlay-type":"","overlay-color":"","overlay-opacity":"","overlay-gradient":""},"tablet":{"background-color":"","background-image":"","background-repeat":"repeat","background-position":"center center","background-size":"auto","background-attachment":"scroll","background-type":"","background-media":"","overlay-type":"","overlay-color":"","overlay-opacity":"","overlay-gradient":""},"mobile":{"background-color":"","background-image":"","background-repeat":"repeat","background-position":"center center","background-size":"auto","background-attachment":"scroll","background-type":"","background-media":"","overlay-type":"","overlay-color":"","overlay-opacity":"","overlay-gradient":""}},"ast-content-background-meta":{"desktop":{"background-color":"var(--ast-global-color-5)","background-image":"","background-repeat":"repeat","background-position":"center center","background-size":"auto","background-attachment":"scroll","background-type":"","background-media":"","overlay-type":"","overlay-color":"","overlay-opacity":"","overlay-gradient":""},"tablet":{"background-color":"var(--ast-global-color-5)","background-image":"","background-repeat":"repeat","background-position":"center center","background-size":"auto","background-attachment":"scroll","background-type":"","background-media":"","overlay-type":"","overlay-color":"","overlay-opacity":"","overlay-gradient":""},"mobile":{"background-color":"var(--ast-global-color-5)","background-image":"","background-repeat":"repeat","background-position":"center center","background-size":"auto","background-attachment":"scroll","background-type":"","background-media":"","overlay-type":"","overlay-color":"","overlay-opacity":"","overlay-gradient":""}},"footnotes":""},"class_list":["post-3065","page","type-page","status-publish","hentry"],"yoast_head":"<!-- This site is optimized with the Yoast SEO Premium plugin v21.7 (Yoast SEO v27.4) - https:\/\/yoast.com\/product\/yoast-seo-premium-wordpress\/ -->\n<title>Articulos de prensa - Jacotte Chollet &amp; La M\u00fasica Multidimensional<\/title>\n<meta name=\"robots\" content=\"index, follow, max-snippet:-1, max-image-preview:large, max-video-preview:-1\" \/>\n<link rel=\"canonical\" href=\"https:\/\/multidimensionalmusic.com\/es\/articulos-de-prensa\/\" \/>\n<meta property=\"og:locale\" content=\"es_ES\" \/>\n<meta property=\"og:type\" content=\"article\" \/>\n<meta property=\"og:title\" content=\"Articulos de prensa\" \/>\n<meta property=\"og:description\" content=\"ARTICULOS DE PRENSA EN FRANCES TODOS ARTICULOS EN FRANCES ARTICULOS DE PRENSA EN ESPA\u00d1OL LA TERAPIA HOLOSONICA LA TERAPIA POR RESONANCIA ARMONICA REVISTA DE PRENSA : CD UNIT\u00c9, RENAISSANCE, INVISIBLE PR\u00c9SENCE\" \/>\n<meta property=\"og:url\" content=\"https:\/\/multidimensionalmusic.com\/es\/articulos-de-prensa\/\" \/>\n<meta property=\"og:site_name\" content=\"Jacotte Chollet &amp; La M\u00fasica Multidimensional\" \/>\n<meta property=\"article:publisher\" content=\"https:\/\/www.facebook.com\/jacottecholletmusiquemultidimensionnelle\/\" \/>\n<meta property=\"article:modified_time\" content=\"2021-01-18T09:43:22+00:00\" \/>\n<meta property=\"og:image\" content=\"https:\/\/multidimensionalmusic.com\/wp-content\/uploads\/2017\/07\/article-midetplus-jacottechollet.jpg\" \/>\n<meta name=\"twitter:card\" content=\"summary_large_image\" \/>\n<script type=\"application\/ld+json\" class=\"yoast-schema-graph\">{\"@context\":\"https:\\\/\\\/schema.org\",\"@graph\":[{\"@type\":\"WebPage\",\"@id\":\"https:\\\/\\\/multidimensionalmusic.com\\\/es\\\/articulos-de-prensa\\\/\",\"url\":\"https:\\\/\\\/multidimensionalmusic.com\\\/es\\\/articulos-de-prensa\\\/\",\"name\":\"Articulos de prensa - Jacotte Chollet &amp; La M\u00fasica Multidimensional\",\"isPartOf\":{\"@id\":\"https:\\\/\\\/multidimensionalmusic.com\\\/es\\\/#website\"},\"primaryImageOfPage\":{\"@id\":\"https:\\\/\\\/multidimensionalmusic.com\\\/es\\\/articulos-de-prensa\\\/#primaryimage\"},\"image\":{\"@id\":\"https:\\\/\\\/multidimensionalmusic.com\\\/es\\\/articulos-de-prensa\\\/#primaryimage\"},\"thumbnailUrl\":\"https:\\\/\\\/multidimensionalmusic.com\\\/wp-content\\\/uploads\\\/2017\\\/07\\\/article-midetplus-jacottechollet.jpg\",\"datePublished\":\"2017-11-30T12:29:36+00:00\",\"dateModified\":\"2021-01-18T09:43:22+00:00\",\"breadcrumb\":{\"@id\":\"https:\\\/\\\/multidimensionalmusic.com\\\/es\\\/articulos-de-prensa\\\/#breadcrumb\"},\"inLanguage\":\"es\",\"potentialAction\":[{\"@type\":\"ReadAction\",\"target\":[\"https:\\\/\\\/multidimensionalmusic.com\\\/es\\\/articulos-de-prensa\\\/\"]}]},{\"@type\":\"ImageObject\",\"inLanguage\":\"es\",\"@id\":\"https:\\\/\\\/multidimensionalmusic.com\\\/es\\\/articulos-de-prensa\\\/#primaryimage\",\"url\":\"https:\\\/\\\/multidimensionalmusic.com\\\/wp-content\\\/uploads\\\/2017\\\/07\\\/article-midetplus-jacottechollet.jpg\",\"contentUrl\":\"https:\\\/\\\/multidimensionalmusic.com\\\/wp-content\\\/uploads\\\/2017\\\/07\\\/article-midetplus-jacottechollet.jpg\"},{\"@type\":\"BreadcrumbList\",\"@id\":\"https:\\\/\\\/multidimensionalmusic.com\\\/es\\\/articulos-de-prensa\\\/#breadcrumb\",\"itemListElement\":[{\"@type\":\"ListItem\",\"position\":1,\"name\":\"Home\",\"item\":\"https:\\\/\\\/multidimensionalmusic.com\\\/es\\\/\"},{\"@type\":\"ListItem\",\"position\":2,\"name\":\"Articulos de prensa\"}]},{\"@type\":\"WebSite\",\"@id\":\"https:\\\/\\\/multidimensionalmusic.com\\\/es\\\/#website\",\"url\":\"https:\\\/\\\/multidimensionalmusic.com\\\/es\\\/\",\"name\":\"Jacotte Chollet - La Musique Multidimensionnelle\",\"description\":\"Meditaci\u00f3n - Relajaci\u00f3n profunda - Antiestr\u00e9s - Liberaci\u00f3n emocional - Intuici\u00f3n y creatividad - Expansi\u00f3n de conciencia - Alineamiento energ\u00e9tico\",\"publisher\":{\"@id\":\"https:\\\/\\\/multidimensionalmusic.com\\\/es\\\/#organization\"},\"potentialAction\":[{\"@type\":\"SearchAction\",\"target\":{\"@type\":\"EntryPoint\",\"urlTemplate\":\"https:\\\/\\\/multidimensionalmusic.com\\\/es\\\/?s={search_term_string}\"},\"query-input\":{\"@type\":\"PropertyValueSpecification\",\"valueRequired\":true,\"valueName\":\"search_term_string\"}}],\"inLanguage\":\"es\"},{\"@type\":\"Organization\",\"@id\":\"https:\\\/\\\/multidimensionalmusic.com\\\/es\\\/#organization\",\"name\":\"Jacotte Chollet Multidimensional Music\",\"url\":\"https:\\\/\\\/multidimensionalmusic.com\\\/es\\\/\",\"logo\":{\"@type\":\"ImageObject\",\"inLanguage\":\"es\",\"@id\":\"https:\\\/\\\/multidimensionalmusic.com\\\/es\\\/#\\\/schema\\\/logo\\\/image\\\/\",\"url\":\"https:\\\/\\\/multidimensionalmusic.com\\\/wp-content\\\/uploads\\\/2025\\\/03\\\/header-logo-site-vitrine-jacotte-chollet-mmd-transparent.png\",\"contentUrl\":\"https:\\\/\\\/multidimensionalmusic.com\\\/wp-content\\\/uploads\\\/2025\\\/03\\\/header-logo-site-vitrine-jacotte-chollet-mmd-transparent.png\",\"width\":800,\"height\":358,\"caption\":\"Jacotte Chollet Multidimensional Music\"},\"image\":{\"@id\":\"https:\\\/\\\/multidimensionalmusic.com\\\/es\\\/#\\\/schema\\\/logo\\\/image\\\/\"},\"sameAs\":[\"https:\\\/\\\/www.facebook.com\\\/jacottecholletmusiquemultidimensionnelle\\\/\",\"https:\\\/\\\/www.instagram.com\\\/jacottechollet\\\/\",\"https:\\\/\\\/www.linkedin.com\\\/in\\\/jacotte-chollet-41a09812\\\/\",\"https:\\\/\\\/www.youtube.com\\\/channel\\\/UCKDtAKgspnDQqggI1bAOl_g\"]}]}<\/script>\n<!-- \/ Yoast SEO Premium plugin. -->","yoast_head_json":{"title":"Articulos de prensa - Jacotte Chollet &amp; La M\u00fasica Multidimensional","robots":{"index":"index","follow":"follow","max-snippet":"max-snippet:-1","max-image-preview":"max-image-preview:large","max-video-preview":"max-video-preview:-1"},"canonical":"https:\/\/multidimensionalmusic.com\/es\/articulos-de-prensa\/","og_locale":"es_ES","og_type":"article","og_title":"Articulos de prensa","og_description":"ARTICULOS DE PRENSA EN FRANCES TODOS ARTICULOS EN FRANCES ARTICULOS DE PRENSA EN ESPA\u00d1OL LA TERAPIA HOLOSONICA LA TERAPIA POR RESONANCIA ARMONICA REVISTA DE PRENSA : CD UNIT\u00c9, RENAISSANCE, INVISIBLE PR\u00c9SENCE","og_url":"https:\/\/multidimensionalmusic.com\/es\/articulos-de-prensa\/","og_site_name":"Jacotte Chollet &amp; La M\u00fasica Multidimensional","article_publisher":"https:\/\/www.facebook.com\/jacottecholletmusiquemultidimensionnelle\/","article_modified_time":"2021-01-18T09:43:22+00:00","og_image":[{"url":"https:\/\/multidimensionalmusic.com\/wp-content\/uploads\/2017\/07\/article-midetplus-jacottechollet.jpg","type":"","width":"","height":""}],"twitter_card":"summary_large_image","schema":{"@context":"https:\/\/schema.org","@graph":[{"@type":"WebPage","@id":"https:\/\/multidimensionalmusic.com\/es\/articulos-de-prensa\/","url":"https:\/\/multidimensionalmusic.com\/es\/articulos-de-prensa\/","name":"Articulos de prensa - Jacotte Chollet &amp; La M\u00fasica Multidimensional","isPartOf":{"@id":"https:\/\/multidimensionalmusic.com\/es\/#website"},"primaryImageOfPage":{"@id":"https:\/\/multidimensionalmusic.com\/es\/articulos-de-prensa\/#primaryimage"},"image":{"@id":"https:\/\/multidimensionalmusic.com\/es\/articulos-de-prensa\/#primaryimage"},"thumbnailUrl":"https:\/\/multidimensionalmusic.com\/wp-content\/uploads\/2017\/07\/article-midetplus-jacottechollet.jpg","datePublished":"2017-11-30T12:29:36+00:00","dateModified":"2021-01-18T09:43:22+00:00","breadcrumb":{"@id":"https:\/\/multidimensionalmusic.com\/es\/articulos-de-prensa\/#breadcrumb"},"inLanguage":"es","potentialAction":[{"@type":"ReadAction","target":["https:\/\/multidimensionalmusic.com\/es\/articulos-de-prensa\/"]}]},{"@type":"ImageObject","inLanguage":"es","@id":"https:\/\/multidimensionalmusic.com\/es\/articulos-de-prensa\/#primaryimage","url":"https:\/\/multidimensionalmusic.com\/wp-content\/uploads\/2017\/07\/article-midetplus-jacottechollet.jpg","contentUrl":"https:\/\/multidimensionalmusic.com\/wp-content\/uploads\/2017\/07\/article-midetplus-jacottechollet.jpg"},{"@type":"BreadcrumbList","@id":"https:\/\/multidimensionalmusic.com\/es\/articulos-de-prensa\/#breadcrumb","itemListElement":[{"@type":"ListItem","position":1,"name":"Home","item":"https:\/\/multidimensionalmusic.com\/es\/"},{"@type":"ListItem","position":2,"name":"Articulos de prensa"}]},{"@type":"WebSite","@id":"https:\/\/multidimensionalmusic.com\/es\/#website","url":"https:\/\/multidimensionalmusic.com\/es\/","name":"Jacotte Chollet - La Musique Multidimensionnelle","description":"Meditaci\u00f3n - Relajaci\u00f3n profunda - Antiestr\u00e9s - Liberaci\u00f3n emocional - Intuici\u00f3n y creatividad - Expansi\u00f3n de conciencia - Alineamiento energ\u00e9tico","publisher":{"@id":"https:\/\/multidimensionalmusic.com\/es\/#organization"},"potentialAction":[{"@type":"SearchAction","target":{"@type":"EntryPoint","urlTemplate":"https:\/\/multidimensionalmusic.com\/es\/?s={search_term_string}"},"query-input":{"@type":"PropertyValueSpecification","valueRequired":true,"valueName":"search_term_string"}}],"inLanguage":"es"},{"@type":"Organization","@id":"https:\/\/multidimensionalmusic.com\/es\/#organization","name":"Jacotte Chollet Multidimensional Music","url":"https:\/\/multidimensionalmusic.com\/es\/","logo":{"@type":"ImageObject","inLanguage":"es","@id":"https:\/\/multidimensionalmusic.com\/es\/#\/schema\/logo\/image\/","url":"https:\/\/multidimensionalmusic.com\/wp-content\/uploads\/2025\/03\/header-logo-site-vitrine-jacotte-chollet-mmd-transparent.png","contentUrl":"https:\/\/multidimensionalmusic.com\/wp-content\/uploads\/2025\/03\/header-logo-site-vitrine-jacotte-chollet-mmd-transparent.png","width":800,"height":358,"caption":"Jacotte Chollet Multidimensional Music"},"image":{"@id":"https:\/\/multidimensionalmusic.com\/es\/#\/schema\/logo\/image\/"},"sameAs":["https:\/\/www.facebook.com\/jacottecholletmusiquemultidimensionnelle\/","https:\/\/www.instagram.com\/jacottechollet\/","https:\/\/www.linkedin.com\/in\/jacotte-chollet-41a09812\/","https:\/\/www.youtube.com\/channel\/UCKDtAKgspnDQqggI1bAOl_g"]}]}},"_links":{"self":[{"href":"https:\/\/multidimensionalmusic.com\/es\/wp-json\/wp\/v2\/pages\/3065","targetHints":{"allow":["GET"]}}],"collection":[{"href":"https:\/\/multidimensionalmusic.com\/es\/wp-json\/wp\/v2\/pages"}],"about":[{"href":"https:\/\/multidimensionalmusic.com\/es\/wp-json\/wp\/v2\/types\/page"}],"author":[{"embeddable":true,"href":"https:\/\/multidimensionalmusic.com\/es\/wp-json\/wp\/v2\/users\/1"}],"replies":[{"embeddable":true,"href":"https:\/\/multidimensionalmusic.com\/es\/wp-json\/wp\/v2\/comments?post=3065"}],"version-history":[{"count":0,"href":"https:\/\/multidimensionalmusic.com\/es\/wp-json\/wp\/v2\/pages\/3065\/revisions"}],"wp:attachment":[{"href":"https:\/\/multidimensionalmusic.com\/es\/wp-json\/wp\/v2\/media?parent=3065"}],"curies":[{"name":"wp","href":"https:\/\/api.w.org\/{rel}","templated":true}]}}