{"id":3045,"date":"2017-11-30T13:02:31","date_gmt":"2017-11-30T12:02:31","guid":{"rendered":"https:\/\/multidimensionalmusic.com\/?page_id=3045"},"modified":"2025-05-23T11:42:25","modified_gmt":"2025-05-23T09:42:25","slug":"la-vision-de-los-expertos-musica-jacotte-chollet","status":"publish","type":"page","link":"https:\/\/multidimensionalmusic.com\/es\/la-vision-de-los-expertos-musica-jacotte-chollet\/","title":{"rendered":"La visi\u00f3n de los expertos"},"content":{"rendered":"\t\t<div data-elementor-type=\"wp-page\" data-elementor-id=\"3045\" class=\"elementor elementor-3045 elementor-19\" data-elementor-post-type=\"page\">\n\t\t\t\t<div class=\"elementor-element elementor-element-1a185d57 e-flex e-con-boxed e-con e-parent\" data-id=\"1a185d57\" data-element_type=\"container\" data-e-type=\"container\">\n\t\t\t\t\t<div class=\"e-con-inner\">\n\t\t\t\t<div class=\"elementor-element elementor-element-b85175c elementor-widget elementor-widget-text-editor\" data-id=\"b85175c\" data-element_type=\"widget\" data-e-type=\"widget\" data-widget_type=\"text-editor.default\">\n\t\t\t\t\t\t\t\t\t<p><em><strong>Admiro desde hace mucho tiempo el importante trabajo llevado a cabo por Jacotte Chollet para crear una m\u00fasica que suscita estados modificados de conciencia.\u2028 Sus composiciones y creaciones llenen el poder de descondanar un fen\u00f3meno de curaci\u00f3n con lo mas profundo del ser, de iniciar una transformaci\u00f3n y de abrirse a una visi\u00f3n espiritual de s\u00ed.\u2028 Soy feliz por poder, junto con otros, aportar mi apoyo a Jacotte por promover su importante investigaci\u00f3n y animar a todos los que son sensibles al poder de la m\u00fasica para abrirse a energ\u00edas benefactoras del s\u00ed.<\/strong><\/em><\/p><h5>KENNETH RING<\/h5><p>Dr en Filosof\u00eda. Profesor Em\u00e9ritos de psicolog\u00eda. USA. Fundador de Asociaci\u00f3n Internacional para el estudio de estados pr\u00f3ximos a la muerte.<\/p>\t\t\t\t\t\t\t\t<\/div>\n\t\t\t\t<div class=\"elementor-element elementor-element-31acf49 elementor-widget elementor-widget-text-editor\" data-id=\"31acf49\" data-element_type=\"widget\" data-e-type=\"widget\" data-widget_type=\"text-editor.default\">\n\t\t\t\t\t\t\t\t\t<p><em><strong>Un inmenso gracias a Jacotte Chollet por su m\u00fasica que puede ayudar a tantas personas. Es una de las herramientas m\u00e1s potentes que conozca para facilitar de forma natural la toma de conciencia y la liberaci\u00f3n de emociones a veces muy antiguas, habitualmente inconscientes de origen biogr\u00e1fico o incluso transpersonal.\u2028<\/strong><\/em><\/p><p><em><strong>Su m\u00fasica nos sumerge en un universo de ondas de forma que tienen una verdadera acci\u00f3n terap\u00e9utica: Estos campos vibratorios saben exactamente a qu\u00e9 lugar preciso del cuerpo ir para quitar los bloqueos. <\/strong><\/em><em><strong>Este efecto est\u00e1 seg\u00fan mi criterio muy pr\u00f3ximo a los &#8220;cantos de curaci\u00f3n&#8221; o de los Icaros utilizados por algunos chamanes.\u2028 <\/strong><\/em><em><strong>As\u00ed pues, numerosos terapeutas trabajando sobre las memorias de los tejidos org\u00e1nicos como por ejemplo las t\u00e9cnicas faciales de osteopat\u00eda o las t\u00e9cnicas de reflexolog\u00eda podr\u00edan hacer beneficiar con ella a sus pacientes.\u2028 \u00a1Por \u00faltimo, este trabajo de limpieza de las tensiones emocionales adheridas en el cuerpo f\u00edsico es un verdadero ba\u00f1o de juventud que favorece el mantenimiento de buena adaptabilidad\/plasticidad, tema principal de prevenci\u00f3n del envejecimiento y mantenimiento de la vitalidad desarrollado en mi libro pasar a ser centenario!.<\/strong><\/em><\/p><h5>DR LAURENT JACOB<\/h5><p>Autor de Pasar a ser centenario! Editions du Rocher, Paris.<\/p>\t\t\t\t\t\t\t\t<\/div>\n\t\t\t\t<div class=\"elementor-element elementor-element-b2463ce elementor-widget elementor-widget-text-editor\" data-id=\"b2463ce\" data-element_type=\"widget\" data-e-type=\"widget\" data-widget_type=\"text-editor.default\">\n\t\t\t\t\t\t\t\t\t<p><em><strong>Actualmente, se\u00f1ala el profesor R\u00e9gis DUTHEIL, el \u00fanico m\u00e9todo que se aproxima a la medicina del siglo XXI es la m\u00fasica multidimensional, por que toca a la vez el cuerpo electromagn\u00e9tico y la conciencia, la MMD restablece la neg entrop\u00eda. Se da primeramente un efecto de autodiagn\u00f3stico y seguidamente un efecto terap\u00e9utico, por la puesta en evidencia de los traumatismos y correcciones que la conciencia puede reportar. En este nivel de conciencia, el tiempo no existe. El pasado se superpone al presente, el cuerpo multi-dimensional se extiende de pasado a futuro del holograma.<\/strong><\/em><\/p><h5>PROFESSEUR R\u00c9GIS DUTHEIL<\/h5><p>F\u00edsico, Profesor de f\u00edsica qu\u00e1ntica, Autor de: El hombre s\u00faper luminoso, y la Medicina s\u00faper luminosa.<\/p>\t\t\t\t\t\t\t\t<\/div>\n\t\t\t\t<div class=\"elementor-element elementor-element-d787d99 elementor-widget elementor-widget-text-editor\" data-id=\"d787d99\" data-element_type=\"widget\" data-e-type=\"widget\" data-widget_type=\"text-editor.default\">\n\t\t\t\t\t\t\t\t\t<p><em><strong>La M\u00fasica Multidimensional de Jacotte Chollet tiene el poder de arrastrar a los que la escuchan en un reino de experiencias no ordinarias, en las que uno se describe en contacto con sus propias capacidades creativas y donde se reciben respuestas claras a las precuentas que se hacen. Se encuentra tambi\u00e9n la paz del cuerpo y del esp\u00edritu y se puede interactuar con todas las impresiones suscitadas por este programa \u00fanico. Madame Chollet ha creado una tecnolog\u00eda original para el siglo XXI, que est\u00e1n agradable como inspiradora.<\/strong><\/em><\/p><h5>STANLEY KRIPPNER<\/h5><p>Dr. en Filosof\u00eda, profesor de psicolog\u00eda en Saybrook Graduate School. San Francisco. Es Co-autor de numerosos libros come Los poderes ps\u00edquicos del hombre, Personal Mitolog\u00eda, Healing states.<\/p>\t\t\t\t\t\t\t\t<\/div>\n\t\t\t\t<div class=\"elementor-element elementor-element-abf6c2b elementor-widget elementor-widget-text-editor\" data-id=\"abf6c2b\" data-element_type=\"widget\" data-e-type=\"widget\" data-widget_type=\"text-editor.default\">\n\t\t\t\t\t\t\t\t\t<p><em><strong>Con excepci\u00f3n de los grandes gong tibetanos, su m\u00fasica es la primera en causar una resonancia interior tan grande. Fue una experiencia verdaderamente est\u00e1tica. Es mas que m\u00fasica, es en los sentidos sutiles y los \u00e9teres. Ha sabido llevar magn\u00edficamente su proyecto, con toda mi admiraci\u00f3n.<\/strong><\/em><\/p><h5>INGO SWANN<\/h5><p>Iniciador con el F\u00edsico Russel Targ de los primeros investigaciones y experiencias de visi\u00f3n a distancia en el Stanford Research Institute, especialista en percepci\u00f3n sensorial y extra sensorial en Nueva York. USA.<\/p>\t\t\t\t\t\t\t\t<\/div>\n\t\t\t\t\t<\/div>\n\t\t\t\t<\/div>\n\t\t\t\t<\/div>\n\t\t","protected":false},"excerpt":{"rendered":"<p>Admiro desde hace mucho tiempo el importante trabajo llevado a cabo por Jacotte Chollet para crear una m\u00fasica que suscita estados modificados de conciencia.\u2028 Sus composiciones y creaciones llenen el poder de descondanar un fen\u00f3meno de curaci\u00f3n con lo mas profundo del ser, de iniciar una transformaci\u00f3n y de abrirse a una visi\u00f3n espiritual de [&hellip;]<\/p>\n","protected":false},"author":1,"featured_media":0,"parent":0,"menu_order":0,"comment_status":"closed","ping_status":"closed","template":"","meta":{"site-sidebar-layout":"default","site-content-layout":"","ast-site-content-layout":"default","site-content-style":"default","site-sidebar-style":"default","ast-global-header-display":"","ast-banner-title-visibility":"","ast-main-header-display":"","ast-hfb-above-header-display":"","ast-hfb-below-header-display":"","ast-hfb-mobile-header-display":"","site-post-title":"","ast-breadcrumbs-content":"","ast-featured-img":"","footer-sml-layout":"","ast-disable-related-posts":"","theme-transparent-header-meta":"","adv-header-id-meta":"","stick-header-meta":"","header-above-stick-meta":"","header-main-stick-meta":"","header-below-stick-meta":"","astra-migrate-meta-layouts":"default","ast-page-background-enabled":"default","ast-page-background-meta":{"desktop":{"background-color":"var(--ast-global-color-4)","background-image":"","background-repeat":"repeat","background-position":"center center","background-size":"auto","background-attachment":"scroll","background-type":"","background-media":"","overlay-type":"","overlay-color":"","overlay-opacity":"","overlay-gradient":""},"tablet":{"background-color":"","background-image":"","background-repeat":"repeat","background-position":"center center","background-size":"auto","background-attachment":"scroll","background-type":"","background-media":"","overlay-type":"","overlay-color":"","overlay-opacity":"","overlay-gradient":""},"mobile":{"background-color":"","background-image":"","background-repeat":"repeat","background-position":"center center","background-size":"auto","background-attachment":"scroll","background-type":"","background-media":"","overlay-type":"","overlay-color":"","overlay-opacity":"","overlay-gradient":""}},"ast-content-background-meta":{"desktop":{"background-color":"var(--ast-global-color-5)","background-image":"","background-repeat":"repeat","background-position":"center center","background-size":"auto","background-attachment":"scroll","background-type":"","background-media":"","overlay-type":"","overlay-color":"","overlay-opacity":"","overlay-gradient":""},"tablet":{"background-color":"var(--ast-global-color-5)","background-image":"","background-repeat":"repeat","background-position":"center center","background-size":"auto","background-attachment":"scroll","background-type":"","background-media":"","overlay-type":"","overlay-color":"","overlay-opacity":"","overlay-gradient":""},"mobile":{"background-color":"var(--ast-global-color-5)","background-image":"","background-repeat":"repeat","background-position":"center center","background-size":"auto","background-attachment":"scroll","background-type":"","background-media":"","overlay-type":"","overlay-color":"","overlay-opacity":"","overlay-gradient":""}},"footnotes":""},"class_list":["post-3045","page","type-page","status-publish","hentry"],"yoast_head":"<!-- This site is optimized with the Yoast SEO Premium plugin v21.7 (Yoast SEO v27.4) - https:\/\/yoast.com\/product\/yoast-seo-premium-wordpress\/ -->\n<title>La visi\u00f3n de los expertos - Jacotte Chollet &amp; La M\u00fasica Multidimensional<\/title>\n<meta name=\"robots\" content=\"index, follow, max-snippet:-1, max-image-preview:large, max-video-preview:-1\" \/>\n<link rel=\"canonical\" href=\"https:\/\/multidimensionalmusic.com\/es\/la-vision-de-los-expertos-musica-jacotte-chollet\/\" \/>\n<meta property=\"og:locale\" content=\"es_ES\" \/>\n<meta property=\"og:type\" content=\"article\" \/>\n<meta property=\"og:title\" content=\"La visi\u00f3n de los expertos\" \/>\n<meta property=\"og:description\" content=\"Admiro desde hace mucho tiempo el importante trabajo llevado a cabo por Jacotte Chollet para crear una m\u00fasica que suscita estados modificados de conciencia.\u2028 Sus composiciones y creaciones llenen el poder de descondanar un fen\u00f3meno de curaci\u00f3n con lo mas profundo del ser, de iniciar una transformaci\u00f3n y de abrirse a una visi\u00f3n espiritual de [&hellip;]\" \/>\n<meta property=\"og:url\" content=\"https:\/\/multidimensionalmusic.com\/es\/la-vision-de-los-expertos-musica-jacotte-chollet\/\" \/>\n<meta property=\"og:site_name\" content=\"Jacotte Chollet &amp; La M\u00fasica Multidimensional\" \/>\n<meta property=\"article:publisher\" content=\"https:\/\/www.facebook.com\/jacottecholletmusiquemultidimensionnelle\/\" \/>\n<meta property=\"article:modified_time\" content=\"2025-05-23T09:42:25+00:00\" \/>\n<meta name=\"twitter:card\" content=\"summary_large_image\" \/>\n<meta name=\"twitter:label1\" content=\"Tiempo de lectura\" \/>\n\t<meta name=\"twitter:data1\" content=\"3 minutos\" \/>\n<script type=\"application\/ld+json\" class=\"yoast-schema-graph\">{\"@context\":\"https:\\\/\\\/schema.org\",\"@graph\":[{\"@type\":\"WebPage\",\"@id\":\"https:\\\/\\\/multidimensionalmusic.com\\\/es\\\/la-vision-de-los-expertos-musica-jacotte-chollet\\\/\",\"url\":\"https:\\\/\\\/multidimensionalmusic.com\\\/es\\\/la-vision-de-los-expertos-musica-jacotte-chollet\\\/\",\"name\":\"La visi\u00f3n de los expertos - Jacotte Chollet &amp; La M\u00fasica Multidimensional\",\"isPartOf\":{\"@id\":\"https:\\\/\\\/multidimensionalmusic.com\\\/es\\\/#website\"},\"datePublished\":\"2017-11-30T12:02:31+00:00\",\"dateModified\":\"2025-05-23T09:42:25+00:00\",\"breadcrumb\":{\"@id\":\"https:\\\/\\\/multidimensionalmusic.com\\\/es\\\/la-vision-de-los-expertos-musica-jacotte-chollet\\\/#breadcrumb\"},\"inLanguage\":\"es\",\"potentialAction\":[{\"@type\":\"ReadAction\",\"target\":[\"https:\\\/\\\/multidimensionalmusic.com\\\/es\\\/la-vision-de-los-expertos-musica-jacotte-chollet\\\/\"]}]},{\"@type\":\"BreadcrumbList\",\"@id\":\"https:\\\/\\\/multidimensionalmusic.com\\\/es\\\/la-vision-de-los-expertos-musica-jacotte-chollet\\\/#breadcrumb\",\"itemListElement\":[{\"@type\":\"ListItem\",\"position\":1,\"name\":\"Home\",\"item\":\"https:\\\/\\\/multidimensionalmusic.com\\\/es\\\/\"},{\"@type\":\"ListItem\",\"position\":2,\"name\":\"La visi\u00f3n de los expertos\"}]},{\"@type\":\"WebSite\",\"@id\":\"https:\\\/\\\/multidimensionalmusic.com\\\/es\\\/#website\",\"url\":\"https:\\\/\\\/multidimensionalmusic.com\\\/es\\\/\",\"name\":\"Jacotte Chollet - La Musique Multidimensionnelle\",\"description\":\"Meditaci\u00f3n - Relajaci\u00f3n profunda - Antiestr\u00e9s - Liberaci\u00f3n emocional - Intuici\u00f3n y creatividad - Expansi\u00f3n de conciencia - Alineamiento energ\u00e9tico\",\"publisher\":{\"@id\":\"https:\\\/\\\/multidimensionalmusic.com\\\/es\\\/#organization\"},\"potentialAction\":[{\"@type\":\"SearchAction\",\"target\":{\"@type\":\"EntryPoint\",\"urlTemplate\":\"https:\\\/\\\/multidimensionalmusic.com\\\/es\\\/?s={search_term_string}\"},\"query-input\":{\"@type\":\"PropertyValueSpecification\",\"valueRequired\":true,\"valueName\":\"search_term_string\"}}],\"inLanguage\":\"es\"},{\"@type\":\"Organization\",\"@id\":\"https:\\\/\\\/multidimensionalmusic.com\\\/es\\\/#organization\",\"name\":\"Jacotte Chollet Multidimensional Music\",\"url\":\"https:\\\/\\\/multidimensionalmusic.com\\\/es\\\/\",\"logo\":{\"@type\":\"ImageObject\",\"inLanguage\":\"es\",\"@id\":\"https:\\\/\\\/multidimensionalmusic.com\\\/es\\\/#\\\/schema\\\/logo\\\/image\\\/\",\"url\":\"https:\\\/\\\/multidimensionalmusic.com\\\/wp-content\\\/uploads\\\/2025\\\/03\\\/header-logo-site-vitrine-jacotte-chollet-mmd-transparent.png\",\"contentUrl\":\"https:\\\/\\\/multidimensionalmusic.com\\\/wp-content\\\/uploads\\\/2025\\\/03\\\/header-logo-site-vitrine-jacotte-chollet-mmd-transparent.png\",\"width\":800,\"height\":358,\"caption\":\"Jacotte Chollet Multidimensional Music\"},\"image\":{\"@id\":\"https:\\\/\\\/multidimensionalmusic.com\\\/es\\\/#\\\/schema\\\/logo\\\/image\\\/\"},\"sameAs\":[\"https:\\\/\\\/www.facebook.com\\\/jacottecholletmusiquemultidimensionnelle\\\/\",\"https:\\\/\\\/www.instagram.com\\\/jacottechollet\\\/\",\"https:\\\/\\\/www.linkedin.com\\\/in\\\/jacotte-chollet-41a09812\\\/\",\"https:\\\/\\\/www.youtube.com\\\/channel\\\/UCKDtAKgspnDQqggI1bAOl_g\"]}]}<\/script>\n<!-- \/ Yoast SEO Premium plugin. -->","yoast_head_json":{"title":"La visi\u00f3n de los expertos - Jacotte Chollet &amp; La M\u00fasica Multidimensional","robots":{"index":"index","follow":"follow","max-snippet":"max-snippet:-1","max-image-preview":"max-image-preview:large","max-video-preview":"max-video-preview:-1"},"canonical":"https:\/\/multidimensionalmusic.com\/es\/la-vision-de-los-expertos-musica-jacotte-chollet\/","og_locale":"es_ES","og_type":"article","og_title":"La visi\u00f3n de los expertos","og_description":"Admiro desde hace mucho tiempo el importante trabajo llevado a cabo por Jacotte Chollet para crear una m\u00fasica que suscita estados modificados de conciencia.\u2028 Sus composiciones y creaciones llenen el poder de descondanar un fen\u00f3meno de curaci\u00f3n con lo mas profundo del ser, de iniciar una transformaci\u00f3n y de abrirse a una visi\u00f3n espiritual de [&hellip;]","og_url":"https:\/\/multidimensionalmusic.com\/es\/la-vision-de-los-expertos-musica-jacotte-chollet\/","og_site_name":"Jacotte Chollet &amp; La M\u00fasica Multidimensional","article_publisher":"https:\/\/www.facebook.com\/jacottecholletmusiquemultidimensionnelle\/","article_modified_time":"2025-05-23T09:42:25+00:00","twitter_card":"summary_large_image","twitter_misc":{"Tiempo de lectura":"3 minutos"},"schema":{"@context":"https:\/\/schema.org","@graph":[{"@type":"WebPage","@id":"https:\/\/multidimensionalmusic.com\/es\/la-vision-de-los-expertos-musica-jacotte-chollet\/","url":"https:\/\/multidimensionalmusic.com\/es\/la-vision-de-los-expertos-musica-jacotte-chollet\/","name":"La visi\u00f3n de los expertos - Jacotte Chollet &amp; La M\u00fasica Multidimensional","isPartOf":{"@id":"https:\/\/multidimensionalmusic.com\/es\/#website"},"datePublished":"2017-11-30T12:02:31+00:00","dateModified":"2025-05-23T09:42:25+00:00","breadcrumb":{"@id":"https:\/\/multidimensionalmusic.com\/es\/la-vision-de-los-expertos-musica-jacotte-chollet\/#breadcrumb"},"inLanguage":"es","potentialAction":[{"@type":"ReadAction","target":["https:\/\/multidimensionalmusic.com\/es\/la-vision-de-los-expertos-musica-jacotte-chollet\/"]}]},{"@type":"BreadcrumbList","@id":"https:\/\/multidimensionalmusic.com\/es\/la-vision-de-los-expertos-musica-jacotte-chollet\/#breadcrumb","itemListElement":[{"@type":"ListItem","position":1,"name":"Home","item":"https:\/\/multidimensionalmusic.com\/es\/"},{"@type":"ListItem","position":2,"name":"La visi\u00f3n de los expertos"}]},{"@type":"WebSite","@id":"https:\/\/multidimensionalmusic.com\/es\/#website","url":"https:\/\/multidimensionalmusic.com\/es\/","name":"Jacotte Chollet - La Musique Multidimensionnelle","description":"Meditaci\u00f3n - Relajaci\u00f3n profunda - Antiestr\u00e9s - Liberaci\u00f3n emocional - Intuici\u00f3n y creatividad - Expansi\u00f3n de conciencia - Alineamiento energ\u00e9tico","publisher":{"@id":"https:\/\/multidimensionalmusic.com\/es\/#organization"},"potentialAction":[{"@type":"SearchAction","target":{"@type":"EntryPoint","urlTemplate":"https:\/\/multidimensionalmusic.com\/es\/?s={search_term_string}"},"query-input":{"@type":"PropertyValueSpecification","valueRequired":true,"valueName":"search_term_string"}}],"inLanguage":"es"},{"@type":"Organization","@id":"https:\/\/multidimensionalmusic.com\/es\/#organization","name":"Jacotte Chollet Multidimensional Music","url":"https:\/\/multidimensionalmusic.com\/es\/","logo":{"@type":"ImageObject","inLanguage":"es","@id":"https:\/\/multidimensionalmusic.com\/es\/#\/schema\/logo\/image\/","url":"https:\/\/multidimensionalmusic.com\/wp-content\/uploads\/2025\/03\/header-logo-site-vitrine-jacotte-chollet-mmd-transparent.png","contentUrl":"https:\/\/multidimensionalmusic.com\/wp-content\/uploads\/2025\/03\/header-logo-site-vitrine-jacotte-chollet-mmd-transparent.png","width":800,"height":358,"caption":"Jacotte Chollet Multidimensional Music"},"image":{"@id":"https:\/\/multidimensionalmusic.com\/es\/#\/schema\/logo\/image\/"},"sameAs":["https:\/\/www.facebook.com\/jacottecholletmusiquemultidimensionnelle\/","https:\/\/www.instagram.com\/jacottechollet\/","https:\/\/www.linkedin.com\/in\/jacotte-chollet-41a09812\/","https:\/\/www.youtube.com\/channel\/UCKDtAKgspnDQqggI1bAOl_g"]}]}},"_links":{"self":[{"href":"https:\/\/multidimensionalmusic.com\/es\/wp-json\/wp\/v2\/pages\/3045","targetHints":{"allow":["GET"]}}],"collection":[{"href":"https:\/\/multidimensionalmusic.com\/es\/wp-json\/wp\/v2\/pages"}],"about":[{"href":"https:\/\/multidimensionalmusic.com\/es\/wp-json\/wp\/v2\/types\/page"}],"author":[{"embeddable":true,"href":"https:\/\/multidimensionalmusic.com\/es\/wp-json\/wp\/v2\/users\/1"}],"replies":[{"embeddable":true,"href":"https:\/\/multidimensionalmusic.com\/es\/wp-json\/wp\/v2\/comments?post=3045"}],"version-history":[{"count":3,"href":"https:\/\/multidimensionalmusic.com\/es\/wp-json\/wp\/v2\/pages\/3045\/revisions"}],"predecessor-version":[{"id":88420,"href":"https:\/\/multidimensionalmusic.com\/es\/wp-json\/wp\/v2\/pages\/3045\/revisions\/88420"}],"wp:attachment":[{"href":"https:\/\/multidimensionalmusic.com\/es\/wp-json\/wp\/v2\/media?parent=3045"}],"curies":[{"name":"wp","href":"https:\/\/api.w.org\/{rel}","templated":true}]}}