{"id":2602,"date":"2017-11-23T15:59:02","date_gmt":"2017-11-23T14:59:02","guid":{"rendered":"https:\/\/multidimensionalmusic.com\/?page_id=2602"},"modified":"2021-04-26T17:34:58","modified_gmt":"2021-04-26T15:34:58","slug":"pr-regis-dutheil","status":"publish","type":"page","link":"https:\/\/multidimensionalmusic.com\/en\/pr-regis-dutheil\/","title":{"rendered":"Pr R\u00e9gis Dutheil"},"content":{"rendered":"<style type=\"text\/css\">@media only screen and (min-width: 1000px) and (max-width: 5000px){body.kc-css-system .kc-css-3891068{width: 100%;}body.kc-css-system .kc-css-1587873{width: 28.72%;}body.kc-css-system .kc-css-1857228{width: 71.27%;}body.kc-css-system .kc-css-3320997{width: 100%;}}body.kc-css-system .kc-css-1330042{margin-bottom: 10px;padding-bottom: 10px;}body.kc-css-system .kc-css-118475{text-align: justify;padding-bottom: 0px;}body.kc-css-system .kc-css-2596381 ,body.kc-css-system .kc-css-2596381 p{font-size: 15px;line-height: 24px;}body.kc-css-system .kc-css-743743{margin-top: 20px;margin-bottom: 10px;padding-top: 0px;padding-bottom: 0px;}body.kc-css-system .kc-css-3713412 ,body.kc-css-system .kc-css-3713412 p{font-size: 15px;line-height: 24px;}body.kc-css-system .kc-css-2039049{text-align: justify;margin-top: 20px;margin-bottom: 10px;padding-top: 0px;}body.kc-css-system .kc-css-3320997{background: #e8f1ff;margin-bottom: 10px;padding-bottom: 10px;border-radius: 17px 17px 17px 17px;}body.kc-css-system .kc-css-3320997 .kc-col-inner-container{margin: 10px 10px 30px 10px;padding: 10px 10px 30px 10px;}body.kc-css-system .kc-css-1846704{padding-bottom: 10px;}body.kc-css-system .kc-css-1846704 p{margin-bottom: 10px;}<\/style>\n<section class=\"kc-elm kc-css-1330042 kc_row\">\n<div class=\"kc-row-container  kc-container\">\n<div class=\"kc-wrap-columns\">\n<div class=\"kc-elm kc-css-2538229 kc_col-sm-12 kc_column kc_col-sm-12\">\n<div class=\"kc-col-container\">\n<div class=\"kc-elm kc-css-118475 kc_row kc_row_inner\">\n<div class=\"kc-elm kc-css-3891068 kc_col-sm-12 kc_column_inner kc_col-sm-12\">\n<div class=\"kc_wrapper kc-col-inner-container\">\n<div class=\"kc-elm kc-css-2596381 kc_text_block\">\n<h3>ABOUT R\u00c9GIS DUTHEIL<\/h3>\n<p>(MD) quantum physicist, consciousness researcher, teaching physics and biophysics at Poitiers, Faculty of Medicine.<br \/>He dedicated himself to research in fundamental physics from 1973.<br \/>He is the author of Superluminal Man &#038; Superluminal Medicine.<br \/>He was a joint Director in Louis de Broglie Physics Fundation in Paris.<\/p>\n<\/div>\n<\/div>\n<\/div>\n<\/div>\n<\/div>\n<\/div>\n<\/div>\n<\/div>\n<\/section>\n<section class=\"kc-elm kc-css-743743 kc_row\">\n<div class=\"kc-row-container  kc-container\">\n<div class=\"kc-wrap-columns\">\n<div class=\"kc-elm kc-css-1587873 kc_col-sm-3 kc_column kc_col-sm-3\">\n<div class=\"kc-col-container\">\n<div class=\"kc-elm kc-css-525638 kc_text_block\">\n<p><img decoding=\"async\" class=\"alignleft \" src=\"https:\/\/multidimensionalmusic.com\/wp-content\/uploads\/2017\/07\/medecine-superlumineuse-regis-dutheil.jpg\" alt=\"R\u00e9gis Dutheil, la m\u00e9decine superlumineuse, \u00e9ditions Sand\" width=\"180\" height=\"264\" \/><\/p>\n<\/div>\n<\/div>\n<\/div>\n<div class=\"kc-elm kc-css-1857228 kc_col-sm-8 kc_column kc_col-sm-8\">\n<div class=\"kc-col-container\">\n<div class=\"kc-elm kc-css-3713412 kc_text_block\">\n<h3>LA M\u00c9DECINE SUPERLUMINEUSE, Editions SAND, Paris.<\/h3>\n<p>THE BOOK OF PROFESSOR R\u00c9GIS DUTHEIL &#8220;La M\u00e9decine Superlumineuse&#8221; (Superluminal) medicine) which deals about the evolution of medicine from ancient times to now and drafts the basis of a new medicine based on consciousness for the 21st millenium.<\/p>\n<p>He dedicates chapter VIII called:<br \/>&#8220;Opening on a medicine of the XXIst century&#8221; to Jacotte Chollet&#039;s research and to the multidimensional effects of her music on psyche and body.<\/p>\n<\/div>\n<\/div>\n<\/div>\n<\/div>\n<\/div>\n<\/section>\n<section class=\"kc-elm kc-css-2039049 kc_row\">\n<div class=\"kc-row-container  kc-container\">\n<div class=\"kc-wrap-columns\">\n<div class=\"kc-elm kc-css-673260 kc_col-sm-12 kc_column kc_col-sm-12\">\n<div class=\"kc-col-container\">\n<div class=\"kc-elm kc-css-2146619 kc_row kc_row_inner\">\n<div class=\"kc-elm kc-css-3320997 kc_col-sm-12 kc_column_inner kc_col-sm-12\">\n<div class=\"kc_wrapper kc-col-inner-container\">\n<div class=\"kc-elm kc-css-1846704 kc_text_block\">\n<p><strong><em>For the present time, The method that is closest to the new paradigm of medicine for the XXI st century is Multidimensional Music from Jacotte Chollet, because it transforms at the same time our bio-electromagnetic field and our consciousness. <\/em><\/strong><\/p>\n<p><strong><em>It induces neg-entropy*. There is, first, an auto-diagnosis effect followed by a therapeutical effect as it brings into awareness traumas long time encoded from the past and corrects the field of information at the same time.<\/em><\/strong><\/p>\n<p><strong><em>At this level of consciousness, the usual perception of time no longer exists, our multi-dimensional body extends beyond locality as well in the past as in the future. <br \/>(*NEG-ENTROPY is orderly information which organizes structures and functions of living systems and participates in intercellular bio-communication.)<\/em><\/strong><\/p>\n<h5>Professor R\u00e9gis DUTHEIL<\/h5>\n<p>Medical Doctor, Physician.<\/p>\n<\/div>\n<\/div>\n<\/div>\n<\/div>\n<div class=\"kc-elm kc-css-3405489\" style=\"height: 34px; clear: both; width:100%;\"><\/div>\n<div class=\"kc-elm kc-css-1399136 kc_text_block\">\n<p>READ MORE : <a href=\"https:\/\/multidimensionalmusic.com\/wp-content\/uploads\/2017\/11\/Holosonic_Therapy_Multidimensional_Music.pdf\" target=\"_blank\" rel=\"noopener\"><strong>HOLOSONIC THERAPY<\/strong><\/a><\/p>\n<p>Read Article To know more about Pr R\u00e9gis DUTHEIL new Conception of medicine<\/p>\n<\/div>\n<div class=\"kc-elm kc-css-3093154\" style=\"height: 34px; clear: both; width:100%;\"><\/div>\n<\/div>\n<\/div>\n<\/div>\n<\/div>\n<\/section>\n","protected":false},"excerpt":{"rendered":"<p>ABOUT R\u00c9GIS DUTHEIL (MD) quantum physicist, consciousness researcher, teaching physics and biophysics at Poitiers, Faculty of Medicine.He dedicated himself to research in fundamental physics from 1973.He is the author of Superluminal Man &#038; Superluminal Medicine.He was a joint Director in Louis de Broglie Physics Fundation in Paris. LA M\u00c9DECINE SUPERLUMINEUSE, Editions SAND, Paris. THE BOOK [&hellip;]<\/p>\n","protected":false},"author":1,"featured_media":0,"parent":0,"menu_order":0,"comment_status":"closed","ping_status":"closed","template":"","meta":{"site-sidebar-layout":"default","site-content-layout":"","ast-site-content-layout":"default","site-content-style":"default","site-sidebar-style":"default","ast-global-header-display":"","ast-banner-title-visibility":"","ast-main-header-display":"","ast-hfb-above-header-display":"","ast-hfb-below-header-display":"","ast-hfb-mobile-header-display":"","site-post-title":"","ast-breadcrumbs-content":"","ast-featured-img":"","footer-sml-layout":"","ast-disable-related-posts":"","theme-transparent-header-meta":"","adv-header-id-meta":"","stick-header-meta":"","header-above-stick-meta":"","header-main-stick-meta":"","header-below-stick-meta":"","astra-migrate-meta-layouts":"default","ast-page-background-enabled":"default","ast-page-background-meta":{"desktop":{"background-color":"var(--ast-global-color-4)","background-image":"","background-repeat":"repeat","background-position":"center center","background-size":"auto","background-attachment":"scroll","background-type":"","background-media":"","overlay-type":"","overlay-color":"","overlay-opacity":"","overlay-gradient":""},"tablet":{"background-color":"","background-image":"","background-repeat":"repeat","background-position":"center center","background-size":"auto","background-attachment":"scroll","background-type":"","background-media":"","overlay-type":"","overlay-color":"","overlay-opacity":"","overlay-gradient":""},"mobile":{"background-color":"","background-image":"","background-repeat":"repeat","background-position":"center center","background-size":"auto","background-attachment":"scroll","background-type":"","background-media":"","overlay-type":"","overlay-color":"","overlay-opacity":"","overlay-gradient":""}},"ast-content-background-meta":{"desktop":{"background-color":"var(--ast-global-color-5)","background-image":"","background-repeat":"repeat","background-position":"center center","background-size":"auto","background-attachment":"scroll","background-type":"","background-media":"","overlay-type":"","overlay-color":"","overlay-opacity":"","overlay-gradient":""},"tablet":{"background-color":"var(--ast-global-color-5)","background-image":"","background-repeat":"repeat","background-position":"center center","background-size":"auto","background-attachment":"scroll","background-type":"","background-media":"","overlay-type":"","overlay-color":"","overlay-opacity":"","overlay-gradient":""},"mobile":{"background-color":"var(--ast-global-color-5)","background-image":"","background-repeat":"repeat","background-position":"center center","background-size":"auto","background-attachment":"scroll","background-type":"","background-media":"","overlay-type":"","overlay-color":"","overlay-opacity":"","overlay-gradient":""}},"footnotes":""},"class_list":["post-2602","page","type-page","status-publish","hentry"],"yoast_head":"<!-- This site is optimized with the Yoast SEO Premium plugin v21.7 (Yoast SEO v27.4) - https:\/\/yoast.com\/product\/yoast-seo-premium-wordpress\/ -->\n<title>Pr R\u00e9gis Dutheil - Jacotte Chollet &amp; Multidimensional Music<\/title>\n<meta name=\"robots\" content=\"index, follow, max-snippet:-1, max-image-preview:large, max-video-preview:-1\" \/>\n<link rel=\"canonical\" href=\"https:\/\/multidimensionalmusic.com\/en\/pr-regis-dutheil\/\" \/>\n<meta property=\"og:locale\" content=\"en_US\" \/>\n<meta property=\"og:type\" content=\"article\" \/>\n<meta property=\"og:title\" content=\"Pr R\u00e9gis Dutheil\" \/>\n<meta property=\"og:description\" content=\"ABOUT R\u00c9GIS DUTHEIL (MD) quantum physicist, consciousness researcher, teaching physics and biophysics at Poitiers, Faculty of Medicine.He dedicated himself to research in fundamental physics from 1973.He is the author of Superluminal Man &#038; Superluminal Medicine.He was a joint Director in Louis de Broglie Physics Fundation in Paris. LA M\u00c9DECINE SUPERLUMINEUSE, Editions SAND, Paris. THE BOOK [&hellip;]\" \/>\n<meta property=\"og:url\" content=\"https:\/\/multidimensionalmusic.com\/en\/pr-regis-dutheil\/\" \/>\n<meta property=\"og:site_name\" content=\"Jacotte Chollet &amp; Multidimensional Music\" \/>\n<meta property=\"article:publisher\" content=\"https:\/\/www.facebook.com\/jacottecholletmusiquemultidimensionnelle\/\" \/>\n<meta property=\"article:modified_time\" content=\"2021-04-26T15:34:58+00:00\" \/>\n<meta property=\"og:image\" content=\"https:\/\/multidimensionalmusic.com\/wp-content\/uploads\/2017\/07\/medecine-superlumineuse-regis-dutheil.jpg\" \/>\n<meta name=\"twitter:card\" content=\"summary_large_image\" \/>\n<meta name=\"twitter:label1\" content=\"Est. reading time\" \/>\n\t<meta name=\"twitter:data1\" content=\"1 minute\" \/>\n<script type=\"application\/ld+json\" class=\"yoast-schema-graph\">{\"@context\":\"https:\\\/\\\/schema.org\",\"@graph\":[{\"@type\":\"WebPage\",\"@id\":\"https:\\\/\\\/multidimensionalmusic.com\\\/en\\\/pr-regis-dutheil\\\/\",\"url\":\"https:\\\/\\\/multidimensionalmusic.com\\\/en\\\/pr-regis-dutheil\\\/\",\"name\":\"Pr R\u00e9gis Dutheil - Jacotte Chollet &amp; Multidimensional Music\",\"isPartOf\":{\"@id\":\"https:\\\/\\\/multidimensionalmusic.com\\\/en\\\/#website\"},\"primaryImageOfPage\":{\"@id\":\"https:\\\/\\\/multidimensionalmusic.com\\\/en\\\/pr-regis-dutheil\\\/#primaryimage\"},\"image\":{\"@id\":\"https:\\\/\\\/multidimensionalmusic.com\\\/en\\\/pr-regis-dutheil\\\/#primaryimage\"},\"thumbnailUrl\":\"https:\\\/\\\/multidimensionalmusic.com\\\/wp-content\\\/uploads\\\/2017\\\/07\\\/medecine-superlumineuse-regis-dutheil.jpg\",\"datePublished\":\"2017-11-23T14:59:02+00:00\",\"dateModified\":\"2021-04-26T15:34:58+00:00\",\"breadcrumb\":{\"@id\":\"https:\\\/\\\/multidimensionalmusic.com\\\/en\\\/pr-regis-dutheil\\\/#breadcrumb\"},\"inLanguage\":\"en-US\",\"potentialAction\":[{\"@type\":\"ReadAction\",\"target\":[\"https:\\\/\\\/multidimensionalmusic.com\\\/en\\\/pr-regis-dutheil\\\/\"]}]},{\"@type\":\"ImageObject\",\"inLanguage\":\"en-US\",\"@id\":\"https:\\\/\\\/multidimensionalmusic.com\\\/en\\\/pr-regis-dutheil\\\/#primaryimage\",\"url\":\"https:\\\/\\\/multidimensionalmusic.com\\\/wp-content\\\/uploads\\\/2017\\\/07\\\/medecine-superlumineuse-regis-dutheil.jpg\",\"contentUrl\":\"https:\\\/\\\/multidimensionalmusic.com\\\/wp-content\\\/uploads\\\/2017\\\/07\\\/medecine-superlumineuse-regis-dutheil.jpg\"},{\"@type\":\"BreadcrumbList\",\"@id\":\"https:\\\/\\\/multidimensionalmusic.com\\\/en\\\/pr-regis-dutheil\\\/#breadcrumb\",\"itemListElement\":[{\"@type\":\"ListItem\",\"position\":1,\"name\":\"Home\",\"item\":\"https:\\\/\\\/multidimensionalmusic.com\\\/en\\\/\"},{\"@type\":\"ListItem\",\"position\":2,\"name\":\"Pr R\u00e9gis Dutheil\"}]},{\"@type\":\"WebSite\",\"@id\":\"https:\\\/\\\/multidimensionalmusic.com\\\/en\\\/#website\",\"url\":\"https:\\\/\\\/multidimensionalmusic.com\\\/en\\\/\",\"name\":\"Jacotte Chollet - La Musique Multidimensionnelle\",\"description\":\"vibrational music for mindfulness . meditation . energetic aligning . emotional release . consciousness expansion . autohypnosis . intuition &amp; creativity\",\"publisher\":{\"@id\":\"https:\\\/\\\/multidimensionalmusic.com\\\/en\\\/#organization\"},\"potentialAction\":[{\"@type\":\"SearchAction\",\"target\":{\"@type\":\"EntryPoint\",\"urlTemplate\":\"https:\\\/\\\/multidimensionalmusic.com\\\/en\\\/?s={search_term_string}\"},\"query-input\":{\"@type\":\"PropertyValueSpecification\",\"valueRequired\":true,\"valueName\":\"search_term_string\"}}],\"inLanguage\":\"en-US\"},{\"@type\":\"Organization\",\"@id\":\"https:\\\/\\\/multidimensionalmusic.com\\\/en\\\/#organization\",\"name\":\"Jacotte Chollet Multidimensional Music\",\"url\":\"https:\\\/\\\/multidimensionalmusic.com\\\/en\\\/\",\"logo\":{\"@type\":\"ImageObject\",\"inLanguage\":\"en-US\",\"@id\":\"https:\\\/\\\/multidimensionalmusic.com\\\/en\\\/#\\\/schema\\\/logo\\\/image\\\/\",\"url\":\"https:\\\/\\\/multidimensionalmusic.com\\\/wp-content\\\/uploads\\\/2025\\\/03\\\/header-logo-site-vitrine-jacotte-chollet-mmd-transparent.png\",\"contentUrl\":\"https:\\\/\\\/multidimensionalmusic.com\\\/wp-content\\\/uploads\\\/2025\\\/03\\\/header-logo-site-vitrine-jacotte-chollet-mmd-transparent.png\",\"width\":800,\"height\":358,\"caption\":\"Jacotte Chollet Multidimensional Music\"},\"image\":{\"@id\":\"https:\\\/\\\/multidimensionalmusic.com\\\/en\\\/#\\\/schema\\\/logo\\\/image\\\/\"},\"sameAs\":[\"https:\\\/\\\/www.facebook.com\\\/jacottecholletmusiquemultidimensionnelle\\\/\",\"https:\\\/\\\/www.instagram.com\\\/jacottechollet\\\/\",\"https:\\\/\\\/www.linkedin.com\\\/in\\\/jacotte-chollet-41a09812\\\/\",\"https:\\\/\\\/www.youtube.com\\\/channel\\\/UCKDtAKgspnDQqggI1bAOl_g\"]}]}<\/script>\n<!-- \/ Yoast SEO Premium plugin. -->","yoast_head_json":{"title":"Pr R\u00e9gis Dutheil - Jacotte Chollet &amp; Multidimensional Music","robots":{"index":"index","follow":"follow","max-snippet":"max-snippet:-1","max-image-preview":"max-image-preview:large","max-video-preview":"max-video-preview:-1"},"canonical":"https:\/\/multidimensionalmusic.com\/en\/pr-regis-dutheil\/","og_locale":"en_US","og_type":"article","og_title":"Pr R\u00e9gis Dutheil","og_description":"ABOUT R\u00c9GIS DUTHEIL (MD) quantum physicist, consciousness researcher, teaching physics and biophysics at Poitiers, Faculty of Medicine.He dedicated himself to research in fundamental physics from 1973.He is the author of Superluminal Man &#038; Superluminal Medicine.He was a joint Director in Louis de Broglie Physics Fundation in Paris. LA M\u00c9DECINE SUPERLUMINEUSE, Editions SAND, Paris. THE BOOK [&hellip;]","og_url":"https:\/\/multidimensionalmusic.com\/en\/pr-regis-dutheil\/","og_site_name":"Jacotte Chollet &amp; Multidimensional Music","article_publisher":"https:\/\/www.facebook.com\/jacottecholletmusiquemultidimensionnelle\/","article_modified_time":"2021-04-26T15:34:58+00:00","og_image":[{"url":"https:\/\/multidimensionalmusic.com\/wp-content\/uploads\/2017\/07\/medecine-superlumineuse-regis-dutheil.jpg","type":"","width":"","height":""}],"twitter_card":"summary_large_image","twitter_misc":{"Est. reading time":"1 minute"},"schema":{"@context":"https:\/\/schema.org","@graph":[{"@type":"WebPage","@id":"https:\/\/multidimensionalmusic.com\/en\/pr-regis-dutheil\/","url":"https:\/\/multidimensionalmusic.com\/en\/pr-regis-dutheil\/","name":"Pr R\u00e9gis Dutheil - Jacotte Chollet &amp; Multidimensional Music","isPartOf":{"@id":"https:\/\/multidimensionalmusic.com\/en\/#website"},"primaryImageOfPage":{"@id":"https:\/\/multidimensionalmusic.com\/en\/pr-regis-dutheil\/#primaryimage"},"image":{"@id":"https:\/\/multidimensionalmusic.com\/en\/pr-regis-dutheil\/#primaryimage"},"thumbnailUrl":"https:\/\/multidimensionalmusic.com\/wp-content\/uploads\/2017\/07\/medecine-superlumineuse-regis-dutheil.jpg","datePublished":"2017-11-23T14:59:02+00:00","dateModified":"2021-04-26T15:34:58+00:00","breadcrumb":{"@id":"https:\/\/multidimensionalmusic.com\/en\/pr-regis-dutheil\/#breadcrumb"},"inLanguage":"en-US","potentialAction":[{"@type":"ReadAction","target":["https:\/\/multidimensionalmusic.com\/en\/pr-regis-dutheil\/"]}]},{"@type":"ImageObject","inLanguage":"en-US","@id":"https:\/\/multidimensionalmusic.com\/en\/pr-regis-dutheil\/#primaryimage","url":"https:\/\/multidimensionalmusic.com\/wp-content\/uploads\/2017\/07\/medecine-superlumineuse-regis-dutheil.jpg","contentUrl":"https:\/\/multidimensionalmusic.com\/wp-content\/uploads\/2017\/07\/medecine-superlumineuse-regis-dutheil.jpg"},{"@type":"BreadcrumbList","@id":"https:\/\/multidimensionalmusic.com\/en\/pr-regis-dutheil\/#breadcrumb","itemListElement":[{"@type":"ListItem","position":1,"name":"Home","item":"https:\/\/multidimensionalmusic.com\/en\/"},{"@type":"ListItem","position":2,"name":"Pr R\u00e9gis Dutheil"}]},{"@type":"WebSite","@id":"https:\/\/multidimensionalmusic.com\/en\/#website","url":"https:\/\/multidimensionalmusic.com\/en\/","name":"Jacotte Chollet - La Musique Multidimensionnelle","description":"vibrational music for mindfulness . meditation . energetic aligning . emotional release . consciousness expansion . autohypnosis . intuition &amp; creativity","publisher":{"@id":"https:\/\/multidimensionalmusic.com\/en\/#organization"},"potentialAction":[{"@type":"SearchAction","target":{"@type":"EntryPoint","urlTemplate":"https:\/\/multidimensionalmusic.com\/en\/?s={search_term_string}"},"query-input":{"@type":"PropertyValueSpecification","valueRequired":true,"valueName":"search_term_string"}}],"inLanguage":"en-US"},{"@type":"Organization","@id":"https:\/\/multidimensionalmusic.com\/en\/#organization","name":"Jacotte Chollet Multidimensional Music","url":"https:\/\/multidimensionalmusic.com\/en\/","logo":{"@type":"ImageObject","inLanguage":"en-US","@id":"https:\/\/multidimensionalmusic.com\/en\/#\/schema\/logo\/image\/","url":"https:\/\/multidimensionalmusic.com\/wp-content\/uploads\/2025\/03\/header-logo-site-vitrine-jacotte-chollet-mmd-transparent.png","contentUrl":"https:\/\/multidimensionalmusic.com\/wp-content\/uploads\/2025\/03\/header-logo-site-vitrine-jacotte-chollet-mmd-transparent.png","width":800,"height":358,"caption":"Jacotte Chollet Multidimensional Music"},"image":{"@id":"https:\/\/multidimensionalmusic.com\/en\/#\/schema\/logo\/image\/"},"sameAs":["https:\/\/www.facebook.com\/jacottecholletmusiquemultidimensionnelle\/","https:\/\/www.instagram.com\/jacottechollet\/","https:\/\/www.linkedin.com\/in\/jacotte-chollet-41a09812\/","https:\/\/www.youtube.com\/channel\/UCKDtAKgspnDQqggI1bAOl_g"]}]}},"_links":{"self":[{"href":"https:\/\/multidimensionalmusic.com\/en\/wp-json\/wp\/v2\/pages\/2602","targetHints":{"allow":["GET"]}}],"collection":[{"href":"https:\/\/multidimensionalmusic.com\/en\/wp-json\/wp\/v2\/pages"}],"about":[{"href":"https:\/\/multidimensionalmusic.com\/en\/wp-json\/wp\/v2\/types\/page"}],"author":[{"embeddable":true,"href":"https:\/\/multidimensionalmusic.com\/en\/wp-json\/wp\/v2\/users\/1"}],"replies":[{"embeddable":true,"href":"https:\/\/multidimensionalmusic.com\/en\/wp-json\/wp\/v2\/comments?post=2602"}],"version-history":[{"count":0,"href":"https:\/\/multidimensionalmusic.com\/en\/wp-json\/wp\/v2\/pages\/2602\/revisions"}],"wp:attachment":[{"href":"https:\/\/multidimensionalmusic.com\/en\/wp-json\/wp\/v2\/media?parent=2602"}],"curies":[{"name":"wp","href":"https:\/\/api.w.org\/{rel}","templated":true}]}}