{"id":47661,"date":"2021-01-05T14:38:31","date_gmt":"2021-01-05T13:38:31","guid":{"rendered":"https:\/\/multidimensionalmusic.com\/nouveau-cd-zero-gravity-jacotte-chollet\/"},"modified":"2021-04-28T12:33:57","modified_gmt":"2021-04-28T10:33:57","slug":"zero-gravity-jacotte-chollet","status":"publish","type":"page","link":"https:\/\/multidimensionalmusic.com\/de\/zero-gravity-jacotte-chollet\/","title":{"rendered":"Neue CD : zero gravity &#8211; Jacotte Chollet"},"content":{"rendered":"<style type=\"text\/css\">@media only screen and (min-width: 1000px) and (max-width: 5000px){body.kc-css-system .kc-css-2081984{width: 32.92%;}body.kc-css-system .kc-css-1441750{width: 100%;}body.kc-css-system .kc-css-1197174{width: 67.07%;}}body.kc-css-system .kc-css-2956754{margin-top: -20px;}body.kc-css-system .kc-css-1441750 .kc-col-inner-container{margin-right: 20px;margin-left: 20px;}body.kc-css-system .kc-css-1721567 ,body.kc-css-system .kc-css-1721567 p{text-align: justify;}body.kc-css-system .kc-css-4185579{text-align: center;}<\/style>\n<section class=\"kc-elm kc-css-3523162 kc_row\">\n<div class=\"kc-row-container  kc-container\">\n<div class=\"kc-wrap-columns\">\n<div class=\"kc-elm kc-css-2081984 kc_col-sm-4 kc_column kc_col-sm-4\">\n<div class=\"kc-col-container\">\n<div class=\"kc-elm kc-css-73475 kc_text_block\">\n<p><img decoding=\"async\" class=\"size-full aligncenter\" src=\"https:\/\/multidimensionalmusic.com\/wp-content\/uploads\/2021\/01\/zero-gravity-jacotte-chollet-200.jpg\" alt=\"zero gravity Jacotte Chollet\" width=\"200\" height=\"200\" \/><\/p>\n<\/div>\n<div class=\"kc-elm kc-css-2956754 kc_row kc_row_inner\">\n<div class=\"kc-elm kc-css-1441750 kc_col-sm-12 kc_column_inner kc_col-sm-12\">\n<div class=\"kc_wrapper kc-col-inner-container\">\n<div class=\"kc-elm kc-css-4242688 kc-raw-code\">\n<\/p>\n<\/div>\n<\/div>\n<\/div>\n<\/div>\n<\/div>\n<\/div>\n<div class=\"kc-elm kc-css-1197174 kc_col-sm-8 kc_column kc_col-sm-8\">\n<div class=\"kc-col-container\">\n<div class=\"kc-elm kc-css-1721567 kc_text_block\">\n<p>Mein 15. Album ZERO GRAVITY ist anders als alle seine Geschwister. Er f\u00fchrt uns in die &#8220;keine Zeit&#8221; ein, eine neue Erfahrung, eine Spirale, ein neues Zeitalter, eine neue Welt, die sich voll und ganz \u00f6ffnet, jetzt, im Jahr 2021.<\/p>\n<p>Er ist ein sehr zartes Kind, sehr sensibel, sehr liebevoll, ein &#8220;anderes&#8221; Kind.<br \/>Sie sollten nicht beleidigt sein, wenn er neue Emotionen und verborgene Gef\u00fchle &#8220;zum Klingen&#8221; bringt, die Ihnen vorher nicht bewusst waren, die sanft und tief gewaschen, gereinigt und geheilt werden m\u00fcssen.<\/p>\n<p>Er spricht eine neue Sprache aus unbekannten T\u00f6nen und Kl\u00e4ngen, die die Ohren kitzeln und das Herz streicheln. Er ist durchdrungen von tiefem Frieden, Leichtigkeit, Sanftheit, Freiheit und Liebe, er hilft uns, uns von der Schwerkraft zu befreien und m\u00fchelos den V\u00f6geln folgend zu fliegen.<br \/>Es ist die Zeit, unsere Fl\u00fcgel auszubreiten, neue Landschaften und Horizonte zu entdecken und das neue Leben zu schaffen, das wir uns w\u00fcnschen.<\/p>\n<p><strong>EIN ALBUM F\u00dcR : 6 Tracks, die in jedem Alter und in allen Situationen, die Beherrschung, Ruhe, Klarheit, Mitgef\u00fchl, Kreativit\u00e4t, Luzidit\u00e4t, m\u00fchelose Aufmerksamkeit, Konzentration und SELBSTBEWUSSTSEIN erfordern, ohne M\u00e4\u00dfigung angeh\u00f6rt werden k\u00f6nnen.<\/strong><\/p>\n<p>Je mehr wir uns dieses Album anh\u00f6ren und je mehr wir unser eigenes inneres Lied h\u00f6ren, desto mehr r\u00fcsten wir uns, beruhigen wir uns, heilen wir uns, verwandeln wir uns sanft.<\/p>\n<\/div>\n<div class=\"kc-elm kc-css-4185579\">\n\t<a class=\"kc_button\" href=\"https:\/\/multidimensionalmusic.com\/shop\/de\/cd\/66-cd-zero-gravity-jacotte-chollet.html\" target=\"_blank\" title=\"\" onclick=\"\"><br \/>\n\t\tKAUFEN\t<\/a>\n<\/div>\n<\/div>\n<\/div>\n<\/div>\n<\/div>\n<\/section>\n<section class=\"kc-elm kc-css-1586760 kc_row\">\n<div class=\"kc-row-container  kc-container\">\n<div class=\"kc-wrap-columns\">\n<div class=\"kc-elm kc-css-869673 kc_col-sm-12 kc_column kc_col-sm-12\">\n<div class=\"kc-col-container\">\n<div class=\"kc-elm kc-css-550214\" style=\"height: 34px; clear: both; width:100%;\"><\/div>\n<\/div>\n<\/div>\n<\/div>\n<\/div>\n<\/section>\n","protected":false},"excerpt":{"rendered":"<p>Mein 15. Album ZERO GRAVITY ist anders als alle seine Geschwister. Er f\u00fchrt uns in die &#8220;keine Zeit&#8221; ein, eine neue Erfahrung, eine Spirale, ein neues Zeitalter, eine neue Welt, die sich voll und ganz \u00f6ffnet, jetzt, im Jahr 2021. Er ist ein sehr zartes Kind, sehr sensibel, sehr liebevoll, ein &#8220;anderes&#8221; Kind.Sie sollten nicht [&hellip;]<\/p>\n","protected":false},"author":1,"featured_media":0,"parent":0,"menu_order":0,"comment_status":"closed","ping_status":"closed","template":"","meta":{"site-sidebar-layout":"default","site-content-layout":"","ast-site-content-layout":"default","site-content-style":"default","site-sidebar-style":"default","ast-global-header-display":"","ast-banner-title-visibility":"","ast-main-header-display":"","ast-hfb-above-header-display":"","ast-hfb-below-header-display":"","ast-hfb-mobile-header-display":"","site-post-title":"","ast-breadcrumbs-content":"","ast-featured-img":"","footer-sml-layout":"","ast-disable-related-posts":"","theme-transparent-header-meta":"","adv-header-id-meta":"","stick-header-meta":"","header-above-stick-meta":"","header-main-stick-meta":"","header-below-stick-meta":"","astra-migrate-meta-layouts":"default","ast-page-background-enabled":"default","ast-page-background-meta":{"desktop":{"background-color":"var(--ast-global-color-4)","background-image":"","background-repeat":"repeat","background-position":"center center","background-size":"auto","background-attachment":"scroll","background-type":"","background-media":"","overlay-type":"","overlay-color":"","overlay-opacity":"","overlay-gradient":""},"tablet":{"background-color":"","background-image":"","background-repeat":"repeat","background-position":"center center","background-size":"auto","background-attachment":"scroll","background-type":"","background-media":"","overlay-type":"","overlay-color":"","overlay-opacity":"","overlay-gradient":""},"mobile":{"background-color":"","background-image":"","background-repeat":"repeat","background-position":"center center","background-size":"auto","background-attachment":"scroll","background-type":"","background-media":"","overlay-type":"","overlay-color":"","overlay-opacity":"","overlay-gradient":""}},"ast-content-background-meta":{"desktop":{"background-color":"var(--ast-global-color-5)","background-image":"","background-repeat":"repeat","background-position":"center center","background-size":"auto","background-attachment":"scroll","background-type":"","background-media":"","overlay-type":"","overlay-color":"","overlay-opacity":"","overlay-gradient":""},"tablet":{"background-color":"var(--ast-global-color-5)","background-image":"","background-repeat":"repeat","background-position":"center center","background-size":"auto","background-attachment":"scroll","background-type":"","background-media":"","overlay-type":"","overlay-color":"","overlay-opacity":"","overlay-gradient":""},"mobile":{"background-color":"var(--ast-global-color-5)","background-image":"","background-repeat":"repeat","background-position":"center center","background-size":"auto","background-attachment":"scroll","background-type":"","background-media":"","overlay-type":"","overlay-color":"","overlay-opacity":"","overlay-gradient":""}},"footnotes":""},"class_list":["post-47661","page","type-page","status-publish","hentry"],"yoast_head":"<!-- This site is optimized with the Yoast SEO Premium plugin v21.7 (Yoast SEO v27.3) - https:\/\/yoast.com\/product\/yoast-seo-premium-wordpress\/ -->\n<title>Neue CD : zero gravity - Jacotte Chollet - Die Multidimensionale Musik von Jacotte Chollet<\/title>\n<meta name=\"robots\" content=\"index, follow, max-snippet:-1, max-image-preview:large, max-video-preview:-1\" \/>\n<link rel=\"canonical\" href=\"https:\/\/multidimensionalmusic.com\/de\/zero-gravity-jacotte-chollet\/\" \/>\n<meta property=\"og:locale\" content=\"de_DE\" \/>\n<meta property=\"og:type\" content=\"article\" \/>\n<meta property=\"og:title\" content=\"Neue CD : zero gravity - Jacotte Chollet\" \/>\n<meta property=\"og:description\" content=\"Mein 15. Album ZERO GRAVITY ist anders als alle seine Geschwister. Er f\u00fchrt uns in die &#8220;keine Zeit&#8221; ein, eine neue Erfahrung, eine Spirale, ein neues Zeitalter, eine neue Welt, die sich voll und ganz \u00f6ffnet, jetzt, im Jahr 2021. Er ist ein sehr zartes Kind, sehr sensibel, sehr liebevoll, ein &#8220;anderes&#8221; Kind.Sie sollten nicht [&hellip;]\" \/>\n<meta property=\"og:url\" content=\"https:\/\/multidimensionalmusic.com\/de\/zero-gravity-jacotte-chollet\/\" \/>\n<meta property=\"og:site_name\" content=\"Die Multidimensionale Musik von Jacotte Chollet\" \/>\n<meta property=\"article:publisher\" content=\"https:\/\/www.facebook.com\/jacottecholletmusiquemultidimensionnelle\/\" \/>\n<meta property=\"article:modified_time\" content=\"2021-04-28T10:33:57+00:00\" \/>\n<meta property=\"og:image\" content=\"https:\/\/multidimensionalmusic.com\/wp-content\/uploads\/2021\/01\/zero-gravity-jacotte-chollet-200.jpg\" \/>\n<meta name=\"twitter:card\" content=\"summary_large_image\" \/>\n<meta name=\"twitter:label1\" content=\"Gesch\u00e4tzte Lesezeit\" \/>\n\t<meta name=\"twitter:data1\" content=\"1\u00a0Minute\" \/>\n<script type=\"application\/ld+json\" class=\"yoast-schema-graph\">{\"@context\":\"https:\\\/\\\/schema.org\",\"@graph\":[{\"@type\":\"WebPage\",\"@id\":\"https:\\\/\\\/multidimensionalmusic.com\\\/de\\\/zero-gravity-jacotte-chollet\\\/\",\"url\":\"https:\\\/\\\/multidimensionalmusic.com\\\/de\\\/zero-gravity-jacotte-chollet\\\/\",\"name\":\"Neue CD : zero gravity - Jacotte Chollet - Die Multidimensionale Musik von Jacotte Chollet\",\"isPartOf\":{\"@id\":\"https:\\\/\\\/multidimensionalmusic.com\\\/de\\\/#website\"},\"primaryImageOfPage\":{\"@id\":\"https:\\\/\\\/multidimensionalmusic.com\\\/de\\\/zero-gravity-jacotte-chollet\\\/#primaryimage\"},\"image\":{\"@id\":\"https:\\\/\\\/multidimensionalmusic.com\\\/de\\\/zero-gravity-jacotte-chollet\\\/#primaryimage\"},\"thumbnailUrl\":\"https:\\\/\\\/multidimensionalmusic.com\\\/wp-content\\\/uploads\\\/2021\\\/01\\\/zero-gravity-jacotte-chollet-200.jpg\",\"datePublished\":\"2021-01-05T13:38:31+00:00\",\"dateModified\":\"2021-04-28T10:33:57+00:00\",\"breadcrumb\":{\"@id\":\"https:\\\/\\\/multidimensionalmusic.com\\\/de\\\/zero-gravity-jacotte-chollet\\\/#breadcrumb\"},\"inLanguage\":\"de\",\"potentialAction\":[{\"@type\":\"ReadAction\",\"target\":[\"https:\\\/\\\/multidimensionalmusic.com\\\/de\\\/zero-gravity-jacotte-chollet\\\/\"]}]},{\"@type\":\"ImageObject\",\"inLanguage\":\"de\",\"@id\":\"https:\\\/\\\/multidimensionalmusic.com\\\/de\\\/zero-gravity-jacotte-chollet\\\/#primaryimage\",\"url\":\"https:\\\/\\\/multidimensionalmusic.com\\\/wp-content\\\/uploads\\\/2021\\\/01\\\/zero-gravity-jacotte-chollet-200.jpg\",\"contentUrl\":\"https:\\\/\\\/multidimensionalmusic.com\\\/wp-content\\\/uploads\\\/2021\\\/01\\\/zero-gravity-jacotte-chollet-200.jpg\"},{\"@type\":\"BreadcrumbList\",\"@id\":\"https:\\\/\\\/multidimensionalmusic.com\\\/de\\\/zero-gravity-jacotte-chollet\\\/#breadcrumb\",\"itemListElement\":[{\"@type\":\"ListItem\",\"position\":1,\"name\":\"Home\",\"item\":\"https:\\\/\\\/multidimensionalmusic.com\\\/de\\\/\"},{\"@type\":\"ListItem\",\"position\":2,\"name\":\"Neue CD : zero gravity &#8211; Jacotte Chollet\"}]},{\"@type\":\"WebSite\",\"@id\":\"https:\\\/\\\/multidimensionalmusic.com\\\/de\\\/#website\",\"url\":\"https:\\\/\\\/multidimensionalmusic.com\\\/de\\\/\",\"name\":\"Jacotte Chollet - La Musique Multidimensionnelle\",\"description\":\"Musik f\u00fcr : Bewusstseinserweiterung - Kreativit\u00e4t - Tiefenentspannung - Massage - Meditation - Selbsthypnose - Stressbek\u00e4mpfung\",\"publisher\":{\"@id\":\"https:\\\/\\\/multidimensionalmusic.com\\\/de\\\/#organization\"},\"potentialAction\":[{\"@type\":\"SearchAction\",\"target\":{\"@type\":\"EntryPoint\",\"urlTemplate\":\"https:\\\/\\\/multidimensionalmusic.com\\\/de\\\/?s={search_term_string}\"},\"query-input\":{\"@type\":\"PropertyValueSpecification\",\"valueRequired\":true,\"valueName\":\"search_term_string\"}}],\"inLanguage\":\"de\"},{\"@type\":\"Organization\",\"@id\":\"https:\\\/\\\/multidimensionalmusic.com\\\/de\\\/#organization\",\"name\":\"Jacotte Chollet Multidimensional Music\",\"url\":\"https:\\\/\\\/multidimensionalmusic.com\\\/de\\\/\",\"logo\":{\"@type\":\"ImageObject\",\"inLanguage\":\"de\",\"@id\":\"https:\\\/\\\/multidimensionalmusic.com\\\/de\\\/#\\\/schema\\\/logo\\\/image\\\/\",\"url\":\"https:\\\/\\\/multidimensionalmusic.com\\\/wp-content\\\/uploads\\\/2025\\\/03\\\/header-logo-site-vitrine-jacotte-chollet-mmd-transparent.png\",\"contentUrl\":\"https:\\\/\\\/multidimensionalmusic.com\\\/wp-content\\\/uploads\\\/2025\\\/03\\\/header-logo-site-vitrine-jacotte-chollet-mmd-transparent.png\",\"width\":800,\"height\":358,\"caption\":\"Jacotte Chollet Multidimensional Music\"},\"image\":{\"@id\":\"https:\\\/\\\/multidimensionalmusic.com\\\/de\\\/#\\\/schema\\\/logo\\\/image\\\/\"},\"sameAs\":[\"https:\\\/\\\/www.facebook.com\\\/jacottecholletmusiquemultidimensionnelle\\\/\",\"https:\\\/\\\/www.instagram.com\\\/jacottechollet\\\/\",\"https:\\\/\\\/www.linkedin.com\\\/in\\\/jacotte-chollet-41a09812\\\/\",\"https:\\\/\\\/www.youtube.com\\\/channel\\\/UCKDtAKgspnDQqggI1bAOl_g\"]}]}<\/script>\n<!-- \/ Yoast SEO Premium plugin. -->","yoast_head_json":{"title":"Neue CD : zero gravity - Jacotte Chollet - Die Multidimensionale Musik von Jacotte Chollet","robots":{"index":"index","follow":"follow","max-snippet":"max-snippet:-1","max-image-preview":"max-image-preview:large","max-video-preview":"max-video-preview:-1"},"canonical":"https:\/\/multidimensionalmusic.com\/de\/zero-gravity-jacotte-chollet\/","og_locale":"de_DE","og_type":"article","og_title":"Neue CD : zero gravity - Jacotte Chollet","og_description":"Mein 15. Album ZERO GRAVITY ist anders als alle seine Geschwister. Er f\u00fchrt uns in die &#8220;keine Zeit&#8221; ein, eine neue Erfahrung, eine Spirale, ein neues Zeitalter, eine neue Welt, die sich voll und ganz \u00f6ffnet, jetzt, im Jahr 2021. Er ist ein sehr zartes Kind, sehr sensibel, sehr liebevoll, ein &#8220;anderes&#8221; Kind.Sie sollten nicht [&hellip;]","og_url":"https:\/\/multidimensionalmusic.com\/de\/zero-gravity-jacotte-chollet\/","og_site_name":"Die Multidimensionale Musik von Jacotte Chollet","article_publisher":"https:\/\/www.facebook.com\/jacottecholletmusiquemultidimensionnelle\/","article_modified_time":"2021-04-28T10:33:57+00:00","og_image":[{"url":"https:\/\/multidimensionalmusic.com\/wp-content\/uploads\/2021\/01\/zero-gravity-jacotte-chollet-200.jpg","type":"","width":"","height":""}],"twitter_card":"summary_large_image","twitter_misc":{"Gesch\u00e4tzte Lesezeit":"1\u00a0Minute"},"schema":{"@context":"https:\/\/schema.org","@graph":[{"@type":"WebPage","@id":"https:\/\/multidimensionalmusic.com\/de\/zero-gravity-jacotte-chollet\/","url":"https:\/\/multidimensionalmusic.com\/de\/zero-gravity-jacotte-chollet\/","name":"Neue CD : zero gravity - Jacotte Chollet - Die Multidimensionale Musik von Jacotte Chollet","isPartOf":{"@id":"https:\/\/multidimensionalmusic.com\/de\/#website"},"primaryImageOfPage":{"@id":"https:\/\/multidimensionalmusic.com\/de\/zero-gravity-jacotte-chollet\/#primaryimage"},"image":{"@id":"https:\/\/multidimensionalmusic.com\/de\/zero-gravity-jacotte-chollet\/#primaryimage"},"thumbnailUrl":"https:\/\/multidimensionalmusic.com\/wp-content\/uploads\/2021\/01\/zero-gravity-jacotte-chollet-200.jpg","datePublished":"2021-01-05T13:38:31+00:00","dateModified":"2021-04-28T10:33:57+00:00","breadcrumb":{"@id":"https:\/\/multidimensionalmusic.com\/de\/zero-gravity-jacotte-chollet\/#breadcrumb"},"inLanguage":"de","potentialAction":[{"@type":"ReadAction","target":["https:\/\/multidimensionalmusic.com\/de\/zero-gravity-jacotte-chollet\/"]}]},{"@type":"ImageObject","inLanguage":"de","@id":"https:\/\/multidimensionalmusic.com\/de\/zero-gravity-jacotte-chollet\/#primaryimage","url":"https:\/\/multidimensionalmusic.com\/wp-content\/uploads\/2021\/01\/zero-gravity-jacotte-chollet-200.jpg","contentUrl":"https:\/\/multidimensionalmusic.com\/wp-content\/uploads\/2021\/01\/zero-gravity-jacotte-chollet-200.jpg"},{"@type":"BreadcrumbList","@id":"https:\/\/multidimensionalmusic.com\/de\/zero-gravity-jacotte-chollet\/#breadcrumb","itemListElement":[{"@type":"ListItem","position":1,"name":"Home","item":"https:\/\/multidimensionalmusic.com\/de\/"},{"@type":"ListItem","position":2,"name":"Neue CD : zero gravity &#8211; Jacotte Chollet"}]},{"@type":"WebSite","@id":"https:\/\/multidimensionalmusic.com\/de\/#website","url":"https:\/\/multidimensionalmusic.com\/de\/","name":"Jacotte Chollet - La Musique Multidimensionnelle","description":"Musik f\u00fcr : Bewusstseinserweiterung - Kreativit\u00e4t - Tiefenentspannung - Massage - Meditation - Selbsthypnose - Stressbek\u00e4mpfung","publisher":{"@id":"https:\/\/multidimensionalmusic.com\/de\/#organization"},"potentialAction":[{"@type":"SearchAction","target":{"@type":"EntryPoint","urlTemplate":"https:\/\/multidimensionalmusic.com\/de\/?s={search_term_string}"},"query-input":{"@type":"PropertyValueSpecification","valueRequired":true,"valueName":"search_term_string"}}],"inLanguage":"de"},{"@type":"Organization","@id":"https:\/\/multidimensionalmusic.com\/de\/#organization","name":"Jacotte Chollet Multidimensional Music","url":"https:\/\/multidimensionalmusic.com\/de\/","logo":{"@type":"ImageObject","inLanguage":"de","@id":"https:\/\/multidimensionalmusic.com\/de\/#\/schema\/logo\/image\/","url":"https:\/\/multidimensionalmusic.com\/wp-content\/uploads\/2025\/03\/header-logo-site-vitrine-jacotte-chollet-mmd-transparent.png","contentUrl":"https:\/\/multidimensionalmusic.com\/wp-content\/uploads\/2025\/03\/header-logo-site-vitrine-jacotte-chollet-mmd-transparent.png","width":800,"height":358,"caption":"Jacotte Chollet Multidimensional Music"},"image":{"@id":"https:\/\/multidimensionalmusic.com\/de\/#\/schema\/logo\/image\/"},"sameAs":["https:\/\/www.facebook.com\/jacottecholletmusiquemultidimensionnelle\/","https:\/\/www.instagram.com\/jacottechollet\/","https:\/\/www.linkedin.com\/in\/jacotte-chollet-41a09812\/","https:\/\/www.youtube.com\/channel\/UCKDtAKgspnDQqggI1bAOl_g"]}]}},"_links":{"self":[{"href":"https:\/\/multidimensionalmusic.com\/de\/wp-json\/wp\/v2\/pages\/47661","targetHints":{"allow":["GET"]}}],"collection":[{"href":"https:\/\/multidimensionalmusic.com\/de\/wp-json\/wp\/v2\/pages"}],"about":[{"href":"https:\/\/multidimensionalmusic.com\/de\/wp-json\/wp\/v2\/types\/page"}],"author":[{"embeddable":true,"href":"https:\/\/multidimensionalmusic.com\/de\/wp-json\/wp\/v2\/users\/1"}],"replies":[{"embeddable":true,"href":"https:\/\/multidimensionalmusic.com\/de\/wp-json\/wp\/v2\/comments?post=47661"}],"version-history":[{"count":0,"href":"https:\/\/multidimensionalmusic.com\/de\/wp-json\/wp\/v2\/pages\/47661\/revisions"}],"wp:attachment":[{"href":"https:\/\/multidimensionalmusic.com\/de\/wp-json\/wp\/v2\/media?parent=47661"}],"curies":[{"name":"wp","href":"https:\/\/api.w.org\/{rel}","templated":true}]}}