{"id":40126,"date":"2019-10-04T17:04:22","date_gmt":"2019-10-04T15:04:22","guid":{"rendered":"https:\/\/multidimensionalmusic.com\/?page_id=40126"},"modified":"2021-04-28T12:37:26","modified_gmt":"2021-04-28T10:37:26","slug":"neue-cd-zen-garden","status":"publish","type":"page","link":"https:\/\/multidimensionalmusic.com\/de\/neue-cd-zen-garden\/","title":{"rendered":"Neue CD : Zen Garden"},"content":{"rendered":"<style type=\"text\/css\">@media only screen and (min-width: 1000px) and (max-width: 5000px){body.kc-css-system .kc-css-2465270{width: 37.96%;}body.kc-css-system .kc-css-2689577{width: 62.03%;}}body.kc-css-system .kc-css-946707{margin-top: 10px;padding-top: 0px;}body.kc-css-system .kc-css-1034054 ,body.kc-css-system .kc-css-1034054 p{font-size: 15px;}body.kc-css-system .kc-css-1034054{padding-top: 10px;}body.kc-css-system .kc-css-784949{text-align: center;}<\/style>\n<section class=\"kc-elm kc-css-946707 kc_row\">\n<div class=\"kc-row-container  kc-container\">\n<div class=\"kc-wrap-columns\">\n<div class=\"kc-elm kc-css-2465270 kc_col-sm-5 kc_column kc_col-sm-5\">\n<div class=\"kc-col-container\">\n<div class=\"kc-elm kc-css-2342989 kc_text_block\">\n<p style=\"text-align: center;\"><a href=\"https:\/\/multidimensionalmusic.com\/shop\/de\/cd\/65-cd-zen-garden.html\" target=\"_blank\" rel=\"noopener\"><img decoding=\"async\" class=\"aligncenter\" src=\"https:\/\/multidimensionalmusic.com\/wp-content\/uploads\/2019\/10\/ZEN-GARDEN-jacotte-chollet-meditation.jpg\" alt=\"Zen garden musique m\u00e9ditation profonde et gu\u00e9rison\" width=\"212\" height=\"198\" \/><\/a><\/p>\n<\/div>\n<div class=\"kc-elm kc-css-1068317 kc-raw-code\">\n<\/p>\n<\/div>\n<\/div>\n<\/div>\n<div class=\"kc-elm kc-css-2689577 kc_col-sm-7 kc_column kc_col-sm-7\">\n<div class=\"kc-col-container\">\n<div class=\"kc-elm kc-css-1034054 kc_text_block\">\n<h4><strong><span style=\"color: #0077c8;\">CD ZEN GARDEN &#8211; 432 hz<br \/><\/span><\/strong><\/h4>\n<p><strong>Gleichzeitig kraftvoll und zart, tiefgr\u00fcndig und strahlend, ver\u00e4ndernd und entspannend, l\u00e4sst ZEN GARTEN Sie in unterschiedliche Dimensionen von Licht reisen, unbekannte und bekannte, himmlische und irdische. Je nach den Bed\u00fcrfnissen des H\u00f6rers, wird Zen Garten die Lichtschranken Ihres Heiligtums \u00f6ffnen, indem die dissonante Energien und alte Erinnerungen befreit, wird sie zu tiefer Selbstbesinnung f\u00fchren, zu innerem Frieden, zu Gelassenheit und Konzentration ohne Anstrengung. <\/strong><em><strong><br \/><\/strong><\/em><\/p>\n<\/div>\n<div class=\"kc-elm kc-css-310625 kc_text_block\">\n<p>Es ist ein grundlegendes Album, um sich in seinem inneren Garten<br \/>zu besinnen, zu lernen, loszulassen und relaxed zu sein gegen\u00fcber den vielf\u00e4ltigen Herausforderungen in diesen Zeiten gro\u00dfer Transformation.<br \/>F\u00fcr : energetische Anpassung emotionale Befriedung &#8211; Loslassen &#8211; innere Harmonisierung &#8211; Selbstbesinnung &#8211; Meditation et und tiefe Entspannung &#8211; Volles Bewu\u00dftsein.<\/p>\n<\/div>\n<div class=\"kc-elm kc-css-784949\">\n\t<a class=\"kc_button\" href=\"https:\/\/multidimensionalmusic.com\/shop\/de\/cd\/65-cd-zen-garden.html\" target=\"_blank\" title=\"\" onclick=\"\"><br \/>\n\t\tKAUFEN\t<\/a>\n<\/div>\n<\/div>\n<\/div>\n<\/div>\n<\/div>\n<\/section>\n<section class=\"kc-elm kc-css-3206061 kc_row\">\n<div class=\"kc-row-container  kc-container\">\n<div class=\"kc-wrap-columns\">\n<div class=\"kc-elm kc-css-3564291 kc_col-sm-12 kc_column kc_col-sm-12\">\n<div class=\"kc-col-container\">\n<div class=\"kc-elm kc-css-1846972\" style=\"height: 42px; clear: both; width:100%;\"><\/div>\n<\/div>\n<\/div>\n<\/div>\n<\/div>\n<\/section>\n","protected":false},"excerpt":{"rendered":"<p>CD ZEN GARDEN &#8211; 432 hz Gleichzeitig kraftvoll und zart, tiefgr\u00fcndig und strahlend, ver\u00e4ndernd und entspannend, l\u00e4sst ZEN GARTEN Sie in unterschiedliche Dimensionen von Licht reisen, unbekannte und bekannte, himmlische und irdische. Je nach den Bed\u00fcrfnissen des H\u00f6rers, wird Zen Garten die Lichtschranken Ihres Heiligtums \u00f6ffnen, indem die dissonante Energien und alte Erinnerungen befreit, wird [&hellip;]<\/p>\n","protected":false},"author":1,"featured_media":0,"parent":0,"menu_order":0,"comment_status":"closed","ping_status":"closed","template":"","meta":{"site-sidebar-layout":"default","site-content-layout":"","ast-site-content-layout":"default","site-content-style":"default","site-sidebar-style":"default","ast-global-header-display":"","ast-banner-title-visibility":"","ast-main-header-display":"","ast-hfb-above-header-display":"","ast-hfb-below-header-display":"","ast-hfb-mobile-header-display":"","site-post-title":"","ast-breadcrumbs-content":"","ast-featured-img":"","footer-sml-layout":"","ast-disable-related-posts":"","theme-transparent-header-meta":"","adv-header-id-meta":"","stick-header-meta":"","header-above-stick-meta":"","header-main-stick-meta":"","header-below-stick-meta":"","astra-migrate-meta-layouts":"default","ast-page-background-enabled":"default","ast-page-background-meta":{"desktop":{"background-color":"var(--ast-global-color-4)","background-image":"","background-repeat":"repeat","background-position":"center center","background-size":"auto","background-attachment":"scroll","background-type":"","background-media":"","overlay-type":"","overlay-color":"","overlay-opacity":"","overlay-gradient":""},"tablet":{"background-color":"","background-image":"","background-repeat":"repeat","background-position":"center center","background-size":"auto","background-attachment":"scroll","background-type":"","background-media":"","overlay-type":"","overlay-color":"","overlay-opacity":"","overlay-gradient":""},"mobile":{"background-color":"","background-image":"","background-repeat":"repeat","background-position":"center center","background-size":"auto","background-attachment":"scroll","background-type":"","background-media":"","overlay-type":"","overlay-color":"","overlay-opacity":"","overlay-gradient":""}},"ast-content-background-meta":{"desktop":{"background-color":"var(--ast-global-color-5)","background-image":"","background-repeat":"repeat","background-position":"center center","background-size":"auto","background-attachment":"scroll","background-type":"","background-media":"","overlay-type":"","overlay-color":"","overlay-opacity":"","overlay-gradient":""},"tablet":{"background-color":"var(--ast-global-color-5)","background-image":"","background-repeat":"repeat","background-position":"center center","background-size":"auto","background-attachment":"scroll","background-type":"","background-media":"","overlay-type":"","overlay-color":"","overlay-opacity":"","overlay-gradient":""},"mobile":{"background-color":"var(--ast-global-color-5)","background-image":"","background-repeat":"repeat","background-position":"center center","background-size":"auto","background-attachment":"scroll","background-type":"","background-media":"","overlay-type":"","overlay-color":"","overlay-opacity":"","overlay-gradient":""}},"footnotes":""},"class_list":["post-40126","page","type-page","status-publish","hentry"],"yoast_head":"<!-- This site is optimized with the Yoast SEO Premium plugin v21.7 (Yoast SEO v27.3) - https:\/\/yoast.com\/product\/yoast-seo-premium-wordpress\/ -->\n<title>Neue CD : Zen Garden - Die Multidimensionale Musik von Jacotte Chollet<\/title>\n<meta name=\"robots\" content=\"index, follow, max-snippet:-1, max-image-preview:large, max-video-preview:-1\" \/>\n<link rel=\"canonical\" href=\"https:\/\/multidimensionalmusic.com\/de\/neue-cd-zen-garden\/\" \/>\n<meta property=\"og:locale\" content=\"de_DE\" \/>\n<meta property=\"og:type\" content=\"article\" \/>\n<meta property=\"og:title\" content=\"Neue CD : Zen Garden\" \/>\n<meta property=\"og:description\" content=\"CD ZEN GARDEN &#8211; 432 hz Gleichzeitig kraftvoll und zart, tiefgr\u00fcndig und strahlend, ver\u00e4ndernd und entspannend, l\u00e4sst ZEN GARTEN Sie in unterschiedliche Dimensionen von Licht reisen, unbekannte und bekannte, himmlische und irdische. Je nach den Bed\u00fcrfnissen des H\u00f6rers, wird Zen Garten die Lichtschranken Ihres Heiligtums \u00f6ffnen, indem die dissonante Energien und alte Erinnerungen befreit, wird [&hellip;]\" \/>\n<meta property=\"og:url\" content=\"https:\/\/multidimensionalmusic.com\/de\/neue-cd-zen-garden\/\" \/>\n<meta property=\"og:site_name\" content=\"Die Multidimensionale Musik von Jacotte Chollet\" \/>\n<meta property=\"article:publisher\" content=\"https:\/\/www.facebook.com\/jacottecholletmusiquemultidimensionnelle\/\" \/>\n<meta property=\"article:modified_time\" content=\"2021-04-28T10:37:26+00:00\" \/>\n<meta property=\"og:image\" content=\"https:\/\/multidimensionalmusic.com\/wp-content\/uploads\/2019\/10\/ZEN-GARDEN-jacotte-chollet-meditation.jpg\" \/>\n<meta name=\"twitter:card\" content=\"summary_large_image\" \/>\n<meta name=\"twitter:label1\" content=\"Gesch\u00e4tzte Lesezeit\" \/>\n\t<meta name=\"twitter:data1\" content=\"1\u00a0Minute\" \/>\n<script type=\"application\/ld+json\" class=\"yoast-schema-graph\">{\"@context\":\"https:\\\/\\\/schema.org\",\"@graph\":[{\"@type\":\"WebPage\",\"@id\":\"https:\\\/\\\/multidimensionalmusic.com\\\/de\\\/neue-cd-zen-garden\\\/\",\"url\":\"https:\\\/\\\/multidimensionalmusic.com\\\/de\\\/neue-cd-zen-garden\\\/\",\"name\":\"Neue CD : Zen Garden - Die Multidimensionale Musik von Jacotte Chollet\",\"isPartOf\":{\"@id\":\"https:\\\/\\\/multidimensionalmusic.com\\\/de\\\/#website\"},\"primaryImageOfPage\":{\"@id\":\"https:\\\/\\\/multidimensionalmusic.com\\\/de\\\/neue-cd-zen-garden\\\/#primaryimage\"},\"image\":{\"@id\":\"https:\\\/\\\/multidimensionalmusic.com\\\/de\\\/neue-cd-zen-garden\\\/#primaryimage\"},\"thumbnailUrl\":\"https:\\\/\\\/multidimensionalmusic.com\\\/wp-content\\\/uploads\\\/2019\\\/10\\\/ZEN-GARDEN-jacotte-chollet-meditation.jpg\",\"datePublished\":\"2019-10-04T15:04:22+00:00\",\"dateModified\":\"2021-04-28T10:37:26+00:00\",\"breadcrumb\":{\"@id\":\"https:\\\/\\\/multidimensionalmusic.com\\\/de\\\/neue-cd-zen-garden\\\/#breadcrumb\"},\"inLanguage\":\"de\",\"potentialAction\":[{\"@type\":\"ReadAction\",\"target\":[\"https:\\\/\\\/multidimensionalmusic.com\\\/de\\\/neue-cd-zen-garden\\\/\"]}]},{\"@type\":\"ImageObject\",\"inLanguage\":\"de\",\"@id\":\"https:\\\/\\\/multidimensionalmusic.com\\\/de\\\/neue-cd-zen-garden\\\/#primaryimage\",\"url\":\"https:\\\/\\\/multidimensionalmusic.com\\\/wp-content\\\/uploads\\\/2019\\\/10\\\/ZEN-GARDEN-jacotte-chollet-meditation.jpg\",\"contentUrl\":\"https:\\\/\\\/multidimensionalmusic.com\\\/wp-content\\\/uploads\\\/2019\\\/10\\\/ZEN-GARDEN-jacotte-chollet-meditation.jpg\"},{\"@type\":\"BreadcrumbList\",\"@id\":\"https:\\\/\\\/multidimensionalmusic.com\\\/de\\\/neue-cd-zen-garden\\\/#breadcrumb\",\"itemListElement\":[{\"@type\":\"ListItem\",\"position\":1,\"name\":\"Home\",\"item\":\"https:\\\/\\\/multidimensionalmusic.com\\\/de\\\/\"},{\"@type\":\"ListItem\",\"position\":2,\"name\":\"Neue CD : Zen Garden\"}]},{\"@type\":\"WebSite\",\"@id\":\"https:\\\/\\\/multidimensionalmusic.com\\\/de\\\/#website\",\"url\":\"https:\\\/\\\/multidimensionalmusic.com\\\/de\\\/\",\"name\":\"Jacotte Chollet - La Musique Multidimensionnelle\",\"description\":\"Musik f\u00fcr : Bewusstseinserweiterung - Kreativit\u00e4t - Tiefenentspannung - Massage - Meditation - Selbsthypnose - Stressbek\u00e4mpfung\",\"publisher\":{\"@id\":\"https:\\\/\\\/multidimensionalmusic.com\\\/de\\\/#organization\"},\"potentialAction\":[{\"@type\":\"SearchAction\",\"target\":{\"@type\":\"EntryPoint\",\"urlTemplate\":\"https:\\\/\\\/multidimensionalmusic.com\\\/de\\\/?s={search_term_string}\"},\"query-input\":{\"@type\":\"PropertyValueSpecification\",\"valueRequired\":true,\"valueName\":\"search_term_string\"}}],\"inLanguage\":\"de\"},{\"@type\":\"Organization\",\"@id\":\"https:\\\/\\\/multidimensionalmusic.com\\\/de\\\/#organization\",\"name\":\"Jacotte Chollet Multidimensional Music\",\"url\":\"https:\\\/\\\/multidimensionalmusic.com\\\/de\\\/\",\"logo\":{\"@type\":\"ImageObject\",\"inLanguage\":\"de\",\"@id\":\"https:\\\/\\\/multidimensionalmusic.com\\\/de\\\/#\\\/schema\\\/logo\\\/image\\\/\",\"url\":\"https:\\\/\\\/multidimensionalmusic.com\\\/wp-content\\\/uploads\\\/2025\\\/03\\\/header-logo-site-vitrine-jacotte-chollet-mmd-transparent.png\",\"contentUrl\":\"https:\\\/\\\/multidimensionalmusic.com\\\/wp-content\\\/uploads\\\/2025\\\/03\\\/header-logo-site-vitrine-jacotte-chollet-mmd-transparent.png\",\"width\":800,\"height\":358,\"caption\":\"Jacotte Chollet Multidimensional Music\"},\"image\":{\"@id\":\"https:\\\/\\\/multidimensionalmusic.com\\\/de\\\/#\\\/schema\\\/logo\\\/image\\\/\"},\"sameAs\":[\"https:\\\/\\\/www.facebook.com\\\/jacottecholletmusiquemultidimensionnelle\\\/\",\"https:\\\/\\\/www.instagram.com\\\/jacottechollet\\\/\",\"https:\\\/\\\/www.linkedin.com\\\/in\\\/jacotte-chollet-41a09812\\\/\",\"https:\\\/\\\/www.youtube.com\\\/channel\\\/UCKDtAKgspnDQqggI1bAOl_g\"]}]}<\/script>\n<!-- \/ Yoast SEO Premium plugin. -->","yoast_head_json":{"title":"Neue CD : Zen Garden - Die Multidimensionale Musik von Jacotte Chollet","robots":{"index":"index","follow":"follow","max-snippet":"max-snippet:-1","max-image-preview":"max-image-preview:large","max-video-preview":"max-video-preview:-1"},"canonical":"https:\/\/multidimensionalmusic.com\/de\/neue-cd-zen-garden\/","og_locale":"de_DE","og_type":"article","og_title":"Neue CD : Zen Garden","og_description":"CD ZEN GARDEN &#8211; 432 hz Gleichzeitig kraftvoll und zart, tiefgr\u00fcndig und strahlend, ver\u00e4ndernd und entspannend, l\u00e4sst ZEN GARTEN Sie in unterschiedliche Dimensionen von Licht reisen, unbekannte und bekannte, himmlische und irdische. Je nach den Bed\u00fcrfnissen des H\u00f6rers, wird Zen Garten die Lichtschranken Ihres Heiligtums \u00f6ffnen, indem die dissonante Energien und alte Erinnerungen befreit, wird [&hellip;]","og_url":"https:\/\/multidimensionalmusic.com\/de\/neue-cd-zen-garden\/","og_site_name":"Die Multidimensionale Musik von Jacotte Chollet","article_publisher":"https:\/\/www.facebook.com\/jacottecholletmusiquemultidimensionnelle\/","article_modified_time":"2021-04-28T10:37:26+00:00","og_image":[{"url":"https:\/\/multidimensionalmusic.com\/wp-content\/uploads\/2019\/10\/ZEN-GARDEN-jacotte-chollet-meditation.jpg","type":"","width":"","height":""}],"twitter_card":"summary_large_image","twitter_misc":{"Gesch\u00e4tzte Lesezeit":"1\u00a0Minute"},"schema":{"@context":"https:\/\/schema.org","@graph":[{"@type":"WebPage","@id":"https:\/\/multidimensionalmusic.com\/de\/neue-cd-zen-garden\/","url":"https:\/\/multidimensionalmusic.com\/de\/neue-cd-zen-garden\/","name":"Neue CD : Zen Garden - Die Multidimensionale Musik von Jacotte Chollet","isPartOf":{"@id":"https:\/\/multidimensionalmusic.com\/de\/#website"},"primaryImageOfPage":{"@id":"https:\/\/multidimensionalmusic.com\/de\/neue-cd-zen-garden\/#primaryimage"},"image":{"@id":"https:\/\/multidimensionalmusic.com\/de\/neue-cd-zen-garden\/#primaryimage"},"thumbnailUrl":"https:\/\/multidimensionalmusic.com\/wp-content\/uploads\/2019\/10\/ZEN-GARDEN-jacotte-chollet-meditation.jpg","datePublished":"2019-10-04T15:04:22+00:00","dateModified":"2021-04-28T10:37:26+00:00","breadcrumb":{"@id":"https:\/\/multidimensionalmusic.com\/de\/neue-cd-zen-garden\/#breadcrumb"},"inLanguage":"de","potentialAction":[{"@type":"ReadAction","target":["https:\/\/multidimensionalmusic.com\/de\/neue-cd-zen-garden\/"]}]},{"@type":"ImageObject","inLanguage":"de","@id":"https:\/\/multidimensionalmusic.com\/de\/neue-cd-zen-garden\/#primaryimage","url":"https:\/\/multidimensionalmusic.com\/wp-content\/uploads\/2019\/10\/ZEN-GARDEN-jacotte-chollet-meditation.jpg","contentUrl":"https:\/\/multidimensionalmusic.com\/wp-content\/uploads\/2019\/10\/ZEN-GARDEN-jacotte-chollet-meditation.jpg"},{"@type":"BreadcrumbList","@id":"https:\/\/multidimensionalmusic.com\/de\/neue-cd-zen-garden\/#breadcrumb","itemListElement":[{"@type":"ListItem","position":1,"name":"Home","item":"https:\/\/multidimensionalmusic.com\/de\/"},{"@type":"ListItem","position":2,"name":"Neue CD : Zen Garden"}]},{"@type":"WebSite","@id":"https:\/\/multidimensionalmusic.com\/de\/#website","url":"https:\/\/multidimensionalmusic.com\/de\/","name":"Jacotte Chollet - La Musique Multidimensionnelle","description":"Musik f\u00fcr : Bewusstseinserweiterung - Kreativit\u00e4t - Tiefenentspannung - Massage - Meditation - Selbsthypnose - Stressbek\u00e4mpfung","publisher":{"@id":"https:\/\/multidimensionalmusic.com\/de\/#organization"},"potentialAction":[{"@type":"SearchAction","target":{"@type":"EntryPoint","urlTemplate":"https:\/\/multidimensionalmusic.com\/de\/?s={search_term_string}"},"query-input":{"@type":"PropertyValueSpecification","valueRequired":true,"valueName":"search_term_string"}}],"inLanguage":"de"},{"@type":"Organization","@id":"https:\/\/multidimensionalmusic.com\/de\/#organization","name":"Jacotte Chollet Multidimensional Music","url":"https:\/\/multidimensionalmusic.com\/de\/","logo":{"@type":"ImageObject","inLanguage":"de","@id":"https:\/\/multidimensionalmusic.com\/de\/#\/schema\/logo\/image\/","url":"https:\/\/multidimensionalmusic.com\/wp-content\/uploads\/2025\/03\/header-logo-site-vitrine-jacotte-chollet-mmd-transparent.png","contentUrl":"https:\/\/multidimensionalmusic.com\/wp-content\/uploads\/2025\/03\/header-logo-site-vitrine-jacotte-chollet-mmd-transparent.png","width":800,"height":358,"caption":"Jacotte Chollet Multidimensional Music"},"image":{"@id":"https:\/\/multidimensionalmusic.com\/de\/#\/schema\/logo\/image\/"},"sameAs":["https:\/\/www.facebook.com\/jacottecholletmusiquemultidimensionnelle\/","https:\/\/www.instagram.com\/jacottechollet\/","https:\/\/www.linkedin.com\/in\/jacotte-chollet-41a09812\/","https:\/\/www.youtube.com\/channel\/UCKDtAKgspnDQqggI1bAOl_g"]}]}},"_links":{"self":[{"href":"https:\/\/multidimensionalmusic.com\/de\/wp-json\/wp\/v2\/pages\/40126","targetHints":{"allow":["GET"]}}],"collection":[{"href":"https:\/\/multidimensionalmusic.com\/de\/wp-json\/wp\/v2\/pages"}],"about":[{"href":"https:\/\/multidimensionalmusic.com\/de\/wp-json\/wp\/v2\/types\/page"}],"author":[{"embeddable":true,"href":"https:\/\/multidimensionalmusic.com\/de\/wp-json\/wp\/v2\/users\/1"}],"replies":[{"embeddable":true,"href":"https:\/\/multidimensionalmusic.com\/de\/wp-json\/wp\/v2\/comments?post=40126"}],"version-history":[{"count":0,"href":"https:\/\/multidimensionalmusic.com\/de\/wp-json\/wp\/v2\/pages\/40126\/revisions"}],"wp:attachment":[{"href":"https:\/\/multidimensionalmusic.com\/de\/wp-json\/wp\/v2\/media?parent=40126"}],"curies":[{"name":"wp","href":"https:\/\/api.w.org\/{rel}","templated":true}]}}