{"id":2953,"date":"2017-11-28T12:01:08","date_gmt":"2017-11-28T11:01:08","guid":{"rendered":"https:\/\/multidimensionalmusic.com\/?page_id=2953"},"modified":"2021-04-28T12:43:30","modified_gmt":"2021-04-28T10:43:30","slug":"revue-de-presse-der-4-ersten-cds-unite-renaissance-invisible-presence","status":"publish","type":"page","link":"https:\/\/multidimensionalmusic.com\/de\/revue-de-presse-der-4-ersten-cds-unite-renaissance-invisible-presence\/","title":{"rendered":"REVUE DE PRESSE DER 4 ERSTEN CD&#8217;S UNIT\u00c9, RENAISSANCE &#038; INVISIBLE PRESENCE"},"content":{"rendered":"<style type=\"text\/css\">body.kc-css-system .kc-css-2766055{margin-top: 20px;margin-bottom: 20px;padding-top: 10px;padding-bottom: 10px;}<\/style>\n<section class=\"kc-elm kc-css-2766055 kc_row\">\n<div class=\"kc-row-container  kc-container\">\n<div class=\"kc-wrap-columns\">\n<div class=\"kc-elm kc-css-2696758 kc_col-sm-12 kc_column kc_col-sm-12\">\n<div class=\"kc-col-container\">\n<div class=\"kc-elm kc-css-2252451 kc_text_block\">\n<h3 style=\"text-align: center;\">Press Artikel<\/h3>\n<p>Angesichts des unaufh\u00f6rlichen Anstieges von Stress und Konflikten, \u00fcber die viele von uns sich beklagen, ist es eine grosse Erleichterung zu wissen, dass es solche CD`s gibt, wie sie von der franz\u00f6sischen kompositorischen K\u00fcnstlerin Jacotte Chollet produziert werden.<\/p>\n<p>Mit Renaissance, Unite und Invisible Presence gibt uns Jacotte Chollet ein einzigartiges Geschenk: das einer begabten Person, die den Mut gehabt hat, ihren tiefen Vorlieben zu folgen und auf die Stimmen ihrer Inspiration zu h\u00f6ren.<\/p>\n<p>Ihre Arbeit ist gleichwohl energetisch wie inspirierend, besinnlich wie heilend.<br \/>Ihr Bestreben ist, zu beweisen, dass Musik eine riesige Wirkung auf die menschliche Psyche und auf k\u00f6rperliche Vorg\u00e4nge hat.<br \/>Schon von der ersten Note an sp\u00fcrt man eine Vibration in jedem Chakra, Vibration, die sofort beginnt, diese zu vereinen und alle miteinander zu verbinden.<\/p>\n<p>Diese Musik ist multidimensional und wirkt wie eine Zusatznahrung von hoher Qualit\u00e4t. Ihr Wesen ist, unsere Zellen, die nach Bewusstsein, nach Liebe, nach Zusammenhalt und Freiheit hungern, zu n\u00e4hren.<br \/>Jacotte benutzt f\u00fcr ihre Arbeit einen Syntiziser. Dieses Instrument kann mit Leichtigkeit Frequenzen erzeugen, die das \u00fcbersteigen, was Instrumente der traditionellen klassischen Musik hervorbringen k\u00f6nnen.<br \/>Dies ist ein Schl\u00fcsselpunkt, um die Mission ihrer Kompositionen zu verstehen.<br \/>Die Idee ist folgende: die klangvollen Frequenzen schaffen ein sehr hohes Energiefeld, das diese Qualit\u00e4t und St\u00e4rke der Vibration auf unser nerv\u00f6ses System \u00fcbertragen kann und uns ein Gef\u00fchl von subtiler Einheit in unserem K\u00f6rper, unserem Herzen, unserem Geist und unserer Seele erleben lassen.<br \/>Das Summen der B\u00e4sse vermittelt ein \u00fcrspr\u00fcngliches und im herk\u00f6mmlichen Sinne befriedigendes Gef\u00fchl, es ist wie eine Art Fundament, das Ruhe und \u00d6ffnung verspricht und das, indem es erlaubt, gleichzeitig ruhig, zusammenh\u00e4ngend und im Fluss zu bleiben.<\/p>\n<p>Die T\u00f6ne dieser Musik sind beruhigend, und man kann auf den Abfolgen ihrer feinen Variationen segeln und verschiedene Gef\u00fchle wahrnehmen, bevor man sie wiedervereinigt in weitr\u00e4umigen und tiefen Empfindungen.<br \/>St\u00fccke wie SOLAR LORD; TRANSFORMATION und MYSTERE DE LA VIE tragen Namen, die starke Bilder hervorrufen.<br \/>Alle schaffen eine Art inneren Paradieses des Seins, des Selbst sowie einen kreativen Energiefluss. Es ist, als hielte man sich auf der Br\u00fccke unserer beiden Hirnh\u00e4lften auf und, als ob diese Schwelle uns seltenen<\/p>\n<p>Gef\u00fchlen und einem tiefen Empfinden von Liebe \u00f6ffnete: feinstoffliche Nahrung f\u00fcr unsere alternden Zellen.<br \/>Keines der Musikst\u00fccke von Jacotte ist geschrieben oder geplant. Alle sind v\u00f6llig improvisiert und tauchen aus dem Unbekannten ihrer wahren Quelle empor. Vom ersten Moment ihrer Tonalit\u00e4t an erkennt man in ihnen sofort ihre Herkunft.<br \/>Die MMD ist ein Mittel zur Transformation unseres Seins, basierend auf dem Prozess der Resonanz.<br \/>Ihre Klangf\u00fcllen tragen uns davon, lehren und bewirken in uns eine innere Transformation. Versuchen Sie sie.<\/p>\n<p>REVUE VON RAY GOTTLIEB UND REBECCA PENNEYS, ERSCHIENEN IN DER REVUE DER AHP-ASSOZIATION DER HUMANISTISCHEN PSYCHOLOGIE, SAN FRANCISCO.<\/p>\n<p>* RAY GOTTLIEB: Doktor der Optometrie und Philosophie, war Dekan des Kollegs f\u00fcr Syntonische Optometrie seit 1979 sowie Verantwortlicher in der Erforschung des<br \/>Brain\/Mind Berichtes w\u00e4hrend vieler Jahre. Zur Zeit praktiziert er mentale Verhaltens-Optometrie in Rochester und Ithaca , New York, USA.<\/p>\n<p>* REBECCA PENNEYS: ist seit 1980 Professorin f\u00fcr Klavier an der Eastman School of Music, sie steht an der Spitze der Klavierabteilung des Institutes in Chautauqua. Sie hat eine herausragende Karriere als Kammermusikerin mit zahlreichen Konzerten hinter sich und ist Ausbilderin von Orchester-Solisten gewesen.<br \/>Im Folgenden ihre letzten CD`s:&#8221; Blumen klassischer Kl\u00e4nge&#8221;: Solos von Brahms, &#8221; Balladen, Op 10, &#8221; Fantasien&#8221;, Op 116, sowie ihr eigenes Arrangement der &#8221; Ungarischen T\u00e4nze&#8221;, und 2 CD`s mit dem NEW ARTS TRIO: Die Trios Arensky Und den Arrangements von Beethoven f\u00fcr Klavier, die zweite Synphonie, Op 36 und das &#8220;Sextett, Op 20 &#8220;.<\/p>\n<\/div>\n<\/div>\n<\/div>\n<\/div>\n<\/div>\n<\/section>\n","protected":false},"excerpt":{"rendered":"<p>Press Artikel Angesichts des unaufh\u00f6rlichen Anstieges von Stress und Konflikten, \u00fcber die viele von uns sich beklagen, ist es eine grosse Erleichterung zu wissen, dass es solche CD`s gibt, wie sie von der franz\u00f6sischen kompositorischen K\u00fcnstlerin Jacotte Chollet produziert werden. Mit Renaissance, Unite und Invisible Presence gibt uns Jacotte Chollet ein einzigartiges Geschenk: das einer [&hellip;]<\/p>\n","protected":false},"author":1,"featured_media":0,"parent":0,"menu_order":0,"comment_status":"closed","ping_status":"closed","template":"","meta":{"site-sidebar-layout":"default","site-content-layout":"","ast-site-content-layout":"default","site-content-style":"default","site-sidebar-style":"default","ast-global-header-display":"","ast-banner-title-visibility":"","ast-main-header-display":"","ast-hfb-above-header-display":"","ast-hfb-below-header-display":"","ast-hfb-mobile-header-display":"","site-post-title":"","ast-breadcrumbs-content":"","ast-featured-img":"","footer-sml-layout":"","ast-disable-related-posts":"","theme-transparent-header-meta":"","adv-header-id-meta":"","stick-header-meta":"","header-above-stick-meta":"","header-main-stick-meta":"","header-below-stick-meta":"","astra-migrate-meta-layouts":"default","ast-page-background-enabled":"default","ast-page-background-meta":{"desktop":{"background-color":"var(--ast-global-color-4)","background-image":"","background-repeat":"repeat","background-position":"center center","background-size":"auto","background-attachment":"scroll","background-type":"","background-media":"","overlay-type":"","overlay-color":"","overlay-opacity":"","overlay-gradient":""},"tablet":{"background-color":"","background-image":"","background-repeat":"repeat","background-position":"center center","background-size":"auto","background-attachment":"scroll","background-type":"","background-media":"","overlay-type":"","overlay-color":"","overlay-opacity":"","overlay-gradient":""},"mobile":{"background-color":"","background-image":"","background-repeat":"repeat","background-position":"center center","background-size":"auto","background-attachment":"scroll","background-type":"","background-media":"","overlay-type":"","overlay-color":"","overlay-opacity":"","overlay-gradient":""}},"ast-content-background-meta":{"desktop":{"background-color":"var(--ast-global-color-5)","background-image":"","background-repeat":"repeat","background-position":"center center","background-size":"auto","background-attachment":"scroll","background-type":"","background-media":"","overlay-type":"","overlay-color":"","overlay-opacity":"","overlay-gradient":""},"tablet":{"background-color":"var(--ast-global-color-5)","background-image":"","background-repeat":"repeat","background-position":"center center","background-size":"auto","background-attachment":"scroll","background-type":"","background-media":"","overlay-type":"","overlay-color":"","overlay-opacity":"","overlay-gradient":""},"mobile":{"background-color":"var(--ast-global-color-5)","background-image":"","background-repeat":"repeat","background-position":"center center","background-size":"auto","background-attachment":"scroll","background-type":"","background-media":"","overlay-type":"","overlay-color":"","overlay-opacity":"","overlay-gradient":""}},"footnotes":""},"class_list":["post-2953","page","type-page","status-publish","hentry"],"yoast_head":"<!-- This site is optimized with the Yoast SEO Premium plugin v21.7 (Yoast SEO v27.4) - https:\/\/yoast.com\/product\/yoast-seo-premium-wordpress\/ -->\n<title>REVUE DE PRESSE DER 4 ERSTEN CD&#039;S UNIT\u00c9, RENAISSANCE &amp; INVISIBLE PRESENCE - Die Multidimensionale Musik von Jacotte Chollet<\/title>\n<meta name=\"robots\" content=\"index, follow, max-snippet:-1, max-image-preview:large, max-video-preview:-1\" \/>\n<link rel=\"canonical\" href=\"https:\/\/multidimensionalmusic.com\/de\/revue-de-presse-der-4-ersten-cds-unite-renaissance-invisible-presence\/\" \/>\n<meta property=\"og:locale\" content=\"de_DE\" \/>\n<meta property=\"og:type\" content=\"article\" \/>\n<meta property=\"og:title\" content=\"REVUE DE PRESSE DER 4 ERSTEN CD&#039;S UNIT\u00c9, RENAISSANCE &amp; INVISIBLE PRESENCE\" \/>\n<meta property=\"og:description\" content=\"Press Artikel Angesichts des unaufh\u00f6rlichen Anstieges von Stress und Konflikten, \u00fcber die viele von uns sich beklagen, ist es eine grosse Erleichterung zu wissen, dass es solche CD`s gibt, wie sie von der franz\u00f6sischen kompositorischen K\u00fcnstlerin Jacotte Chollet produziert werden. Mit Renaissance, Unite und Invisible Presence gibt uns Jacotte Chollet ein einzigartiges Geschenk: das einer [&hellip;]\" \/>\n<meta property=\"og:url\" content=\"https:\/\/multidimensionalmusic.com\/de\/revue-de-presse-der-4-ersten-cds-unite-renaissance-invisible-presence\/\" \/>\n<meta property=\"og:site_name\" content=\"Die Multidimensionale Musik von Jacotte Chollet\" \/>\n<meta property=\"article:publisher\" content=\"https:\/\/www.facebook.com\/jacottecholletmusiquemultidimensionnelle\/\" \/>\n<meta property=\"article:modified_time\" content=\"2021-04-28T10:43:30+00:00\" \/>\n<meta name=\"twitter:card\" content=\"summary_large_image\" \/>\n<meta name=\"twitter:label1\" content=\"Gesch\u00e4tzte Lesezeit\" \/>\n\t<meta name=\"twitter:data1\" content=\"3\u00a0Minuten\" \/>\n<script type=\"application\/ld+json\" class=\"yoast-schema-graph\">{\"@context\":\"https:\\\/\\\/schema.org\",\"@graph\":[{\"@type\":\"WebPage\",\"@id\":\"https:\\\/\\\/multidimensionalmusic.com\\\/de\\\/revue-de-presse-der-4-ersten-cds-unite-renaissance-invisible-presence\\\/\",\"url\":\"https:\\\/\\\/multidimensionalmusic.com\\\/de\\\/revue-de-presse-der-4-ersten-cds-unite-renaissance-invisible-presence\\\/\",\"name\":\"REVUE DE PRESSE DER 4 ERSTEN CD'S UNIT\u00c9, RENAISSANCE & INVISIBLE PRESENCE - Die Multidimensionale Musik von Jacotte Chollet\",\"isPartOf\":{\"@id\":\"https:\\\/\\\/multidimensionalmusic.com\\\/de\\\/#website\"},\"datePublished\":\"2017-11-28T11:01:08+00:00\",\"dateModified\":\"2021-04-28T10:43:30+00:00\",\"breadcrumb\":{\"@id\":\"https:\\\/\\\/multidimensionalmusic.com\\\/de\\\/revue-de-presse-der-4-ersten-cds-unite-renaissance-invisible-presence\\\/#breadcrumb\"},\"inLanguage\":\"de\",\"potentialAction\":[{\"@type\":\"ReadAction\",\"target\":[\"https:\\\/\\\/multidimensionalmusic.com\\\/de\\\/revue-de-presse-der-4-ersten-cds-unite-renaissance-invisible-presence\\\/\"]}]},{\"@type\":\"BreadcrumbList\",\"@id\":\"https:\\\/\\\/multidimensionalmusic.com\\\/de\\\/revue-de-presse-der-4-ersten-cds-unite-renaissance-invisible-presence\\\/#breadcrumb\",\"itemListElement\":[{\"@type\":\"ListItem\",\"position\":1,\"name\":\"Home\",\"item\":\"https:\\\/\\\/multidimensionalmusic.com\\\/de\\\/\"},{\"@type\":\"ListItem\",\"position\":2,\"name\":\"REVUE DE PRESSE DER 4 ERSTEN CD&#8217;S UNIT\u00c9, RENAISSANCE &#038; INVISIBLE PRESENCE\"}]},{\"@type\":\"WebSite\",\"@id\":\"https:\\\/\\\/multidimensionalmusic.com\\\/de\\\/#website\",\"url\":\"https:\\\/\\\/multidimensionalmusic.com\\\/de\\\/\",\"name\":\"Jacotte Chollet - La Musique Multidimensionnelle\",\"description\":\"Musik f\u00fcr : Bewusstseinserweiterung - Kreativit\u00e4t - Tiefenentspannung - Massage - Meditation - Selbsthypnose - Stressbek\u00e4mpfung\",\"publisher\":{\"@id\":\"https:\\\/\\\/multidimensionalmusic.com\\\/de\\\/#organization\"},\"potentialAction\":[{\"@type\":\"SearchAction\",\"target\":{\"@type\":\"EntryPoint\",\"urlTemplate\":\"https:\\\/\\\/multidimensionalmusic.com\\\/de\\\/?s={search_term_string}\"},\"query-input\":{\"@type\":\"PropertyValueSpecification\",\"valueRequired\":true,\"valueName\":\"search_term_string\"}}],\"inLanguage\":\"de\"},{\"@type\":\"Organization\",\"@id\":\"https:\\\/\\\/multidimensionalmusic.com\\\/de\\\/#organization\",\"name\":\"Jacotte Chollet Multidimensional Music\",\"url\":\"https:\\\/\\\/multidimensionalmusic.com\\\/de\\\/\",\"logo\":{\"@type\":\"ImageObject\",\"inLanguage\":\"de\",\"@id\":\"https:\\\/\\\/multidimensionalmusic.com\\\/de\\\/#\\\/schema\\\/logo\\\/image\\\/\",\"url\":\"https:\\\/\\\/multidimensionalmusic.com\\\/wp-content\\\/uploads\\\/2025\\\/03\\\/header-logo-site-vitrine-jacotte-chollet-mmd-transparent.png\",\"contentUrl\":\"https:\\\/\\\/multidimensionalmusic.com\\\/wp-content\\\/uploads\\\/2025\\\/03\\\/header-logo-site-vitrine-jacotte-chollet-mmd-transparent.png\",\"width\":800,\"height\":358,\"caption\":\"Jacotte Chollet Multidimensional Music\"},\"image\":{\"@id\":\"https:\\\/\\\/multidimensionalmusic.com\\\/de\\\/#\\\/schema\\\/logo\\\/image\\\/\"},\"sameAs\":[\"https:\\\/\\\/www.facebook.com\\\/jacottecholletmusiquemultidimensionnelle\\\/\",\"https:\\\/\\\/www.instagram.com\\\/jacottechollet\\\/\",\"https:\\\/\\\/www.linkedin.com\\\/in\\\/jacotte-chollet-41a09812\\\/\",\"https:\\\/\\\/www.youtube.com\\\/channel\\\/UCKDtAKgspnDQqggI1bAOl_g\"]}]}<\/script>\n<!-- \/ Yoast SEO Premium plugin. -->","yoast_head_json":{"title":"REVUE DE PRESSE DER 4 ERSTEN CD'S UNIT\u00c9, RENAISSANCE & INVISIBLE PRESENCE - Die Multidimensionale Musik von Jacotte Chollet","robots":{"index":"index","follow":"follow","max-snippet":"max-snippet:-1","max-image-preview":"max-image-preview:large","max-video-preview":"max-video-preview:-1"},"canonical":"https:\/\/multidimensionalmusic.com\/de\/revue-de-presse-der-4-ersten-cds-unite-renaissance-invisible-presence\/","og_locale":"de_DE","og_type":"article","og_title":"REVUE DE PRESSE DER 4 ERSTEN CD'S UNIT\u00c9, RENAISSANCE & INVISIBLE PRESENCE","og_description":"Press Artikel Angesichts des unaufh\u00f6rlichen Anstieges von Stress und Konflikten, \u00fcber die viele von uns sich beklagen, ist es eine grosse Erleichterung zu wissen, dass es solche CD`s gibt, wie sie von der franz\u00f6sischen kompositorischen K\u00fcnstlerin Jacotte Chollet produziert werden. Mit Renaissance, Unite und Invisible Presence gibt uns Jacotte Chollet ein einzigartiges Geschenk: das einer [&hellip;]","og_url":"https:\/\/multidimensionalmusic.com\/de\/revue-de-presse-der-4-ersten-cds-unite-renaissance-invisible-presence\/","og_site_name":"Die Multidimensionale Musik von Jacotte Chollet","article_publisher":"https:\/\/www.facebook.com\/jacottecholletmusiquemultidimensionnelle\/","article_modified_time":"2021-04-28T10:43:30+00:00","twitter_card":"summary_large_image","twitter_misc":{"Gesch\u00e4tzte Lesezeit":"3\u00a0Minuten"},"schema":{"@context":"https:\/\/schema.org","@graph":[{"@type":"WebPage","@id":"https:\/\/multidimensionalmusic.com\/de\/revue-de-presse-der-4-ersten-cds-unite-renaissance-invisible-presence\/","url":"https:\/\/multidimensionalmusic.com\/de\/revue-de-presse-der-4-ersten-cds-unite-renaissance-invisible-presence\/","name":"REVUE DE PRESSE DER 4 ERSTEN CD'S UNIT\u00c9, RENAISSANCE & INVISIBLE PRESENCE - Die Multidimensionale Musik von Jacotte Chollet","isPartOf":{"@id":"https:\/\/multidimensionalmusic.com\/de\/#website"},"datePublished":"2017-11-28T11:01:08+00:00","dateModified":"2021-04-28T10:43:30+00:00","breadcrumb":{"@id":"https:\/\/multidimensionalmusic.com\/de\/revue-de-presse-der-4-ersten-cds-unite-renaissance-invisible-presence\/#breadcrumb"},"inLanguage":"de","potentialAction":[{"@type":"ReadAction","target":["https:\/\/multidimensionalmusic.com\/de\/revue-de-presse-der-4-ersten-cds-unite-renaissance-invisible-presence\/"]}]},{"@type":"BreadcrumbList","@id":"https:\/\/multidimensionalmusic.com\/de\/revue-de-presse-der-4-ersten-cds-unite-renaissance-invisible-presence\/#breadcrumb","itemListElement":[{"@type":"ListItem","position":1,"name":"Home","item":"https:\/\/multidimensionalmusic.com\/de\/"},{"@type":"ListItem","position":2,"name":"REVUE DE PRESSE DER 4 ERSTEN CD&#8217;S UNIT\u00c9, RENAISSANCE &#038; INVISIBLE PRESENCE"}]},{"@type":"WebSite","@id":"https:\/\/multidimensionalmusic.com\/de\/#website","url":"https:\/\/multidimensionalmusic.com\/de\/","name":"Jacotte Chollet - La Musique Multidimensionnelle","description":"Musik f\u00fcr : Bewusstseinserweiterung - Kreativit\u00e4t - Tiefenentspannung - Massage - Meditation - Selbsthypnose - Stressbek\u00e4mpfung","publisher":{"@id":"https:\/\/multidimensionalmusic.com\/de\/#organization"},"potentialAction":[{"@type":"SearchAction","target":{"@type":"EntryPoint","urlTemplate":"https:\/\/multidimensionalmusic.com\/de\/?s={search_term_string}"},"query-input":{"@type":"PropertyValueSpecification","valueRequired":true,"valueName":"search_term_string"}}],"inLanguage":"de"},{"@type":"Organization","@id":"https:\/\/multidimensionalmusic.com\/de\/#organization","name":"Jacotte Chollet Multidimensional Music","url":"https:\/\/multidimensionalmusic.com\/de\/","logo":{"@type":"ImageObject","inLanguage":"de","@id":"https:\/\/multidimensionalmusic.com\/de\/#\/schema\/logo\/image\/","url":"https:\/\/multidimensionalmusic.com\/wp-content\/uploads\/2025\/03\/header-logo-site-vitrine-jacotte-chollet-mmd-transparent.png","contentUrl":"https:\/\/multidimensionalmusic.com\/wp-content\/uploads\/2025\/03\/header-logo-site-vitrine-jacotte-chollet-mmd-transparent.png","width":800,"height":358,"caption":"Jacotte Chollet Multidimensional Music"},"image":{"@id":"https:\/\/multidimensionalmusic.com\/de\/#\/schema\/logo\/image\/"},"sameAs":["https:\/\/www.facebook.com\/jacottecholletmusiquemultidimensionnelle\/","https:\/\/www.instagram.com\/jacottechollet\/","https:\/\/www.linkedin.com\/in\/jacotte-chollet-41a09812\/","https:\/\/www.youtube.com\/channel\/UCKDtAKgspnDQqggI1bAOl_g"]}]}},"_links":{"self":[{"href":"https:\/\/multidimensionalmusic.com\/de\/wp-json\/wp\/v2\/pages\/2953","targetHints":{"allow":["GET"]}}],"collection":[{"href":"https:\/\/multidimensionalmusic.com\/de\/wp-json\/wp\/v2\/pages"}],"about":[{"href":"https:\/\/multidimensionalmusic.com\/de\/wp-json\/wp\/v2\/types\/page"}],"author":[{"embeddable":true,"href":"https:\/\/multidimensionalmusic.com\/de\/wp-json\/wp\/v2\/users\/1"}],"replies":[{"embeddable":true,"href":"https:\/\/multidimensionalmusic.com\/de\/wp-json\/wp\/v2\/comments?post=2953"}],"version-history":[{"count":0,"href":"https:\/\/multidimensionalmusic.com\/de\/wp-json\/wp\/v2\/pages\/2953\/revisions"}],"wp:attachment":[{"href":"https:\/\/multidimensionalmusic.com\/de\/wp-json\/wp\/v2\/media?parent=2953"}],"curies":[{"name":"wp","href":"https:\/\/api.w.org\/{rel}","templated":true}]}}