{"id":2919,"date":"2017-11-28T11:10:16","date_gmt":"2017-11-28T10:10:16","guid":{"rendered":"https:\/\/multidimensionalmusic.com\/?page_id=2919"},"modified":"2021-01-16T16:20:48","modified_gmt":"2021-01-16T15:20:48","slug":"press-artikel","status":"publish","type":"page","link":"https:\/\/multidimensionalmusic.com\/de\/press-artikel\/","title":{"rendered":"Press artikel"},"content":{"rendered":"<style type=\"text\/css\">@media only screen and (min-width: 1000px) and (max-width: 5000px){body.kc-css-system .kc-css-267957{width: 25%;}body.kc-css-system .kc-css-2343650{width: 25%;}body.kc-css-system .kc-css-2838199{width: 25%;}body.kc-css-system .kc-css-2499891{width: 25%;}body.kc-css-system .kc-css-3232897{width: 25%;}body.kc-css-system .kc-css-3027449{width: 25%;}body.kc-css-system .kc-css-1118868{width: 25%;}body.kc-css-system .kc-css-4290480{width: 25%;}body.kc-css-system .kc-css-2787967{width: 33.33%;}body.kc-css-system .kc-css-2447155{width: 33.33%;}body.kc-css-system .kc-css-4091603{width: 33.33%;}body.kc-css-system .kc-css-1550433{width: 33.33%;}body.kc-css-system .kc-css-189665{width: 33.33%;}body.kc-css-system .kc-css-380311{width: 33.33%;}}body.kc-css-system .kc-css-624752{margin-top: 20px;margin-bottom: 0px;padding-top: 0px;padding-bottom: 0px;}body.kc-css-system .kc-css-221174{margin-top: 0px;margin-bottom: 0px;padding-top: 30px;padding-bottom: 0px;}body.kc-css-system .kc-css-1309091{margin-top: 10px;margin-bottom: 0px;padding-top: 10px;padding-bottom: 0px;}body.kc-css-system .kc-css-1492995{margin-top: 10px;margin-bottom: 0px;padding-top: 0px;padding-bottom: 0px;}body.kc-css-system .kc-css-3673018{margin-top: 10px;padding-top: 20px;}body.kc-css-system .kc-css-2830032{margin-top: 0px;margin-bottom: 0px;padding-top: 0px;padding-bottom: 0px;}<\/style>\n<section class=\"kc-elm kc-css-624752 kc_row\">\n<div class=\"kc-row-container  kc-container\">\n<div class=\"kc-wrap-columns\">\n<div class=\"kc-elm kc-css-619836 kc_col-sm-12 kc_column kc_col-sm-12\">\n<div class=\"kc-col-container\">\n<div class=\"kc-elm kc-css-2186551 kc_text_block\">\n<h2 style=\"text-align: center;\">Presseartikel auf Franz\u00f6sisch<\/h2>\n<\/div>\n<\/div>\n<\/div>\n<\/div>\n<\/div>\n<\/section>\n<section class=\"kc-elm kc-css-221174 kc_row\">\n<div class=\"kc-row-container  kc-container\">\n<div class=\"kc-wrap-columns\">\n<div class=\"kc-elm kc-css-267957 kc_col-sm-3 kc_column kc_col-sm-3\">\n<div class=\"kc-col-container\">\n<div class=\"kc-elm kc-css-2602938 kc_text_block\">\n<p><a href=\"http:\/\/midetplus.fr\/bien-etre\/la-musique-multidimensionnelle\/\" target=\"_blank\" rel=\"noopener\"><img fetchpriority=\"high\" decoding=\"async\" class=\"alignleft\" src=\"https:\/\/multidimensionalmusic.com\/wp-content\/uploads\/2017\/07\/article-midetplus-jacottechollet.jpg\" alt=\"\" width=\"300\" height=\"200\" \/><\/a><\/p>\n<\/div>\n<\/div>\n<\/div>\n<div class=\"kc-elm kc-css-2343650 kc_col-sm-3 kc_column kc_col-sm-3\">\n<div class=\"kc-col-container\">\n<div class=\"kc-elm kc-css-4013612 kc_text_block\">\n<p><a href=\"https:\/\/multidimensionalmusic.com\/Jacottechollet-CD-Essence-prima-aout2016-web.pdf\" target=\"_blank\" rel=\"noopener\"><img decoding=\"async\" class=\"alignleft\" src=\"https:\/\/multidimensionalmusic.com\/wp-content\/uploads\/2017\/07\/couverture-prima-lamusiquedejacottechollet.jpg\" alt=\"prima press article jacotte chollet\" width=\"300\" height=\"200\" \/><\/a><\/p>\n<\/div>\n<\/div>\n<\/div>\n<div class=\"kc-elm kc-css-2838199 kc_col-sm-3 kc_column kc_col-sm-3\">\n<div class=\"kc-col-container\">\n<div class=\"kc-elm kc-css-747594 kc_text_block\">\n<p><a href=\"https:\/\/multidimensionalmusic.com\/article-presse-musiquemultidimensionnelle-happinez-novembre-2015.pdf\" target=\"_blank\" rel=\"noopener\"><img decoding=\"async\" class=\"alignleft\" src=\"https:\/\/multidimensionalmusic.com\/wp-content\/uploads\/2017\/07\/article-presse-happinez-musique-multidimensionnelle-home.jpg\" alt=\"\" width=\"268\" height=\"180\" \/><\/a><\/p>\n<\/div>\n<\/div>\n<\/div>\n<div class=\"kc-elm kc-css-2499891 kc_col-sm-3 kc_column kc_col-sm-3\">\n<div class=\"kc-col-container\">\n<div class=\"kc-elm kc-css-3399218 kc_text_block\">\n<p><a href=\"https:\/\/multidimensionalmusic.com\/viepratiquefeminin-parution-presse-jacottechollet-mussiquemultidimensionnelle.pdf\" target=\"_blank\" rel=\"noopener\"><img loading=\"lazy\" decoding=\"async\" class=\"alignleft\" src=\"https:\/\/multidimensionalmusic.com\/wp-content\/uploads\/2017\/07\/couverture-viepratiquefeminin-septembre2015.jpg\" alt=\"\" width=\"300\" height=\"196\" \/><\/a><\/p>\n<\/div>\n<\/div>\n<\/div>\n<\/div>\n<\/div>\n<\/section>\n<section class=\"kc-elm kc-css-1309091 kc_row\">\n<div class=\"kc-row-container  kc-container\">\n<div class=\"kc-wrap-columns\">\n<div class=\"kc-elm kc-css-3232897 kc_col-sm-3 kc_column kc_col-sm-3\">\n<div class=\"kc-col-container\">\n<div class=\"kc-elm kc-css-2279999 kc_text_block\">\n<p><img loading=\"lazy\" decoding=\"async\" class=\"alignleft size-full\" src=\"https:\/\/multidimensionalmusic.com\/wp-content\/uploads\/2017\/07\/femme-actuelle-musique-jacotte-chollet-juin2018-2.png\" alt=\"\" width=\"424\" height=\"254\" \/><\/p>\n<\/div>\n<\/div>\n<\/div>\n<div class=\"kc-elm kc-css-3027449 kc_col-sm-3 kc_column kc_col-sm-3\">\n<div class=\"kc-col-container\">\n<div class=\"kc-elm kc-css-602665 kc_text_block\">\n<p><a href=\"https:\/\/multidimensionalmusic.com\/femme-actuelle-musique-multidimensionnelle-mars2015-web.pdf\" target=\"_blank\" rel=\"noopener\"><img loading=\"lazy\" decoding=\"async\" class=\"alignleft\" src=\"https:\/\/multidimensionalmusic.com\/wp-content\/uploads\/2017\/07\/femme-actuelle-parution-jacotte-chollet-avril2015.jpg\" alt=\"parution femme actuelle\" width=\"300\" height=\"196\" \/><\/a><\/p>\n<\/div>\n<\/div>\n<\/div>\n<div class=\"kc-elm kc-css-1118868 kc_col-sm-3 kc_column kc_col-sm-3\">\n<div class=\"kc-col-container\">\n<div class=\"kc-elm kc-css-390005 kc_text_block\">\n<p><a href=\"https:\/\/multidimensionalmusic.com\/femme-actuelle-musique-multidimensionnelle-mars2015-web.pdf\" target=\"_blank\" rel=\"noopener\"><img loading=\"lazy\" decoding=\"async\" class=\"alignleft\" src=\"https:\/\/multidimensionalmusic.com\/wp-content\/uploads\/2017\/07\/femme-actuelle-parution-jacotte-chollet-mars2015.jpg\" alt=\"femme actuelle la musique de jacotte chollet\" width=\"300\" height=\"196\" \/><\/a><\/p>\n<\/div>\n<\/div>\n<\/div>\n<div class=\"kc-elm kc-css-4290480 kc_col-sm-3 kc_column kc_col-sm-3\">\n<div class=\"kc-col-container\"><\/div>\n<\/div>\n<\/div>\n<\/div>\n<\/section>\n<section class=\"kc-elm kc-css-1492995 kc_row\">\n<div class=\"kc-row-container  kc-container\">\n<div class=\"kc-wrap-columns\">\n<div class=\"kc-elm kc-css-3991873 kc_col-sm-12 kc_column kc_col-sm-12\">\n<div class=\"kc-col-container\">\n<div class=\"kc-elm kc-css-3892093\" style=\"height: 20px; clear: both; width:100%;\"><\/div>\n<div class=\"kc-elm kc-css-2683181 kc_text_block\">\n<h2 style=\"text-align: center;\">Presseartikel mit Empfehlung (DEUTSCH)<\/h2>\n<\/div>\n<\/div>\n<\/div>\n<\/div>\n<\/div>\n<\/section>\n<section class=\"kc-elm kc-css-3673018 kc_row\">\n<div class=\"kc-row-container  kc-container\">\n<div class=\"kc-wrap-columns\">\n<div class=\"kc-elm kc-css-2787967 kc_col-sm-4 kc_column kc_col-sm-4\">\n<div class=\"kc-col-container\">\n<div class=\"kc-elm kc-css-3261125 kc_text_block\">\n<h3>MEDITATION FRANCE<\/h3>\n<p>Die Multidimensionale Musik von Jacotte Chollet<\/p>\n<p><a href=\"https:\/\/multidimensionalmusic.com\/meditation-france-german.pdf\" target=\"_blank\" rel=\"noopener\">Artikel<\/a><\/p>\n<\/div>\n<\/div>\n<\/div>\n<div class=\"kc-elm kc-css-2447155 kc_col-sm-4 kc_column kc_col-sm-4\">\n<div class=\"kc-col-container\">\n<div class=\"kc-elm kc-css-493055 kc_text_block\">\n<h3>SACREE PLANETE<\/h3>\n<p>Jacotte Chollet und die Multidimensionale Musik<\/p>\n<p><a href=\"https:\/\/multidimensionalmusic.com\/SP-ARTICLE-ALLEMAND-WEB.pdf\" target=\"_blank\" rel=\"noopener\">Artikel<\/a><\/p>\n<\/div>\n<\/div>\n<\/div>\n<div class=\"kc-elm kc-css-4091603 kc_col-sm-4 kc_column kc_col-sm-4\">\n<div class=\"kc-col-container\">\n<div class=\"kc-elm kc-css-498397 kc_text_block\">\n<h3 class=\"p1\">LA VIE NATURELLE<\/h3>\n<p class=\"p1\">Holistische Klangtherapie<\/p>\n<p><a href=\"https:\/\/multidimensionalmusic.com\/de\/holistische-klangtherapie\/\" target=\"_blank\" rel=\"noopener\">Artikel<\/a><\/p>\n<\/div>\n<\/div>\n<\/div>\n<\/div>\n<\/div>\n<\/section>\n<section class=\"kc-elm kc-css-2830032 kc_row\">\n<div class=\"kc-row-container  kc-container\">\n<div class=\"kc-wrap-columns\">\n<div class=\"kc-elm kc-css-3938677 kc_col-sm-12 kc_column kc_col-sm-12\">\n<div class=\"kc-col-container\">\n<div class=\"kc-elm kc-css-3194101\" style=\"height: 40px; clear: both; width:100%;\"><\/div>\n<div class=\"kc-elm kc-css-3332492 kc_text_block\">\n<h2 style=\"text-align: center;\">Andere Presseartikel &#8211; (DEUTSCH)<\/h2>\n<\/div>\n<div class=\"kc-elm kc-css-1010335 kc_text_block\">\n<p style=\"text-align: center;\"><a href=\"https:\/\/multidimensionalmusic.com\/de\/eine-revolution-gesund-werden-durch-tone\/\" target=\"_blank\" rel=\"noopener\">EINE REVOLUTION: HEIL-WERDEN DURCH KL\u00c4NGE<\/a><\/p>\n<p style=\"text-align: center;\"><a href=\"https:\/\/multidimensionalmusic.com\/de\/pr-regis-dutheil\/\" target=\"_blank\" rel=\"noopener\">DIE SUPERLICHTE MEDIZIN<\/a><\/p>\n<p style=\"text-align: center;\"><a href=\"https:\/\/multidimensionalmusic.com\/de\/revue-de-presse-der-4-ersten-cds-unite-renaissance-invisible-presence\/\" target=\"_blank\" rel=\"noopener\">REVUE DE PRESSE DER 4 ERSTEN CD<\/a><\/p>\n<\/div>\n<div class=\"kc-elm kc-css-1199213\" style=\"height: 40px; clear: both; width:100%;\"><\/div>\n<div class=\"kc-elm kc-css-3822397 kc_text_block\">\n<h2 style=\"text-align: center;\">Interviews (english)<\/h2>\n<\/div>\n<\/div>\n<\/div>\n<\/div>\n<\/div>\n<\/section>\n<section class=\"kc-elm kc-css-3098742 kc_row\">\n<div class=\"kc-row-container  kc-container\">\n<div class=\"kc-wrap-columns\">\n<div class=\"kc-elm kc-css-1550433 kc_col-sm-4 kc_column kc_col-sm-4\">\n<div class=\"kc-col-container\">\n<div class=\"kc-elm kc-css-3711023 kc_shortcode kc_video_play kc_video_wrapper\" data-video=\"https:\/\/www.youtube.com\/watch?v=bHj8h5eloAA\" data-width=\"600\" data-height=\"338.98305084746\" data-fullwidth=\"\" data-autoplay=\"\" data-loop=\"yes\" data-control=\"yes\" data-related=\"\" data-showinfo=\"\" data-kc-video-mute=\"\">\n\t\t\t<\/div>\n<div class=\"kc-elm kc-css-2305031 kc_text_block cotte Chollet : A powerful transformational tool.\">\n<p class=\"p1\"><strong><span class=\"s1\">Interview of Jacotte Chollet by Lilou Mace at Zen trade show<\/span><\/strong><\/p>\n<\/div>\n<\/div>\n<\/div>\n<div class=\"kc-elm kc-css-189665 kc_col-sm-4 kc_column kc_col-sm-4\">\n<div class=\"kc-col-container\">\n<div class=\"kc-elm kc-css-3194568 kc_shortcode kc_video_play kc_video_wrapper\" data-video=\"https:\/\/youtu.be\/a4HS6_pgvL8\" data-width=\"600\" data-height=\"338.98305084746\" data-fullwidth=\"\" data-autoplay=\"\" data-loop=\"yes\" data-control=\"yes\" data-related=\"\" data-showinfo=\"\" data-kc-video-mute=\"\">\n\t\t\t<\/div>\n<div class=\"kc-elm kc-css-781208 kc_text_block cotte Chollet : A powerful transformational tool.\">\n<p class=\"p1\"><strong><span class=\"s1\">Interview of Jacotte Chollet by Jeffrey Mishlove on Wisdom Radio Live &#8211; Part 1<br \/><\/span><\/strong><\/p>\n<\/div>\n<\/div>\n<\/div>\n<div class=\"kc-elm kc-css-380311 kc_col-sm-4 kc_column kc_col-sm-4\">\n<div class=\"kc-col-container\">\n<div class=\"kc-elm kc-css-1959177 kc_shortcode kc_video_play kc_video_wrapper\" data-video=\"https:\/\/youtu.be\/3jTtPLRc5zY\" data-width=\"600\" data-height=\"338.98305084746\" data-fullwidth=\"\" data-autoplay=\"\" data-loop=\"yes\" data-control=\"yes\" data-related=\"\" data-showinfo=\"\" data-kc-video-mute=\"\">\n\t\t\t<\/div>\n<div class=\"kc-elm kc-css-3811636 kc_text_block cotte Chollet : A powerful transformational tool.\">\n<p class=\"p1\"><strong><span class=\"s1\">Interview of Jacotte Chollet by Jeffrey Mishlove on Wisdom Radio Live &#8211; part 2<br \/><\/span><\/strong><\/p>\n<\/div>\n<\/div>\n<\/div>\n<\/div>\n<\/div>\n<\/section>\n<section class=\"kc-elm kc-css-3336949 kc_row\">\n<div class=\"kc-row-container  kc-container\">\n<div class=\"kc-wrap-columns\">\n<div class=\"kc-elm kc-css-3445698 kc_col-sm-12 kc_column kc_col-sm-12\">\n<div class=\"kc-col-container\">\n<div class=\"kc-elm kc-css-2132995\" style=\"height: 40px; clear: both; width:100%;\"><\/div>\n<\/div>\n<\/div>\n<\/div>\n<\/div>\n<\/section>\n","protected":false},"excerpt":{"rendered":"<p>Presseartikel auf Franz\u00f6sisch Presseartikel mit Empfehlung (DEUTSCH) MEDITATION FRANCE Die Multidimensionale Musik von Jacotte Chollet Artikel SACREE PLANETE Jacotte Chollet und die Multidimensionale Musik Artikel LA VIE NATURELLE Holistische Klangtherapie Artikel Andere Presseartikel &#8211; (DEUTSCH) EINE REVOLUTION: HEIL-WERDEN DURCH KL\u00c4NGE DIE SUPERLICHTE MEDIZIN REVUE DE PRESSE DER 4 ERSTEN CD Interviews (english) Interview of Jacotte [&hellip;]<\/p>\n","protected":false},"author":1,"featured_media":0,"parent":0,"menu_order":0,"comment_status":"closed","ping_status":"closed","template":"","meta":{"site-sidebar-layout":"default","site-content-layout":"","ast-site-content-layout":"default","site-content-style":"default","site-sidebar-style":"default","ast-global-header-display":"","ast-banner-title-visibility":"","ast-main-header-display":"","ast-hfb-above-header-display":"","ast-hfb-below-header-display":"","ast-hfb-mobile-header-display":"","site-post-title":"","ast-breadcrumbs-content":"","ast-featured-img":"","footer-sml-layout":"","ast-disable-related-posts":"","theme-transparent-header-meta":"","adv-header-id-meta":"","stick-header-meta":"","header-above-stick-meta":"","header-main-stick-meta":"","header-below-stick-meta":"","astra-migrate-meta-layouts":"default","ast-page-background-enabled":"default","ast-page-background-meta":{"desktop":{"background-color":"var(--ast-global-color-4)","background-image":"","background-repeat":"repeat","background-position":"center center","background-size":"auto","background-attachment":"scroll","background-type":"","background-media":"","overlay-type":"","overlay-color":"","overlay-opacity":"","overlay-gradient":""},"tablet":{"background-color":"","background-image":"","background-repeat":"repeat","background-position":"center center","background-size":"auto","background-attachment":"scroll","background-type":"","background-media":"","overlay-type":"","overlay-color":"","overlay-opacity":"","overlay-gradient":""},"mobile":{"background-color":"","background-image":"","background-repeat":"repeat","background-position":"center center","background-size":"auto","background-attachment":"scroll","background-type":"","background-media":"","overlay-type":"","overlay-color":"","overlay-opacity":"","overlay-gradient":""}},"ast-content-background-meta":{"desktop":{"background-color":"var(--ast-global-color-5)","background-image":"","background-repeat":"repeat","background-position":"center center","background-size":"auto","background-attachment":"scroll","background-type":"","background-media":"","overlay-type":"","overlay-color":"","overlay-opacity":"","overlay-gradient":""},"tablet":{"background-color":"var(--ast-global-color-5)","background-image":"","background-repeat":"repeat","background-position":"center center","background-size":"auto","background-attachment":"scroll","background-type":"","background-media":"","overlay-type":"","overlay-color":"","overlay-opacity":"","overlay-gradient":""},"mobile":{"background-color":"var(--ast-global-color-5)","background-image":"","background-repeat":"repeat","background-position":"center center","background-size":"auto","background-attachment":"scroll","background-type":"","background-media":"","overlay-type":"","overlay-color":"","overlay-opacity":"","overlay-gradient":""}},"footnotes":""},"class_list":["post-2919","page","type-page","status-publish","hentry"],"yoast_head":"<!-- This site is optimized with the Yoast SEO Premium plugin v21.7 (Yoast SEO v27.4) - https:\/\/yoast.com\/product\/yoast-seo-premium-wordpress\/ -->\n<title>Press artikel - Die Multidimensionale Musik von Jacotte Chollet<\/title>\n<meta name=\"robots\" content=\"index, follow, max-snippet:-1, max-image-preview:large, max-video-preview:-1\" \/>\n<link rel=\"canonical\" href=\"https:\/\/multidimensionalmusic.com\/de\/press-artikel\/\" \/>\n<meta property=\"og:locale\" content=\"de_DE\" \/>\n<meta property=\"og:type\" content=\"article\" \/>\n<meta property=\"og:title\" content=\"Press artikel\" \/>\n<meta property=\"og:description\" content=\"Presseartikel auf Franz\u00f6sisch Presseartikel mit Empfehlung (DEUTSCH) MEDITATION FRANCE Die Multidimensionale Musik von Jacotte Chollet Artikel SACREE PLANETE Jacotte Chollet und die Multidimensionale Musik Artikel LA VIE NATURELLE Holistische Klangtherapie Artikel Andere Presseartikel &#8211; (DEUTSCH) EINE REVOLUTION: HEIL-WERDEN DURCH KL\u00c4NGE DIE SUPERLICHTE MEDIZIN REVUE DE PRESSE DER 4 ERSTEN CD Interviews (english) Interview of Jacotte [&hellip;]\" \/>\n<meta property=\"og:url\" content=\"https:\/\/multidimensionalmusic.com\/de\/press-artikel\/\" \/>\n<meta property=\"og:site_name\" content=\"Die Multidimensionale Musik von Jacotte Chollet\" \/>\n<meta property=\"article:publisher\" content=\"https:\/\/www.facebook.com\/jacottecholletmusiquemultidimensionnelle\/\" \/>\n<meta property=\"article:modified_time\" content=\"2021-01-16T15:20:48+00:00\" \/>\n<meta property=\"og:image\" content=\"https:\/\/multidimensionalmusic.com\/wp-content\/uploads\/2017\/07\/article-midetplus-jacottechollet.jpg\" \/>\n<meta name=\"twitter:card\" content=\"summary_large_image\" \/>\n<script type=\"application\/ld+json\" class=\"yoast-schema-graph\">{\"@context\":\"https:\\\/\\\/schema.org\",\"@graph\":[{\"@type\":\"WebPage\",\"@id\":\"https:\\\/\\\/multidimensionalmusic.com\\\/de\\\/press-artikel\\\/\",\"url\":\"https:\\\/\\\/multidimensionalmusic.com\\\/de\\\/press-artikel\\\/\",\"name\":\"Press artikel - Die Multidimensionale Musik von Jacotte Chollet\",\"isPartOf\":{\"@id\":\"https:\\\/\\\/multidimensionalmusic.com\\\/de\\\/#website\"},\"primaryImageOfPage\":{\"@id\":\"https:\\\/\\\/multidimensionalmusic.com\\\/de\\\/press-artikel\\\/#primaryimage\"},\"image\":{\"@id\":\"https:\\\/\\\/multidimensionalmusic.com\\\/de\\\/press-artikel\\\/#primaryimage\"},\"thumbnailUrl\":\"https:\\\/\\\/multidimensionalmusic.com\\\/wp-content\\\/uploads\\\/2017\\\/07\\\/article-midetplus-jacottechollet.jpg\",\"datePublished\":\"2017-11-28T10:10:16+00:00\",\"dateModified\":\"2021-01-16T15:20:48+00:00\",\"breadcrumb\":{\"@id\":\"https:\\\/\\\/multidimensionalmusic.com\\\/de\\\/press-artikel\\\/#breadcrumb\"},\"inLanguage\":\"de\",\"potentialAction\":[{\"@type\":\"ReadAction\",\"target\":[\"https:\\\/\\\/multidimensionalmusic.com\\\/de\\\/press-artikel\\\/\"]}]},{\"@type\":\"ImageObject\",\"inLanguage\":\"de\",\"@id\":\"https:\\\/\\\/multidimensionalmusic.com\\\/de\\\/press-artikel\\\/#primaryimage\",\"url\":\"https:\\\/\\\/multidimensionalmusic.com\\\/wp-content\\\/uploads\\\/2017\\\/07\\\/article-midetplus-jacottechollet.jpg\",\"contentUrl\":\"https:\\\/\\\/multidimensionalmusic.com\\\/wp-content\\\/uploads\\\/2017\\\/07\\\/article-midetplus-jacottechollet.jpg\"},{\"@type\":\"BreadcrumbList\",\"@id\":\"https:\\\/\\\/multidimensionalmusic.com\\\/de\\\/press-artikel\\\/#breadcrumb\",\"itemListElement\":[{\"@type\":\"ListItem\",\"position\":1,\"name\":\"Home\",\"item\":\"https:\\\/\\\/multidimensionalmusic.com\\\/de\\\/\"},{\"@type\":\"ListItem\",\"position\":2,\"name\":\"Press artikel\"}]},{\"@type\":\"WebSite\",\"@id\":\"https:\\\/\\\/multidimensionalmusic.com\\\/de\\\/#website\",\"url\":\"https:\\\/\\\/multidimensionalmusic.com\\\/de\\\/\",\"name\":\"Jacotte Chollet - La Musique Multidimensionnelle\",\"description\":\"Musik f\u00fcr : Bewusstseinserweiterung - Kreativit\u00e4t - Tiefenentspannung - Massage - Meditation - Selbsthypnose - Stressbek\u00e4mpfung\",\"publisher\":{\"@id\":\"https:\\\/\\\/multidimensionalmusic.com\\\/de\\\/#organization\"},\"potentialAction\":[{\"@type\":\"SearchAction\",\"target\":{\"@type\":\"EntryPoint\",\"urlTemplate\":\"https:\\\/\\\/multidimensionalmusic.com\\\/de\\\/?s={search_term_string}\"},\"query-input\":{\"@type\":\"PropertyValueSpecification\",\"valueRequired\":true,\"valueName\":\"search_term_string\"}}],\"inLanguage\":\"de\"},{\"@type\":\"Organization\",\"@id\":\"https:\\\/\\\/multidimensionalmusic.com\\\/de\\\/#organization\",\"name\":\"Jacotte Chollet Multidimensional Music\",\"url\":\"https:\\\/\\\/multidimensionalmusic.com\\\/de\\\/\",\"logo\":{\"@type\":\"ImageObject\",\"inLanguage\":\"de\",\"@id\":\"https:\\\/\\\/multidimensionalmusic.com\\\/de\\\/#\\\/schema\\\/logo\\\/image\\\/\",\"url\":\"https:\\\/\\\/multidimensionalmusic.com\\\/wp-content\\\/uploads\\\/2025\\\/03\\\/header-logo-site-vitrine-jacotte-chollet-mmd-transparent.png\",\"contentUrl\":\"https:\\\/\\\/multidimensionalmusic.com\\\/wp-content\\\/uploads\\\/2025\\\/03\\\/header-logo-site-vitrine-jacotte-chollet-mmd-transparent.png\",\"width\":800,\"height\":358,\"caption\":\"Jacotte Chollet Multidimensional Music\"},\"image\":{\"@id\":\"https:\\\/\\\/multidimensionalmusic.com\\\/de\\\/#\\\/schema\\\/logo\\\/image\\\/\"},\"sameAs\":[\"https:\\\/\\\/www.facebook.com\\\/jacottecholletmusiquemultidimensionnelle\\\/\",\"https:\\\/\\\/www.instagram.com\\\/jacottechollet\\\/\",\"https:\\\/\\\/www.linkedin.com\\\/in\\\/jacotte-chollet-41a09812\\\/\",\"https:\\\/\\\/www.youtube.com\\\/channel\\\/UCKDtAKgspnDQqggI1bAOl_g\"]}]}<\/script>\n<!-- \/ Yoast SEO Premium plugin. -->","yoast_head_json":{"title":"Press artikel - Die Multidimensionale Musik von Jacotte Chollet","robots":{"index":"index","follow":"follow","max-snippet":"max-snippet:-1","max-image-preview":"max-image-preview:large","max-video-preview":"max-video-preview:-1"},"canonical":"https:\/\/multidimensionalmusic.com\/de\/press-artikel\/","og_locale":"de_DE","og_type":"article","og_title":"Press artikel","og_description":"Presseartikel auf Franz\u00f6sisch Presseartikel mit Empfehlung (DEUTSCH) MEDITATION FRANCE Die Multidimensionale Musik von Jacotte Chollet Artikel SACREE PLANETE Jacotte Chollet und die Multidimensionale Musik Artikel LA VIE NATURELLE Holistische Klangtherapie Artikel Andere Presseartikel &#8211; (DEUTSCH) EINE REVOLUTION: HEIL-WERDEN DURCH KL\u00c4NGE DIE SUPERLICHTE MEDIZIN REVUE DE PRESSE DER 4 ERSTEN CD Interviews (english) Interview of Jacotte [&hellip;]","og_url":"https:\/\/multidimensionalmusic.com\/de\/press-artikel\/","og_site_name":"Die Multidimensionale Musik von Jacotte Chollet","article_publisher":"https:\/\/www.facebook.com\/jacottecholletmusiquemultidimensionnelle\/","article_modified_time":"2021-01-16T15:20:48+00:00","og_image":[{"url":"https:\/\/multidimensionalmusic.com\/wp-content\/uploads\/2017\/07\/article-midetplus-jacottechollet.jpg","type":"","width":"","height":""}],"twitter_card":"summary_large_image","schema":{"@context":"https:\/\/schema.org","@graph":[{"@type":"WebPage","@id":"https:\/\/multidimensionalmusic.com\/de\/press-artikel\/","url":"https:\/\/multidimensionalmusic.com\/de\/press-artikel\/","name":"Press artikel - Die Multidimensionale Musik von Jacotte Chollet","isPartOf":{"@id":"https:\/\/multidimensionalmusic.com\/de\/#website"},"primaryImageOfPage":{"@id":"https:\/\/multidimensionalmusic.com\/de\/press-artikel\/#primaryimage"},"image":{"@id":"https:\/\/multidimensionalmusic.com\/de\/press-artikel\/#primaryimage"},"thumbnailUrl":"https:\/\/multidimensionalmusic.com\/wp-content\/uploads\/2017\/07\/article-midetplus-jacottechollet.jpg","datePublished":"2017-11-28T10:10:16+00:00","dateModified":"2021-01-16T15:20:48+00:00","breadcrumb":{"@id":"https:\/\/multidimensionalmusic.com\/de\/press-artikel\/#breadcrumb"},"inLanguage":"de","potentialAction":[{"@type":"ReadAction","target":["https:\/\/multidimensionalmusic.com\/de\/press-artikel\/"]}]},{"@type":"ImageObject","inLanguage":"de","@id":"https:\/\/multidimensionalmusic.com\/de\/press-artikel\/#primaryimage","url":"https:\/\/multidimensionalmusic.com\/wp-content\/uploads\/2017\/07\/article-midetplus-jacottechollet.jpg","contentUrl":"https:\/\/multidimensionalmusic.com\/wp-content\/uploads\/2017\/07\/article-midetplus-jacottechollet.jpg"},{"@type":"BreadcrumbList","@id":"https:\/\/multidimensionalmusic.com\/de\/press-artikel\/#breadcrumb","itemListElement":[{"@type":"ListItem","position":1,"name":"Home","item":"https:\/\/multidimensionalmusic.com\/de\/"},{"@type":"ListItem","position":2,"name":"Press artikel"}]},{"@type":"WebSite","@id":"https:\/\/multidimensionalmusic.com\/de\/#website","url":"https:\/\/multidimensionalmusic.com\/de\/","name":"Jacotte Chollet - La Musique Multidimensionnelle","description":"Musik f\u00fcr : Bewusstseinserweiterung - Kreativit\u00e4t - Tiefenentspannung - Massage - Meditation - Selbsthypnose - Stressbek\u00e4mpfung","publisher":{"@id":"https:\/\/multidimensionalmusic.com\/de\/#organization"},"potentialAction":[{"@type":"SearchAction","target":{"@type":"EntryPoint","urlTemplate":"https:\/\/multidimensionalmusic.com\/de\/?s={search_term_string}"},"query-input":{"@type":"PropertyValueSpecification","valueRequired":true,"valueName":"search_term_string"}}],"inLanguage":"de"},{"@type":"Organization","@id":"https:\/\/multidimensionalmusic.com\/de\/#organization","name":"Jacotte Chollet Multidimensional Music","url":"https:\/\/multidimensionalmusic.com\/de\/","logo":{"@type":"ImageObject","inLanguage":"de","@id":"https:\/\/multidimensionalmusic.com\/de\/#\/schema\/logo\/image\/","url":"https:\/\/multidimensionalmusic.com\/wp-content\/uploads\/2025\/03\/header-logo-site-vitrine-jacotte-chollet-mmd-transparent.png","contentUrl":"https:\/\/multidimensionalmusic.com\/wp-content\/uploads\/2025\/03\/header-logo-site-vitrine-jacotte-chollet-mmd-transparent.png","width":800,"height":358,"caption":"Jacotte Chollet Multidimensional Music"},"image":{"@id":"https:\/\/multidimensionalmusic.com\/de\/#\/schema\/logo\/image\/"},"sameAs":["https:\/\/www.facebook.com\/jacottecholletmusiquemultidimensionnelle\/","https:\/\/www.instagram.com\/jacottechollet\/","https:\/\/www.linkedin.com\/in\/jacotte-chollet-41a09812\/","https:\/\/www.youtube.com\/channel\/UCKDtAKgspnDQqggI1bAOl_g"]}]}},"_links":{"self":[{"href":"https:\/\/multidimensionalmusic.com\/de\/wp-json\/wp\/v2\/pages\/2919","targetHints":{"allow":["GET"]}}],"collection":[{"href":"https:\/\/multidimensionalmusic.com\/de\/wp-json\/wp\/v2\/pages"}],"about":[{"href":"https:\/\/multidimensionalmusic.com\/de\/wp-json\/wp\/v2\/types\/page"}],"author":[{"embeddable":true,"href":"https:\/\/multidimensionalmusic.com\/de\/wp-json\/wp\/v2\/users\/1"}],"replies":[{"embeddable":true,"href":"https:\/\/multidimensionalmusic.com\/de\/wp-json\/wp\/v2\/comments?post=2919"}],"version-history":[{"count":0,"href":"https:\/\/multidimensionalmusic.com\/de\/wp-json\/wp\/v2\/pages\/2919\/revisions"}],"wp:attachment":[{"href":"https:\/\/multidimensionalmusic.com\/de\/wp-json\/wp\/v2\/media?parent=2919"}],"curies":[{"name":"wp","href":"https:\/\/api.w.org\/{rel}","templated":true}]}}