{"id":2696,"date":"2017-11-24T16:08:04","date_gmt":"2017-11-24T15:08:04","guid":{"rendered":"https:\/\/multidimensionalmusic.com\/?page_id=2696"},"modified":"2025-05-23T18:02:28","modified_gmt":"2025-05-23T16:02:28","slug":"pr-regis-dutheil","status":"publish","type":"page","link":"https:\/\/multidimensionalmusic.com\/de\/pr-regis-dutheil\/","title":{"rendered":"Pr R\u00e9gis Dutheil"},"content":{"rendered":"\t\t<div data-elementor-type=\"wp-page\" data-elementor-id=\"2696\" class=\"elementor elementor-2696 elementor-17\" data-elementor-post-type=\"page\">\n\t\t\t\t<div class=\"elementor-element elementor-element-63bf6e15 e-flex e-con-boxed e-con e-parent\" data-id=\"63bf6e15\" data-element_type=\"container\" data-e-type=\"container\">\n\t\t\t\t\t<div class=\"e-con-inner\">\n\t\t\t\t<div class=\"elementor-element elementor-element-7125985 elementor-widget elementor-widget-text-editor\" data-id=\"7125985\" data-element_type=\"widget\" data-e-type=\"widget\" data-widget_type=\"text-editor.default\">\n\t\t\t\t\t\t\t\t\t<h3>PR. R\u00c9GIS DUTHEIL, eine neue Konzeption der Medizin.<\/h3><p>R\u00e9gis Dutheil ist Professor f\u00fcr Physik und Biophysik an der medizinischen Fakult\u00e4t von Poitiers gewesen.<br \/>Als Agr\u00e9g\u00e9 f\u00fcr Medizin hat er sich seit 1973 der Erforschung in Grundlagen-Physik gewidmet.<br \/>Autor von Der superlichte Mensch, er war stellvertretender Direktor der Fondation Louis de Broglie in Paris.<\/p><p><strong>In seinem zweiten Buch \u201eDIE \u00dcBERLICHTSCHNELLE MEDIZIN\u201c, Kapitel 8: \u201e\u00d6FFNUNG F\u00dcR EINE MEDIZIN DES 21. JAHRHUNDERTS\u201c, berichtet er \u00fcber die Forschung und das Schaffen von Jacotte CHOLLET, das er zun\u00e4chst als \u201eholophonische Klangstrukturen\u201c bezeichnete. Sp\u00e4ter wurde schlie\u00dflich der \u00fcbergeordnete Begriff MULTIDIMENSIONALE MUSIK gew\u00e4hlt.<\/strong><\/p>\t\t\t\t\t\t\t\t<\/div>\n\t\t\t\t\t<\/div>\n\t\t\t\t<\/div>\n\t\t<div class=\"elementor-element elementor-element-c86877f e-flex e-con-boxed e-con e-parent\" data-id=\"c86877f\" data-element_type=\"container\" data-e-type=\"container\">\n\t\t\t\t\t<div class=\"e-con-inner\">\n\t\t\t\t<div class=\"elementor-element elementor-element-f529b0a elementor-widget__width-initial elementor-widget elementor-widget-image\" data-id=\"f529b0a\" data-element_type=\"widget\" data-e-type=\"widget\" data-widget_type=\"image.default\">\n\t\t\t\t\t\t\t\t\t\t\t\t\t\t\t<img fetchpriority=\"high\" decoding=\"async\" width=\"212\" height=\"312\" src=\"https:\/\/multidimensionalmusic.com\/wp-content\/uploads\/2017\/07\/medecine-superlumineuse-regis-dutheil.jpg\" class=\"attachment-large size-large wp-image-196\" alt=\"R\u00e9gis Dutheil, la m\u00e9decine superlumineuse, \u00e9ditions Sand\" srcset=\"https:\/\/multidimensionalmusic.com\/wp-content\/uploads\/2017\/07\/medecine-superlumineuse-regis-dutheil.jpg 212w, https:\/\/multidimensionalmusic.com\/wp-content\/uploads\/2017\/07\/medecine-superlumineuse-regis-dutheil-204x300.jpg 204w, https:\/\/multidimensionalmusic.com\/wp-content\/uploads\/2017\/07\/medecine-superlumineuse-regis-dutheil-99x146.jpg 99w, https:\/\/multidimensionalmusic.com\/wp-content\/uploads\/2017\/07\/medecine-superlumineuse-regis-dutheil-34x50.jpg 34w, https:\/\/multidimensionalmusic.com\/wp-content\/uploads\/2017\/07\/medecine-superlumineuse-regis-dutheil-51x75.jpg 51w\" sizes=\"(max-width: 212px) 100vw, 212px\" \/>\t\t\t\t\t\t\t\t\t\t\t\t\t\t\t<\/div>\n\t\t\t\t<div class=\"elementor-element elementor-element-24540f7 elementor-widget elementor-widget-text-editor\" data-id=\"24540f7\" data-element_type=\"widget\" data-e-type=\"widget\" data-widget_type=\"text-editor.default\">\n\t\t\t\t\t\t\t\t\t<h3>LA M\u00c9DECINE SUPERLUMINEUSE<\/h3><p>R\u00e9gis Dutheil in seinem Buch Die superlichte Medizin, das von der Entwicklung der Medizin von der Antike an bis hin in unsere Tage handelt, und das darlegt, wie die Medizin des dritten Jahrtausends sein k\u00f6nnte, ein Kapitel der Forschung von Jacotte Chollet und der Wirkung ihrer Musik auf den K\u00f6rper und auf die Psyche.<\/p><p>In kapitel viii, das den titel tr\u00e4gt: OUVERTURE F\u00dcR EINE MEDIZIN DES 21. JAHRHUNDERTS.<br \/>Editions Sand, Paris.<\/p>\t\t\t\t\t\t\t\t<\/div>\n\t\t\t\t\t<\/div>\n\t\t\t\t<\/div>\n\t\t<div class=\"elementor-element elementor-element-4549236 e-flex e-con-boxed e-con e-parent\" data-id=\"4549236\" data-element_type=\"container\" data-e-type=\"container\">\n\t\t\t\t\t<div class=\"e-con-inner\">\n\t\t\t\t<div class=\"elementor-element elementor-element-fbcf077 elementor-widget elementor-widget-text-editor\" data-id=\"fbcf077\" data-element_type=\"widget\" data-e-type=\"widget\" data-widget_type=\"text-editor.default\">\n\t\t\t\t\t\t\t\t\t<p><em><strong>\u00dcbersetzung Erfahrungen und Anwenderberichte&#8221;Gegenw\u00e4rtig&#8221;, unterstreicht Professor Regis Dutheil,&#8221; ist die einzige Methode, die sich der Medizin des 21. Jahrhunderts ann\u00e4hert, die multidimensionale Musik, denn sie ber\u00fchrt gleichzeitig den elektromagnetischen K\u00f6rper und das Bewusstsein. Sie stellt die Negentropie wieder her.<\/strong><\/em><\/p><p><em><strong>Es gibt zun\u00e4chst einen autodiagnostischen und im Anschluss daran einen therapeutischen Effekt, durch das Aufdecken von Traumatisierungen und Korrekturen, die das &#8220;Bewusstsein&#8221; herbeif\u00fchren kann.<\/strong><\/em><br \/><em><strong>Auf diesem Bewusstseinsniveau existiert keine Zeit mehr.<\/strong><\/em><br \/><em><strong>Die Vergangenheit \u00fcberlagert die Gegenwart, der multidimensionale K\u00f6rper breitet sich aus in Vergangenheit und Zukunft des Hologramms.<\/strong><\/em><\/p><h5>REGIS DUTHEIL<\/h5><p>Professor f\u00fcr Physik und Biophysik, Agr\u00e9g\u00e9 f\u00fcr Medizin<\/p>\t\t\t\t\t\t\t\t<\/div>\n\t\t\t\t<div class=\"elementor-element elementor-element-5e17a6f elementor-widget elementor-widget-spacer\" data-id=\"5e17a6f\" data-element_type=\"widget\" data-e-type=\"widget\" data-widget_type=\"spacer.default\">\n\t\t\t\t\t\t\t<div class=\"elementor-spacer\">\n\t\t\t<div class=\"elementor-spacer-inner\"><\/div>\n\t\t<\/div>\n\t\t\t\t\t\t<\/div>\n\t\t\t\t\t<\/div>\n\t\t\t\t<\/div>\n\t\t\t\t<\/div>\n\t\t","protected":false},"excerpt":{"rendered":"<p>PR. R\u00c9GIS DUTHEIL, eine neue Konzeption der Medizin. R\u00e9gis Dutheil ist Professor f\u00fcr Physik und Biophysik an der medizinischen Fakult\u00e4t von Poitiers gewesen.Als Agr\u00e9g\u00e9 f\u00fcr Medizin hat er sich seit 1973 der Erforschung in Grundlagen-Physik gewidmet.Autor von Der superlichte Mensch, er war stellvertretender Direktor der Fondation Louis de Broglie in Paris. In seinem zweiten Buch [&hellip;]<\/p>\n","protected":false},"author":1,"featured_media":0,"parent":0,"menu_order":0,"comment_status":"closed","ping_status":"closed","template":"","meta":{"site-sidebar-layout":"default","site-content-layout":"","ast-site-content-layout":"default","site-content-style":"default","site-sidebar-style":"default","ast-global-header-display":"","ast-banner-title-visibility":"","ast-main-header-display":"","ast-hfb-above-header-display":"","ast-hfb-below-header-display":"","ast-hfb-mobile-header-display":"","site-post-title":"","ast-breadcrumbs-content":"","ast-featured-img":"","footer-sml-layout":"","ast-disable-related-posts":"","theme-transparent-header-meta":"","adv-header-id-meta":"","stick-header-meta":"","header-above-stick-meta":"","header-main-stick-meta":"","header-below-stick-meta":"","astra-migrate-meta-layouts":"default","ast-page-background-enabled":"default","ast-page-background-meta":{"desktop":{"background-color":"var(--ast-global-color-4)","background-image":"","background-repeat":"repeat","background-position":"center center","background-size":"auto","background-attachment":"scroll","background-type":"","background-media":"","overlay-type":"","overlay-color":"","overlay-opacity":"","overlay-gradient":""},"tablet":{"background-color":"","background-image":"","background-repeat":"repeat","background-position":"center center","background-size":"auto","background-attachment":"scroll","background-type":"","background-media":"","overlay-type":"","overlay-color":"","overlay-opacity":"","overlay-gradient":""},"mobile":{"background-color":"","background-image":"","background-repeat":"repeat","background-position":"center center","background-size":"auto","background-attachment":"scroll","background-type":"","background-media":"","overlay-type":"","overlay-color":"","overlay-opacity":"","overlay-gradient":""}},"ast-content-background-meta":{"desktop":{"background-color":"var(--ast-global-color-5)","background-image":"","background-repeat":"repeat","background-position":"center center","background-size":"auto","background-attachment":"scroll","background-type":"","background-media":"","overlay-type":"","overlay-color":"","overlay-opacity":"","overlay-gradient":""},"tablet":{"background-color":"var(--ast-global-color-5)","background-image":"","background-repeat":"repeat","background-position":"center center","background-size":"auto","background-attachment":"scroll","background-type":"","background-media":"","overlay-type":"","overlay-color":"","overlay-opacity":"","overlay-gradient":""},"mobile":{"background-color":"var(--ast-global-color-5)","background-image":"","background-repeat":"repeat","background-position":"center center","background-size":"auto","background-attachment":"scroll","background-type":"","background-media":"","overlay-type":"","overlay-color":"","overlay-opacity":"","overlay-gradient":""}},"footnotes":""},"class_list":["post-2696","page","type-page","status-publish","hentry"],"yoast_head":"<!-- This site is optimized with the Yoast SEO Premium plugin v21.7 (Yoast SEO v27.3) - https:\/\/yoast.com\/product\/yoast-seo-premium-wordpress\/ -->\n<title>Pr R\u00e9gis Dutheil - Die Multidimensionale Musik von Jacotte Chollet<\/title>\n<meta name=\"robots\" content=\"index, follow, max-snippet:-1, max-image-preview:large, max-video-preview:-1\" \/>\n<link rel=\"canonical\" href=\"https:\/\/multidimensionalmusic.com\/de\/pr-regis-dutheil\/\" \/>\n<meta property=\"og:locale\" content=\"de_DE\" \/>\n<meta property=\"og:type\" content=\"article\" \/>\n<meta property=\"og:title\" content=\"Pr R\u00e9gis Dutheil\" \/>\n<meta property=\"og:description\" content=\"PR. R\u00c9GIS DUTHEIL, eine neue Konzeption der Medizin. R\u00e9gis Dutheil ist Professor f\u00fcr Physik und Biophysik an der medizinischen Fakult\u00e4t von Poitiers gewesen.Als Agr\u00e9g\u00e9 f\u00fcr Medizin hat er sich seit 1973 der Erforschung in Grundlagen-Physik gewidmet.Autor von Der superlichte Mensch, er war stellvertretender Direktor der Fondation Louis de Broglie in Paris. In seinem zweiten Buch [&hellip;]\" \/>\n<meta property=\"og:url\" content=\"https:\/\/multidimensionalmusic.com\/de\/pr-regis-dutheil\/\" \/>\n<meta property=\"og:site_name\" content=\"Die Multidimensionale Musik von Jacotte Chollet\" \/>\n<meta property=\"article:publisher\" content=\"https:\/\/www.facebook.com\/jacottecholletmusiquemultidimensionnelle\/\" \/>\n<meta property=\"article:modified_time\" content=\"2025-05-23T16:02:28+00:00\" \/>\n<meta property=\"og:image\" content=\"https:\/\/multidimensionalmusic.com\/wp-content\/uploads\/2017\/07\/medecine-superlumineuse-regis-dutheil.jpg\" \/>\n\t<meta property=\"og:image:width\" content=\"212\" \/>\n\t<meta property=\"og:image:height\" content=\"312\" \/>\n\t<meta property=\"og:image:type\" content=\"image\/jpeg\" \/>\n<meta name=\"twitter:card\" content=\"summary_large_image\" \/>\n<meta name=\"twitter:label1\" content=\"Gesch\u00e4tzte Lesezeit\" \/>\n\t<meta name=\"twitter:data1\" content=\"2\u00a0Minuten\" \/>\n<script type=\"application\/ld+json\" class=\"yoast-schema-graph\">{\"@context\":\"https:\\\/\\\/schema.org\",\"@graph\":[{\"@type\":\"WebPage\",\"@id\":\"https:\\\/\\\/multidimensionalmusic.com\\\/de\\\/pr-regis-dutheil\\\/\",\"url\":\"https:\\\/\\\/multidimensionalmusic.com\\\/de\\\/pr-regis-dutheil\\\/\",\"name\":\"Pr R\u00e9gis Dutheil - Die Multidimensionale Musik von Jacotte Chollet\",\"isPartOf\":{\"@id\":\"https:\\\/\\\/multidimensionalmusic.com\\\/de\\\/#website\"},\"primaryImageOfPage\":{\"@id\":\"https:\\\/\\\/multidimensionalmusic.com\\\/de\\\/pr-regis-dutheil\\\/#primaryimage\"},\"image\":{\"@id\":\"https:\\\/\\\/multidimensionalmusic.com\\\/de\\\/pr-regis-dutheil\\\/#primaryimage\"},\"thumbnailUrl\":\"https:\\\/\\\/multidimensionalmusic.com\\\/wp-content\\\/uploads\\\/2017\\\/07\\\/medecine-superlumineuse-regis-dutheil.jpg\",\"datePublished\":\"2017-11-24T15:08:04+00:00\",\"dateModified\":\"2025-05-23T16:02:28+00:00\",\"breadcrumb\":{\"@id\":\"https:\\\/\\\/multidimensionalmusic.com\\\/de\\\/pr-regis-dutheil\\\/#breadcrumb\"},\"inLanguage\":\"de\",\"potentialAction\":[{\"@type\":\"ReadAction\",\"target\":[\"https:\\\/\\\/multidimensionalmusic.com\\\/de\\\/pr-regis-dutheil\\\/\"]}]},{\"@type\":\"ImageObject\",\"inLanguage\":\"de\",\"@id\":\"https:\\\/\\\/multidimensionalmusic.com\\\/de\\\/pr-regis-dutheil\\\/#primaryimage\",\"url\":\"https:\\\/\\\/multidimensionalmusic.com\\\/wp-content\\\/uploads\\\/2017\\\/07\\\/medecine-superlumineuse-regis-dutheil.jpg\",\"contentUrl\":\"https:\\\/\\\/multidimensionalmusic.com\\\/wp-content\\\/uploads\\\/2017\\\/07\\\/medecine-superlumineuse-regis-dutheil.jpg\"},{\"@type\":\"BreadcrumbList\",\"@id\":\"https:\\\/\\\/multidimensionalmusic.com\\\/de\\\/pr-regis-dutheil\\\/#breadcrumb\",\"itemListElement\":[{\"@type\":\"ListItem\",\"position\":1,\"name\":\"Home\",\"item\":\"https:\\\/\\\/multidimensionalmusic.com\\\/de\\\/\"},{\"@type\":\"ListItem\",\"position\":2,\"name\":\"Pr R\u00e9gis Dutheil\"}]},{\"@type\":\"WebSite\",\"@id\":\"https:\\\/\\\/multidimensionalmusic.com\\\/de\\\/#website\",\"url\":\"https:\\\/\\\/multidimensionalmusic.com\\\/de\\\/\",\"name\":\"Jacotte Chollet - La Musique Multidimensionnelle\",\"description\":\"Musik f\u00fcr : Bewusstseinserweiterung - Kreativit\u00e4t - Tiefenentspannung - Massage - Meditation - Selbsthypnose - Stressbek\u00e4mpfung\",\"publisher\":{\"@id\":\"https:\\\/\\\/multidimensionalmusic.com\\\/de\\\/#organization\"},\"potentialAction\":[{\"@type\":\"SearchAction\",\"target\":{\"@type\":\"EntryPoint\",\"urlTemplate\":\"https:\\\/\\\/multidimensionalmusic.com\\\/de\\\/?s={search_term_string}\"},\"query-input\":{\"@type\":\"PropertyValueSpecification\",\"valueRequired\":true,\"valueName\":\"search_term_string\"}}],\"inLanguage\":\"de\"},{\"@type\":\"Organization\",\"@id\":\"https:\\\/\\\/multidimensionalmusic.com\\\/de\\\/#organization\",\"name\":\"Jacotte Chollet Multidimensional Music\",\"url\":\"https:\\\/\\\/multidimensionalmusic.com\\\/de\\\/\",\"logo\":{\"@type\":\"ImageObject\",\"inLanguage\":\"de\",\"@id\":\"https:\\\/\\\/multidimensionalmusic.com\\\/de\\\/#\\\/schema\\\/logo\\\/image\\\/\",\"url\":\"https:\\\/\\\/multidimensionalmusic.com\\\/wp-content\\\/uploads\\\/2025\\\/03\\\/header-logo-site-vitrine-jacotte-chollet-mmd-transparent.png\",\"contentUrl\":\"https:\\\/\\\/multidimensionalmusic.com\\\/wp-content\\\/uploads\\\/2025\\\/03\\\/header-logo-site-vitrine-jacotte-chollet-mmd-transparent.png\",\"width\":800,\"height\":358,\"caption\":\"Jacotte Chollet Multidimensional Music\"},\"image\":{\"@id\":\"https:\\\/\\\/multidimensionalmusic.com\\\/de\\\/#\\\/schema\\\/logo\\\/image\\\/\"},\"sameAs\":[\"https:\\\/\\\/www.facebook.com\\\/jacottecholletmusiquemultidimensionnelle\\\/\",\"https:\\\/\\\/www.instagram.com\\\/jacottechollet\\\/\",\"https:\\\/\\\/www.linkedin.com\\\/in\\\/jacotte-chollet-41a09812\\\/\",\"https:\\\/\\\/www.youtube.com\\\/channel\\\/UCKDtAKgspnDQqggI1bAOl_g\"]}]}<\/script>\n<!-- \/ Yoast SEO Premium plugin. -->","yoast_head_json":{"title":"Pr R\u00e9gis Dutheil - Die Multidimensionale Musik von Jacotte Chollet","robots":{"index":"index","follow":"follow","max-snippet":"max-snippet:-1","max-image-preview":"max-image-preview:large","max-video-preview":"max-video-preview:-1"},"canonical":"https:\/\/multidimensionalmusic.com\/de\/pr-regis-dutheil\/","og_locale":"de_DE","og_type":"article","og_title":"Pr R\u00e9gis Dutheil","og_description":"PR. R\u00c9GIS DUTHEIL, eine neue Konzeption der Medizin. R\u00e9gis Dutheil ist Professor f\u00fcr Physik und Biophysik an der medizinischen Fakult\u00e4t von Poitiers gewesen.Als Agr\u00e9g\u00e9 f\u00fcr Medizin hat er sich seit 1973 der Erforschung in Grundlagen-Physik gewidmet.Autor von Der superlichte Mensch, er war stellvertretender Direktor der Fondation Louis de Broglie in Paris. In seinem zweiten Buch [&hellip;]","og_url":"https:\/\/multidimensionalmusic.com\/de\/pr-regis-dutheil\/","og_site_name":"Die Multidimensionale Musik von Jacotte Chollet","article_publisher":"https:\/\/www.facebook.com\/jacottecholletmusiquemultidimensionnelle\/","article_modified_time":"2025-05-23T16:02:28+00:00","og_image":[{"width":212,"height":312,"url":"https:\/\/multidimensionalmusic.com\/wp-content\/uploads\/2017\/07\/medecine-superlumineuse-regis-dutheil.jpg","type":"image\/jpeg"}],"twitter_card":"summary_large_image","twitter_misc":{"Gesch\u00e4tzte Lesezeit":"2\u00a0Minuten"},"schema":{"@context":"https:\/\/schema.org","@graph":[{"@type":"WebPage","@id":"https:\/\/multidimensionalmusic.com\/de\/pr-regis-dutheil\/","url":"https:\/\/multidimensionalmusic.com\/de\/pr-regis-dutheil\/","name":"Pr R\u00e9gis Dutheil - Die Multidimensionale Musik von Jacotte Chollet","isPartOf":{"@id":"https:\/\/multidimensionalmusic.com\/de\/#website"},"primaryImageOfPage":{"@id":"https:\/\/multidimensionalmusic.com\/de\/pr-regis-dutheil\/#primaryimage"},"image":{"@id":"https:\/\/multidimensionalmusic.com\/de\/pr-regis-dutheil\/#primaryimage"},"thumbnailUrl":"https:\/\/multidimensionalmusic.com\/wp-content\/uploads\/2017\/07\/medecine-superlumineuse-regis-dutheil.jpg","datePublished":"2017-11-24T15:08:04+00:00","dateModified":"2025-05-23T16:02:28+00:00","breadcrumb":{"@id":"https:\/\/multidimensionalmusic.com\/de\/pr-regis-dutheil\/#breadcrumb"},"inLanguage":"de","potentialAction":[{"@type":"ReadAction","target":["https:\/\/multidimensionalmusic.com\/de\/pr-regis-dutheil\/"]}]},{"@type":"ImageObject","inLanguage":"de","@id":"https:\/\/multidimensionalmusic.com\/de\/pr-regis-dutheil\/#primaryimage","url":"https:\/\/multidimensionalmusic.com\/wp-content\/uploads\/2017\/07\/medecine-superlumineuse-regis-dutheil.jpg","contentUrl":"https:\/\/multidimensionalmusic.com\/wp-content\/uploads\/2017\/07\/medecine-superlumineuse-regis-dutheil.jpg"},{"@type":"BreadcrumbList","@id":"https:\/\/multidimensionalmusic.com\/de\/pr-regis-dutheil\/#breadcrumb","itemListElement":[{"@type":"ListItem","position":1,"name":"Home","item":"https:\/\/multidimensionalmusic.com\/de\/"},{"@type":"ListItem","position":2,"name":"Pr R\u00e9gis Dutheil"}]},{"@type":"WebSite","@id":"https:\/\/multidimensionalmusic.com\/de\/#website","url":"https:\/\/multidimensionalmusic.com\/de\/","name":"Jacotte Chollet - La Musique Multidimensionnelle","description":"Musik f\u00fcr : Bewusstseinserweiterung - Kreativit\u00e4t - Tiefenentspannung - Massage - Meditation - Selbsthypnose - Stressbek\u00e4mpfung","publisher":{"@id":"https:\/\/multidimensionalmusic.com\/de\/#organization"},"potentialAction":[{"@type":"SearchAction","target":{"@type":"EntryPoint","urlTemplate":"https:\/\/multidimensionalmusic.com\/de\/?s={search_term_string}"},"query-input":{"@type":"PropertyValueSpecification","valueRequired":true,"valueName":"search_term_string"}}],"inLanguage":"de"},{"@type":"Organization","@id":"https:\/\/multidimensionalmusic.com\/de\/#organization","name":"Jacotte Chollet Multidimensional Music","url":"https:\/\/multidimensionalmusic.com\/de\/","logo":{"@type":"ImageObject","inLanguage":"de","@id":"https:\/\/multidimensionalmusic.com\/de\/#\/schema\/logo\/image\/","url":"https:\/\/multidimensionalmusic.com\/wp-content\/uploads\/2025\/03\/header-logo-site-vitrine-jacotte-chollet-mmd-transparent.png","contentUrl":"https:\/\/multidimensionalmusic.com\/wp-content\/uploads\/2025\/03\/header-logo-site-vitrine-jacotte-chollet-mmd-transparent.png","width":800,"height":358,"caption":"Jacotte Chollet Multidimensional Music"},"image":{"@id":"https:\/\/multidimensionalmusic.com\/de\/#\/schema\/logo\/image\/"},"sameAs":["https:\/\/www.facebook.com\/jacottecholletmusiquemultidimensionnelle\/","https:\/\/www.instagram.com\/jacottechollet\/","https:\/\/www.linkedin.com\/in\/jacotte-chollet-41a09812\/","https:\/\/www.youtube.com\/channel\/UCKDtAKgspnDQqggI1bAOl_g"]}]}},"_links":{"self":[{"href":"https:\/\/multidimensionalmusic.com\/de\/wp-json\/wp\/v2\/pages\/2696","targetHints":{"allow":["GET"]}}],"collection":[{"href":"https:\/\/multidimensionalmusic.com\/de\/wp-json\/wp\/v2\/pages"}],"about":[{"href":"https:\/\/multidimensionalmusic.com\/de\/wp-json\/wp\/v2\/types\/page"}],"author":[{"embeddable":true,"href":"https:\/\/multidimensionalmusic.com\/de\/wp-json\/wp\/v2\/users\/1"}],"replies":[{"embeddable":true,"href":"https:\/\/multidimensionalmusic.com\/de\/wp-json\/wp\/v2\/comments?post=2696"}],"version-history":[{"count":6,"href":"https:\/\/multidimensionalmusic.com\/de\/wp-json\/wp\/v2\/pages\/2696\/revisions"}],"predecessor-version":[{"id":88596,"href":"https:\/\/multidimensionalmusic.com\/de\/wp-json\/wp\/v2\/pages\/2696\/revisions\/88596"}],"wp:attachment":[{"href":"https:\/\/multidimensionalmusic.com\/de\/wp-json\/wp\/v2\/media?parent=2696"}],"curies":[{"name":"wp","href":"https:\/\/api.w.org\/{rel}","templated":true}]}}