{"id":2689,"date":"2017-11-24T15:48:47","date_gmt":"2017-11-24T14:48:47","guid":{"rendered":"https:\/\/multidimensionalmusic.com\/?page_id=2689"},"modified":"2021-01-13T12:33:16","modified_gmt":"2021-01-13T11:33:16","slug":"biographie-von-jacotte-chollet","status":"publish","type":"page","link":"https:\/\/multidimensionalmusic.com\/de\/biographie-von-jacotte-chollet\/","title":{"rendered":"Biographie von Jacotte Chollet"},"content":{"rendered":"<style type=\"text\/css\">body.kc-css-system .kc-css-2069151{margin-bottom: 10px;padding-bottom: 10px;}body.kc-css-system .kc-css-1876253{margin-top: 10px;margin-bottom: 10px;padding-top: 10px;padding-bottom: 10px;}<\/style>\n<section class=\"kc-elm kc-css-2069151 kc_row\">\n<div class=\"kc-row-container  kc-container\">\n<div class=\"kc-wrap-columns\">\n<div class=\"kc-elm kc-css-2643446 kc_col-sm-12 kc_column kc_col-sm-12\">\n<div class=\"kc-col-container\">\n<div class=\"kc-elm kc-css-4353870 kc_text_block\">\n<h2>BIOGRAPHY<\/h2>\n<h4>Vom Bild zum Ton und zur Musik<\/h4>\n<p>Das Leben von Jacotte Chollet ist ein Kaleidoskop von Bildern, V\u00f6lkern, Kulturen, Sprachen, Ansichten, von \u00dcberlegungen, Synthesen , von Kreationen, die die musikalische Essenz des Menschen und des Universums offenbaren.<\/p>\n<h4>Eine methode, die ENTDECKUNGSREISE<\/h4>\n<p>Jacotte hat im Kontakt mit edlen Seelen, die sie auf den Wegen der Welt getroffen hat, ihre Erziehung, ihre intellektuelle Mischung fortgesetzt. Von Papua &#8211; Neuguinea nach Lappland, von den Quellen des Ganges zu seinem Delta, von Japan nach Peru, von Amerika nach Afrika, an die Ufer des Nils, nach Jemen, oder nach Amazonien, sie hat Br\u00fccken geschlagen, Verbindungen gekn\u00fcpft zwischen Menschen, L\u00e4ndern und Kulturen, die oft nichts von einander wissen.<br \/>\nNach 15 Jahren des Filmens und der Weltreisen eine subtile Entwicklung von Au\u00dfen nach Innen..<br \/>\nJacotte geht vom Beobachten \u00fcber zum H\u00f6ren, vom Sichtbaren zum Unsichtbaren, vom Zeugnis zur Sch\u00f6pfung, vom Erkennen zur Erforschung und zur Selbsterkenntnis.<\/p>\n<h4>Ein weg<\/h4>\n<p>Gleich nach Ende ihres Anglistik- und Linguistikstudiums an der Universit\u00e4t Grenoble (ma\u00eetrise) sammelt Jacotte ihre ersten Erfahrungen beim Fernsehen der franz\u00f6sischen Schweiz, dann trifft sie Andr\u00e9 Voisin.<br \/>\nMit ihm zusammen dreht und produziert sie 15 Jahre lang etwa 50 Dokumentarfilme f\u00fcr das franz\u00f6sische Fernsehen.<br \/>\nIhre Filme haben das franz\u00f6sische Publikum sowohl mit alten Kulturen als auch mit Neuerern in Wissenschaft, Philosophie, Psychologie bekannt gemacht.<\/p>\n<p>Darunter Jean Charron, Fritjof Capra, David Bohm, Krisnamurti, Karl Pribram, Paul Mac Lean, Konrad Lorenz, Karl H Stockhausen, L\u00e9onor Fini, Stan Grof, Norman Cousins, Arthur Janov, John Lilly, die Drs Michel ODENT et Fr\u00e9d\u00e9ric Leboyer &#038; Marylin Ferguson um nur die bekanntsten zu nennen.<\/p>\n<p>Alle diese Forscher haben sie inspiriert und geleitet bei der Entdeckung von originellen Abk\u00fcrzungen zwischen den Disziplinen und den Wissenschaften des Menschen, die oft getrennt bleiben und mehr nebeneinander als miteinander existieren.<br \/>\nEine gr\u00fcndliche \u00dcberlegung und eine Synthese dieser neuen Erkenntnisse haben es ihr erlaubt, einen neuen und globalen Blick auf den Menschen uns seine Funktionsweise zu werfen.<\/p>\n<h4>Ein wendepunkt<\/h4>\n<p>1978, beendet Jacotte mit Andr\u00e9 Voisin die Dreharbeiten zweier Dokumentarfilme zum Thema Tod :<br \/>\nWie wird der Tod in den verschiedenen Kulturen wahrgenommen?\u00a0 und Was ist nach dem Tod ?<br \/>\nnach dem &#8220;Tibetanischen Totenbuch.<\/p>\n<p>W\u00e4hrend der Dreharbeiten zum zweiten dieser Filme in Nepal, erlebt Jacotte eine au\u00dfergew\u00f6hnliche Erfahrung.<br \/>\nAls Becken, H\u00f6rner, Gongs, und tibetische Muscheln erklingen ,erf\u00e4hrt Jacotte die Schwingungswirkung der Kl\u00e4nge im Solarplexus. Unter dem pl\u00f6tzlichen Einfluss einer gr\u00f6\u00dferen Macht als ihr eigener bewusster Wille, gehorcht ihr K\u00f6rper ihr nicht mehr. Sie ist wie erstarrt, gel\u00e4hmt, verbl\u00fcfft.<br \/>\nEs ist die pl\u00f6tzliche \u00d6ffnung zum Universum des Klangs und der Energie, das erste Rendezvous mit einer Musik, deren Wirkung man im K\u00f6rper sp\u00fcrt.<br \/>\nEinige Monate sp\u00e4ter folgte ein anderes Ereignis, auf das nichts hindeutete, der pl\u00f6tzliche Tod ihrer Mutter.<br \/>\nHat das unterbewusste Vor-Wissen dieses Ereignisses sie dazu gebracht, diese Filme zu drehen und es zu antizipieren, um sich besser darauf vorzubereiten ?<br \/>\nUm besser auf diese Frage zu antworten, macht sich Jacotte an eine tiefere Erforschung der subtilen Dimensionen des Bewusstseins und eine experimentelle Untersuchung der Wirkungen des Klangs und der Musik auf den K\u00f6rper und die Psyche.<br \/>\nObwohl im Westen noch kaum bekannt, besitzt der Klang Kr\u00e4fte, die in vielen alten Kulturen anerkannt werden.<br \/>\nBesonders die Schamanen benutzen ihn als vibratorisches Transportmittel zu anderen Dimensionen des Seins und<br \/>\ndes Bewusstseins.<br \/>\nZu Beginn der 80er Jahre erscheint ein neues Musikinstrument auf dem Markt : der Synthesizer.<br \/>\nJacotte macht ihre ersten Schritte in der Synthese und der Erforschung des Klangs, den sie als Vektor energetischer Aktivierung und ver\u00e4nderter Bewusstseinszust\u00e4nde verwendet.<br \/>\nDer Klang wird ihr Hilfsmittel und ihr Meister.<br \/>\nDer Synthesizer des Klangs wird der Synthesizer des SELBST.<\/p>\n<p>Die experimentelle Erforschung des Klangs f\u00fchrt Jacotte in ein Abenteuer pers\u00f6nlicher Transformation , das sich \u00fcber mehr als f\u00fcnfzehn Jahre hinzog und in der Schaffung der &#8221; Multidimensionalen Musik (MMD) endete, so genannt wegen ihrer Wirkungen auf K\u00f6rper und Psyche.<br \/>\nIntuitiv improvisiert in einem inneren Zustand energetischer Harmonie und einheitlichen Bewusstseins, offenbart diese Musik sofort besondere F\u00e4higkeiten.<\/p>\n<p>Sie verursacht bei dem, der sie h\u00f6rt, eine Neuordnung, eine Harmonisierung, eine Vereinheitlichung des bioenergetischen Feldes.<br \/>\nSie vereinfacht ein globaleres Funktionieren des Gehirns. Synchronisierung der beiden Gehirnh\u00e4lften, und sie aktiviert die Produktion der Alpha- und Theta &#8211; Gehirnwellen. Diese sehr langsamen Gehirnwellen erlauben es, Zugang zu haben zu Informationen, die im Unterbewusstsein gespeichert sind und sie zu manifestieren, sie ins Bewusstsein zu rufen.<\/p>\n<\/div>\n<\/div>\n<\/div>\n<\/div>\n<\/div>\n<\/section>\n<section class=\"kc-elm kc-css-1876253 kc_row\">\n<div class=\"kc-row-container  kc-container\">\n<div class=\"kc-wrap-columns\">\n<div class=\"kc-elm kc-css-2484220 kc_col-sm-12 kc_column kc_col-sm-12\">\n<div class=\"kc-col-container\">\n<div class=\"kc-elm kc-css-890643 kc_text_block\">\n<h2>SPECIAL EVENTS<\/h2>\n<p>1997\u00a0: Jacotte CHOLLET wird eingeladen, an einem amerikanischen Fernsehprogramm teilzunehmen, das der gro\u00dfen Pyramide<br \/>\nvon CHEOPS und dem Klang gewidmet ist und sie schafft &#8221; live&#8221; Musik in der K\u00f6nigskammer der gro\u00dfen Pyramide von Cheops.<\/p>\n<p>Im Laufe des Jahres 2002 f\u00fchrt Jacotte 2 l\u00e4ngere Aufenthalte in Amazonien durch.<br \/>\nSie kn\u00fcpft wieder an ihre Leidenschaft f\u00fcr den Film an und untersucht den Amazonas als Labor der Entwicklung der Zukunft, als au\u00dfergew\u00f6hnlichen Ort der Vereinigung von Herz, K\u00f6rper und Geist.<br \/>\nDas Amazonasbecken ist ein Ort der Mischung und der Kommunikation zwischen Menschen, Pflanzen und Tieren, es ist auch eine lebendige Bibliothek die ein immenses Wissen und uralte Praktiken bewahrt, eine Matrix der Erde, ein Heiligtum, das es zu bewahren und entdecken gilt.<\/p>\n<p>2003 : Jacotte begibt sich nach EQUADOR um zusammen mit dem Schamanen SHUAR Hilario CHIRIAP die Wirkung verschiedener heiliger Pflanzen aus dem Amazonasgebiet auf den K\u00f6rper und die Psyche zu filmen und zu untersuchen ebenso die Kosmogonie der SHUARS, fr\u00fcher JIVAROS. genannt.<br \/>\nJacotte hat als Ziel, einen neuen Raum best\u00e4ndigen Austauschs und der Zusammenarbeit zwischen Europa, Nordamerika und dem Amazonasbecken mitzuschaffen.<br \/>\nEs ist wichtig, die verschiedenen ganzheitlichen Vorgehensweisen des Menschen zu sammeln, diejenigen, die aus einem alten traditionellen Wissen stammen ebenso wie die modernen Vorgehensweisen, die aus den neuen Technologien kommen.<br \/>\nSie bereitet neue Seminare beschleunigter innerer Transformation vor, die in Amazonien stattfinden sollen.<\/p>\n<\/div>\n<\/div>\n<\/div>\n<\/div>\n<\/div>\n<\/section>\n","protected":false},"excerpt":{"rendered":"<p>BIOGRAPHY Vom Bild zum Ton und zur Musik Das Leben von Jacotte Chollet ist ein Kaleidoskop von Bildern, V\u00f6lkern, Kulturen, Sprachen, Ansichten, von \u00dcberlegungen, Synthesen , von Kreationen, die die musikalische Essenz des Menschen und des Universums offenbaren. Eine methode, die ENTDECKUNGSREISE Jacotte hat im Kontakt mit edlen Seelen, die sie auf den Wegen der [&hellip;]<\/p>\n","protected":false},"author":1,"featured_media":0,"parent":0,"menu_order":0,"comment_status":"closed","ping_status":"closed","template":"","meta":{"site-sidebar-layout":"default","site-content-layout":"","ast-site-content-layout":"default","site-content-style":"default","site-sidebar-style":"default","ast-global-header-display":"","ast-banner-title-visibility":"","ast-main-header-display":"","ast-hfb-above-header-display":"","ast-hfb-below-header-display":"","ast-hfb-mobile-header-display":"","site-post-title":"","ast-breadcrumbs-content":"","ast-featured-img":"","footer-sml-layout":"","ast-disable-related-posts":"","theme-transparent-header-meta":"","adv-header-id-meta":"","stick-header-meta":"","header-above-stick-meta":"","header-main-stick-meta":"","header-below-stick-meta":"","astra-migrate-meta-layouts":"default","ast-page-background-enabled":"default","ast-page-background-meta":{"desktop":{"background-color":"var(--ast-global-color-4)","background-image":"","background-repeat":"repeat","background-position":"center center","background-size":"auto","background-attachment":"scroll","background-type":"","background-media":"","overlay-type":"","overlay-color":"","overlay-opacity":"","overlay-gradient":""},"tablet":{"background-color":"","background-image":"","background-repeat":"repeat","background-position":"center center","background-size":"auto","background-attachment":"scroll","background-type":"","background-media":"","overlay-type":"","overlay-color":"","overlay-opacity":"","overlay-gradient":""},"mobile":{"background-color":"","background-image":"","background-repeat":"repeat","background-position":"center center","background-size":"auto","background-attachment":"scroll","background-type":"","background-media":"","overlay-type":"","overlay-color":"","overlay-opacity":"","overlay-gradient":""}},"ast-content-background-meta":{"desktop":{"background-color":"var(--ast-global-color-5)","background-image":"","background-repeat":"repeat","background-position":"center center","background-size":"auto","background-attachment":"scroll","background-type":"","background-media":"","overlay-type":"","overlay-color":"","overlay-opacity":"","overlay-gradient":""},"tablet":{"background-color":"var(--ast-global-color-5)","background-image":"","background-repeat":"repeat","background-position":"center center","background-size":"auto","background-attachment":"scroll","background-type":"","background-media":"","overlay-type":"","overlay-color":"","overlay-opacity":"","overlay-gradient":""},"mobile":{"background-color":"var(--ast-global-color-5)","background-image":"","background-repeat":"repeat","background-position":"center center","background-size":"auto","background-attachment":"scroll","background-type":"","background-media":"","overlay-type":"","overlay-color":"","overlay-opacity":"","overlay-gradient":""}},"footnotes":""},"class_list":["post-2689","page","type-page","status-publish","hentry"],"yoast_head":"<!-- This site is optimized with the Yoast SEO Premium plugin v21.7 (Yoast SEO v27.4) - https:\/\/yoast.com\/product\/yoast-seo-premium-wordpress\/ -->\n<title>Biographie von Jacotte Chollet<\/title>\n<meta name=\"robots\" content=\"index, follow, max-snippet:-1, max-image-preview:large, max-video-preview:-1\" \/>\n<link rel=\"canonical\" href=\"https:\/\/multidimensionalmusic.com\/de\/biographie-von-jacotte-chollet\/\" \/>\n<meta property=\"og:locale\" content=\"de_DE\" \/>\n<meta property=\"og:type\" content=\"article\" \/>\n<meta property=\"og:title\" content=\"Biographie von Jacotte Chollet\" \/>\n<meta property=\"og:description\" content=\"BIOGRAPHY Vom Bild zum Ton und zur Musik Das Leben von Jacotte Chollet ist ein Kaleidoskop von Bildern, V\u00f6lkern, Kulturen, Sprachen, Ansichten, von \u00dcberlegungen, Synthesen , von Kreationen, die die musikalische Essenz des Menschen und des Universums offenbaren. Eine methode, die ENTDECKUNGSREISE Jacotte hat im Kontakt mit edlen Seelen, die sie auf den Wegen der [&hellip;]\" \/>\n<meta property=\"og:url\" content=\"https:\/\/multidimensionalmusic.com\/de\/biographie-von-jacotte-chollet\/\" \/>\n<meta property=\"og:site_name\" content=\"Die Multidimensionale Musik von Jacotte Chollet\" \/>\n<meta property=\"article:publisher\" content=\"https:\/\/www.facebook.com\/jacottecholletmusiquemultidimensionnelle\/\" \/>\n<meta property=\"article:modified_time\" content=\"2021-01-13T11:33:16+00:00\" \/>\n<meta name=\"twitter:card\" content=\"summary_large_image\" \/>\n<meta name=\"twitter:label1\" content=\"Gesch\u00e4tzte Lesezeit\" \/>\n\t<meta name=\"twitter:data1\" content=\"5\u00a0Minuten\" \/>\n<script type=\"application\/ld+json\" class=\"yoast-schema-graph\">{\"@context\":\"https:\\\/\\\/schema.org\",\"@graph\":[{\"@type\":\"WebPage\",\"@id\":\"https:\\\/\\\/multidimensionalmusic.com\\\/de\\\/biographie-von-jacotte-chollet\\\/\",\"url\":\"https:\\\/\\\/multidimensionalmusic.com\\\/de\\\/biographie-von-jacotte-chollet\\\/\",\"name\":\"Biographie von Jacotte Chollet\",\"isPartOf\":{\"@id\":\"https:\\\/\\\/multidimensionalmusic.com\\\/de\\\/#website\"},\"datePublished\":\"2017-11-24T14:48:47+00:00\",\"dateModified\":\"2021-01-13T11:33:16+00:00\",\"breadcrumb\":{\"@id\":\"https:\\\/\\\/multidimensionalmusic.com\\\/de\\\/biographie-von-jacotte-chollet\\\/#breadcrumb\"},\"inLanguage\":\"de\",\"potentialAction\":[{\"@type\":\"ReadAction\",\"target\":[\"https:\\\/\\\/multidimensionalmusic.com\\\/de\\\/biographie-von-jacotte-chollet\\\/\"]}]},{\"@type\":\"BreadcrumbList\",\"@id\":\"https:\\\/\\\/multidimensionalmusic.com\\\/de\\\/biographie-von-jacotte-chollet\\\/#breadcrumb\",\"itemListElement\":[{\"@type\":\"ListItem\",\"position\":1,\"name\":\"Home\",\"item\":\"https:\\\/\\\/multidimensionalmusic.com\\\/de\\\/\"},{\"@type\":\"ListItem\",\"position\":2,\"name\":\"Biographie von Jacotte Chollet\"}]},{\"@type\":\"WebSite\",\"@id\":\"https:\\\/\\\/multidimensionalmusic.com\\\/de\\\/#website\",\"url\":\"https:\\\/\\\/multidimensionalmusic.com\\\/de\\\/\",\"name\":\"Jacotte Chollet - La Musique Multidimensionnelle\",\"description\":\"Musik f\u00fcr : Bewusstseinserweiterung - Kreativit\u00e4t - Tiefenentspannung - Massage - Meditation - Selbsthypnose - Stressbek\u00e4mpfung\",\"publisher\":{\"@id\":\"https:\\\/\\\/multidimensionalmusic.com\\\/de\\\/#organization\"},\"potentialAction\":[{\"@type\":\"SearchAction\",\"target\":{\"@type\":\"EntryPoint\",\"urlTemplate\":\"https:\\\/\\\/multidimensionalmusic.com\\\/de\\\/?s={search_term_string}\"},\"query-input\":{\"@type\":\"PropertyValueSpecification\",\"valueRequired\":true,\"valueName\":\"search_term_string\"}}],\"inLanguage\":\"de\"},{\"@type\":\"Organization\",\"@id\":\"https:\\\/\\\/multidimensionalmusic.com\\\/de\\\/#organization\",\"name\":\"Jacotte Chollet Multidimensional Music\",\"url\":\"https:\\\/\\\/multidimensionalmusic.com\\\/de\\\/\",\"logo\":{\"@type\":\"ImageObject\",\"inLanguage\":\"de\",\"@id\":\"https:\\\/\\\/multidimensionalmusic.com\\\/de\\\/#\\\/schema\\\/logo\\\/image\\\/\",\"url\":\"https:\\\/\\\/multidimensionalmusic.com\\\/wp-content\\\/uploads\\\/2025\\\/03\\\/header-logo-site-vitrine-jacotte-chollet-mmd-transparent.png\",\"contentUrl\":\"https:\\\/\\\/multidimensionalmusic.com\\\/wp-content\\\/uploads\\\/2025\\\/03\\\/header-logo-site-vitrine-jacotte-chollet-mmd-transparent.png\",\"width\":800,\"height\":358,\"caption\":\"Jacotte Chollet Multidimensional Music\"},\"image\":{\"@id\":\"https:\\\/\\\/multidimensionalmusic.com\\\/de\\\/#\\\/schema\\\/logo\\\/image\\\/\"},\"sameAs\":[\"https:\\\/\\\/www.facebook.com\\\/jacottecholletmusiquemultidimensionnelle\\\/\",\"https:\\\/\\\/www.instagram.com\\\/jacottechollet\\\/\",\"https:\\\/\\\/www.linkedin.com\\\/in\\\/jacotte-chollet-41a09812\\\/\",\"https:\\\/\\\/www.youtube.com\\\/channel\\\/UCKDtAKgspnDQqggI1bAOl_g\"]}]}<\/script>\n<!-- \/ Yoast SEO Premium plugin. -->","yoast_head_json":{"title":"Biographie von Jacotte Chollet","robots":{"index":"index","follow":"follow","max-snippet":"max-snippet:-1","max-image-preview":"max-image-preview:large","max-video-preview":"max-video-preview:-1"},"canonical":"https:\/\/multidimensionalmusic.com\/de\/biographie-von-jacotte-chollet\/","og_locale":"de_DE","og_type":"article","og_title":"Biographie von Jacotte Chollet","og_description":"BIOGRAPHY Vom Bild zum Ton und zur Musik Das Leben von Jacotte Chollet ist ein Kaleidoskop von Bildern, V\u00f6lkern, Kulturen, Sprachen, Ansichten, von \u00dcberlegungen, Synthesen , von Kreationen, die die musikalische Essenz des Menschen und des Universums offenbaren. Eine methode, die ENTDECKUNGSREISE Jacotte hat im Kontakt mit edlen Seelen, die sie auf den Wegen der [&hellip;]","og_url":"https:\/\/multidimensionalmusic.com\/de\/biographie-von-jacotte-chollet\/","og_site_name":"Die Multidimensionale Musik von Jacotte Chollet","article_publisher":"https:\/\/www.facebook.com\/jacottecholletmusiquemultidimensionnelle\/","article_modified_time":"2021-01-13T11:33:16+00:00","twitter_card":"summary_large_image","twitter_misc":{"Gesch\u00e4tzte Lesezeit":"5\u00a0Minuten"},"schema":{"@context":"https:\/\/schema.org","@graph":[{"@type":"WebPage","@id":"https:\/\/multidimensionalmusic.com\/de\/biographie-von-jacotte-chollet\/","url":"https:\/\/multidimensionalmusic.com\/de\/biographie-von-jacotte-chollet\/","name":"Biographie von Jacotte Chollet","isPartOf":{"@id":"https:\/\/multidimensionalmusic.com\/de\/#website"},"datePublished":"2017-11-24T14:48:47+00:00","dateModified":"2021-01-13T11:33:16+00:00","breadcrumb":{"@id":"https:\/\/multidimensionalmusic.com\/de\/biographie-von-jacotte-chollet\/#breadcrumb"},"inLanguage":"de","potentialAction":[{"@type":"ReadAction","target":["https:\/\/multidimensionalmusic.com\/de\/biographie-von-jacotte-chollet\/"]}]},{"@type":"BreadcrumbList","@id":"https:\/\/multidimensionalmusic.com\/de\/biographie-von-jacotte-chollet\/#breadcrumb","itemListElement":[{"@type":"ListItem","position":1,"name":"Home","item":"https:\/\/multidimensionalmusic.com\/de\/"},{"@type":"ListItem","position":2,"name":"Biographie von Jacotte Chollet"}]},{"@type":"WebSite","@id":"https:\/\/multidimensionalmusic.com\/de\/#website","url":"https:\/\/multidimensionalmusic.com\/de\/","name":"Jacotte Chollet - La Musique Multidimensionnelle","description":"Musik f\u00fcr : Bewusstseinserweiterung - Kreativit\u00e4t - Tiefenentspannung - Massage - Meditation - Selbsthypnose - Stressbek\u00e4mpfung","publisher":{"@id":"https:\/\/multidimensionalmusic.com\/de\/#organization"},"potentialAction":[{"@type":"SearchAction","target":{"@type":"EntryPoint","urlTemplate":"https:\/\/multidimensionalmusic.com\/de\/?s={search_term_string}"},"query-input":{"@type":"PropertyValueSpecification","valueRequired":true,"valueName":"search_term_string"}}],"inLanguage":"de"},{"@type":"Organization","@id":"https:\/\/multidimensionalmusic.com\/de\/#organization","name":"Jacotte Chollet Multidimensional Music","url":"https:\/\/multidimensionalmusic.com\/de\/","logo":{"@type":"ImageObject","inLanguage":"de","@id":"https:\/\/multidimensionalmusic.com\/de\/#\/schema\/logo\/image\/","url":"https:\/\/multidimensionalmusic.com\/wp-content\/uploads\/2025\/03\/header-logo-site-vitrine-jacotte-chollet-mmd-transparent.png","contentUrl":"https:\/\/multidimensionalmusic.com\/wp-content\/uploads\/2025\/03\/header-logo-site-vitrine-jacotte-chollet-mmd-transparent.png","width":800,"height":358,"caption":"Jacotte Chollet Multidimensional Music"},"image":{"@id":"https:\/\/multidimensionalmusic.com\/de\/#\/schema\/logo\/image\/"},"sameAs":["https:\/\/www.facebook.com\/jacottecholletmusiquemultidimensionnelle\/","https:\/\/www.instagram.com\/jacottechollet\/","https:\/\/www.linkedin.com\/in\/jacotte-chollet-41a09812\/","https:\/\/www.youtube.com\/channel\/UCKDtAKgspnDQqggI1bAOl_g"]}]}},"_links":{"self":[{"href":"https:\/\/multidimensionalmusic.com\/de\/wp-json\/wp\/v2\/pages\/2689","targetHints":{"allow":["GET"]}}],"collection":[{"href":"https:\/\/multidimensionalmusic.com\/de\/wp-json\/wp\/v2\/pages"}],"about":[{"href":"https:\/\/multidimensionalmusic.com\/de\/wp-json\/wp\/v2\/types\/page"}],"author":[{"embeddable":true,"href":"https:\/\/multidimensionalmusic.com\/de\/wp-json\/wp\/v2\/users\/1"}],"replies":[{"embeddable":true,"href":"https:\/\/multidimensionalmusic.com\/de\/wp-json\/wp\/v2\/comments?post=2689"}],"version-history":[{"count":0,"href":"https:\/\/multidimensionalmusic.com\/de\/wp-json\/wp\/v2\/pages\/2689\/revisions"}],"wp:attachment":[{"href":"https:\/\/multidimensionalmusic.com\/de\/wp-json\/wp\/v2\/media?parent=2689"}],"curies":[{"name":"wp","href":"https:\/\/api.w.org\/{rel}","templated":true}]}}