{"id":2640,"date":"2017-11-24T12:10:29","date_gmt":"2017-11-24T11:10:29","guid":{"rendered":"https:\/\/multidimensionalmusic.com\/?page_id=2640"},"modified":"2025-07-08T22:13:50","modified_gmt":"2025-07-08T20:13:50","slug":"kaufen-cd-von-jacotte-chollet","status":"publish","type":"page","link":"https:\/\/multidimensionalmusic.com\/de\/kaufen-cd-von-jacotte-chollet\/","title":{"rendered":"Kaufen Alben von Jacotte Chollet"},"content":{"rendered":"\t\t<div data-elementor-type=\"wp-page\" data-elementor-id=\"2640\" class=\"elementor elementor-2640 elementor-1993\" data-elementor-post-type=\"page\">\n\t\t\t\t\t\t<section class=\"elementor-section elementor-top-section elementor-element elementor-element-e852681 elementor-section-boxed elementor-section-height-default elementor-section-height-default\" data-id=\"e852681\" data-element_type=\"section\" data-e-type=\"section\">\n\t\t\t\t\t\t<div class=\"elementor-container elementor-column-gap-default\">\n\t\t\t\t\t<div class=\"elementor-column elementor-col-50 elementor-top-column elementor-element elementor-element-6887d5b\" data-id=\"6887d5b\" data-element_type=\"column\" data-e-type=\"column\">\n\t\t\t<div class=\"elementor-widget-wrap elementor-element-populated\">\n\t\t\t\t\t\t<div class=\"elementor-element elementor-element-640e4e1 elementor-widget elementor-widget-heading\" data-id=\"640e4e1\" data-element_type=\"widget\" data-e-type=\"widget\" data-widget_type=\"heading.default\">\n\t\t\t\t\t<h2 class=\"elementor-heading-title elementor-size-default\">Kaufen CD<\/h2>\t\t\t\t<\/div>\n\t\t\t\t<div class=\"elementor-element elementor-element-fe67257 elementor-widget elementor-widget-text-editor\" data-id=\"fe67257\" data-element_type=\"widget\" data-e-type=\"widget\" data-widget_type=\"text-editor.default\">\n\t\t\t\t\t\t\t\t\t<p>Sie k\u00f6nnen von unserem on-line-Shop bestellen.<br \/>H\u00f6ren Sie auf Audioproben, lesen Sie mehr \u00fcber der CD von Jacotte Chollet, entdecken Sie, dass das unser Exklusive angebote.<\/p>\t\t\t\t\t\t\t\t<\/div>\n\t\t\t\t<div class=\"elementor-element elementor-element-03f9d35 elementor-widget elementor-widget-button\" data-id=\"03f9d35\" data-element_type=\"widget\" data-e-type=\"widget\" data-widget_type=\"button.default\">\n\t\t\t\t\t\t\t\t\t\t<a class=\"elementor-button elementor-button-link elementor-size-sm\" href=\"https:\/\/jacottechollet.com\/de\/collections\/musikkatalog\" target=\"_blank\">\n\t\t\t\t\t\t<span class=\"elementor-button-content-wrapper\">\n\t\t\t\t\t\t\t\t\t<span class=\"elementor-button-text\">Hier Klicken<\/span>\n\t\t\t\t\t<\/span>\n\t\t\t\t\t<\/a>\n\t\t\t\t\t\t\t\t<\/div>\n\t\t\t\t\t<\/div>\n\t\t<\/div>\n\t\t\t\t<div class=\"elementor-column elementor-col-50 elementor-top-column elementor-element elementor-element-a943a36\" data-id=\"a943a36\" data-element_type=\"column\" data-e-type=\"column\">\n\t\t\t<div class=\"elementor-widget-wrap elementor-element-populated\">\n\t\t\t\t\t\t<div class=\"elementor-element elementor-element-be47ebc elementor-widget elementor-widget-heading\" data-id=\"be47ebc\" data-element_type=\"widget\" data-e-type=\"widget\" data-widget_type=\"heading.default\">\n\t\t\t\t\t<h2 class=\"elementor-heading-title elementor-size-default\">Kaufen Digital<\/h2>\t\t\t\t<\/div>\n\t\t\t\t<div class=\"elementor-element elementor-element-9ae338c elementor-widget elementor-widget-text-editor\" data-id=\"9ae338c\" data-element_type=\"widget\" data-e-type=\"widget\" data-widget_type=\"text-editor.default\">\n\t\t\t\t\t\t\t\t\t<p>Alle Alben von Jacotte Chollet sind jetzt als digitale HD-Versionen im .wav-Format auf der Wiseband-Plattform erh\u00e4ltlich.<\/p><p>Jedes digitale Album wird von einem H\u00f6rf\u00fchrer im PDF-Format begleitet. Mit jedem Kauf haben Sie au\u00dferdem (wie bei den CDs) Zugang zu einer Betreuung und Beratung durch Jacotte bei den ersten H\u00f6rproben.<\/p>\t\t\t\t\t\t\t\t<\/div>\n\t\t\t\t<div class=\"elementor-element elementor-element-2db5f99 elementor-widget elementor-widget-button\" data-id=\"2db5f99\" data-element_type=\"widget\" data-e-type=\"widget\" data-widget_type=\"button.default\">\n\t\t\t\t\t\t\t\t\t\t<a class=\"elementor-button elementor-button-link elementor-size-sm\" href=\"https:\/\/jacottechollet.com\/de\/\" target=\"_blank\">\n\t\t\t\t\t\t<span class=\"elementor-button-content-wrapper\">\n\t\t\t\t\t\t\t\t\t<span class=\"elementor-button-text\">Hier Klicken<\/span>\n\t\t\t\t\t<\/span>\n\t\t\t\t\t<\/a>\n\t\t\t\t\t\t\t\t<\/div>\n\t\t\t\t\t<\/div>\n\t\t<\/div>\n\t\t\t\t\t<\/div>\n\t\t<\/section>\n\t\t\t\t<section class=\"elementor-section elementor-top-section elementor-element elementor-element-a094a30 elementor-section-boxed elementor-section-height-default elementor-section-height-default\" data-id=\"a094a30\" data-element_type=\"section\" data-e-type=\"section\">\n\t\t\t\t\t\t<div class=\"elementor-container elementor-column-gap-default\">\n\t\t\t\t\t<div class=\"elementor-column elementor-col-100 elementor-top-column elementor-element elementor-element-f4d0121\" data-id=\"f4d0121\" data-element_type=\"column\" data-e-type=\"column\">\n\t\t\t<div class=\"elementor-widget-wrap elementor-element-populated\">\n\t\t\t\t\t\t<div class=\"elementor-element elementor-element-609b9dd elementor-widget elementor-widget-spacer\" data-id=\"609b9dd\" data-element_type=\"widget\" data-e-type=\"widget\" data-widget_type=\"spacer.default\">\n\t\t\t\t\t\t\t<div class=\"elementor-spacer\">\n\t\t\t<div class=\"elementor-spacer-inner\"><\/div>\n\t\t<\/div>\n\t\t\t\t\t\t<\/div>\n\t\t\t\t\t<\/div>\n\t\t<\/div>\n\t\t\t\t\t<\/div>\n\t\t<\/section>\n\t\t\t\t<\/div>\n\t\t","protected":false},"excerpt":{"rendered":"<p>Kaufen CD Sie k\u00f6nnen von unserem on-line-Shop bestellen.H\u00f6ren Sie auf Audioproben, lesen Sie mehr \u00fcber der CD von Jacotte Chollet, entdecken Sie, dass das unser Exklusive angebote. Hier Klicken Kaufen Digital Alle Alben von Jacotte Chollet sind jetzt als digitale HD-Versionen im .wav-Format auf der Wiseband-Plattform erh\u00e4ltlich. Jedes digitale Album wird von einem H\u00f6rf\u00fchrer im [&hellip;]<\/p>\n","protected":false},"author":1,"featured_media":0,"parent":0,"menu_order":0,"comment_status":"closed","ping_status":"closed","template":"","meta":{"site-sidebar-layout":"default","site-content-layout":"default","ast-site-content-layout":"default","site-content-style":"default","site-sidebar-style":"default","ast-global-header-display":"","ast-banner-title-visibility":"","ast-main-header-display":"","ast-hfb-above-header-display":"","ast-hfb-below-header-display":"","ast-hfb-mobile-header-display":"","site-post-title":"","ast-breadcrumbs-content":"","ast-featured-img":"","footer-sml-layout":"","ast-disable-related-posts":"","theme-transparent-header-meta":"default","adv-header-id-meta":"","stick-header-meta":"default","header-above-stick-meta":"","header-main-stick-meta":"","header-below-stick-meta":"","astra-migrate-meta-layouts":"default","ast-page-background-enabled":"default","ast-page-background-meta":{"desktop":{"background-color":"var(--ast-global-color-4)","background-image":"","background-repeat":"repeat","background-position":"center center","background-size":"auto","background-attachment":"scroll","background-type":"","background-media":"","overlay-type":"","overlay-color":"","overlay-opacity":"","overlay-gradient":""},"tablet":{"background-color":"","background-image":"","background-repeat":"repeat","background-position":"center center","background-size":"auto","background-attachment":"scroll","background-type":"","background-media":"","overlay-type":"","overlay-color":"","overlay-opacity":"","overlay-gradient":""},"mobile":{"background-color":"","background-image":"","background-repeat":"repeat","background-position":"center center","background-size":"auto","background-attachment":"scroll","background-type":"","background-media":"","overlay-type":"","overlay-color":"","overlay-opacity":"","overlay-gradient":""}},"ast-content-background-meta":{"desktop":{"background-color":"var(--ast-global-color-5)","background-image":"","background-repeat":"repeat","background-position":"center center","background-size":"auto","background-attachment":"scroll","background-type":"","background-media":"","overlay-type":"","overlay-color":"","overlay-opacity":"","overlay-gradient":""},"tablet":{"background-color":"var(--ast-global-color-5)","background-image":"","background-repeat":"repeat","background-position":"center center","background-size":"auto","background-attachment":"scroll","background-type":"","background-media":"","overlay-type":"","overlay-color":"","overlay-opacity":"","overlay-gradient":""},"mobile":{"background-color":"var(--ast-global-color-5)","background-image":"","background-repeat":"repeat","background-position":"center center","background-size":"auto","background-attachment":"scroll","background-type":"","background-media":"","overlay-type":"","overlay-color":"","overlay-opacity":"","overlay-gradient":""}},"footnotes":""},"class_list":["post-2640","page","type-page","status-publish","hentry"],"yoast_head":"<!-- This site is optimized with the Yoast SEO Premium plugin v21.7 (Yoast SEO v27.4) - https:\/\/yoast.com\/product\/yoast-seo-premium-wordpress\/ -->\n<title>Kaufen Alben von Jacotte Chollet - Die Multidimensionale Musik von Jacotte Chollet<\/title>\n<meta name=\"robots\" content=\"index, follow, max-snippet:-1, max-image-preview:large, max-video-preview:-1\" \/>\n<link rel=\"canonical\" href=\"https:\/\/multidimensionalmusic.com\/de\/kaufen-cd-von-jacotte-chollet\/\" \/>\n<meta property=\"og:locale\" content=\"de_DE\" \/>\n<meta property=\"og:type\" content=\"article\" \/>\n<meta property=\"og:title\" content=\"Kaufen Alben von Jacotte Chollet\" \/>\n<meta property=\"og:description\" content=\"Kaufen CD Sie k\u00f6nnen von unserem on-line-Shop bestellen.H\u00f6ren Sie auf Audioproben, lesen Sie mehr \u00fcber der CD von Jacotte Chollet, entdecken Sie, dass das unser Exklusive angebote. Hier Klicken Kaufen Digital Alle Alben von Jacotte Chollet sind jetzt als digitale HD-Versionen im .wav-Format auf der Wiseband-Plattform erh\u00e4ltlich. Jedes digitale Album wird von einem H\u00f6rf\u00fchrer im [&hellip;]\" \/>\n<meta property=\"og:url\" content=\"https:\/\/multidimensionalmusic.com\/de\/kaufen-cd-von-jacotte-chollet\/\" \/>\n<meta property=\"og:site_name\" content=\"Die Multidimensionale Musik von Jacotte Chollet\" \/>\n<meta property=\"article:publisher\" content=\"https:\/\/www.facebook.com\/jacottecholletmusiquemultidimensionnelle\/\" \/>\n<meta property=\"article:modified_time\" content=\"2025-07-08T20:13:50+00:00\" \/>\n<meta name=\"twitter:card\" content=\"summary_large_image\" \/>\n<meta name=\"twitter:label1\" content=\"Gesch\u00e4tzte Lesezeit\" \/>\n\t<meta name=\"twitter:data1\" content=\"1\u00a0Minute\" \/>\n<script type=\"application\/ld+json\" class=\"yoast-schema-graph\">{\"@context\":\"https:\\\/\\\/schema.org\",\"@graph\":[{\"@type\":\"WebPage\",\"@id\":\"https:\\\/\\\/multidimensionalmusic.com\\\/de\\\/kaufen-cd-von-jacotte-chollet\\\/\",\"url\":\"https:\\\/\\\/multidimensionalmusic.com\\\/de\\\/kaufen-cd-von-jacotte-chollet\\\/\",\"name\":\"Kaufen Alben von Jacotte Chollet - Die Multidimensionale Musik von Jacotte Chollet\",\"isPartOf\":{\"@id\":\"https:\\\/\\\/multidimensionalmusic.com\\\/de\\\/#website\"},\"datePublished\":\"2017-11-24T11:10:29+00:00\",\"dateModified\":\"2025-07-08T20:13:50+00:00\",\"breadcrumb\":{\"@id\":\"https:\\\/\\\/multidimensionalmusic.com\\\/de\\\/kaufen-cd-von-jacotte-chollet\\\/#breadcrumb\"},\"inLanguage\":\"de\",\"potentialAction\":[{\"@type\":\"ReadAction\",\"target\":[\"https:\\\/\\\/multidimensionalmusic.com\\\/de\\\/kaufen-cd-von-jacotte-chollet\\\/\"]}]},{\"@type\":\"BreadcrumbList\",\"@id\":\"https:\\\/\\\/multidimensionalmusic.com\\\/de\\\/kaufen-cd-von-jacotte-chollet\\\/#breadcrumb\",\"itemListElement\":[{\"@type\":\"ListItem\",\"position\":1,\"name\":\"Home\",\"item\":\"https:\\\/\\\/multidimensionalmusic.com\\\/de\\\/\"},{\"@type\":\"ListItem\",\"position\":2,\"name\":\"Kaufen Alben von Jacotte Chollet\"}]},{\"@type\":\"WebSite\",\"@id\":\"https:\\\/\\\/multidimensionalmusic.com\\\/de\\\/#website\",\"url\":\"https:\\\/\\\/multidimensionalmusic.com\\\/de\\\/\",\"name\":\"Jacotte Chollet - La Musique Multidimensionnelle\",\"description\":\"Musik f\u00fcr : Bewusstseinserweiterung - Kreativit\u00e4t - Tiefenentspannung - Massage - Meditation - Selbsthypnose - Stressbek\u00e4mpfung\",\"publisher\":{\"@id\":\"https:\\\/\\\/multidimensionalmusic.com\\\/de\\\/#organization\"},\"potentialAction\":[{\"@type\":\"SearchAction\",\"target\":{\"@type\":\"EntryPoint\",\"urlTemplate\":\"https:\\\/\\\/multidimensionalmusic.com\\\/de\\\/?s={search_term_string}\"},\"query-input\":{\"@type\":\"PropertyValueSpecification\",\"valueRequired\":true,\"valueName\":\"search_term_string\"}}],\"inLanguage\":\"de\"},{\"@type\":\"Organization\",\"@id\":\"https:\\\/\\\/multidimensionalmusic.com\\\/de\\\/#organization\",\"name\":\"Jacotte Chollet Multidimensional Music\",\"url\":\"https:\\\/\\\/multidimensionalmusic.com\\\/de\\\/\",\"logo\":{\"@type\":\"ImageObject\",\"inLanguage\":\"de\",\"@id\":\"https:\\\/\\\/multidimensionalmusic.com\\\/de\\\/#\\\/schema\\\/logo\\\/image\\\/\",\"url\":\"https:\\\/\\\/multidimensionalmusic.com\\\/wp-content\\\/uploads\\\/2025\\\/03\\\/header-logo-site-vitrine-jacotte-chollet-mmd-transparent.png\",\"contentUrl\":\"https:\\\/\\\/multidimensionalmusic.com\\\/wp-content\\\/uploads\\\/2025\\\/03\\\/header-logo-site-vitrine-jacotte-chollet-mmd-transparent.png\",\"width\":800,\"height\":358,\"caption\":\"Jacotte Chollet Multidimensional Music\"},\"image\":{\"@id\":\"https:\\\/\\\/multidimensionalmusic.com\\\/de\\\/#\\\/schema\\\/logo\\\/image\\\/\"},\"sameAs\":[\"https:\\\/\\\/www.facebook.com\\\/jacottecholletmusiquemultidimensionnelle\\\/\",\"https:\\\/\\\/www.instagram.com\\\/jacottechollet\\\/\",\"https:\\\/\\\/www.linkedin.com\\\/in\\\/jacotte-chollet-41a09812\\\/\",\"https:\\\/\\\/www.youtube.com\\\/channel\\\/UCKDtAKgspnDQqggI1bAOl_g\"]}]}<\/script>\n<!-- \/ Yoast SEO Premium plugin. -->","yoast_head_json":{"title":"Kaufen Alben von Jacotte Chollet - Die Multidimensionale Musik von Jacotte Chollet","robots":{"index":"index","follow":"follow","max-snippet":"max-snippet:-1","max-image-preview":"max-image-preview:large","max-video-preview":"max-video-preview:-1"},"canonical":"https:\/\/multidimensionalmusic.com\/de\/kaufen-cd-von-jacotte-chollet\/","og_locale":"de_DE","og_type":"article","og_title":"Kaufen Alben von Jacotte Chollet","og_description":"Kaufen CD Sie k\u00f6nnen von unserem on-line-Shop bestellen.H\u00f6ren Sie auf Audioproben, lesen Sie mehr \u00fcber der CD von Jacotte Chollet, entdecken Sie, dass das unser Exklusive angebote. Hier Klicken Kaufen Digital Alle Alben von Jacotte Chollet sind jetzt als digitale HD-Versionen im .wav-Format auf der Wiseband-Plattform erh\u00e4ltlich. Jedes digitale Album wird von einem H\u00f6rf\u00fchrer im [&hellip;]","og_url":"https:\/\/multidimensionalmusic.com\/de\/kaufen-cd-von-jacotte-chollet\/","og_site_name":"Die Multidimensionale Musik von Jacotte Chollet","article_publisher":"https:\/\/www.facebook.com\/jacottecholletmusiquemultidimensionnelle\/","article_modified_time":"2025-07-08T20:13:50+00:00","twitter_card":"summary_large_image","twitter_misc":{"Gesch\u00e4tzte Lesezeit":"1\u00a0Minute"},"schema":{"@context":"https:\/\/schema.org","@graph":[{"@type":"WebPage","@id":"https:\/\/multidimensionalmusic.com\/de\/kaufen-cd-von-jacotte-chollet\/","url":"https:\/\/multidimensionalmusic.com\/de\/kaufen-cd-von-jacotte-chollet\/","name":"Kaufen Alben von Jacotte Chollet - Die Multidimensionale Musik von Jacotte Chollet","isPartOf":{"@id":"https:\/\/multidimensionalmusic.com\/de\/#website"},"datePublished":"2017-11-24T11:10:29+00:00","dateModified":"2025-07-08T20:13:50+00:00","breadcrumb":{"@id":"https:\/\/multidimensionalmusic.com\/de\/kaufen-cd-von-jacotte-chollet\/#breadcrumb"},"inLanguage":"de","potentialAction":[{"@type":"ReadAction","target":["https:\/\/multidimensionalmusic.com\/de\/kaufen-cd-von-jacotte-chollet\/"]}]},{"@type":"BreadcrumbList","@id":"https:\/\/multidimensionalmusic.com\/de\/kaufen-cd-von-jacotte-chollet\/#breadcrumb","itemListElement":[{"@type":"ListItem","position":1,"name":"Home","item":"https:\/\/multidimensionalmusic.com\/de\/"},{"@type":"ListItem","position":2,"name":"Kaufen Alben von Jacotte Chollet"}]},{"@type":"WebSite","@id":"https:\/\/multidimensionalmusic.com\/de\/#website","url":"https:\/\/multidimensionalmusic.com\/de\/","name":"Jacotte Chollet - La Musique Multidimensionnelle","description":"Musik f\u00fcr : Bewusstseinserweiterung - Kreativit\u00e4t - Tiefenentspannung - Massage - Meditation - Selbsthypnose - Stressbek\u00e4mpfung","publisher":{"@id":"https:\/\/multidimensionalmusic.com\/de\/#organization"},"potentialAction":[{"@type":"SearchAction","target":{"@type":"EntryPoint","urlTemplate":"https:\/\/multidimensionalmusic.com\/de\/?s={search_term_string}"},"query-input":{"@type":"PropertyValueSpecification","valueRequired":true,"valueName":"search_term_string"}}],"inLanguage":"de"},{"@type":"Organization","@id":"https:\/\/multidimensionalmusic.com\/de\/#organization","name":"Jacotte Chollet Multidimensional Music","url":"https:\/\/multidimensionalmusic.com\/de\/","logo":{"@type":"ImageObject","inLanguage":"de","@id":"https:\/\/multidimensionalmusic.com\/de\/#\/schema\/logo\/image\/","url":"https:\/\/multidimensionalmusic.com\/wp-content\/uploads\/2025\/03\/header-logo-site-vitrine-jacotte-chollet-mmd-transparent.png","contentUrl":"https:\/\/multidimensionalmusic.com\/wp-content\/uploads\/2025\/03\/header-logo-site-vitrine-jacotte-chollet-mmd-transparent.png","width":800,"height":358,"caption":"Jacotte Chollet Multidimensional Music"},"image":{"@id":"https:\/\/multidimensionalmusic.com\/de\/#\/schema\/logo\/image\/"},"sameAs":["https:\/\/www.facebook.com\/jacottecholletmusiquemultidimensionnelle\/","https:\/\/www.instagram.com\/jacottechollet\/","https:\/\/www.linkedin.com\/in\/jacotte-chollet-41a09812\/","https:\/\/www.youtube.com\/channel\/UCKDtAKgspnDQqggI1bAOl_g"]}]}},"_links":{"self":[{"href":"https:\/\/multidimensionalmusic.com\/de\/wp-json\/wp\/v2\/pages\/2640","targetHints":{"allow":["GET"]}}],"collection":[{"href":"https:\/\/multidimensionalmusic.com\/de\/wp-json\/wp\/v2\/pages"}],"about":[{"href":"https:\/\/multidimensionalmusic.com\/de\/wp-json\/wp\/v2\/types\/page"}],"author":[{"embeddable":true,"href":"https:\/\/multidimensionalmusic.com\/de\/wp-json\/wp\/v2\/users\/1"}],"replies":[{"embeddable":true,"href":"https:\/\/multidimensionalmusic.com\/de\/wp-json\/wp\/v2\/comments?post=2640"}],"version-history":[{"count":3,"href":"https:\/\/multidimensionalmusic.com\/de\/wp-json\/wp\/v2\/pages\/2640\/revisions"}],"predecessor-version":[{"id":91650,"href":"https:\/\/multidimensionalmusic.com\/de\/wp-json\/wp\/v2\/pages\/2640\/revisions\/91650"}],"wp:attachment":[{"href":"https:\/\/multidimensionalmusic.com\/de\/wp-json\/wp\/v2\/media?parent=2640"}],"curies":[{"name":"wp","href":"https:\/\/api.w.org\/{rel}","templated":true}]}}