{"id":2525,"date":"2017-11-21T16:31:52","date_gmt":"2017-11-21T15:31:52","guid":{"rendered":"https:\/\/multidimensionalmusic.com\/?page_id=2525"},"modified":"2025-05-26T09:41:48","modified_gmt":"2025-05-26T07:41:48","slug":"unterztuetzung-auf-multidimensionale-musik-von-jacotte-chollet","status":"publish","type":"page","link":"https:\/\/multidimensionalmusic.com\/de\/unterztuetzung-auf-multidimensionale-musik-von-jacotte-chollet\/","title":{"rendered":"Unterzt\u00fctzung auf Multidimensionale Musik von Jacotte Chollet"},"content":{"rendered":"\t\t<div data-elementor-type=\"wp-page\" data-elementor-id=\"2525\" class=\"elementor elementor-2525 elementor-19\" data-elementor-post-type=\"page\">\n\t\t\t\t<div class=\"elementor-element elementor-element-3395bf61 e-flex e-con-boxed e-con e-parent\" data-id=\"3395bf61\" data-element_type=\"container\" data-e-type=\"container\">\n\t\t\t\t\t<div class=\"e-con-inner\">\n\t\t\t\t<div class=\"elementor-element elementor-element-539af06 elementor-widget elementor-widget-text-editor\" data-id=\"539af06\" data-element_type=\"widget\" data-e-type=\"widget\" data-widget_type=\"text-editor.default\">\n\t\t\t\t\t\t\t\t\t<p><strong><em>Ich bin schon lange begeistert von der riesigen sch\u00f6pferischen Arbeit, die Jacotte CHOLLET gemacht hat, um mit der Musik ge\u00e4nderte Bewustseinszustande auszul\u00f6sen. <\/em><\/strong><br \/><strong><em>Ihre Kompositionen und Vorstellungen unterst\u00fctzen Heilung auf den tiefsten Ebenen und rufen tiefe geistige Erleuchtungen und transformierende Effekte in den Zuh\u00f6rern hervor.<\/em><\/strong><\/p><p><strong><em>Ich bin gl\u00fccklich, einer von den vielen Leuten zu sein, die ihre wichtige Arbeit guthei\u00dfen und die diejenigen, die der Musik gegen\u00fcber empfindsam sind, dazu bewegen, sich ihren heilenden Energien zu \u00f6ffnen.<\/em><\/strong><\/p><h5>KENNETH RING<\/h5><p>PH.D. Professor Emerit f\u00fcr Psychologie, University of Connecticut, USA. Gr\u00fcnder von IANDS, Internationaler Assoziation f\u00fcr die Studie von den totnahen Erfahrungen<\/p>\t\t\t\t\t\t\t\t<\/div>\n\t\t\t\t<div class=\"elementor-element elementor-element-185c7e0 elementor-widget elementor-widget-text-editor\" data-id=\"185c7e0\" data-element_type=\"widget\" data-e-type=\"widget\" data-widget_type=\"text-editor.default\">\n\t\t\t\t\t\t\t\t\t<p><em><strong>\u00dcbersetzung Erfahrungen und Anwenderberichte&#8221;Gegenw\u00e4rtig&#8221;, unterstreicht Professor Regis Dutheil,&#8221; ist die einzige Methode, die sich der Medizin des 21. Jahrhunderts ann\u00e4hert, die multidimensionale Musik, denn sie ber\u00fchrt gleichzeitig den elektromagnetischen K\u00f6rper und das Bewusstsein. Sie stellt die Negentropie wieder her.<\/strong><\/em><\/p><p><em><strong>Es gibt zun\u00e4chst einen autodiagnostischen und im Anschluss daran einen therapeutischen Effekt, durch das Aufdecken von Traumatisierungen und Korrekturen, die das &#8220;Bewusstsein&#8221; herbeif\u00fchren kann.<\/strong><\/em><br \/><em><strong>Auf diesem Bewusstseinsniveau existiert keine Zeit mehr.<\/strong><\/em><br \/><em><strong>Die Vergangenheit \u00fcberlagert die Gegenwart, der multidimensionale K\u00f6rper breitet sich aus in Vergangenheit und Zukunft des Hologramms.<\/strong><\/em><\/p><h5>REGIS DUTHEIL<\/h5><p>Professor f\u00fcr Physik und Biophysik, Agr\u00e9g\u00e9 f\u00fcr Medizin<\/p>\t\t\t\t\t\t\t\t<\/div>\n\t\t\t\t<div class=\"elementor-element elementor-element-04afdb8 elementor-widget elementor-widget-text-editor\" data-id=\"04afdb8\" data-element_type=\"widget\" data-e-type=\"widget\" data-widget_type=\"text-editor.default\">\n\t\t\t\t\t\t\t\t\t<p><em><strong>Die multidimensionale Musik von Jacotte CHOLLET hat die F\u00e4higkeit, ihre Zuh\u00f6rer in den ungew\u00f6hnlichen Erfahrungsbereich mitzunehmen, wo sie sch\u00f6pferische Ideen wecken, Klarheit \u00fcber Lebensentscheidungen bekommen, Frieden f\u00fcr Seele und K\u00f6rper finden oder mit den von diesem einzigartigen Program stimulierten Gef\u00fchlen zusammenwirken k\u00f6nnen.<\/strong><\/em><\/p><h5>STANLEY KRIPPNER<\/h5><p>PH.D. Professor f\u00fcr Psychologie, Saybrook Graduate School, San Francisco. Mitverfasser von Personal Mythology, The Mythic Path, Healing States u.a. Herausgeber von Dreamtime &amp; Dreamwork.<\/p>\t\t\t\t\t\t\t\t<\/div>\n\t\t\t\t<div class=\"elementor-element elementor-element-be28ad6 elementor-widget elementor-widget-text-editor\" data-id=\"be28ad6\" data-element_type=\"widget\" data-e-type=\"widget\" data-widget_type=\"text-editor.default\">\n\t\t\t\t\t\t\t\t\t<p><em><strong>Mit Ausnahme der grossen tibetanischen Gongs ist Ihre Musik die einzige, die eine gleich starke innere Resonanz hervorrufen kann. W\u00e4hrend meiner eigenen Erfahrung hat RENAISSANCE meine beiden <br \/>energetischen Hauptstr\u00f6me zum Vibrieren gebracht, und INVISIBLE PRESENCE hat die Schichten meiner Aura schimmern lassen und sie bis auf Armesl\u00e4nge hin ausgeweitet. Es zeigte sich ein Ph\u00e4nomen der Integration der verschiedenen Schichten der Aura, und, als dies geschehen war, wurde ein aussergew\u00f6hnlich transparentes Purpur, ges\u00e4umt von glitzerndem Weiss, sichtbar.<\/strong><\/em><\/p><h5>INGO SWANN<\/h5><p>Spezialist aussergew\u00f6hnlicher Wahrnehmung, Autor. Er hat teilgenommen an allen Forschungsprogrammen \u00fcber ? Fern-Sehen ? remote viewing am Stanford Research Institute in den siebziger Jahren. Er ist eine Autorit\u00e4t auf diesem Gebiet.<\/p>\t\t\t\t\t\t\t\t<\/div>\n\t\t\t\t<div class=\"elementor-element elementor-element-7ceb123 elementor-widget elementor-widget-text-editor\" data-id=\"7ceb123\" data-element_type=\"widget\" data-e-type=\"widget\" data-widget_type=\"text-editor.default\">\n\t\t\t\t\t\t\t\t\t<p><em><strong>Madame Chollet, Danke f\u00fcr Ihre wundervolle Musik.<br \/>Ich habe Ihre CD vergangenen Monat erhalten, und seither ist das wenigste, das ich sagen k\u00f6nnte, dass sich Qualit\u00e4t und Tiefe meiner Meditationen verzehnfacht haben.<br \/>Als Schriftsteller sch\u00e4tze ich im Speziellen die M\u00f6glichkeit, die Ihre Musik uns er\u00f6ffnet, um in andere K\u00f6nigreiche von Verst\u00e4ndniss einzutreten.<br \/>Nochmals Danke, ich weiss nicht, wie ich Ihnen genug danken kann.<\/strong><\/em><\/p><h5>ROXANNE SUMNERS<\/h5><p>Autor von Die Welle des Lichts, eine Quanten- Nah -Tod &#8211; Erfahrung.<\/p>\t\t\t\t\t\t\t\t<\/div>\n\t\t\t\t<div class=\"elementor-element elementor-element-e33f311 elementor-widget elementor-widget-text-editor\" data-id=\"e33f311\" data-element_type=\"widget\" data-e-type=\"widget\" data-widget_type=\"text-editor.default\">\n\t\t\t\t\t\t\t\t\t<div class=\"kc-elm kc-css-3537564 kc_row kc_row_inner\"><div class=\"kc-elm kc-css-2034664 kc_col-sm-12 kc_column_inner kc_col-sm-12\"><div class=\"kc_wrapper kc-col-inner-container\"><div class=\"kc-elm kc-css-1021545 kc_text_block\"><p><em><strong>Wenn ich entspannt und ganz tief im H\u00f6ren bin, f\u00fchrt mich die Musik von Jacotte Chollet auf eine wunderbare Reise zu den unz\u00e4hligen Galaxien meines multidimensionalen Geistes. <br \/>Dies mag f\u00fcr mich ganz alleine transzendent sein, aber es ist noch besser, wenn ich mit meiner Liebsten v\u00f6llig in der Musik verschmolzen bin.<\/strong><\/em><\/p><h5>JEAN MILLAY<\/h5><p>Doktor der Philiosophie, Fachmann f\u00fcr Hirnwellen, Autor von Der multidimensionale Geist.<\/p><\/div><\/div><\/div><\/div><div class=\"kc-elm kc-css-3245326\" style=\"height: 45px; clear: both; width: 100%;\">\u00a0<\/div>\t\t\t\t\t\t\t\t<\/div>\n\t\t\t\t\t<\/div>\n\t\t\t\t<\/div>\n\t\t<div class=\"elementor-element elementor-element-4275c6c e-flex e-con-boxed e-con e-parent\" data-id=\"4275c6c\" data-element_type=\"container\" data-e-type=\"container\">\n\t\t\t\t\t<div class=\"e-con-inner\">\n\t\t<div class=\"elementor-element elementor-element-f57c3e3 e-con-full e-flex e-con e-child\" data-id=\"f57c3e3\" data-element_type=\"container\" data-e-type=\"container\">\n\t\t\t\t<div class=\"elementor-element elementor-element-f5808c7 elementor-widget elementor-widget-spacer\" data-id=\"f5808c7\" data-element_type=\"widget\" data-e-type=\"widget\" data-widget_type=\"spacer.default\">\n\t\t\t\t\t\t\t<div class=\"elementor-spacer\">\n\t\t\t<div class=\"elementor-spacer-inner\"><\/div>\n\t\t<\/div>\n\t\t\t\t\t\t<\/div>\n\t\t\t\t<div class=\"elementor-element elementor-element-a54c374 elementor-widget elementor-widget-heading\" data-id=\"a54c374\" data-element_type=\"widget\" data-e-type=\"widget\" data-widget_type=\"heading.default\">\n\t\t\t\t\t<h2 class=\"elementor-heading-title elementor-size-default\"><a href=\"https:\/\/multidimensionalmusic.com\/de\/erfahrungen-von-hoerer-multidimensionale-musik\/\">ERFAHRUNGSBERICHTE DER ZUH\u00d6RER\n<\/a><\/h2>\t\t\t\t<\/div>\n\t\t\t\t<div class=\"elementor-element elementor-element-bcf0bdd elementor-widget elementor-widget-heading\" data-id=\"bcf0bdd\" data-element_type=\"widget\" data-e-type=\"widget\" data-widget_type=\"heading.default\">\n\t\t\t\t\t<h2 class=\"elementor-heading-title elementor-size-default\"><a href=\"https:\/\/multidimensionalmusic.com\/de\/erfahrungen-von-therapeuten-musik-jacotte-chollet\/\">BERUFLICHE &amp; THERAPEUTISCHE ERFAHRUNGEN<\/a><\/h2>\t\t\t\t<\/div>\n\t\t\t\t<div class=\"elementor-element elementor-element-4f8c22a elementor-widget elementor-widget-spacer\" data-id=\"4f8c22a\" data-element_type=\"widget\" data-e-type=\"widget\" data-widget_type=\"spacer.default\">\n\t\t\t\t\t\t\t<div class=\"elementor-spacer\">\n\t\t\t<div class=\"elementor-spacer-inner\"><\/div>\n\t\t<\/div>\n\t\t\t\t\t\t<\/div>\n\t\t\t\t<\/div>\n\t\t\t\t\t<\/div>\n\t\t\t\t<\/div>\n\t\t\t\t<\/div>\n\t\t","protected":false},"excerpt":{"rendered":"<p>Ich bin schon lange begeistert von der riesigen sch\u00f6pferischen Arbeit, die Jacotte CHOLLET gemacht hat, um mit der Musik ge\u00e4nderte Bewustseinszustande auszul\u00f6sen. Ihre Kompositionen und Vorstellungen unterst\u00fctzen Heilung auf den tiefsten Ebenen und rufen tiefe geistige Erleuchtungen und transformierende Effekte in den Zuh\u00f6rern hervor. Ich bin gl\u00fccklich, einer von den vielen Leuten zu sein, die [&hellip;]<\/p>\n","protected":false},"author":1,"featured_media":0,"parent":0,"menu_order":0,"comment_status":"closed","ping_status":"closed","template":"","meta":{"site-sidebar-layout":"default","site-content-layout":"","ast-site-content-layout":"default","site-content-style":"default","site-sidebar-style":"default","ast-global-header-display":"","ast-banner-title-visibility":"","ast-main-header-display":"","ast-hfb-above-header-display":"","ast-hfb-below-header-display":"","ast-hfb-mobile-header-display":"","site-post-title":"","ast-breadcrumbs-content":"","ast-featured-img":"","footer-sml-layout":"","ast-disable-related-posts":"","theme-transparent-header-meta":"","adv-header-id-meta":"","stick-header-meta":"","header-above-stick-meta":"","header-main-stick-meta":"","header-below-stick-meta":"","astra-migrate-meta-layouts":"default","ast-page-background-enabled":"default","ast-page-background-meta":{"desktop":{"background-color":"var(--ast-global-color-4)","background-image":"","background-repeat":"repeat","background-position":"center center","background-size":"auto","background-attachment":"scroll","background-type":"","background-media":"","overlay-type":"","overlay-color":"","overlay-opacity":"","overlay-gradient":""},"tablet":{"background-color":"","background-image":"","background-repeat":"repeat","background-position":"center center","background-size":"auto","background-attachment":"scroll","background-type":"","background-media":"","overlay-type":"","overlay-color":"","overlay-opacity":"","overlay-gradient":""},"mobile":{"background-color":"","background-image":"","background-repeat":"repeat","background-position":"center center","background-size":"auto","background-attachment":"scroll","background-type":"","background-media":"","overlay-type":"","overlay-color":"","overlay-opacity":"","overlay-gradient":""}},"ast-content-background-meta":{"desktop":{"background-color":"var(--ast-global-color-5)","background-image":"","background-repeat":"repeat","background-position":"center center","background-size":"auto","background-attachment":"scroll","background-type":"","background-media":"","overlay-type":"","overlay-color":"","overlay-opacity":"","overlay-gradient":""},"tablet":{"background-color":"var(--ast-global-color-5)","background-image":"","background-repeat":"repeat","background-position":"center center","background-size":"auto","background-attachment":"scroll","background-type":"","background-media":"","overlay-type":"","overlay-color":"","overlay-opacity":"","overlay-gradient":""},"mobile":{"background-color":"var(--ast-global-color-5)","background-image":"","background-repeat":"repeat","background-position":"center center","background-size":"auto","background-attachment":"scroll","background-type":"","background-media":"","overlay-type":"","overlay-color":"","overlay-opacity":"","overlay-gradient":""}},"footnotes":""},"class_list":["post-2525","page","type-page","status-publish","hentry"],"yoast_head":"<!-- This site is optimized with the Yoast SEO Premium plugin v21.7 (Yoast SEO v27.4) - https:\/\/yoast.com\/product\/yoast-seo-premium-wordpress\/ -->\n<title>Unterzt\u00fctzung auf Multidimensionale Musik von Jacotte Chollet - Die Multidimensionale Musik von Jacotte Chollet<\/title>\n<meta name=\"description\" content=\"Ihre musik unterst\u00fctzen Heilung auf den tiefsten Ebenen und rufen tiefe geistige Erleuchtungen und transformierende Effekte in den Zuh\u00f6rern hervor.\" \/>\n<meta name=\"robots\" content=\"index, follow, max-snippet:-1, max-image-preview:large, max-video-preview:-1\" \/>\n<link rel=\"canonical\" href=\"https:\/\/multidimensionalmusic.com\/de\/unterztuetzung-auf-multidimensionale-musik-von-jacotte-chollet\/\" \/>\n<meta property=\"og:locale\" content=\"de_DE\" \/>\n<meta property=\"og:type\" content=\"article\" \/>\n<meta property=\"og:title\" content=\"Unterzt\u00fctzung auf Multidimensionale Musik von Jacotte Chollet\" \/>\n<meta property=\"og:description\" content=\"Ihre musik unterst\u00fctzen Heilung auf den tiefsten Ebenen und rufen tiefe geistige Erleuchtungen und transformierende Effekte in den Zuh\u00f6rern hervor.\" \/>\n<meta property=\"og:url\" content=\"https:\/\/multidimensionalmusic.com\/de\/unterztuetzung-auf-multidimensionale-musik-von-jacotte-chollet\/\" \/>\n<meta property=\"og:site_name\" content=\"Die Multidimensionale Musik von Jacotte Chollet\" \/>\n<meta property=\"article:publisher\" content=\"https:\/\/www.facebook.com\/jacottecholletmusiquemultidimensionnelle\/\" \/>\n<meta property=\"article:modified_time\" content=\"2025-05-26T07:41:48+00:00\" \/>\n<meta name=\"twitter:card\" content=\"summary_large_image\" \/>\n<meta name=\"twitter:label1\" content=\"Gesch\u00e4tzte Lesezeit\" \/>\n\t<meta name=\"twitter:data1\" content=\"3\u00a0Minuten\" \/>\n<script type=\"application\/ld+json\" class=\"yoast-schema-graph\">{\"@context\":\"https:\\\/\\\/schema.org\",\"@graph\":[{\"@type\":\"WebPage\",\"@id\":\"https:\\\/\\\/multidimensionalmusic.com\\\/de\\\/unterztuetzung-auf-multidimensionale-musik-von-jacotte-chollet\\\/\",\"url\":\"https:\\\/\\\/multidimensionalmusic.com\\\/de\\\/unterztuetzung-auf-multidimensionale-musik-von-jacotte-chollet\\\/\",\"name\":\"Unterzt\u00fctzung auf Multidimensionale Musik von Jacotte Chollet - Die Multidimensionale Musik von Jacotte Chollet\",\"isPartOf\":{\"@id\":\"https:\\\/\\\/multidimensionalmusic.com\\\/de\\\/#website\"},\"datePublished\":\"2017-11-21T15:31:52+00:00\",\"dateModified\":\"2025-05-26T07:41:48+00:00\",\"description\":\"Ihre musik unterst\u00fctzen Heilung auf den tiefsten Ebenen und rufen tiefe geistige Erleuchtungen und transformierende Effekte in den Zuh\u00f6rern hervor.\",\"breadcrumb\":{\"@id\":\"https:\\\/\\\/multidimensionalmusic.com\\\/de\\\/unterztuetzung-auf-multidimensionale-musik-von-jacotte-chollet\\\/#breadcrumb\"},\"inLanguage\":\"de\",\"potentialAction\":[{\"@type\":\"ReadAction\",\"target\":[\"https:\\\/\\\/multidimensionalmusic.com\\\/de\\\/unterztuetzung-auf-multidimensionale-musik-von-jacotte-chollet\\\/\"]}]},{\"@type\":\"BreadcrumbList\",\"@id\":\"https:\\\/\\\/multidimensionalmusic.com\\\/de\\\/unterztuetzung-auf-multidimensionale-musik-von-jacotte-chollet\\\/#breadcrumb\",\"itemListElement\":[{\"@type\":\"ListItem\",\"position\":1,\"name\":\"Home\",\"item\":\"https:\\\/\\\/multidimensionalmusic.com\\\/de\\\/\"},{\"@type\":\"ListItem\",\"position\":2,\"name\":\"Unterzt\u00fctzung auf Multidimensionale Musik von Jacotte Chollet\"}]},{\"@type\":\"WebSite\",\"@id\":\"https:\\\/\\\/multidimensionalmusic.com\\\/de\\\/#website\",\"url\":\"https:\\\/\\\/multidimensionalmusic.com\\\/de\\\/\",\"name\":\"Jacotte Chollet - La Musique Multidimensionnelle\",\"description\":\"Musik f\u00fcr : Bewusstseinserweiterung - Kreativit\u00e4t - Tiefenentspannung - Massage - Meditation - Selbsthypnose - Stressbek\u00e4mpfung\",\"publisher\":{\"@id\":\"https:\\\/\\\/multidimensionalmusic.com\\\/de\\\/#organization\"},\"potentialAction\":[{\"@type\":\"SearchAction\",\"target\":{\"@type\":\"EntryPoint\",\"urlTemplate\":\"https:\\\/\\\/multidimensionalmusic.com\\\/de\\\/?s={search_term_string}\"},\"query-input\":{\"@type\":\"PropertyValueSpecification\",\"valueRequired\":true,\"valueName\":\"search_term_string\"}}],\"inLanguage\":\"de\"},{\"@type\":\"Organization\",\"@id\":\"https:\\\/\\\/multidimensionalmusic.com\\\/de\\\/#organization\",\"name\":\"Jacotte Chollet Multidimensional Music\",\"url\":\"https:\\\/\\\/multidimensionalmusic.com\\\/de\\\/\",\"logo\":{\"@type\":\"ImageObject\",\"inLanguage\":\"de\",\"@id\":\"https:\\\/\\\/multidimensionalmusic.com\\\/de\\\/#\\\/schema\\\/logo\\\/image\\\/\",\"url\":\"https:\\\/\\\/multidimensionalmusic.com\\\/wp-content\\\/uploads\\\/2025\\\/03\\\/header-logo-site-vitrine-jacotte-chollet-mmd-transparent.png\",\"contentUrl\":\"https:\\\/\\\/multidimensionalmusic.com\\\/wp-content\\\/uploads\\\/2025\\\/03\\\/header-logo-site-vitrine-jacotte-chollet-mmd-transparent.png\",\"width\":800,\"height\":358,\"caption\":\"Jacotte Chollet Multidimensional Music\"},\"image\":{\"@id\":\"https:\\\/\\\/multidimensionalmusic.com\\\/de\\\/#\\\/schema\\\/logo\\\/image\\\/\"},\"sameAs\":[\"https:\\\/\\\/www.facebook.com\\\/jacottecholletmusiquemultidimensionnelle\\\/\",\"https:\\\/\\\/www.instagram.com\\\/jacottechollet\\\/\",\"https:\\\/\\\/www.linkedin.com\\\/in\\\/jacotte-chollet-41a09812\\\/\",\"https:\\\/\\\/www.youtube.com\\\/channel\\\/UCKDtAKgspnDQqggI1bAOl_g\"]}]}<\/script>\n<!-- \/ Yoast SEO Premium plugin. -->","yoast_head_json":{"title":"Unterzt\u00fctzung auf Multidimensionale Musik von Jacotte Chollet - Die Multidimensionale Musik von Jacotte Chollet","description":"Ihre musik unterst\u00fctzen Heilung auf den tiefsten Ebenen und rufen tiefe geistige Erleuchtungen und transformierende Effekte in den Zuh\u00f6rern hervor.","robots":{"index":"index","follow":"follow","max-snippet":"max-snippet:-1","max-image-preview":"max-image-preview:large","max-video-preview":"max-video-preview:-1"},"canonical":"https:\/\/multidimensionalmusic.com\/de\/unterztuetzung-auf-multidimensionale-musik-von-jacotte-chollet\/","og_locale":"de_DE","og_type":"article","og_title":"Unterzt\u00fctzung auf Multidimensionale Musik von Jacotte Chollet","og_description":"Ihre musik unterst\u00fctzen Heilung auf den tiefsten Ebenen und rufen tiefe geistige Erleuchtungen und transformierende Effekte in den Zuh\u00f6rern hervor.","og_url":"https:\/\/multidimensionalmusic.com\/de\/unterztuetzung-auf-multidimensionale-musik-von-jacotte-chollet\/","og_site_name":"Die Multidimensionale Musik von Jacotte Chollet","article_publisher":"https:\/\/www.facebook.com\/jacottecholletmusiquemultidimensionnelle\/","article_modified_time":"2025-05-26T07:41:48+00:00","twitter_card":"summary_large_image","twitter_misc":{"Gesch\u00e4tzte Lesezeit":"3\u00a0Minuten"},"schema":{"@context":"https:\/\/schema.org","@graph":[{"@type":"WebPage","@id":"https:\/\/multidimensionalmusic.com\/de\/unterztuetzung-auf-multidimensionale-musik-von-jacotte-chollet\/","url":"https:\/\/multidimensionalmusic.com\/de\/unterztuetzung-auf-multidimensionale-musik-von-jacotte-chollet\/","name":"Unterzt\u00fctzung auf Multidimensionale Musik von Jacotte Chollet - Die Multidimensionale Musik von Jacotte Chollet","isPartOf":{"@id":"https:\/\/multidimensionalmusic.com\/de\/#website"},"datePublished":"2017-11-21T15:31:52+00:00","dateModified":"2025-05-26T07:41:48+00:00","description":"Ihre musik unterst\u00fctzen Heilung auf den tiefsten Ebenen und rufen tiefe geistige Erleuchtungen und transformierende Effekte in den Zuh\u00f6rern hervor.","breadcrumb":{"@id":"https:\/\/multidimensionalmusic.com\/de\/unterztuetzung-auf-multidimensionale-musik-von-jacotte-chollet\/#breadcrumb"},"inLanguage":"de","potentialAction":[{"@type":"ReadAction","target":["https:\/\/multidimensionalmusic.com\/de\/unterztuetzung-auf-multidimensionale-musik-von-jacotte-chollet\/"]}]},{"@type":"BreadcrumbList","@id":"https:\/\/multidimensionalmusic.com\/de\/unterztuetzung-auf-multidimensionale-musik-von-jacotte-chollet\/#breadcrumb","itemListElement":[{"@type":"ListItem","position":1,"name":"Home","item":"https:\/\/multidimensionalmusic.com\/de\/"},{"@type":"ListItem","position":2,"name":"Unterzt\u00fctzung auf Multidimensionale Musik von Jacotte Chollet"}]},{"@type":"WebSite","@id":"https:\/\/multidimensionalmusic.com\/de\/#website","url":"https:\/\/multidimensionalmusic.com\/de\/","name":"Jacotte Chollet - La Musique Multidimensionnelle","description":"Musik f\u00fcr : Bewusstseinserweiterung - Kreativit\u00e4t - Tiefenentspannung - Massage - Meditation - Selbsthypnose - Stressbek\u00e4mpfung","publisher":{"@id":"https:\/\/multidimensionalmusic.com\/de\/#organization"},"potentialAction":[{"@type":"SearchAction","target":{"@type":"EntryPoint","urlTemplate":"https:\/\/multidimensionalmusic.com\/de\/?s={search_term_string}"},"query-input":{"@type":"PropertyValueSpecification","valueRequired":true,"valueName":"search_term_string"}}],"inLanguage":"de"},{"@type":"Organization","@id":"https:\/\/multidimensionalmusic.com\/de\/#organization","name":"Jacotte Chollet Multidimensional Music","url":"https:\/\/multidimensionalmusic.com\/de\/","logo":{"@type":"ImageObject","inLanguage":"de","@id":"https:\/\/multidimensionalmusic.com\/de\/#\/schema\/logo\/image\/","url":"https:\/\/multidimensionalmusic.com\/wp-content\/uploads\/2025\/03\/header-logo-site-vitrine-jacotte-chollet-mmd-transparent.png","contentUrl":"https:\/\/multidimensionalmusic.com\/wp-content\/uploads\/2025\/03\/header-logo-site-vitrine-jacotte-chollet-mmd-transparent.png","width":800,"height":358,"caption":"Jacotte Chollet Multidimensional Music"},"image":{"@id":"https:\/\/multidimensionalmusic.com\/de\/#\/schema\/logo\/image\/"},"sameAs":["https:\/\/www.facebook.com\/jacottecholletmusiquemultidimensionnelle\/","https:\/\/www.instagram.com\/jacottechollet\/","https:\/\/www.linkedin.com\/in\/jacotte-chollet-41a09812\/","https:\/\/www.youtube.com\/channel\/UCKDtAKgspnDQqggI1bAOl_g"]}]}},"_links":{"self":[{"href":"https:\/\/multidimensionalmusic.com\/de\/wp-json\/wp\/v2\/pages\/2525","targetHints":{"allow":["GET"]}}],"collection":[{"href":"https:\/\/multidimensionalmusic.com\/de\/wp-json\/wp\/v2\/pages"}],"about":[{"href":"https:\/\/multidimensionalmusic.com\/de\/wp-json\/wp\/v2\/types\/page"}],"author":[{"embeddable":true,"href":"https:\/\/multidimensionalmusic.com\/de\/wp-json\/wp\/v2\/users\/1"}],"replies":[{"embeddable":true,"href":"https:\/\/multidimensionalmusic.com\/de\/wp-json\/wp\/v2\/comments?post=2525"}],"version-history":[{"count":6,"href":"https:\/\/multidimensionalmusic.com\/de\/wp-json\/wp\/v2\/pages\/2525\/revisions"}],"predecessor-version":[{"id":88988,"href":"https:\/\/multidimensionalmusic.com\/de\/wp-json\/wp\/v2\/pages\/2525\/revisions\/88988"}],"wp:attachment":[{"href":"https:\/\/multidimensionalmusic.com\/de\/wp-json\/wp\/v2\/media?parent=2525"}],"curies":[{"name":"wp","href":"https:\/\/api.w.org\/{rel}","templated":true}]}}