{"id":1469,"date":"2017-07-31T12:37:07","date_gmt":"2017-07-31T10:37:07","guid":{"rendered":"https:\/\/multidimensionalmusic.com\/?page_id=1469\/"},"modified":"2018-03-16T14:12:01","modified_gmt":"2018-03-16T13:12:01","slug":"wie-hoert-man-multidimensionale-musik","status":"publish","type":"page","link":"https:\/\/multidimensionalmusic.com\/de\/wie-hoert-man-multidimensionale-musik\/","title":{"rendered":"Wie h\u00f6rt man Multidimensionale Musik ?"},"content":{"rendered":"<style type=\"text\/css\">body.kc-css-system .kc-css-553111{margin-top: 20px;margin-bottom: 10px;padding-top: 0px;}body.kc-css-system .kc-css-583746{margin-top: 0px;}<\/style>\n<section class=\"kc-elm kc-css-553111 kc_row\">\n<div class=\"kc-row-container  kc-container\">\n<div class=\"kc-wrap-columns\">\n<div class=\"kc-elm kc-css-583746 kc_col-sm-12 kc_column col-md-12\">\n<div class=\"kc-col-container\">\n<div class=\"kc-elm kc-css-1874622 kc_text_block\">\n<section class=\"kc-elm kc-css-2606586 kc_row\">\n<div class=\"kc-row-container kc-container\">\n<div class=\"kc-wrap-columns\">\n<div class=\"kc-elm kc-css-223194 kc_col-sm-12 kc_column col-md-12\">\n<div class=\"kc-col-container\">\n<div class=\"kc-elm kc-css-278022 kc_text_block\">\n<h2>M\u00f6glichkeiten des H\u00f6rens<\/h2>\n<p><strong>MIT LAUTSPRECHERN<\/strong><br \/>In er ersten Zeit ist es empfehlenswert, sie \u00fcber Lautsprecher zu h\u00f6ren. Es bringt eine st\u00e4rkere k\u00f6rperliche als seelische Erfahrung.<\/p>\n<p>Man nimmt die T\u00f6ne mit dem ganzen K\u00f6rper wahr, denn wir h\u00f6ren nicht nur mit den Ohren, sondern mit unserem ganzen K\u00f6rper \u00fcber die Schwingungen, die \u00fcber das Skelett und den feinstofflichen K\u00f6rper Resonanz erzeugen.<\/p>\n<p><strong>MIT KOPFH\u00d6RERN<\/strong><br \/>Das H\u00f6ren mit Kopfh\u00f6rern ber\u00fchrt vor allem die Psyche, insbesondere, wenn man die Musik im Dunklen h\u00f6rt.<br \/>Die Verwendung von Kopfh\u00f6rern, m\u00f6glichst von guter Qualit\u00e4t, sollte ert im 2. Schritt gew\u00e4hlt werden, denn auf diese Art und Weise wird eine tiefe, innere Wirkung erzielt.<\/p>\n<p>PROBIEREN SIE BEIDE METHODEN, SIE ERG\u00c4NZEN SICH GEGNSEITIG<\/p>\n<\/div>\n<div class=\"kc-elm kc-css-836676 kc_text_block\">\n<h2>Ihre Intention, Absicht.<\/h2>\n<p>IHRE INTENTION WIRD IHERE ERFAHRUNG AM ST\u00c4RKSTEN BEEINFLUSSEN.<br \/>SIE IST EIN RICHTUNGSWEISER, DER DEN ENERGETISCHEN FLUSS IN IHREM LEBEN LENKT.<br \/>SEIEN SIE VERSICHERT, SIE WERDEN IN KONTAKT TRETEN MIT ANDEREN DIMENSIONEN IHRES DASEINS.<\/p>\n<p>Setzen Sie sich bequem in einen Sessel oder strecken Sie sich auf dem Sofa aus, atmen Sie ein paar Minuten tief ein und aus und vergessen Sie den Rest.<br \/>Lassen Sie sich von den klangvollen Wellen einh\u00fcllen, n\u00e4hren, lassen Sie sich von der Musik wiegen oder beleben.<br \/>In den meisten F\u00e4llen verliern Sie rasch das Gef\u00fchl f\u00fcr die Zeit, die vor\u00fcberzieht und sich in einem Universum ausserhalb der Zeit finden, in der Welt der Quanten, diesem unendlichen Raum, den Sie bereits kennen, den Sie aber momentan vergessen haben.<\/p>\n<\/div>\n<div class=\"kc-elm kc-css-1852073 kc_text_block\">\n<h2>Was man nicht tun sollte.<\/h2>\n<p>Verlieren Sie weder Zeit noch Energie, diese Musik mit einer anderen zu vergleichen. Sie bleiben sonst auf einer mentalen Ebene, die verhindert, dass Sie sich den wahren M\u00f6glichkeiten der MMD zu \u00f6ffnen.<\/p>\n<p>Vergessen Sie f\u00fcr einige Minuten alle Sorgen und was Sie sonst beunruhigt. Das ist wichtig, um Zugang zu den tiefen inneren Gef\u00fchlen Ihres Seins zu gelangen.<\/p>\n<p>Haben Sie keine Angst, es kann Ihnen nichts schlimmes geschehen, Sie werden lediglich tiefe Bekanntschaft machen mit Ihrem wahren Sein.<\/p>\n<p>Erwarten Sie nichts Spezielles, man kann niemals etwas voraussehen, oder Formen von Informationen, die Sie erhalten werden.<\/p>\n<p>Wenn Sie neue Empfindungen sp\u00fcren, solche, wie sie sein k\u00f6nnten, unterdr\u00fccken Sie sie nicht.Lassen Sie ihren K\u00f6rper sich wieder ausbreiten, sich re- harmonisieren.<br \/>Ihr K\u00f6rper t\u00e4uscht sich nie, er t\u00e4uscht Sie nie.<\/p>\n<\/div>\n<div class=\"kc-elm kc-css-2026567 kc_text_block\">\n<h2>Empfehlungen.<\/h2>\n<p>1\u00a0:\u00a0Beachten Sie, dass die Kn\u00f6pfe der H\u00f6hen und B\u00e4sse am Verst\u00e4rker in neutraler Stellung sind.<br \/>Die MMD soll so geh\u00f6rt werden, wie sie aufgenommen und gemischt worden ist .<\/p>\n<p>2\u00a0:\u00a0\u00a0DIE MMD NIEMALS W\u00c4HREND DES F\u00dcHRENS EINES FAHRZEUGES H\u00d6REN.<\/p>\n<p>3\u00a0:\u00a0\u00a0Die MMD NIEMALS UNTER EINFLUSS VON HOHEN ALKOHOLDOSEN H\u00d6REN,\u00a0denn sie w\u00fcrden die Musik v\u00f6llig verzerrt wahrnehmen , wegen des Einflusses, den der Alkohol auf ihre feine K\u00f6rperchemie aus\u00fcbt.<\/p>\n<p>4:\u00a0\u00a0Da die MMD eine starke Wechselwirkung zeigt, ist es empfehlenswert, sie zu Beginn allein zu h\u00f6ren,\u00a0vor allem, wenn man sich in einer tiefen depressiven Phase oder in einer starken Stress- Situation befindet, aber auch, wenn man krank ist, aufgrund mangelhafter pers\u00f6nlicher Eingebundenheit.<\/p>\n<p>5\u00a0:\u00a0Wenn Sie in dem Prozess der Reharmonisierung fortgeschritten sind, k\u00f6nnen Sie die MMD auf Ihre Weise h\u00f6ren.<\/p>\n<p>KRAFT IHRER STARKEN WECHSELWIRKUNG KANN IHNEN DIE MMD BEI JEDEM H\u00d6REN UNTERSCHIEDLICH ERSCHEINEN.<\/p>\n<\/div>\n<div class=\"kc-elm kc-css-3297262 kc_text_block\">\n<h2>F\u00fcr wen ? Warum ?<\/h2>\n<p>IN NORMALER ODER NIEDRIGER LAUTST\u00c4RKE KANN DIE MMD SEHR WIRKUNGSVOLL IHRE MEDITATION BEGLEITEN,\u00a0die \u00dcbungsstunden von\u00a0Yoga, Tai Chi, Chi Gong, Reiki, Shia Tsu, Sophrologie, Massagen oder jede andere energetische Technik Ihrer Wahl.<\/p>\n<p>SIE IST EINE WIRKSAME HILFE ANL\u00c4SSLICH PSYCHOTHERAPEUTISCHER SITZUNGEN, REGRESSIONSTHERAPIE\u00a0etc.<br \/>In diesen Fa\u00e4llen stellen Sie die Musik auf h\u00f6here Lautst\u00e4rke und h\u00f6ren sie mit Kopfh\u00f6rern von guter Qualit\u00e4t.<\/p>\n<p>WENN SIE PROBLEME BEIM EINSCHLAFEN HABEN, stellen Sie eine niedrige Lautst\u00e4rke ein, sie werden rasch in`s Land der Tr\u00e4ume gelangen.<\/p>\n<p>VON DER SAUERSTOFFANREICHERUNG DES BLUTES DURCH DIE MMD PROFITIEREN INSBESONDERE KINDER IM ALTER DER AKTIVEN ENTWICKLUNG DES GEHIRNS,\u00a0ebenso Menschen h\u00f6heren Alters, sowie Menschen in Zeiten der Genesung sowie nach Strahlen- und Chemo-Therapie.<\/p>\n<p>WENN SIE OPFER EINER DEPRESSIVEN PHASE SIND,\u00a0wird Ihnen die MMD Tatkraft und Selbstvertrauen wiedergeben.<\/p>\n<p>DAS H\u00d6REN DER MMD IST W\u00c4HREND DER GANZEN SCHWANGERSCHAFT EMPFEHLENSWERT,\u00a0sie versorgt Ihr Baby mit Sauerstoff und schenkt ihm einen Klang-Kontakt mit der Welt von hoher Qualit\u00e4t.<\/p>\n<p>DIE MULTIDIMENSIONAL MUSIK IST EIN WIRKSAMES WERKZEUG ZUR AKTIVIERUNG DER VERBORGENEN F\u00c4HIGKEITEN DES MENSCHLICHEN WESENS.<\/p>\n<p>NACH EINEM ERM\u00dcDENDEN SCHULTAG KOMMEN DIE KINDER AUFGEREGT UND UNRUHIG NACH HAUSE.<br \/>Eine halbe Stunde H\u00f6ren der MMD wird ihnen Ruhe und ausreichend Reserven f\u00fcr das Erf\u00fcllen der Hausaufgaben bringen.<\/p>\n<p>W\u00c4HREND DERSCHULSTUNDEN ODER IN PR\u00dcFUNGSZEITEN ERLAUBT DAS H\u00d6REN DER MMD BEI DER GEISTIGEN ARBEIT\u00a0den Kopf klar zu halten und bringt Konzentration ohne Anstrengung &#8211; Halbe oder niedrige Lautst\u00e4rke ist ratsam<\/p>\n<p>WENN MAN KREATIV ARBEITEN SOLL, GLEICH WELCHER ART,\u00a0erlaubt das H\u00f6ren dieser Musik, dietheta-Wellen\u00a0enth\u00e4lt, leicht zu Inspiration zu gelangen und erleichtert den Zugang zu unbewussten Informationen.<\/p>\n<p>DIE MMD STEIGERT IHR KONZENTRATIONSVERM\u00d6GEN GLEICH WELCHE ART AKTIVIT\u00c4T\u00a0es auch sei, lassen Sie sich von Ihrer\u00a0Intuition\u00a0f\u00fchren.<\/p>\n<p>DIE MMD IST EINE AUSGEZEICHNETE BEGLEITUNG F\u00dcR JEDE ART VON K\u00d6RPERTHERAPIE<\/p>\n<\/div>\n<div class=\"kc-elm kc-css-4196030 kc_text_block\">\n<h2>Wann h\u00f6ren ?<\/h2>\n<p>|\u00a0AM MORGEN\u00a0|<br \/>wenn Sie die MMD am Morgen, nach einer Nacht guten Schlafes h\u00f6ren, k\u00f6nnen Sie die zus\u00e4tzlichen Energien daraus nutzen und die subtilen Energien Ihres Seins entdecken.<\/p>\n<p>|\u00a0AM ABEND\u00a0|<br \/>Wenn Sie die Musik am Abend h\u00f6ren, wird sie Ihnen helfen, den tags\u00fcber angestauten Stress abzulegen und Ihr bio-magnetisches Feld wieder zu hamonisieren.<\/p>\n<p>|\u00a0IN DER NACHT\u00a0|<br \/>W\u00e4hrend der Nacht k\u00f6nnen Sie die MMD auf niedriger Lautst\u00e4rke laufen lassen, und Sie werden auf eine Reise gehen und sich am Morgen besser an Ihre Tr\u00e4ume erinnern.<\/p>\n<\/div>\n<div class=\"kc-elm kc-css-70218 kc_text_block\">\n<h2>H\u00e4ufigkeit des H\u00f6rens.<\/h2>\n<p>Es gibt keine absolute Regel betreffs der H\u00e4ufigkeit, aber aus der Erfahrung von vielen Anwendern ergibt sich ein Rhythmus von 4-5 Sitzungen je \u00fcber 1 Stunde pro Woche: und zwar, konzentriertes H\u00f6ren in einer Ihnen angenehmen Position.<\/p>\n<p>Dies gilt f\u00fcr Personen, die einen hohen therapeutischen Nutzen aus der Musik ziehen m\u00f6chten.<br \/>Selbstverst\u00e4ndlich k\u00f6nnen Sie den Rhythmus steigern oder verringern wie es Ihnen beliebt; es gibt in dieser Hinsicht keine absolute Regel.<\/p>\n<p>Die MMD ist kein Medikament, das man gewohnheitsm\u00e4ssig jeden Tag einfach einnimmt.<\/p>\n<p>Motivation, Freude und die Lust, sie zu h\u00f6ren sind die wesentlichen Faktoren.<\/p>\n<\/div>\n<div class=\"kc-elm kc-css-2785135 kc_text_block\">\n<h2>Hier einige einzigartige Ph\u00e4nomene, die sich beim H\u00f6ren der MMD in der ersten Zeit einstellen k\u00f6nnen.<\/h2>\n<p>SIE WERDEN DIE MUSIK, DIE SIE GERADE GEH\u00d6RT HABEN NICHT WIEDERERKENNEN: DAS IST AUF GRUND DES PROZESSES DER HARMONISCHEN RESONANZ UND DES SICH- WIEDER-ERWEITERNS.<br \/>In dem Masse wie Sie in Kontakt treten und Fragmente Ihres Seins zum Wiederklingen bringen<br \/>(missklingende Energien oder zerstreute Energien) stellen Sie in sich selbst blockierte und abgestumpfte Frequenzen wieder her.<\/p>\n<p>BEI JEDEM H\u00d6REN WERDEN SIE ENTDECKEN, DASS SIE DIE MUSIK ST\u00c4RKER INTEGRIERT HABEN,\u00a0im Rhythmus der Wiederherstellung Ihrer eigenen Integrit\u00e4t und der Tatsache, dass sich eine energetische Srabilisierung u. eine dauerhafte Harmonisierung eingestellt haben.<\/p>\n<p>UN FEN\u00d3MENO DE ABSORCI\u00d3N DE CIERTAS FRECUENCIAS SE PRODUCE\u00a0cuando vuestro ser tiene una necesidad vital de energ\u00eda, el se nutre entonces, de las frecuencias de la m\u00fasica que necesita para su equilibrio energ\u00e9tico, por esto no se oye siempre la misma m\u00fasica.<\/p>\n<p>EIN PH\u00c4NOMEN DER SPIEGELUNG:\u00a0es entsteht ein Ph\u00e4nomen der Spiegelung bestimmter Frequenzen, wenn man f\u00fcr l\u00e4ngere Zeit tiefe Gef\u00fchle und vitale Instincte unterdr\u00fcckt hat.<br \/>Diese Empfindungen, die Sie ausgeschlossen haben, kehren zu Ihnen zur\u00fcck,( in Resonanz mit der Musik ), so, dass Sie sie von Neuem aufnehmen k\u00f6nnen, sie wieder erkennen, sie annehmen und sie wieder vertrauensvoll in Ihr Dasein eingliedern, integrieren k\u00f6nnen.<\/p>\n<p>EIN PH\u00c4NOMEN DER ABSORPTION BESTIMMTER FREQUENZEN STELLT SICH EIN,\u00a0wenn Ihr Dasein ein vitales Bed\u00fcrfnis nach Energie hat, es n\u00e4hrt sich also automatisch von den Frequenzen der Musik, wonach es ein Bed\u00fcrfnis hat, um sein energetisches<br \/>Gleichgewicht zu stabilisieren. Das ist der Grund, weshalb Sie die Musik nicht immer gleich h\u00f6ren.<\/p>\n<p>DIE MUSIK &#8221; WEINT &#8220;, WENN IHRE BATTERIEN SCHWACH SIND, WENN IHR TONBAND LEERL\u00c4UFT.<br \/>Das gleiche kann mit der MMD entstehen. In diesem Fall ist es Ihre Energie, die zu niedrig ist und die Musik schickt Ihnen ein Klangbild dieses Ph\u00e4nomens, sie weint&#8230;.., sie scheint nicht mit der richtigen Geschwindigkeit zu laufen wie eine Schallplatte mit 45 statt mit 33 Umdrehungen.<\/p>\n<p>DIE MUSIK L\u00c4UFT ZU SCHNELL&#8230;\u00a0Wenn Sie in einem Zustand psychischer Erregung ( Speed) sind, kommt es vor, dass Sie die Musik als zu schnell laufend empfinden, wie mit 78 Umdrehungen. Dieses Ph\u00e4nomen zeigt Ihnen Ihren gegenw\u00e4rtigen Zustand der Erregung auf, einen Zustand, dessen Sie sich nicht bewusst gewesen sind.<\/p>\n<p>K\u00c4LTE:\u00a0Es kann geschehen, dass Sie eine starke K\u00e4lte sp\u00fcren, w\u00e4hrend der Zeit, in der sich Ihr feinstoffliches Feld wieder ausgleicht. Dies ist sehr positiv, es ist das Zeichen, dass eine tiefe Transformation im Gange ist. Sie sind in Bewegung in Richtung Ihres Zentrums, hier ist der Punkt, an dem Energie und Bewusstsein vermischt sind zum Nullpunkt der Energie, in der Unendlichkeit des Herzens Ihres Daseins.<br \/>Die K\u00e4lte wird nachlassen, wenn Sie Ihr neues Gleichgewicht v\u00f6llig integriert haben werden.<\/p>\n<p>HARMONIE:\u00a0Ab dem Moment, in dem Sie die MMD als harmonisch empfinden, ist Ihre eigene innere Harmonie wieder hergestellt.<\/p>\n<\/div>\n<\/div>\n<\/div>\n<\/div>\n<\/div>\n<\/section>\n<\/div>\n<\/div>\n<\/div>\n<\/div>\n<\/div>\n<\/section>\n","protected":false},"excerpt":{"rendered":"<p>M\u00f6glichkeiten des H\u00f6rens MIT LAUTSPRECHERNIn er ersten Zeit ist es empfehlenswert, sie \u00fcber Lautsprecher zu h\u00f6ren. Es bringt eine st\u00e4rkere k\u00f6rperliche als seelische Erfahrung. Man nimmt die T\u00f6ne mit dem ganzen K\u00f6rper wahr, denn wir h\u00f6ren nicht nur mit den Ohren, sondern mit unserem ganzen K\u00f6rper \u00fcber die Schwingungen, die \u00fcber das Skelett und den [&hellip;]<\/p>\n","protected":false},"author":1,"featured_media":0,"parent":0,"menu_order":0,"comment_status":"closed","ping_status":"closed","template":"","meta":{"site-sidebar-layout":"default","site-content-layout":"default","ast-site-content-layout":"default","site-content-style":"default","site-sidebar-style":"default","ast-global-header-display":"","ast-banner-title-visibility":"","ast-main-header-display":"","ast-hfb-above-header-display":"","ast-hfb-below-header-display":"","ast-hfb-mobile-header-display":"","site-post-title":"","ast-breadcrumbs-content":"","ast-featured-img":"","footer-sml-layout":"","ast-disable-related-posts":"","theme-transparent-header-meta":"default","adv-header-id-meta":"","stick-header-meta":"default","header-above-stick-meta":"","header-main-stick-meta":"","header-below-stick-meta":"","astra-migrate-meta-layouts":"default","ast-page-background-enabled":"default","ast-page-background-meta":{"desktop":{"background-color":"var(--ast-global-color-4)","background-image":"","background-repeat":"repeat","background-position":"center center","background-size":"auto","background-attachment":"scroll","background-type":"","background-media":"","overlay-type":"","overlay-color":"","overlay-opacity":"","overlay-gradient":""},"tablet":{"background-color":"","background-image":"","background-repeat":"repeat","background-position":"center center","background-size":"auto","background-attachment":"scroll","background-type":"","background-media":"","overlay-type":"","overlay-color":"","overlay-opacity":"","overlay-gradient":""},"mobile":{"background-color":"","background-image":"","background-repeat":"repeat","background-position":"center center","background-size":"auto","background-attachment":"scroll","background-type":"","background-media":"","overlay-type":"","overlay-color":"","overlay-opacity":"","overlay-gradient":""}},"ast-content-background-meta":{"desktop":{"background-color":"var(--ast-global-color-5)","background-image":"","background-repeat":"repeat","background-position":"center center","background-size":"auto","background-attachment":"scroll","background-type":"","background-media":"","overlay-type":"","overlay-color":"","overlay-opacity":"","overlay-gradient":""},"tablet":{"background-color":"var(--ast-global-color-5)","background-image":"","background-repeat":"repeat","background-position":"center center","background-size":"auto","background-attachment":"scroll","background-type":"","background-media":"","overlay-type":"","overlay-color":"","overlay-opacity":"","overlay-gradient":""},"mobile":{"background-color":"var(--ast-global-color-5)","background-image":"","background-repeat":"repeat","background-position":"center center","background-size":"auto","background-attachment":"scroll","background-type":"","background-media":"","overlay-type":"","overlay-color":"","overlay-opacity":"","overlay-gradient":""}},"footnotes":""},"class_list":["post-1469","page","type-page","status-publish","hentry"],"yoast_head":"<!-- This site is optimized with the Yoast SEO Premium plugin v21.7 (Yoast SEO v27.4) - https:\/\/yoast.com\/product\/yoast-seo-premium-wordpress\/ -->\n<title>Wie h\u00f6rt man Multidimensionale Musik ? - Die Multidimensionale Musik von Jacotte Chollet<\/title>\n<meta name=\"robots\" content=\"index, follow, max-snippet:-1, max-image-preview:large, max-video-preview:-1\" \/>\n<link rel=\"canonical\" href=\"https:\/\/multidimensionalmusic.com\/de\/wie-hoert-man-multidimensionale-musik\/\" \/>\n<meta property=\"og:locale\" content=\"de_DE\" \/>\n<meta property=\"og:type\" content=\"article\" \/>\n<meta property=\"og:title\" content=\"Wie h\u00f6rt man Multidimensionale Musik ?\" \/>\n<meta property=\"og:description\" content=\"M\u00f6glichkeiten des H\u00f6rens MIT LAUTSPRECHERNIn er ersten Zeit ist es empfehlenswert, sie \u00fcber Lautsprecher zu h\u00f6ren. Es bringt eine st\u00e4rkere k\u00f6rperliche als seelische Erfahrung. Man nimmt die T\u00f6ne mit dem ganzen K\u00f6rper wahr, denn wir h\u00f6ren nicht nur mit den Ohren, sondern mit unserem ganzen K\u00f6rper \u00fcber die Schwingungen, die \u00fcber das Skelett und den [&hellip;]\" \/>\n<meta property=\"og:url\" content=\"https:\/\/multidimensionalmusic.com\/de\/wie-hoert-man-multidimensionale-musik\/\" \/>\n<meta property=\"og:site_name\" content=\"Die Multidimensionale Musik von Jacotte Chollet\" \/>\n<meta property=\"article:publisher\" content=\"https:\/\/www.facebook.com\/jacottecholletmusiquemultidimensionnelle\/\" \/>\n<meta property=\"article:modified_time\" content=\"2018-03-16T13:12:01+00:00\" \/>\n<meta name=\"twitter:card\" content=\"summary_large_image\" \/>\n<meta name=\"twitter:label1\" content=\"Gesch\u00e4tzte Lesezeit\" \/>\n\t<meta name=\"twitter:data1\" content=\"8\u00a0Minuten\" \/>\n<script type=\"application\/ld+json\" class=\"yoast-schema-graph\">{\"@context\":\"https:\\\/\\\/schema.org\",\"@graph\":[{\"@type\":\"WebPage\",\"@id\":\"https:\\\/\\\/multidimensionalmusic.com\\\/de\\\/wie-hoert-man-multidimensionale-musik\\\/\",\"url\":\"https:\\\/\\\/multidimensionalmusic.com\\\/de\\\/wie-hoert-man-multidimensionale-musik\\\/\",\"name\":\"Wie h\u00f6rt man Multidimensionale Musik ? - Die Multidimensionale Musik von Jacotte Chollet\",\"isPartOf\":{\"@id\":\"https:\\\/\\\/multidimensionalmusic.com\\\/de\\\/#website\"},\"datePublished\":\"2017-07-31T10:37:07+00:00\",\"dateModified\":\"2018-03-16T13:12:01+00:00\",\"breadcrumb\":{\"@id\":\"https:\\\/\\\/multidimensionalmusic.com\\\/de\\\/wie-hoert-man-multidimensionale-musik\\\/#breadcrumb\"},\"inLanguage\":\"de\",\"potentialAction\":[{\"@type\":\"ReadAction\",\"target\":[\"https:\\\/\\\/multidimensionalmusic.com\\\/de\\\/wie-hoert-man-multidimensionale-musik\\\/\"]}]},{\"@type\":\"BreadcrumbList\",\"@id\":\"https:\\\/\\\/multidimensionalmusic.com\\\/de\\\/wie-hoert-man-multidimensionale-musik\\\/#breadcrumb\",\"itemListElement\":[{\"@type\":\"ListItem\",\"position\":1,\"name\":\"Home\",\"item\":\"https:\\\/\\\/multidimensionalmusic.com\\\/de\\\/\"},{\"@type\":\"ListItem\",\"position\":2,\"name\":\"Wie h\u00f6rt man Multidimensionale Musik ?\"}]},{\"@type\":\"WebSite\",\"@id\":\"https:\\\/\\\/multidimensionalmusic.com\\\/de\\\/#website\",\"url\":\"https:\\\/\\\/multidimensionalmusic.com\\\/de\\\/\",\"name\":\"Jacotte Chollet - La Musique Multidimensionnelle\",\"description\":\"Musik f\u00fcr : Bewusstseinserweiterung - Kreativit\u00e4t - Tiefenentspannung - Massage - Meditation - Selbsthypnose - Stressbek\u00e4mpfung\",\"publisher\":{\"@id\":\"https:\\\/\\\/multidimensionalmusic.com\\\/de\\\/#organization\"},\"potentialAction\":[{\"@type\":\"SearchAction\",\"target\":{\"@type\":\"EntryPoint\",\"urlTemplate\":\"https:\\\/\\\/multidimensionalmusic.com\\\/de\\\/?s={search_term_string}\"},\"query-input\":{\"@type\":\"PropertyValueSpecification\",\"valueRequired\":true,\"valueName\":\"search_term_string\"}}],\"inLanguage\":\"de\"},{\"@type\":\"Organization\",\"@id\":\"https:\\\/\\\/multidimensionalmusic.com\\\/de\\\/#organization\",\"name\":\"Jacotte Chollet Multidimensional Music\",\"url\":\"https:\\\/\\\/multidimensionalmusic.com\\\/de\\\/\",\"logo\":{\"@type\":\"ImageObject\",\"inLanguage\":\"de\",\"@id\":\"https:\\\/\\\/multidimensionalmusic.com\\\/de\\\/#\\\/schema\\\/logo\\\/image\\\/\",\"url\":\"https:\\\/\\\/multidimensionalmusic.com\\\/wp-content\\\/uploads\\\/2025\\\/03\\\/header-logo-site-vitrine-jacotte-chollet-mmd-transparent.png\",\"contentUrl\":\"https:\\\/\\\/multidimensionalmusic.com\\\/wp-content\\\/uploads\\\/2025\\\/03\\\/header-logo-site-vitrine-jacotte-chollet-mmd-transparent.png\",\"width\":800,\"height\":358,\"caption\":\"Jacotte Chollet Multidimensional Music\"},\"image\":{\"@id\":\"https:\\\/\\\/multidimensionalmusic.com\\\/de\\\/#\\\/schema\\\/logo\\\/image\\\/\"},\"sameAs\":[\"https:\\\/\\\/www.facebook.com\\\/jacottecholletmusiquemultidimensionnelle\\\/\",\"https:\\\/\\\/www.instagram.com\\\/jacottechollet\\\/\",\"https:\\\/\\\/www.linkedin.com\\\/in\\\/jacotte-chollet-41a09812\\\/\",\"https:\\\/\\\/www.youtube.com\\\/channel\\\/UCKDtAKgspnDQqggI1bAOl_g\"]}]}<\/script>\n<!-- \/ Yoast SEO Premium plugin. -->","yoast_head_json":{"title":"Wie h\u00f6rt man Multidimensionale Musik ? - Die Multidimensionale Musik von Jacotte Chollet","robots":{"index":"index","follow":"follow","max-snippet":"max-snippet:-1","max-image-preview":"max-image-preview:large","max-video-preview":"max-video-preview:-1"},"canonical":"https:\/\/multidimensionalmusic.com\/de\/wie-hoert-man-multidimensionale-musik\/","og_locale":"de_DE","og_type":"article","og_title":"Wie h\u00f6rt man Multidimensionale Musik ?","og_description":"M\u00f6glichkeiten des H\u00f6rens MIT LAUTSPRECHERNIn er ersten Zeit ist es empfehlenswert, sie \u00fcber Lautsprecher zu h\u00f6ren. Es bringt eine st\u00e4rkere k\u00f6rperliche als seelische Erfahrung. Man nimmt die T\u00f6ne mit dem ganzen K\u00f6rper wahr, denn wir h\u00f6ren nicht nur mit den Ohren, sondern mit unserem ganzen K\u00f6rper \u00fcber die Schwingungen, die \u00fcber das Skelett und den [&hellip;]","og_url":"https:\/\/multidimensionalmusic.com\/de\/wie-hoert-man-multidimensionale-musik\/","og_site_name":"Die Multidimensionale Musik von Jacotte Chollet","article_publisher":"https:\/\/www.facebook.com\/jacottecholletmusiquemultidimensionnelle\/","article_modified_time":"2018-03-16T13:12:01+00:00","twitter_card":"summary_large_image","twitter_misc":{"Gesch\u00e4tzte Lesezeit":"8\u00a0Minuten"},"schema":{"@context":"https:\/\/schema.org","@graph":[{"@type":"WebPage","@id":"https:\/\/multidimensionalmusic.com\/de\/wie-hoert-man-multidimensionale-musik\/","url":"https:\/\/multidimensionalmusic.com\/de\/wie-hoert-man-multidimensionale-musik\/","name":"Wie h\u00f6rt man Multidimensionale Musik ? - Die Multidimensionale Musik von Jacotte Chollet","isPartOf":{"@id":"https:\/\/multidimensionalmusic.com\/de\/#website"},"datePublished":"2017-07-31T10:37:07+00:00","dateModified":"2018-03-16T13:12:01+00:00","breadcrumb":{"@id":"https:\/\/multidimensionalmusic.com\/de\/wie-hoert-man-multidimensionale-musik\/#breadcrumb"},"inLanguage":"de","potentialAction":[{"@type":"ReadAction","target":["https:\/\/multidimensionalmusic.com\/de\/wie-hoert-man-multidimensionale-musik\/"]}]},{"@type":"BreadcrumbList","@id":"https:\/\/multidimensionalmusic.com\/de\/wie-hoert-man-multidimensionale-musik\/#breadcrumb","itemListElement":[{"@type":"ListItem","position":1,"name":"Home","item":"https:\/\/multidimensionalmusic.com\/de\/"},{"@type":"ListItem","position":2,"name":"Wie h\u00f6rt man Multidimensionale Musik ?"}]},{"@type":"WebSite","@id":"https:\/\/multidimensionalmusic.com\/de\/#website","url":"https:\/\/multidimensionalmusic.com\/de\/","name":"Jacotte Chollet - La Musique Multidimensionnelle","description":"Musik f\u00fcr : Bewusstseinserweiterung - Kreativit\u00e4t - Tiefenentspannung - Massage - Meditation - Selbsthypnose - Stressbek\u00e4mpfung","publisher":{"@id":"https:\/\/multidimensionalmusic.com\/de\/#organization"},"potentialAction":[{"@type":"SearchAction","target":{"@type":"EntryPoint","urlTemplate":"https:\/\/multidimensionalmusic.com\/de\/?s={search_term_string}"},"query-input":{"@type":"PropertyValueSpecification","valueRequired":true,"valueName":"search_term_string"}}],"inLanguage":"de"},{"@type":"Organization","@id":"https:\/\/multidimensionalmusic.com\/de\/#organization","name":"Jacotte Chollet Multidimensional Music","url":"https:\/\/multidimensionalmusic.com\/de\/","logo":{"@type":"ImageObject","inLanguage":"de","@id":"https:\/\/multidimensionalmusic.com\/de\/#\/schema\/logo\/image\/","url":"https:\/\/multidimensionalmusic.com\/wp-content\/uploads\/2025\/03\/header-logo-site-vitrine-jacotte-chollet-mmd-transparent.png","contentUrl":"https:\/\/multidimensionalmusic.com\/wp-content\/uploads\/2025\/03\/header-logo-site-vitrine-jacotte-chollet-mmd-transparent.png","width":800,"height":358,"caption":"Jacotte Chollet Multidimensional Music"},"image":{"@id":"https:\/\/multidimensionalmusic.com\/de\/#\/schema\/logo\/image\/"},"sameAs":["https:\/\/www.facebook.com\/jacottecholletmusiquemultidimensionnelle\/","https:\/\/www.instagram.com\/jacottechollet\/","https:\/\/www.linkedin.com\/in\/jacotte-chollet-41a09812\/","https:\/\/www.youtube.com\/channel\/UCKDtAKgspnDQqggI1bAOl_g"]}]}},"_links":{"self":[{"href":"https:\/\/multidimensionalmusic.com\/de\/wp-json\/wp\/v2\/pages\/1469","targetHints":{"allow":["GET"]}}],"collection":[{"href":"https:\/\/multidimensionalmusic.com\/de\/wp-json\/wp\/v2\/pages"}],"about":[{"href":"https:\/\/multidimensionalmusic.com\/de\/wp-json\/wp\/v2\/types\/page"}],"author":[{"embeddable":true,"href":"https:\/\/multidimensionalmusic.com\/de\/wp-json\/wp\/v2\/users\/1"}],"replies":[{"embeddable":true,"href":"https:\/\/multidimensionalmusic.com\/de\/wp-json\/wp\/v2\/comments?post=1469"}],"version-history":[{"count":0,"href":"https:\/\/multidimensionalmusic.com\/de\/wp-json\/wp\/v2\/pages\/1469\/revisions"}],"wp:attachment":[{"href":"https:\/\/multidimensionalmusic.com\/de\/wp-json\/wp\/v2\/media?parent=1469"}],"curies":[{"name":"wp","href":"https:\/\/api.w.org\/{rel}","templated":true}]}}